{"id":23697,"date":"2020-09-10T21:52:26","date_gmt":"2020-09-10T19:52:26","guid":{"rendered":"https:\/\/us.edu.pl\/student\/?page_id=23697"},"modified":"2020-09-10T21:52:26","modified_gmt":"2020-09-10T19:52:26","slug":"marian-rehlich","status":"publish","type":"page","link":"https:\/\/us.edu.pl\/student\/dzialalnosc-studencka\/wyroznienia-jm-rektora-us\/laureaci-poprzednich-edycji\/laureaci-xii-edycji\/uniwersytet-trzeciego-wieku\/marian-rehlich\/","title":{"rendered":"Marian Rehlich"},"content":{"rendered":"<p>[vc_row][vc_column]\r\n                <div class=\"text-modules \">\r\n                    <div class=\"container\">\r\n                         <h3 class=\"subtitle text-modules__subtitle\">Marian Rehlich<\/h3>\r\n                        <div class=\"row m-0\">\r\n                            <div class=\"text-modules__content\">\r\n                                Anga\u017cuje si\u0119 w dzia\u0142alno\u015b\u0107 Uniwersytetu Trzeciego Wieku od 2017 roku. Od 2018 roku jest opiekunem grupy bryd\u017ca sportowego, dla kt\u00f3rej przygotowywa\u0142 wyk\u0142ady oraz spotkania zwi\u0119kszaj\u0105ce wiedz\u0119 i umiej\u0119tno\u015bci graczy. Od tego czasu cz\u0142onkowie tej grupy osi\u0105gaj\u0105 bardzo dobre wyniki na turniejach z innymi UTW. Pan Marian jest r\u00f3wnie\u017c organizatorem najwi\u0119kszych tego typu rozgrywek w\u015br\u00f3d UTW. Gdy w sytuacji pandemii wiosn\u0105 2020 roku tradycyjne zaj\u0119cia zosta\u0142y zawieszone, przeni\u00f3s\u0142 on spotkania bryd\u017cyst\u00f3w \u2013 senior\u00f3w do internetu. Poza dzia\u0142alno\u015bci\u0105 w tej sferze, jest r\u00f3wnie\u017c cz\u0142onkiem Samorz\u0105du UTW i zawsze mo\u017cna liczy\u0107 na jego pomoc. Lubi prac\u0119 z lud\u017ami, czytanie, muzyk\u0119 powa\u017cn\u0105, podr\u00f3\u017ce, gry i zabawy logiczne, ale te\u017c prac\u0119 w ogrodzie. Jego mottem \u017cyciowym jest biblijny cytat &#8222;dawajcie, a b\u0119dzie wam dane\u201d. \r\n                                <div class=\"mt-3\"><\/div>\r\n                            <\/div>\r\n                            \r\n                            <div class=\"text-modules__img\"><img src=\"https:\/\/us.edu.pl\/student\/wp-content\/uploads\/sites\/3\/Wyr\u00f3\u017cnienia-rektora\/wyr\u00f3\u017cnieni-z-lat-poprzednich\/Laureaci-2020\/Marian-Rehlich1-1-225x300.jpg\" alt=\"img\"><\/div>\r\n                        <\/div>\r\n                    <\/div>\r\n                <\/div>[\/vc_column][\/vc_row]<\/p>","protected":false},"excerpt":{"rendered":"<p>[vc_row][vc_column][\/vc_column][\/vc_row] [&#8230;]<\/p>\n<p><a class=\"btn btn-secondary understrap-read-more-link\" href=\"https:\/\/us.edu.pl\/student\/dzialalnosc-studencka\/wyroznienia-jm-rektora-us\/laureaci-poprzednich-edycji\/laureaci-xii-edycji\/uniwersytet-trzeciego-wieku\/marian-rehlich\/\">Read More&#8230;<\/a><\/p>\n","protected":false},"author":28,"featured_media":0,"parent":23078,"menu_order":0,"comment_status":"closed","ping_status":"closed","template":"","meta":{"_expiration-date-status":"saved","_expiration-date":0,"_expiration-date-type":"","_expiration-date-categories":[],"_expiration-date-options":[]},"acf":[],"_links":{"self":[{"href":"https:\/\/us.edu.pl\/student\/wp-json\/wp\/v2\/pages\/23697"}],"collection":[{"href":"https:\/\/us.edu.pl\/student\/wp-json\/wp\/v2\/pages"}],"about":[{"href":"https:\/\/us.edu.pl\/student\/wp-json\/wp\/v2\/types\/page"}],"author":[{"embeddable":true,"href":"https:\/\/us.edu.pl\/student\/wp-json\/wp\/v2\/users\/28"}],"replies":[{"embeddable":true,"href":"https:\/\/us.edu.pl\/student\/wp-json\/wp\/v2\/comments?post=23697"}],"version-history":[{"count":0,"href":"https:\/\/us.edu.pl\/student\/wp-json\/wp\/v2\/pages\/23697\/revisions"}],"up":[{"embeddable":true,"href":"https:\/\/us.edu.pl\/student\/wp-json\/wp\/v2\/pages\/23078"}],"wp:attachment":[{"href":"https:\/\/us.edu.pl\/student\/wp-json\/wp\/v2\/media?parent=23697"}],"curies":[{"name":"wp","href":"https:\/\/api.w.org\/{rel}","templated":true}]}}