{"id":23889,"date":"2020-09-18T07:04:06","date_gmt":"2020-09-18T05:04:06","guid":{"rendered":"https:\/\/us.edu.pl\/student\/?page_id=23889"},"modified":"2022-09-07T14:20:42","modified_gmt":"2022-09-07T12:20:42","slug":"wda","status":"publish","type":"page","link":"https:\/\/us.edu.pl\/student\/wda\/","title":{"rendered":"Wirtualne Dni Adaptacyjne"},"content":{"rendered":"<p>[vc_row][vc_column]\r\n                <div class=\"text-modules \">\r\n                    <div class=\"container\">\r\n                         \r\n                        <div class=\"row m-0\">\r\n                            <div class=\"text-modules__content\">\r\n                                <\/p>\n<p><em><strong>Drodzy Studenci i Doktoranci,<\/strong><\/em><\/p>\n<p>To wielka przyjemno\u015b\u0107 wita\u0107 Was w murach naszej Uczelni. Jednak Uniwersytet to nie tylko mury, sale wyk\u0142adowe, laboratoria, ale przede wszystkim ludzie, profesorowie, studenci. Tu na Uniwersytecie, ucze\u0144 spotyka mistrza \u2013 nauczyciela.<\/p>\n<p>\u017bycz\u0119 Wam aby\u015bcie wyj\u0105tkowo\u015b\u0107 okresu studiowania docenili ju\u017c teraz, aby by\u0142 on czasem dobrym i owocnym, a m\u0142odzie\u0144cza ciekawo\u015b\u0107 i energia by\u0142y motorem Waszych dzia\u0142a\u0144. Aby\u015bcie z pomoc\u0105 nauczycieli akademickich przemierzali \u015bcie\u017cki dyscypliny, jak\u0105 podj\u0119li\u015bcie si\u0119 studiowa\u0107.<\/p>\n<p><em>dr Katarzyna Trynda, prof. U\u015a<br \/>\n<\/em><em>prorektor ds. kszta\u0142cenia i student\u00f3w<br \/>\n<\/em><em>Uniwersytetu \u015al\u0105skiego w Katowicach<br \/>\n<\/em> \r\n                                <div class=\"mt-3\"><\/div>\r\n                            <\/div>\r\n                            \r\n                            <div class=\"text-modules__img\"><img src=\"https:\/\/us.edu.pl\/student\/wp-content\/uploads\/sites\/3\/2020\/10\/Prorektor-Katarzyna-Trynda-strona-WDAjpg.jpg\" alt=\"img\"><\/div>\r\n                        <\/div>\r\n                    <\/div>\r\n                <\/div>\r\n\r\n            <div class=\"blocks\" style=\"text-align: \">\r\n               <div class=\"container\">\r\n                  \r\n                  <div class=\"row m-0 blocks_4\">\r\n                  \r\n                     <a href=\"https:\/\/us.edu.pl\/student\/wda\/wda-wydzialy\/\" class=\"thumbnail blocks__item\" style=\"background-image: url(https:\/\/us.edu.pl\/student\/wp-content\/uploads\/sites\/3\/COS\/Inne-wydarzenia\/DSC_6390-1024x683.jpg)\">\r\n                        <span>wi\u0119cej<\/span>\r\n                        <div class=\"blocks__bottom\">\r\n                        <div class=\"blocks__title\">Wycieczka po wydziale<\/div>\r\n                        \r\n                        <\/div>\r\n                     <\/a>\r\n                  \r\n                     <a href=\"https:\/\/us.edu.pl\/student\/wda-szkolenia\/\" class=\"thumbnail blocks__item\" style=\"background-image: url(https:\/\/us.edu.pl\/student\/wp-content\/uploads\/sites\/3\/obrazki-stron\/startup-594090_640.jpg)\">\r\n                        <span>wi\u0119cej<\/span>\r\n                        <div class=\"blocks__bottom\">\r\n                        <div class=\"blocks__title\">Szkolenia<\/div>\r\n                        \r\n                        <\/div>\r\n                     <\/a>\r\n                  \r\n                     <a href=\"https:\/\/us.edu.pl\/student\/wda\/skarbiec-wiedzy\/\" class=\"thumbnail blocks__item\" style=\"background-image: url(https:\/\/us.edu.pl\/student\/wp-content\/uploads\/sites\/3\/obrazki-stron\/books-1655783_640.jpg)\">\r\n                        <span>wi\u0119cej<\/span>\r\n                        <div class=\"blocks__bottom\">\r\n                        <div class=\"blocks__title\">Skarbiec Wiedzy<\/div>\r\n                        \r\n                        <\/div>\r\n                     <\/a>\r\n                  \r\n                     <a href=\"https:\/\/us.edu.pl\/student\/wda\/slowniczek\/\" class=\"thumbnail blocks__item\" style=\"background-image: url(https:\/\/us.edu.pl\/student\/wp-content\/uploads\/sites\/3\/obrazki-stron\/books-1943625_640.jpg)\">\r\n                        <span>wi\u0119cej<\/span>\r\n                        <div class=\"blocks__bottom\">\r\n                        <div class=\"blocks__title\">Kszta\u0142cenie<\/div>\r\n                        <div class=\"blocks__subtitle\">Definicje<\/div>\r\n                        <\/div>\r\n                     <\/a><\/div>     \r\n               <\/div>\r\n            <\/div>[\/vc_column][\/vc_row]<\/p>","protected":false},"excerpt":{"rendered":"<p>[vc_row][vc_column][\/vc_column][\/vc_row] [&#8230;]<\/p>\n<p><a class=\"btn btn-secondary understrap-read-more-link\" href=\"https:\/\/us.edu.pl\/student\/wda\/\">Read More&#8230;<\/a><\/p>\n","protected":false},"author":28,"featured_media":0,"parent":0,"menu_order":0,"comment_status":"closed","ping_status":"closed","template":"page-templates\/page-with-sidebar-and-bookmarks.php","meta":{"_expiration-date-status":"","_expiration-date":0,"_expiration-date-type":"","_expiration-date-categories":[],"_expiration-date-options":[]},"acf":[],"_links":{"self":[{"href":"https:\/\/us.edu.pl\/student\/wp-json\/wp\/v2\/pages\/23889"}],"collection":[{"href":"https:\/\/us.edu.pl\/student\/wp-json\/wp\/v2\/pages"}],"about":[{"href":"https:\/\/us.edu.pl\/student\/wp-json\/wp\/v2\/types\/page"}],"author":[{"embeddable":true,"href":"https:\/\/us.edu.pl\/student\/wp-json\/wp\/v2\/users\/28"}],"replies":[{"embeddable":true,"href":"https:\/\/us.edu.pl\/student\/wp-json\/wp\/v2\/comments?post=23889"}],"version-history":[{"count":1,"href":"https:\/\/us.edu.pl\/student\/wp-json\/wp\/v2\/pages\/23889\/revisions"}],"predecessor-version":[{"id":36531,"href":"https:\/\/us.edu.pl\/student\/wp-json\/wp\/v2\/pages\/23889\/revisions\/36531"}],"wp:attachment":[{"href":"https:\/\/us.edu.pl\/student\/wp-json\/wp\/v2\/media?parent=23889"}],"curies":[{"name":"wp","href":"https:\/\/api.w.org\/{rel}","templated":true}]}}