{"id":24435,"date":"2020-09-29T14:15:37","date_gmt":"2020-09-29T12:15:37","guid":{"rendered":"https:\/\/us.edu.pl\/student\/?page_id=24435"},"modified":"2024-10-24T12:43:31","modified_gmt":"2024-10-24T10:43:31","slug":"ciniba","status":"publish","type":"page","link":"https:\/\/us.edu.pl\/student\/wda-szkolenia\/ciniba\/","title":{"rendered":"CINiBA"},"content":{"rendered":"<p>[vc_row][vc_column]\r\n                <div class=\"text-modules \">\r\n                    <div class=\"container\">\r\n                         \r\n                        <div class=\"row m-0\">\r\n                            <div class=\"text-modules__content\">\r\n                                <strong>Centrum Informacji Naukowej i Biblioteka Akademicka (CINiBA)<\/strong>\u00a0to wsp\u00f3lna ksi\u0105\u017cnica naukowa dw\u00f3ch katowickich uczelni: Uniwersytetu \u015al\u0105skiego oraz Uniwersytetu Ekonomicznego. Powsta\u0142a w 2012 roku biblioteka znajduje si\u0119 w przestrzeni kampusu uniwersyteckiego. CINiBA go\u015bci student\u00f3w, doktorant\u00f3w, pracownik\u00f3w naukowych, a tak\u017ce mieszka\u0144c\u00f3w \u015al\u0105ska, kt\u00f3rzy mog\u0105 korzysta\u0107<br \/>\nz udost\u0119pnianych zasob\u00f3w bibliotecznych (obecnie Centrum gromadzi prawie 2 miliony publikacji),<br \/>\njak r\u00f3wnie\u017c zasi\u0119gn\u0105\u0107 porady w kwestii informacji naukowej. Ksi\u0105\u017cnica funkcjonuje tak\u017ce jako instytucja kultury: odbywaj\u0105 si\u0119 w niej konferencje, szkolenia, wystawy czy wycieczki.<\/p>\n<p>Gmach Centrum jest przyk\u0142adem nowoczesnej konstrukcji architektonicznej, w kt\u00f3rej znajduj\u0105 si\u0119 wszelkie udogodnienia pozwalaj\u0105ce czytelnikom na swobodny dost\u0119p do potrzebnych materia\u0142\u00f3w. Biblioteka przystosowana jest r\u00f3wnie\u017c do potrzeb os\u00f3b z niepe\u0142nosprawno\u015bciami.<\/p>\n<p>Do dyspozycji czytelnik\u00f3w s\u0105 mi\u0119dzy innymi: sprz\u0119t komputerowy, skanery, miejsca do pracy indywidualnej (kabiny, mobilne stanowiska akustyczne InnoPod) i grupowej (czytelnia prasy bie\u017c\u0105cej, stanowiska w wolnym dost\u0119pie), a tak\u017ce urz\u0105dzenia do samodzielnego wypo\u017cyczania (selfcheck) i zwrotu ksi\u0105\u017cek (wrzutnia). Na ka\u017cdym pi\u0119trze CINiB-y znajduj\u0105 si\u0119 r\u00f3wnie\u017c wygodne sofy i worki sako, kt\u00f3re zapewni\u0105 komfort pracy i nauki, a tak\u017ce pozwol\u0105 na chwil\u0119 odpoczynku. Odpoczynek umo\u017cliwi\u0105 tak\u017ce strefy relaksu (Akwarium, chill outy).<\/p>\n<p>Czytelnicy mog\u0105 skorzysta\u0107 r\u00f3wnie\u017c z pomocy pracownik\u00f3w, kt\u00f3rzy, zar\u00f3wno osobi\u015bcie w gmachu biblioteki, jak i drog\u0105 telefoniczn\u0105 oraz elektroniczn\u0105, poinformuj\u0105 o zasadach funkcjonowania Centrum.\u00a0Dost\u0119pna jest tak\u017ce aplikacja <a href=\"https:\/\/play.google.com\/store\/apps\/details?id=pl.prolib.ciniba&amp;hl=pl\">CINiBA Katowice \u2013 mPROLIB.<\/a><\/p>\n<p>Biblioteka bie\u017c\u0105co aktualizuje informacje dotycz\u0105ce jej funkcjonowania \u2013 zach\u0119camy do odwiedzania <a href=\"http:\/\/www.ciniba.edu.pl\/\">strony internetowej<\/a> oraz profil\u00f3w w mediach spo\u0142eczno\u015bciowych:<\/p>\n<ul>\n<li><a href=\"https:\/\/www.facebook.com\/CINiBA.official\">Facebook<\/a>;<\/li>\n<li><a href=\"https:\/\/www.instagram.com\/ciniba_katowice\/\">Instagram<\/a>;<\/li>\n<li><a href=\"https:\/\/x.com\/ciniba_\">X<\/a>;<\/li>\n<li><a href=\"https:\/\/pl.linkedin.com\/company\/ciniba-official\">LinkedIn<\/a>;<\/li>\n<li><a href=\"https:\/\/www.tiktok.com\/@ciniba_katowice\">TikTok<\/a>.<\/li>\n<\/ul>\n<p>W razie pyta\u0144 prosimy o kontakt:\u00a0<a href=\"mailto:zapytaj@ciniba.edu.pl\">zapytaj@ciniba.edu.pl<\/a>.<\/p>\n<h4>JAK SI\u0118 ZAPISA\u0106?<\/h4>\n<p>Zapisujemy si\u0119 online, wype\u0142niaj\u0105c i\u00a0wysy\u0142aj\u0105c\u00a0<a href=\"https:\/\/integro.ciniba.edu.pl\/integro\/registration\"><strong>formularz \u201eRejestracja nowych czytelnik\u00f3w\u201d<\/strong><\/a> (zak\u0142ada si\u0119 jedno wsp\u00f3lne konto dla wszystkich bibliotek w sieci U\u015a i UEKatowice) Aktywuj konto, zg\u0142aszaj\u0105c si\u0119 osobi\u015bcie w kt\u00f3rejkolwiek wypo\u017cyczalni (CINiBA, biblioteki wydzia\u0142owe\/specjalistyczne U\u015a i UE) z odpowiednimi dokumentami. Aktywacja musi nast\u0105pi\u0107 do 2 tygodni od rejestracji.<\/p>\n<h4>\u0179R\u00d3D\u0141A ELEKTRONICZNE<\/h4>\n<p>CINiBA oferuje dost\u0119p do \u017ar\u00f3de\u0142 elektronicznych, w tym m.in.:<\/p>\n<ul>\n<li>kilkudziesi\u0119ciu prenumerowanych baz danych (https:\/\/ciniba.edu.pl\/bazy-w-ukladzie-alfabetycznym\/), w tym pe\u0142notekstowych z mo\u017cliwo\u015bci\u0105 pobrania artyku\u0142\u00f3w i ksi\u0105\u017cek w formacie PDF;<\/li>\n<li>repozytorium Uniwersytetu \u015al\u0105skiego OPUS (https:\/\/opus.us.edu.pl), kt\u00f3re oferuje prawie 27 tys. tekst\u00f3w artyku\u0142\u00f3w, rozdzia\u0142\u00f3w, ksi\u0105\u017cek i prac doktorskich.<\/li>\n<li>\u015al\u0105skiej Biblioteki Cyfrowej i innych bibliotek cyfrowych (https:\/\/ciniba.edu.pl\/biblioteki-cyfrowe\/), w kt\u00f3rych znale\u017a\u0107 mo\u017cna miliony publikacji, zdj\u0119\u0107, map, archiwali\u00f3w i wiele innych.<\/li>\n<\/ul>\n<p>CINiBA oferuje dost\u0119p do wielu us\u0142ug, w tym szkole\u0144 oraz przygotowywania analiz na potrzeby wniosk\u00f3w awansowych. Szczeg\u00f3\u0142y na stronie Biblioteki (https:\/\/ciniba.edu.pl) w zak\u0142adce \u201eUs\u0142ugi\u201d.<\/p>\n<h4>KONTAKTY<\/h4>\n<p><strong>Centrum Informacji Naukowej i Biblioteka Akademicka<br \/>\n<\/strong>ul.Bankowa 11a, 40-007 Katowice<\/p>\n<p><strong>Godziny otwarcia:<br \/>\n<\/strong>poniedzia\u0142ek-pi\u0105tek: 8.00-20.00<br \/>\nsobota: 10.00-18.00<\/p>\n<p><strong>Informatorium<\/strong>: tel. 32 786 5130<\/p>\n<p>W informatoriach zlokalizowanych na trzech poziomach bibliotekarze pomagaj\u0105 w korzystaniu z zasob\u00f3w CINiB-y oraz w wyszukiwaniu informacji naukowych w katalogu bibliotecznym, w \u017ar\u00f3d\u0142ach drukowanych i elektronicznych.<\/p>\n<p>Zapraszamy r\u00f3wnie\u017c do kontaktu mailowego.<\/p>\n<p><a href=\"https:\/\/www.ciniba.edu.pl\/zapytaj-bibliotekarza\"><strong>Formularz kontaktowy: zapytaj bibliotekarza<\/strong><\/a><\/p>\n<p><strong>Wypo\u017cyczalnia<\/strong>: tel. 32\u00a0786 5100, 32 786 5121<br \/>\nPracownicy wypo\u017cyczalni udzielaj\u0105 informacji dotycz\u0105cych za\u0142o\u017cenia i aktywowania kont bibliotecznych.<\/p>\n<p><strong>Czytelnia Og\u00f3lna<\/strong>: tel. 32\u00a0786 5151<br \/>\nTu mo\u017cna zarezerwowa\u0107 kabin\u0119 pracy indywidualnej.<\/p>\n<p><a href=\"https:\/\/ciniba.edu.pl\/biblioteki-us-i-ue\/\"><strong>Biblioteki U\u015a i UEKatowice<\/strong><\/a> \r\n                                <div class=\"mt-3\"><\/div>\r\n                            <\/div>\r\n                            \r\n                            \r\n                        <\/div>\r\n                    <\/div>\r\n                <\/div>[\/vc_column][\/vc_row]<\/p>","protected":false},"excerpt":{"rendered":"<p>[vc_row][vc_column][\/vc_column][\/vc_row] [&#8230;]<\/p>\n<p><a class=\"btn btn-secondary understrap-read-more-link\" href=\"https:\/\/us.edu.pl\/student\/wda-szkolenia\/ciniba\/\">Read More&#8230;<\/a><\/p>\n","protected":false},"author":28,"featured_media":0,"parent":24189,"menu_order":0,"comment_status":"closed","ping_status":"closed","template":"","meta":{"_expiration-date-status":"","_expiration-date":0,"_expiration-date-type":"","_expiration-date-categories":[],"_expiration-date-options":[]},"acf":[],"_links":{"self":[{"href":"https:\/\/us.edu.pl\/student\/wp-json\/wp\/v2\/pages\/24435"}],"collection":[{"href":"https:\/\/us.edu.pl\/student\/wp-json\/wp\/v2\/pages"}],"about":[{"href":"https:\/\/us.edu.pl\/student\/wp-json\/wp\/v2\/types\/page"}],"author":[{"embeddable":true,"href":"https:\/\/us.edu.pl\/student\/wp-json\/wp\/v2\/users\/28"}],"replies":[{"embeddable":true,"href":"https:\/\/us.edu.pl\/student\/wp-json\/wp\/v2\/comments?post=24435"}],"version-history":[{"count":5,"href":"https:\/\/us.edu.pl\/student\/wp-json\/wp\/v2\/pages\/24435\/revisions"}],"predecessor-version":[{"id":47058,"href":"https:\/\/us.edu.pl\/student\/wp-json\/wp\/v2\/pages\/24435\/revisions\/47058"}],"up":[{"embeddable":true,"href":"https:\/\/us.edu.pl\/student\/wp-json\/wp\/v2\/pages\/24189"}],"wp:attachment":[{"href":"https:\/\/us.edu.pl\/student\/wp-json\/wp\/v2\/media?parent=24435"}],"curies":[{"name":"wp","href":"https:\/\/api.w.org\/{rel}","templated":true}]}}