{"id":24456,"date":"2020-09-29T15:03:29","date_gmt":"2020-09-29T13:03:29","guid":{"rendered":"https:\/\/us.edu.pl\/student\/?page_id=24456"},"modified":"2022-03-31T15:40:38","modified_gmt":"2022-03-31T13:40:38","slug":"prawa-i-obowiazki-studenta","status":"publish","type":"page","link":"https:\/\/us.edu.pl\/student\/wda\/skarbiec-wiedzy\/prawa-i-obowiazki-studenta\/","title":{"rendered":"Prawa i obowi\u0105zki studenta"},"content":{"rendered":"<p>[vc_row][vc_column]\r\n                <div class=\"text-modules \">\r\n                    <div class=\"container\">\r\n                        <h3 class=\"section-title section-title_border-bottom\">Prawa i Obowi\u0105zki studenta<\/h3> \r\n                        <div class=\"row m-0\">\r\n                            <div class=\"text-modules__content\">\r\n                                <span style=\"font-weight: 400;\">Studia to czas, w kt\u00f3rym wolno wiele, ale nie wszystko. Bycie studentem zobowi\u0105zuje, dlatego ka\u017cdy, kto rozpoczyna uniwersyteck\u0105 przygod\u0119, powinien dok\u0142adnie pozna\u0107 swoje obowi\u0105zki i prawa, kt\u00f3re okre\u015blane s\u0105 przez regulamin studi\u00f3w oraz umow\u0119 z uczelni\u0105. Teksty tych akt\u00f3w znajduj\u0105 si\u0119 na stronie internetowej us.edu.pl w zak\u0142adce \u201estudent\u201d. Tam mo\u017cesz zapozna\u0107 si\u0119 te\u017c z ustaw\u0105 <\/span><a href=\"https:\/\/us.edu.pl\/student\/studia\/najwazniejsze-akty-prawne\/\"><i><span style=\"font-weight: 400;\">Prawo o szkolnictwie wy\u017cszym i nauce <\/span><\/i><\/a><span style=\"font-weight: 400;\">oraz innymi istotnymi przepisami.<\/span><\/p>\n<p><span style=\"font-weight: 400;\">Pami\u0119taj, \u017ce zostawszy studentem, z\u0142o\u017cy\u0142e\u015b \u015blubowanie. Przyrzek\u0142e\u015b w nim odnosi\u0107 si\u0119 z szacunkiem do w\u0142adz uczelni i wszystkich cz\u0142onk\u00f3w jej spo\u0142eczno\u015bci, szanowa\u0107 prawa i obyczaje akademickie, dba\u0107 o godno\u015b\u0107 w\u0142asn\u0105 i dobre imi\u0119 Uniwersytetu. To nie puste s\u0142owa \u2013 za \u0142amanie przepis\u00f3w i z\u0142e zachowanie odpowiesz przed komisj\u0105 dyscyplinarn\u0105, kt\u00f3ra mo\u017ce Ci\u0119 nie tylko ukara\u0107, ale tak\u017ce wydali\u0107 z uczelni.\u00a0<\/span><\/p>\n<p><span style=\"font-weight: 400;\">Kiedy dopu\u015bcisz si\u0119 aktu przemocy, stalkingu (tak\u017ce w internecie), dyskryminacji, kradzie\u017cy lub wandalizmu, pope\u0142nisz plagiat w jakiejkolwiek pracy czy utworze, sfa\u0142szujesz ocen\u0119 lub podpis w indeksie, legitymacj\u0119, za\u015bwiadczenie lekarskie albo dokument stypendialny, nara\u017casz si\u0119 nie tylko na skre\u015blenie z listy student\u00f3w, ale tak\u017ce na spotkanie z prokuratorem i spraw\u0119 w s\u0105dzie.\u00a0<\/span><\/p>\n<p><span style=\"font-weight: 400;\">Musisz te\u017c pami\u0119ta\u0107, \u017ce powa\u017cne przykro\u015bci mog\u0105 Ci\u0119 spotka\u0107 r\u00f3wnie\u017c za czyny niegodne studenta, np. awantury, niew\u0142a\u015bciwe traktowanie innych os\u00f3b albo pojawienie si\u0119 na uczelni pod wp\u0142ywem alkoholu, narkotyk\u00f3w lub dopalaczy.\u00a0<\/span><\/p>\n<p><span style=\"font-weight: 400;\">To wszystko brzmi gro\u017anie, bo mo\u017ce by\u0107 nieprzyjemne dla Ciebie. Jednak jest i dobra wiadomo\u015b\u0107 \u2013 odpowiedzialno\u015b\u0107 dyscyplinarna wcale nie musi ci\u0119 spotka\u0107. Wystarczy tylko studiowa\u0107 uczciwie i zachowywa\u0107 si\u0119 przyzwoicie.<\/span><\/p>\n<p><span style=\"font-weight: 400;\">Je\u015bli natomiast czujesz, \u017ce twoje prawa zosta\u0142y naruszone, jeste\u015b dyskryminowany, znalaz\u0142e\u015b si\u0119 w sytuacji konfliktowej czy masz problem z zaliczeniem sesji, mo\u017cesz zwr\u00f3ci\u0107 si\u0119 o wsparcie prawne w co najmniej trzech formach. S\u0105 to:<\/span><\/p>\n<p><b>Rzecznik Praw Studenta i Doktoranta<\/b><span style=\"font-weight: 400;\"> \u2013 zosta\u0142 powo\u0142any przez w\u0142adze Uniwersytetu \u015al\u0105skiego do udzielania bezpo\u015bredniej pomocy studentom, doktorantom i s\u0142uchaczom uczelni w zakresie obowi\u0105zuj\u0105cych ich przepis\u00f3w. Do rzecznika mo\u017cesz zg\u0142osi\u0107 si\u0119, je\u015bli masz problemy zwi\u0105zane z regulaminem studi\u00f3w, zaliczeniem sesji, otrzymaniem \u015bwiadcze\u0144 lub gdy uwa\u017casz, \u017ce Twoje prawa na uczelni s\u0105 naruszane. Mo\u017cesz skontaktowa\u0107 si\u0119 z nim mailowo: <\/span><a href=\"mailto:rps@us.edu.pl\"><b>rps@us.edu.pl<\/b><\/a><span style=\"font-weight: 400;\">.<\/span><\/p>\n<p><b>Studencka Poradnia Prawna<\/b><span style=\"font-weight: 400;\"> \u2013 organizacja zrzeszaj\u0105ca student\u00f3w prawa, dla kt\u00f3rych przepisy to nie tylko zbi\u00f3r ustaw i kodeks\u00f3w, ale przede wszystkim ludzie i ich konkretne problemy. Poradnia ma status ko\u0142a naukowego dzia\u0142aj\u0105cego na Wydziale Prawa i Administracji U\u015a. Udziela bezp\u0142atnej pomocy prawnej osobom niezamo\u017cnym, a tak\u017ce niedochodowym organizacjom spo\u0142ecznym. Porada prawna udzielana jest przez studenta po uprzednim uzgodnieniu jej tre\u015bci z opiekunem naukowym. Wszystkie niezb\u0119dne informacje o dzia\u0142alno\u015bci poradni znajduj\u0105 si\u0119 pod adresami: <\/span><a href=\"http:\/\/spp.us.edu.pl\"><b>spp.us.edu.pl<\/b><\/a><span style=\"font-weight: 400;\"> oraz <\/span><a href=\"http:\/\/facebook.com\/spp.us\"><b>facebook.com\/spp.us<\/b><\/a><span style=\"font-weight: 400;\">.<\/span><\/p>\n<p><b>Centrum Obs\u0142ugi Student\u00f3w (COS)<\/b><span style=\"font-weight: 400;\"> \u2013 uzyskasz tam podstawowe informacje prawne o przepisach obowi\u0105zuj\u0105cych na Uniwersytecie \u015al\u0105skim.\u00a0<\/span><\/p>\n<p><span style=\"font-weight: 400;\">Pami\u0119taj te\u017c, \u017ce reprezentantem og\u00f3\u0142u student\u00f3w jest samorz\u0105d studencki, kt\u00f3rego organy koordynowane przez Uczelnian\u0105 Rad\u0119 Samorz\u0105du Studenckiego (<\/span><a href=\"mailto:urss@us.edu.pl\"><b>urss@us.edu.pl<\/b><\/a><span style=\"font-weight: 400;\">) dzia\u0142aj\u0105 na poszczeg\u00f3lnych wydzia\u0142ach i osiedlach akademickich.<\/span> \r\n                                <div class=\"mt-3\"><\/div>\r\n                            <\/div>\r\n                            \r\n                            \r\n                        <\/div>\r\n                    <\/div>\r\n                <\/div>[\/vc_column][\/vc_row]<\/p>","protected":false},"excerpt":{"rendered":"<p>[vc_row][vc_column][\/vc_column][\/vc_row] [&#8230;]<\/p>\n<p><a class=\"btn btn-secondary understrap-read-more-link\" href=\"https:\/\/us.edu.pl\/student\/wda\/skarbiec-wiedzy\/prawa-i-obowiazki-studenta\/\">Read More&#8230;<\/a><\/p>\n","protected":false},"author":28,"featured_media":0,"parent":24454,"menu_order":0,"comment_status":"closed","ping_status":"closed","template":"","meta":{"_expiration-date-status":"saved","_expiration-date":0,"_expiration-date-type":"","_expiration-date-categories":[],"_expiration-date-options":[]},"acf":[],"_links":{"self":[{"href":"https:\/\/us.edu.pl\/student\/wp-json\/wp\/v2\/pages\/24456"}],"collection":[{"href":"https:\/\/us.edu.pl\/student\/wp-json\/wp\/v2\/pages"}],"about":[{"href":"https:\/\/us.edu.pl\/student\/wp-json\/wp\/v2\/types\/page"}],"author":[{"embeddable":true,"href":"https:\/\/us.edu.pl\/student\/wp-json\/wp\/v2\/users\/28"}],"replies":[{"embeddable":true,"href":"https:\/\/us.edu.pl\/student\/wp-json\/wp\/v2\/comments?post=24456"}],"version-history":[{"count":0,"href":"https:\/\/us.edu.pl\/student\/wp-json\/wp\/v2\/pages\/24456\/revisions"}],"up":[{"embeddable":true,"href":"https:\/\/us.edu.pl\/student\/wp-json\/wp\/v2\/pages\/24454"}],"wp:attachment":[{"href":"https:\/\/us.edu.pl\/student\/wp-json\/wp\/v2\/media?parent=24456"}],"curies":[{"name":"wp","href":"https:\/\/api.w.org\/{rel}","templated":true}]}}