{"id":24459,"date":"2020-09-29T15:09:35","date_gmt":"2020-09-29T13:09:35","guid":{"rendered":"https:\/\/us.edu.pl\/student\/?page_id=24459"},"modified":"2022-03-31T15:47:41","modified_gmt":"2022-03-31T13:47:41","slug":"organizacje-studenckie","status":"publish","type":"page","link":"https:\/\/us.edu.pl\/student\/wda\/skarbiec-wiedzy\/organizacje-studenckie\/","title":{"rendered":"Organizacje studenckie"},"content":{"rendered":"<p>[vc_row][vc_column]\r\n                <div class=\"text-modules \">\r\n                    <div class=\"container\">\r\n                        <h3 class=\"section-title section-title_border-bottom\">Organizacje studenckie<\/h3> \r\n                        <div class=\"row m-0\">\r\n                            <div class=\"text-modules__content\">\r\n                                <span style=\"font-weight: 400;\">Organizacje studenckie to prawdziwe ku\u017anie talent\u00f3w! Pami\u0119taj, \u017ce studia to nie tylko wyk\u0142ady i zaj\u0119cia, ale r\u00f3wnie\u017c czas, w kt\u00f3rym mo\u017cesz, a wr\u0119cz powiniene\u015b pog\u0142\u0119bia\u0107 zdobyt\u0105 wiedz\u0119 i wsp\u00f3\u0142pracowa\u0107 z innymi aktywnymi lud\u017ami i pasjonatami.\u00a0 Dzia\u0142aj\u0105c w organizacjach studenckich, masz szans\u0119 rozwija\u0107 swoje zainteresowania, zdobywa\u0107 umiej\u0119tno\u015bci i poszerza\u0107 wiedz\u0119 z r\u00f3\u017cnych dziedzin nauki. Na naszej uczelni funkcjonuj\u0105 zar\u00f3wno organizacje og\u00f3lnouczelniane, takie jak Studencki Zesp\u00f3\u0142 Pie\u015bni i Ta\u0144ca, Ch\u00f3r Uniwersytetu \u015al\u0105skiego Harmonia, jak r\u00f3wnie\u017c organy Samorz\u0105du Studenckiego oraz ko\u0142a naukowe, kt\u00f3rych jest blisko 250.\u00a0<\/span><\/p>\n<p><span style=\"font-weight: 400;\">Dzia\u0142alno\u015b\u0107 organizacji studenckich mo\u017ce mie\u0107 charakter naukowy, kulturalny, artystyczny czy sportowy. Cz\u0142onkowie k\u00f3\u0142 naukowych prowadz\u0105 rozmaite badania naukowe, w ramach kt\u00f3rych wydaj\u0105 publikacje czy organizuj\u0105 szkolenia i warsztaty naukowe.\u00a0<\/span><\/p>\n<p><span style=\"font-weight: 400;\">Poza tym, w ramach uczestnictwa w uczelnianych organizacjach odbywaj\u0105 si\u0119 akcje charytatywne, wydarzenia sportowe oraz liczne wydarzenia kulturalne czy popularnonaukowe.\u00a0<\/span><\/p>\n<p><span style=\"font-weight: 400;\">Wykaz organizacji studenckich, do kt\u00f3rych mo\u017cesz do\u0142\u0105czy\u0107, znajdziesz na naszej stronie internetowej. Pami\u0119taj te\u017c, \u017ce warto zwr\u00f3ci\u0107 si\u0119 do Samorz\u0105du Studenckiego na Twoim wydziale, poniewa\u017c jego cz\u0142onkowie posiadaj\u0105 informacje o wszystkich aktywnie dzia\u0142aj\u0105cych ko\u0142ach. Je\u017celi jednak stwierdzisz, \u017ce istniej\u0105ce ju\u017c organizacje studenckie nie spe\u0142niaj\u0105 Twoich oczekiwa\u0144, mo\u017cesz znale\u017a\u0107 student\u00f3w o podobnych zainteresowaniach i za\u0142o\u017cy\u0107 w\u0142asne ko\u0142o naukowe. Pami\u0119taj jednak, \u017ce potrzebujesz minimum trzech os\u00f3b oraz opiekuna merytorycznego, kt\u00f3ry b\u0119dzie Ci\u0119 wspiera\u0142 w bie\u017c\u0105cej dzia\u0142alno\u015bci oraz pe\u0142ni\u0142 rol\u0119 mentora.\u00a0<\/span><\/p>\n<p><span style=\"font-weight: 400;\">Zarejestrowane w Uniwersytecie \u015al\u0105skim organizacje studenckie mog\u0105 ubiega\u0107 si\u0119 o finansowanie swojej dzia\u0142alno\u015bci w ramach podzia\u0142u \u015brodk\u00f3w dokonywanego przez Uczelnian\u0105 Rad\u0119 Samorz\u0105du Studenckiego. Podzia\u0142 \u015brodk\u00f3w dokonywany jest dwa razy roku na podstawie z\u0142o\u017conych przez organizacje wniosk\u00f3w o dofinansowanie.\u00a0<\/span><\/p>\n<p><span style=\"font-weight: 400;\">Organizacje studenckie mog\u0105 si\u0119 ubiega\u0107 o dofinansowanie m.in. organizacji studenckich konferencji naukowych, paneli dyskusyjnych, warsztat\u00f3w, projekt\u00f3w badawczych, konkurs\u00f3w czy wydania publikacji naukowej.<\/span><\/p>\n<p><span style=\"font-weight: 400;\">Wszystkie informacje dotycz\u0105ce za\u0142o\u017cenia organizacji, niezb\u0119dne dokumenty oraz informacje odno\u015bnie finansowania dzia\u0142alno\u015bci organizacji znajdziesz na naszej stronie internetowej (<\/span><a href=\"http:\/\/www.us.edu.pl\/student\"><b>us.edu.pl\/student<\/b><\/a><span style=\"font-weight: 400;\">) w zak\u0142adce \u201edzia\u0142alno\u015b\u0107 studencka\u201d. Je\u017celi jednak co\u015b b\u0119dzie dla Ciebie niejasne, zapraszamy do Biura Dzia\u0142alno\u015bci Studenckiej w Centrum Obs\u0142ugi Student\u00f3w, gdzie z przyjemno\u015bci\u0105 odpowiemy na wszystkie pytania i w\u0105tpliwo\u015bci.<\/span> \r\n                                <div class=\"mt-3\"><\/div>\r\n                            <\/div>\r\n                            \r\n                            \r\n                        <\/div>\r\n                    <\/div>\r\n                <\/div>[\/vc_column][\/vc_row]<\/p>","protected":false},"excerpt":{"rendered":"<p>[vc_row][vc_column][\/vc_column][\/vc_row] [&#8230;]<\/p>\n<p><a class=\"btn btn-secondary understrap-read-more-link\" href=\"https:\/\/us.edu.pl\/student\/wda\/skarbiec-wiedzy\/organizacje-studenckie\/\">Read More&#8230;<\/a><\/p>\n","protected":false},"author":28,"featured_media":0,"parent":24454,"menu_order":0,"comment_status":"closed","ping_status":"closed","template":"","meta":{"_expiration-date-status":"saved","_expiration-date":0,"_expiration-date-type":"","_expiration-date-categories":[],"_expiration-date-options":[]},"acf":[],"_links":{"self":[{"href":"https:\/\/us.edu.pl\/student\/wp-json\/wp\/v2\/pages\/24459"}],"collection":[{"href":"https:\/\/us.edu.pl\/student\/wp-json\/wp\/v2\/pages"}],"about":[{"href":"https:\/\/us.edu.pl\/student\/wp-json\/wp\/v2\/types\/page"}],"author":[{"embeddable":true,"href":"https:\/\/us.edu.pl\/student\/wp-json\/wp\/v2\/users\/28"}],"replies":[{"embeddable":true,"href":"https:\/\/us.edu.pl\/student\/wp-json\/wp\/v2\/comments?post=24459"}],"version-history":[{"count":0,"href":"https:\/\/us.edu.pl\/student\/wp-json\/wp\/v2\/pages\/24459\/revisions"}],"up":[{"embeddable":true,"href":"https:\/\/us.edu.pl\/student\/wp-json\/wp\/v2\/pages\/24454"}],"wp:attachment":[{"href":"https:\/\/us.edu.pl\/student\/wp-json\/wp\/v2\/media?parent=24459"}],"curies":[{"name":"wp","href":"https:\/\/api.w.org\/{rel}","templated":true}]}}