{"id":24462,"date":"2020-09-29T15:14:35","date_gmt":"2020-09-29T13:14:35","guid":{"rendered":"https:\/\/us.edu.pl\/student\/?page_id=24462"},"modified":"2022-03-31T15:50:26","modified_gmt":"2022-03-31T13:50:26","slug":"ubezpieczenia","status":"publish","type":"page","link":"https:\/\/us.edu.pl\/student\/wda\/skarbiec-wiedzy\/ubezpieczenia\/","title":{"rendered":"Ubezpieczenia"},"content":{"rendered":"<p>[vc_row][vc_column]\r\n                <div class=\"text-modules\">\r\n                    <div class=\"container\">\r\n                        <h3 class=\"page-title text__title\">Ubezpieczenia<\/h3>\r\n                        <div class=\"text-modules__content\"><\/p>\n<p><iframe loading=\"lazy\" title=\"WDA: Ubezpieczenia dla student\u00f3w\" width=\"640\" height=\"360\" src=\"https:\/\/www.youtube.com\/embed\/z3OAX35C-Kg?feature=oembed\" frameborder=\"0\" allow=\"accelerometer; autoplay; clipboard-write; encrypted-media; gyroscope; picture-in-picture\" allowfullscreen><\/iframe><\/p>\n<p>\n<\/div>\r\n                    <\/div>\r\n                <\/div>\r\n                <div class=\"text-modules \">\r\n                    <div class=\"container\">\r\n                         \r\n                        <div class=\"row m-0\">\r\n                            <div class=\"text-modules__content\">\r\n                                <span style=\"font-weight: 400;\">Uniwersytet \u015al\u0105ski zg\u0142asza do ubezpieczenia zdrowotnego student\u00f3w obywateli polskich, kt\u00f3rzy uko\u0144czyli 26. r. \u017c. i nie maj\u0105\u00a0innego tytu\u0142u do ubezpieczenia (np. umowy o prac\u0119, nie prowadz\u0105 dzia\u0142alno\u015bci gospodarczej lub nie s\u0105 ubezpieczeni przez ma\u0142\u017conka).\u00a0<\/span><\/p>\n<p><span style=\"font-weight: 400;\">Je\u017celi student nie uko\u0144czy\u0142 26. r. \u017c., powinien by\u0107 zg\u0142oszony do ubezpieczenia jako cz\u0142onek rodziny przez jednego z rodzic\u00f3w lub dziadk\u00f3w b\u0105d\u017a opiekun\u00f3w prawnych albo je\u017celi zawar\u0142 zwi\u0105zek ma\u0142\u017ce\u0144ski \u2013 przez\u00a0ma\u0142\u017conka. Je\u015bli \u017cadna z tych os\u00f3b nie mo\u017ce go ubezpieczy\u0107, w\u00f3wczas mo\u017ce to zrobi\u0107 uczelnia po <\/span><span style=\"font-weight: 400;\">dok\u0142adnym rozpoznaniu sytuacji rodzinnej studenta.<\/span><\/p>\n<p><span style=\"font-weight: 400;\">Podstaw\u0105 zg\u0142oszenia do ubezpieczenia zdrowotnego studenta przez Uniwersytet \u015al\u0105ski jest z\u0142o\u017cenie\u00a0przez niego we w\u0142a\u015bciwym dziekanacie o\u015bwiadczenia o niepodleganiu ubezpieczeniu zdrowotnemu z innego tytu\u0142u oraz wype\u0142nienie i podpisanie dokument\u00f3w zg\u0142oszenia do ZUS.\u00a0<\/span><\/p>\n<p><span style=\"font-weight: 400;\">Studenci zg\u0142oszeni do ubezpieczenia zdrowotnego przez Uniwersytet \u015al\u0105ski maj\u0105 obowi\u0105zek zg\u0142osi\u0107 do ubezpieczenia zdrowotnego wszystkich cz\u0142onk\u00f3w rodziny, kt\u00f3rzy nie podlegaj\u0105 ubezpieczeniu zdrowotnemu z innego tytu\u0142u.<\/span><\/p>\n<p><span style=\"font-weight: 400;\">Studenci b\u0119d\u0105cy obywatelami pa\u0144stwa cz\u0142onkowskiego Unii Europejskiej lub pa\u0144stwa\u00a0cz\u0142onkowskiego Europejskiego Porozumienia o Wolnym Handlu (EFTA) zamieszkuj\u0105cy na terytorium Polski mog\u0105 korzysta\u0107 z\u00a0opieki zdrowotnej na takich samych zasadach jak polscy ubezpieczeni pod warunkiem posiadania aktualnej Europejskiej Karty Ubezpieczenia Zdrowotnego (EKUZ) wydanej w kraju pochodzenia.<\/span><\/p>\n<p><span style=\"font-weight: 400;\">Studenci nieb\u0119d\u0105cy obywatelami pa\u0144stw cz\u0142onkowskich Unii Europejskiej lub pa\u0144stwa cz\u0142onkowskiego Europejskiego Porozumienia o Wolnym Handlu (EFTA) i niemog\u0105cy wykaza\u0107 si\u0119 wa\u017cn\u0105 Kart\u0105 Polaka lub dokumentem za\u015bwiadczaj\u0105cym, \u017ce zostali uznani za osoby polskiego pochodzenia w rozumieniu przepis\u00f3w o repatriacji, mog\u0105 zawrze\u0107 z Narodowym Funduszem Zdrowia (NFZ) umow\u0119 o dobrowolne ubezpieczenie zdrowotne i samodzielnie op\u0142aca\u0107 comiesi\u0119czn\u0105 sk\u0142adk\u0119.<\/span><\/p>\n<p><span style=\"font-weight: 400;\">Studenci nieb\u0119d\u0105cy obywatelami pa\u0144stwa cz\u0142onkowskiego Unii Europejskiej lub pa\u0144stwa cz\u0142onkowskiego Europejskiego Porozumienia o Wolnym Handlu (EFTA), kt\u00f3rzy studiuj\u0105 w Polsce i posiadaj\u0105 wa\u017cn\u0105 Kart\u0119 Polaka lub zostali uznani za osoby polskiego pochodzenia w rozumieniu przepis\u00f3w o repatriacji oraz nie podlegaj\u0105 obowi\u0105zkowi ubezpieczenia zdrowotnego z innego tytu\u0142u, mog\u0105 mie\u0107 op\u0142acane sk\u0142adki na ubezpieczenie zdrowotne przez Uniwersytet \u015al\u0105ski.\u00a0W tym celu musz\u0105 zawrze\u0107 umow\u0119 o dobrowolne ubezpieczenie zdrowotne w Narodowym Funduszem Zdrowia (NFZ) i z umow\u0105 lub dokumentem potwierdzaj\u0105cym zawarcie umowy wydanym przez NFZ zg\u0142osi\u0107 si\u0119 do dziekanatu w celu dope\u0142nienia dalszych formalno\u015bci ubezpieczeniowych.<\/span><\/p>\n<p><span style=\"font-weight: 400;\">Student zg\u0142oszony do ubezpieczenia zdrowotnego przez Uniwersytet \u015al\u0105ski jest zobowi\u0105zany\u00a0<\/span><b>niezw\u0142ocznie poinformowa\u0107\u00a0dziekanat<\/b><span style=\"font-weight: 400;\">\u00a0<\/span><b>o powstaniu innego tytu\u0142u do ubezpieczenia zdrowotnego\u00a0<\/b><span style=\"font-weight: 400;\">(np. umowa o prac\u0119, umowa zlecenie) oraz\u00a0<\/span><b>o zmianie danych\u00a0<\/b><span style=\"font-weight: 400;\">swoich lub zg\u0142oszonych do ubezpieczenia zdrowotnego cz\u0142onk\u00f3w rodziny.<\/span><\/p>\n<p><span style=\"font-weight: 400;\">Wi\u0119cej informacji na temat ubezpiecze\u0144 zdrowotnych oraz druki formularzy mo\u017cna znale\u017a\u0107 na stronie Uniwersytetu \u015al\u0105skiego: <\/span><a href=\"http:\/\/www.us.edu.pl\/student\/wsparcie-i-fundusze\/ubezpieczenie\/ubezpieczenia-zdrowotne\"><b>us.edu.pl\/student\/wsparcie-i-fundusze\/ubezpieczenie\/ubezpieczenia-zdrowotne<\/b><\/a><span style=\"font-weight: 400;\">.<\/span> \r\n                                <div class=\"mt-3\"><\/div>\r\n                            <\/div>\r\n                            \r\n                            \r\n                        <\/div>\r\n                    <\/div>\r\n                <\/div>[\/vc_column][\/vc_row]<\/p>","protected":false},"excerpt":{"rendered":"<p>[vc_row][vc_column][\/vc_column][\/vc_row] [&#8230;]<\/p>\n<p><a class=\"btn btn-secondary understrap-read-more-link\" href=\"https:\/\/us.edu.pl\/student\/wda\/skarbiec-wiedzy\/ubezpieczenia\/\">Read More&#8230;<\/a><\/p>\n","protected":false},"author":28,"featured_media":0,"parent":24454,"menu_order":0,"comment_status":"closed","ping_status":"closed","template":"","meta":{"_expiration-date-status":"saved","_expiration-date":0,"_expiration-date-type":"","_expiration-date-categories":[],"_expiration-date-options":[]},"acf":[],"_links":{"self":[{"href":"https:\/\/us.edu.pl\/student\/wp-json\/wp\/v2\/pages\/24462"}],"collection":[{"href":"https:\/\/us.edu.pl\/student\/wp-json\/wp\/v2\/pages"}],"about":[{"href":"https:\/\/us.edu.pl\/student\/wp-json\/wp\/v2\/types\/page"}],"author":[{"embeddable":true,"href":"https:\/\/us.edu.pl\/student\/wp-json\/wp\/v2\/users\/28"}],"replies":[{"embeddable":true,"href":"https:\/\/us.edu.pl\/student\/wp-json\/wp\/v2\/comments?post=24462"}],"version-history":[{"count":0,"href":"https:\/\/us.edu.pl\/student\/wp-json\/wp\/v2\/pages\/24462\/revisions"}],"up":[{"embeddable":true,"href":"https:\/\/us.edu.pl\/student\/wp-json\/wp\/v2\/pages\/24454"}],"wp:attachment":[{"href":"https:\/\/us.edu.pl\/student\/wp-json\/wp\/v2\/media?parent=24462"}],"curies":[{"name":"wp","href":"https:\/\/api.w.org\/{rel}","templated":true}]}}