{"id":24466,"date":"2020-09-29T15:24:44","date_gmt":"2020-09-29T13:24:44","guid":{"rendered":"https:\/\/us.edu.pl\/student\/?page_id=24466"},"modified":"2022-03-31T15:52:23","modified_gmt":"2022-03-31T13:52:23","slug":"wyjazdy-zagraniczne","status":"publish","type":"page","link":"https:\/\/us.edu.pl\/student\/wda\/skarbiec-wiedzy\/wyjazdy-zagraniczne\/","title":{"rendered":"Wyjazdy zagraniczne"},"content":{"rendered":"<p>[vc_row][vc_column]\r\n                <div class=\"text-modules \">\r\n                    <div class=\"container\">\r\n                        <h3 class=\"section-title section-title_border-bottom\">Wyjazdy zagraniczne<\/h3> \r\n                        <div class=\"row m-0\">\r\n                            <div class=\"text-modules__content\">\r\n                                <span style=\"font-weight: 400;\">Studenci Uniwersytetu \u015al\u0105skiego maj\u0105 mo\u017cliwo\u015b\u0107 uczestnictwa w mi\u0119dzynarodowej wymianie edukacyjnej i realizacji cz\u0119\u015bci studi\u00f3w w zagranicznej uczelni partnerskiej <\/span><span style=\"font-weight: 400;\"><br \/>\n<\/span><span style=\"font-weight: 400;\">lub zagranicznej praktyki studenckiej. Wyjazdy zagraniczne student\u00f3w odbywaj\u0105 si\u0119 <\/span><span style=\"font-weight: 400;\"><br \/>\n<\/span><span style=\"font-weight: 400;\">w ramach program\u00f3w wymiany mi\u0119dzynarodowej, um\u00f3w dwustronnych zawartych przez Uniwersytet \u015al\u0105ski, program\u00f3w stypendialnych krajowych, g\u0142\u00f3wnie program\u00f3w Narodowej Agencji Wymiany Akademickiej, i zagranicznych.<\/span><\/p>\n<p>&nbsp;<\/p>\n<p><span style=\"font-weight: 400;\">Ogromn\u0105 wi\u0119kszo\u015b\u0107, ponad 90 procent wyjazd\u00f3w student\u00f3w stanowi\u0105 mobilno\u015bci realizowane w ramach programu Erasmus+ i program\u00f3w z nim powi\u0105zanych. Erasmus+ to unijny program edukacyjny obejmuj\u0105cy mi\u0119dzy innymi wymian\u0119 student\u00f3w. Jest to najwi\u0119kszy, najbardziej powszechny i najd\u0142u\u017cej nieprzerwanie dzia\u0142aj\u0105cy program wymiany studenckiej, daj\u0105cy te\u017c najwi\u0119ksze mo\u017cliwo\u015bci realizacji wyjazd\u00f3w do najwi\u0119kszej grupy instytucji partnerskich i naj\u0142atwiejszy dost\u0119p do takich wyjazd\u00f3w. To r\u00f3wnie\u017c program najmniej skomplikowany pod wzgl\u0119dem formalnym.<\/span><\/p>\n<p>&nbsp;<\/p>\n<p><span style=\"font-weight: 400;\">W ramach programu Erasmus+ i program\u00f3w z nim powi\u0105zanych, np. Programu Edukacja, studenci mog\u0105 wyje\u017cd\u017ca\u0107 w celu realizacji cz\u0119\u015bci studi\u00f3w w zagranicznych uczelniach partnerskich lub w celu odbycia zagranicznej praktyki studenckiej.\u00a0 Na wyjazdy przyznawane jest dofinansowanie. Studia lub praktyka zrealizowane w zagranicznej uczelni partnerskiej, zagranicznej instytucji s\u0105 r\u00f3wnowa\u017cne z takim samym okresem studi\u00f3w lub z praktyk\u0105 realizowan\u0105 w uczelni macierzystej. Semestr studi\u00f3w zaliczony w zagranicznej uczelni partnerskiej na podstawie zatwierdzonego porozumienia o programie studi\u00f3w jest automatycznie uznawany w uczelni macierzystej.<\/span><\/p>\n<p>&nbsp;<\/p>\n<p><span style=\"font-weight: 400;\">W programie Erasmus+ uczestnicz\u0105 wszystkie kraje cz\u0142onkowskie Unii Europejskiej, pa\u0144stwa Europejskiego Obszaru Gospodarczego (Islandia, Liechtenstein, Norwegia), Macedonia P\u00f3\u0142nocna, Serbia, Turcja i Wielka Brytania. W\u0142asny program, z zasadami zbli\u017conymi do programu Erasmus+ prowadzi Szwajcaria. W ramach programu mo\u017cna r\u00f3wnie\u017c wyje\u017cd\u017ca\u0107 w celu realizacji cz\u0119\u015bci studi\u00f3w lub praktyki w instytucjach znajduj\u0105cych si\u0119 w krajach partnerskich. Do tej grupy nale\u017c\u0105 prawie wszystkie kraje \u015bwiata. Wyjazd do kraju partnerskiego jest jednak obwarowany pewnymi dodatkowymi ograniczeniami i wymaganiami, a co za tym idzie, jego realizacja jest du\u017co bardziej skomplikowana.<\/span><\/p>\n<p>&nbsp;<\/p>\n<p><span style=\"font-weight: 400;\">Wyjazd w ramach programu Erasmus+ trwa od 2 miesi\u0119cy (w przypadku praktyki) lub 3 miesi\u0119cy (w przypadku wyjazdu w celu realizacji cz\u0119\u015bci studi\u00f3w) do ca\u0142ego roku akademickiego. W ramach programu mo\u017cna wyjecha\u0107 wielokrotnie. Ka\u017cdy student dysponuje pul\u0105 12 miesi\u0119cy na ka\u017cdy poziom studi\u00f3w, kt\u00f3re mo\u017ce sp\u0119dzi\u0107, studiuj\u0105c w ramach programu w zagranicznej uczelni lub realizuj\u0105c praktyk\u0119, oczywi\u015bcie pod warunkiem zakwalifikowania przez uczelni\u0119 macierzyst\u0105.<\/span><\/p>\n<p>&nbsp;<\/p>\n<p><span style=\"font-weight: 400;\">Ka\u017cda uczelnia uczestnicz\u0105ca w programie Erasmus+ dysponuje w ka\u017cdym roku akademickim konkretn\u0105 pul\u0105 miejsc w zagranicznych uczelniach partnerskich i liczb\u0105 mo\u017cliwych do zrealizowania wyjazd\u00f3w na praktyk\u0119. St\u0105d aby uczestniczy\u0107 w wymianie, trzeba przej\u015b\u0107 procedur\u0119 rekrutacyjn\u0105. Warunkiem uczestnictwa jest znajomo\u015b\u0107 j\u0119zyka wyk\u0142adowego, w kt\u00f3rym b\u0119d\u0105 w uczelni partnerskiej realizowane zaj\u0119cia lub j\u0119zyka, w jakim prowadzona b\u0119dzie praktyka. Nale\u017cy zwr\u00f3ci\u0107 uwag\u0119, \u017ce nie musi to by\u0107 j\u0119zyk urz\u0119dowy kraju, do kt\u00f3rego realizowany jest wyjazd. Kryterium, na podstawie kt\u00f3rego prowadzi si\u0119 rekrutacj\u0119, s\u0105 wyniki w nauce. Rekrutacja na wyjazdy w celu realizacji cz\u0119\u015bci studi\u00f3w odbywa si\u0119 w semestrze poprzedzaj\u0105cym rok akademicki, w trakcie kt\u00f3rego wyjazd b\u0119dzie realizowany. Rekrutacja na praktyki jest obecnie prowadzona w spos\u00f3b ci\u0105g\u0142y przez\u00a0 poszczeg\u00f3lne wydzia\u0142y.<\/span><\/p>\n<p>&nbsp;<\/p>\n<p><span style=\"font-weight: 400;\">W momencie wyjazdu trzeba by\u0107 studentem co najmniej drugiego roku studi\u00f3w pierwszego stopnia. Nie wolno realizowa\u0107 wyjazdu w trakcie urlopu.<\/span><\/p>\n<p>&nbsp;<\/p>\n<p><span style=\"font-weight: 400;\">Podczas wyjazdu zachowuje si\u0119 status studenta macierzystej uczelni wysy\u0142aj\u0105cej. Uczelnia przyjmuj\u0105ca ma obowi\u0105zek traktowa\u0107 student\u00f3w programu Erasmus+ oraz swoich student\u00f3w na r\u00f3wnych zasadach.<\/span><\/p>\n<p>&nbsp;<\/p>\n<p><span style=\"font-weight: 400;\">Wysoko\u015b\u0107 dofinansowania w Programie Erasmus+ zale\u017cy od kraju, do kt\u00f3rego si\u0119 wyje\u017cd\u017ca oraz od typu wyjazdu. Stawki stypendium corocznie ulegaj\u0105 zmianom. Studenci maj\u0105cy specjalne potrzeby zwi\u0105zane ze stanem zdrowia lub znajduj\u0105cy si\u0119 w trudniejszej sytuacji finansowej mog\u0105 ubiega\u0107 si\u0119 o dodatkowe dofinansowanie. Obecnie stawki miesi\u0119czne wynosz\u0105 od 450 euro do 800 euro. Dodatkowo w uzasadnionych przypadkach, zwi\u0105zanych ze specjalnymi potrzebami zdrowotnymi, mo\u017cna uzyska\u0107 finansowanie dodatkowych koszt\u00f3w rzeczywistych w zaakceptowanych kategoriach.<\/span><\/p>\n<p>&nbsp;<\/p>\n<p><span style=\"font-weight: 400;\">Informacje o mo\u017cliwo\u015bciach wyjazd\u00f3w w ramach pozosta\u0142ych ofert stypendialnych lub w ramach um\u00f3w dwustronnych oraz szczeg\u00f3\u0142y ofert mo\u017cna uzyska\u0107 na wydzia\u0142ach lub\u00a0 w Biurze Wymiany Mi\u0119dzynarodowej Uniwersytetu \u015al\u0105skiego, a tak\u017ce na stronach internetowych uczelni. W sprawach zwi\u0105zanych z mi\u0119dzynarodow\u0105 wymian\u0105 edukacyjn\u0105 mo\u017cna r\u00f3wnie\u017c kontaktowa\u0107 si\u0119 z koordynatorami wydzia\u0142owymi wsp\u00f3\u0142pracy mi\u0119dzynarodowej.<\/span><\/p>\n<p><span style=\"font-weight: 400;\">Obecnie nie maj\u0105 zastosowania \u017cadne ograniczenia dotycz\u0105ce rekrutacji na wyjazdy <\/span><span style=\"font-weight: 400;\">w roku akademickim 2021\/2022. Na Uniwersytecie \u015al\u0105skim obowi\u0105zuj\u0105 jednak szczeg\u00f3lne zasady dzia\u0142a\u0144 w roku akademickim 2020\/2021 zwi\u0105zane z obecn\u0105 sytuacj\u0105 epidemiczn\u0105. Nale\u017cy pami\u0119ta\u0107 o tym, \u017ce sytuacja zar\u00f3wno w kraju, jak i poza granicami ulega zmianom, kt\u00f3re mog\u0105 by\u0107 bardzo szybkie i daleko id\u0105ce. W zwi\u0105zku z tym zalecamy \u015bledzenie informacji.<\/span><span style=\"font-weight: 400;\"><br \/>\n<\/span> \r\n                                <div class=\"mt-3\"><\/div>\r\n                            <\/div>\r\n                            \r\n                            \r\n                        <\/div>\r\n                    <\/div>\r\n                <\/div>[\/vc_column][\/vc_row]<\/p>","protected":false},"excerpt":{"rendered":"<p>[vc_row][vc_column][\/vc_column][\/vc_row] [&#8230;]<\/p>\n<p><a class=\"btn btn-secondary understrap-read-more-link\" href=\"https:\/\/us.edu.pl\/student\/wda\/skarbiec-wiedzy\/wyjazdy-zagraniczne\/\">Read More&#8230;<\/a><\/p>\n","protected":false},"author":28,"featured_media":0,"parent":24454,"menu_order":0,"comment_status":"closed","ping_status":"closed","template":"","meta":{"_expiration-date-status":"saved","_expiration-date":0,"_expiration-date-type":"","_expiration-date-categories":[],"_expiration-date-options":[]},"acf":[],"_links":{"self":[{"href":"https:\/\/us.edu.pl\/student\/wp-json\/wp\/v2\/pages\/24466"}],"collection":[{"href":"https:\/\/us.edu.pl\/student\/wp-json\/wp\/v2\/pages"}],"about":[{"href":"https:\/\/us.edu.pl\/student\/wp-json\/wp\/v2\/types\/page"}],"author":[{"embeddable":true,"href":"https:\/\/us.edu.pl\/student\/wp-json\/wp\/v2\/users\/28"}],"replies":[{"embeddable":true,"href":"https:\/\/us.edu.pl\/student\/wp-json\/wp\/v2\/comments?post=24466"}],"version-history":[{"count":0,"href":"https:\/\/us.edu.pl\/student\/wp-json\/wp\/v2\/pages\/24466\/revisions"}],"up":[{"embeddable":true,"href":"https:\/\/us.edu.pl\/student\/wp-json\/wp\/v2\/pages\/24454"}],"wp:attachment":[{"href":"https:\/\/us.edu.pl\/student\/wp-json\/wp\/v2\/media?parent=24466"}],"curies":[{"name":"wp","href":"https:\/\/api.w.org\/{rel}","templated":true}]}}