{"id":24478,"date":"2020-09-29T15:35:51","date_gmt":"2020-09-29T13:35:51","guid":{"rendered":"https:\/\/us.edu.pl\/student\/?page_id=24478"},"modified":"2022-03-31T15:54:42","modified_gmt":"2022-03-31T13:54:42","slug":"wsparcie-mlodego-naukowca","status":"publish","type":"page","link":"https:\/\/us.edu.pl\/student\/wda\/skarbiec-wiedzy\/wsparcie-mlodego-naukowca\/","title":{"rendered":"Wsparcie M\u0142odego Naukowca"},"content":{"rendered":"<p>[vc_row][vc_column]\r\n                <div class=\"text-modules \">\r\n                    <div class=\"container\">\r\n                        <h3 class=\"section-title section-title_border-bottom\">Wsparcie M\u0142odego Naukowca<\/h3> \r\n                        <div class=\"row m-0\">\r\n                            <div class=\"text-modules__content\">\r\n                                <span style=\"font-weight: 400;\">Powodem do dumy i si\u0142\u0105 Uniwersytetu \u015al\u0105skiego w Katowicach jest potencja\u0142 naukowy student\u00f3w, dlatego Centrum Obs\u0142ugi Student\u00f3w konsekwentnie rozszerza narz\u0119dzia, kt\u00f3re maj\u0105 pom\u00f3c m\u0142odym naukowcom w rozwoju naukowym, a tak\u017ce planowaniu i zarz\u0105dzaniu w\u0142asn\u0105 \u015bcie\u017ck\u0105 naukow\u0105.\u00a0<\/span><\/p>\n<p><span style=\"font-weight: 400;\">Z my\u015bl\u0105 o najzdolniejszych studentach realizuj\u0105cych indywidualne projekty badawcze lub artystyczne na uczelni od 2017 roku realizowany jest program Grant\u00f3w Rektora Uniwersytetu \u015al\u0105skiego dla najlepszych student\u00f3w. Program grantowy daje mo\u017cliwo\u015b\u0107 realizowania ambitnych projekt\u00f3w badawczych, wsp\u00f3\u0142pracy w zespo\u0142ach naukowych, publikacji wynik\u00f3w bada\u0144 czy nawi\u0105zania kontakt\u00f3w z mi\u0119dzynarodowym \u015brodowiskiem naukowym. Granty realizowane s\u0105 przy wsparciu wybranego przez studenta opiekuna merytorycznego, kt\u00f3rym jest nauczyciel akademicki posiadaj\u0105cy co najmniej stopie\u0144 naukowy doktora.<\/span><\/p>\n<p><span style=\"font-weight: 400;\">Do tej pory uda\u0142o nam si\u0119 zrealizowa\u0107 dwie edycje konkursu, w kt\u00f3rych dofinansowali\u015bmy ponad 100 grant\u00f3w na kwot\u0119 blisko p\u00f3\u0142 miliona z\u0142otych. W bie\u017c\u0105cym roku akademickim planujemy uruchomienie kolejnej edycji programu. Nowo\u015bci\u0105 jest to, \u017ce ma by\u0107 ona finansowana ze \u015brodk\u00f3w Samorz\u0105du Studenckiego oraz rezerwy rektora. Aktualnie trwaj\u0105 prace nad formu\u0142\u0105 konkursu oraz harmonogramem, dlatego zach\u0119camy do \u015bledzenia informacji w mediach spo\u0142eczno\u015bciowych\u00a0 Uniwersytetu \u015al\u0105skiego oraz na stronie <\/span><a href=\"http:\/\/www.grantyrektora.us.edu.pl\/\"><b>grantyrektora.us.edu.pl<\/b><\/a><span style=\"font-weight: 400;\">.\u00a0<\/span><\/p>\n<p><span style=\"font-weight: 400;\">Wraz z nowym rokiem akademickim swoj\u0105 dzia\u0142alno\u015b\u0107 w Centrum Obs\u0142ugi Student\u00f3w rozpocz\u0119\u0142o tak\u017ce Biuro dzia\u0142alno\u015bci studenckiej, w ramach kt\u00f3rego m\u0142odzi naukowcy mog\u0105 otrzyma\u0107 wsparcie merytoryczne i administracyjne\u00a0 przy prowadzeniu inicjatyw i bada\u0144 naukowych na wszystkich etapach: od momentu pisania wniosku grantowego przez realizacj\u0119 a\u017c do rozliczenia projektu.\u00a0<\/span><\/p>\n<p><span style=\"font-weight: 400;\">Zach\u0119camy do \u015bledzenia zak\u0142adki \u201edzia\u0142alno\u015b\u0107 naukowa\u201d na stronie internetowej <\/span><a href=\"https:\/\/us.edu.pl\/student\/dzialalnosc-naukowa\/\"><b>us.edu.pl\/student\/dzialalnosc-naukowa<\/b><\/a><span style=\"font-weight: 400;\">, w kt\u00f3rej mo\u017cna znale\u017a\u0107 szczeg\u00f3\u0142owe informacje na temat aktualnych program\u00f3w badawczych, konkurs\u00f3w naukowych i innych inicjatyw skierowanych do student\u00f3w.\u00a0<\/span><\/p>\n<p><span style=\"font-weight: 400;\">Wiemy, jak trudne bywaj\u0105 pocz\u0105tki, dlatego je\u017celi szukasz wsparcia w napisaniu swojego pierwszego projektu b\u0105d\u017a pomocy przy wype\u0142nianiu wniosku grantowego, zapraszamy do naszego biura \u2013 tam ch\u0119tnie Ci pomo\u017cemy.\u00a0<\/span><\/p>\n<p><span style=\"font-weight: 400;\">Jeste\u015bmy dumni z ka\u017cdego najmniejszego sukcesu naszych student\u00f3w, dlatego je\u015bli jest co\u015b, czym chcia\u0142by\u015b si\u0119 pochwali\u0107, powiedz nam o tym osobi\u015bcie lub napisz do nas, \u017ceby\u015bmy mogli podzieli\u0107 si\u0119 t\u0105 informacj\u0105 na naszej stronie internetowej po\u015bwi\u0119conej dzia\u0142alno\u015bci naukowej.<\/span> \r\n                                <div class=\"mt-3\"><\/div>\r\n                            <\/div>\r\n                            \r\n                            \r\n                        <\/div>\r\n                    <\/div>\r\n                <\/div>[\/vc_column][\/vc_row]<\/p>","protected":false},"excerpt":{"rendered":"<p>[vc_row][vc_column][\/vc_column][\/vc_row] [&#8230;]<\/p>\n<p><a class=\"btn btn-secondary understrap-read-more-link\" href=\"https:\/\/us.edu.pl\/student\/wda\/skarbiec-wiedzy\/wsparcie-mlodego-naukowca\/\">Read More&#8230;<\/a><\/p>\n","protected":false},"author":28,"featured_media":0,"parent":24454,"menu_order":0,"comment_status":"closed","ping_status":"closed","template":"","meta":{"_expiration-date-status":"saved","_expiration-date":0,"_expiration-date-type":"","_expiration-date-categories":[],"_expiration-date-options":[]},"acf":[],"_links":{"self":[{"href":"https:\/\/us.edu.pl\/student\/wp-json\/wp\/v2\/pages\/24478"}],"collection":[{"href":"https:\/\/us.edu.pl\/student\/wp-json\/wp\/v2\/pages"}],"about":[{"href":"https:\/\/us.edu.pl\/student\/wp-json\/wp\/v2\/types\/page"}],"author":[{"embeddable":true,"href":"https:\/\/us.edu.pl\/student\/wp-json\/wp\/v2\/users\/28"}],"replies":[{"embeddable":true,"href":"https:\/\/us.edu.pl\/student\/wp-json\/wp\/v2\/comments?post=24478"}],"version-history":[{"count":0,"href":"https:\/\/us.edu.pl\/student\/wp-json\/wp\/v2\/pages\/24478\/revisions"}],"up":[{"embeddable":true,"href":"https:\/\/us.edu.pl\/student\/wp-json\/wp\/v2\/pages\/24454"}],"wp:attachment":[{"href":"https:\/\/us.edu.pl\/student\/wp-json\/wp\/v2\/media?parent=24478"}],"curies":[{"name":"wp","href":"https:\/\/api.w.org\/{rel}","templated":true}]}}