{"id":24485,"date":"2020-09-29T15:40:09","date_gmt":"2020-09-29T13:40:09","guid":{"rendered":"https:\/\/us.edu.pl\/student\/?page_id=24485"},"modified":"2022-03-31T15:59:09","modified_gmt":"2022-03-31T13:59:09","slug":"uczelnia-dostepna","status":"publish","type":"page","link":"https:\/\/us.edu.pl\/student\/wda\/skarbiec-wiedzy\/uczelnia-dostepna\/","title":{"rendered":"Uczelnia dost\u0119pna"},"content":{"rendered":"<p>[vc_row][vc_column]\r\n                <div class=\"text-modules\">\r\n                    <div class=\"container\">\r\n                        <h3 class=\"page-title text__title\">Uczelnia dost\u0119pna<\/h3>\r\n                        <div class=\"text-modules__content\"><\/p>\n<p><iframe loading=\"lazy\" title=\"WDA: Uczelnia dost\u0119pna\" width=\"640\" height=\"360\" src=\"https:\/\/www.youtube.com\/embed\/vREYEnLOTCE?feature=oembed\" frameborder=\"0\" allow=\"accelerometer; autoplay; clipboard-write; encrypted-media; gyroscope; picture-in-picture\" allowfullscreen><\/iframe><\/p>\n<p>\n<\/div>\r\n                    <\/div>\r\n                <\/div>\r\n                <div class=\"text-modules \">\r\n                    <div class=\"container\">\r\n                         \r\n                        <div class=\"row m-0\">\r\n                            <div class=\"text-modules__content\">\r\n                                Mamy \u015bwiadomo\u015b\u0107 tego, \u017ce studenci nie s\u0105 grup\u0105 jednorodn\u0105 i maj\u0105 r\u00f3\u017cnorakie potrzeby. My\u015blimy o dostosowaniu procesu studiowania, uwzgl\u0119dniaj\u0105c r\u00f3\u017cne, w tym indywidualne okoliczno\u015bci kszta\u0142tuj\u0105ce potrzeby student\u00f3w w tym obszarze.<br \/>\nOd wielu lat w Uniwersytecie \u015al\u0105skim w Katowicach realizujemy projekty maj\u0105ce na celu lepsze dopasowanie uczelni do indywidualnych potrzeb. Jest to z jednej strony dostosowanie na poziomie architektonicznym, dzi\u0119ki czemu osoby z niepe\u0142nosprawno\u015bci\u0105 czy rodzice ma\u0142ych dzieci mog\u0105 swobodniej funkcjonowa\u0107 w budynkach uczelni; z drugiej strony dostosowanie na poziomie organizacji udzia\u0142u w zaj\u0119ciach \u2013 tutaj istnieje mo\u017cliwo\u015b\u0107 korzystania ze specjalistycznego sprz\u0119tu i wypo\u017cyczenia urz\u0105dze\u0144 wspieraj\u0105cych, takich jak laptopy, skanery, lupy, dyktafony i inne; a tak\u017ce pomoc asystenta osoby z niepe\u0142nosprawno\u015bci\u0105.<br \/>\nOsoby z niepe\u0142nosprawno\u015bci\u0105 studiuj\u0105ce na Uniwersytecie \u015al\u0105skim w Katowicach mog\u0105 korzysta\u0107 r\u00f3wnie\u017c z takich form wsparcia jak stypendium dla os\u00f3b niepe\u0142nosprawnych, dost\u0119p do zdigitalizowanych zbior\u00f3w bibliotecznych Centrum Informacji Naukowej i Biblioteki Akademickiej, bezp\u0142atne konsultacje psychologiczne czy Indywidualne Dostosowanie Studi\u00f3w. Wszystkie informacje o dostosowaniu, jak r\u00f3wnie\u017c wzory wniosk\u00f3w i\u00a0 dokument\u00f3w mo\u017cna znale\u017a\u0107 na stronie internetowej <a href=\"http:\/\/www.us.edu.pl\/student\/dostosowanie\">us.edu.pl\/student\/dostosowanie<\/a>, w przypadku dodatkowych pyta\u0144 studenci mog\u0105 kontaktowa\u0107 si\u0119 z Centrum Obs\u0142ugi Student\u00f3w, pisz\u0105c na adres mailowy <a href=\"mailto:dlastudenta@us.edu.pl\">dlastudenta@us.edu.pl<\/a>\u00a0 lub <a href=\"mailto:duo@us.edu.pl\">duo@us.edu.pl<\/a>. \r\n                                <div class=\"mt-3\"><\/div>\r\n                            <\/div>\r\n                            \r\n                            \r\n                        <\/div>\r\n                    <\/div>\r\n                <\/div>[\/vc_column][\/vc_row]<\/p>","protected":false},"excerpt":{"rendered":"<p>[vc_row][vc_column][\/vc_column][\/vc_row] [&#8230;]<\/p>\n<p><a class=\"btn btn-secondary understrap-read-more-link\" href=\"https:\/\/us.edu.pl\/student\/wda\/skarbiec-wiedzy\/uczelnia-dostepna\/\">Read More&#8230;<\/a><\/p>\n","protected":false},"author":28,"featured_media":0,"parent":24454,"menu_order":0,"comment_status":"closed","ping_status":"closed","template":"","meta":{"_expiration-date-status":"saved","_expiration-date":0,"_expiration-date-type":"","_expiration-date-categories":[],"_expiration-date-options":[]},"acf":[],"_links":{"self":[{"href":"https:\/\/us.edu.pl\/student\/wp-json\/wp\/v2\/pages\/24485"}],"collection":[{"href":"https:\/\/us.edu.pl\/student\/wp-json\/wp\/v2\/pages"}],"about":[{"href":"https:\/\/us.edu.pl\/student\/wp-json\/wp\/v2\/types\/page"}],"author":[{"embeddable":true,"href":"https:\/\/us.edu.pl\/student\/wp-json\/wp\/v2\/users\/28"}],"replies":[{"embeddable":true,"href":"https:\/\/us.edu.pl\/student\/wp-json\/wp\/v2\/comments?post=24485"}],"version-history":[{"count":0,"href":"https:\/\/us.edu.pl\/student\/wp-json\/wp\/v2\/pages\/24485\/revisions"}],"up":[{"embeddable":true,"href":"https:\/\/us.edu.pl\/student\/wp-json\/wp\/v2\/pages\/24454"}],"wp:attachment":[{"href":"https:\/\/us.edu.pl\/student\/wp-json\/wp\/v2\/media?parent=24485"}],"curies":[{"name":"wp","href":"https:\/\/api.w.org\/{rel}","templated":true}]}}