{"id":24505,"date":"2020-09-29T16:00:21","date_gmt":"2020-09-29T14:00:21","guid":{"rendered":"https:\/\/us.edu.pl\/student\/?page_id=24505"},"modified":"2022-04-04T13:12:14","modified_gmt":"2022-04-04T11:12:14","slug":"punkty-ects","status":"publish","type":"page","link":"https:\/\/us.edu.pl\/student\/wda\/slowniczek\/punkty-ects\/","title":{"rendered":"Punkty ECTS"},"content":{"rendered":"<p>[vc_row][vc_column]\r\n                <div class=\"text-modules \">\r\n                    <div class=\"container\">\r\n                        <h3 class=\"section-title section-title_border-bottom\">Punkty ECTS<\/h3> \r\n                        <div class=\"row m-0\">\r\n                            <div class=\"text-modules__content\">\r\n                                <b>Punkty ECTS<\/b><span style=\"font-weight: 400;\"> (European Credit Transfer System; Europejski System Transferu Punkt\u00f3w) \u2013 miara \u015bredniego nak\u0142adu pracy studenta niezb\u0119dnego do uzyskania efekt\u00f3w uczenia si\u0119. Jeden punkt ECTS odpowiada 25\u201330 godzinom pracy studenta obejmuj\u0105cym zaj\u0119cia organizowane przez uczelni\u0119 oraz indywidualn\u0105 prac\u0119 zwi\u0105zan\u0105 z tymi zaj\u0119ciami. Punkty s\u0105 warto\u015bci\u0105 liczbow\u0105 przyporz\u0105dkowan\u0105 poszczeg\u00f3lnym modu\u0142om, proporcjonaln\u0105 do wk\u0142adu pracy studenta w uzyskanie zaliczenia danego modu\u0142u.<\/span> \r\n                                <div class=\"mt-3\"><\/div>\r\n                            <\/div>\r\n                            \r\n                            \r\n                        <\/div>\r\n                    <\/div>\r\n                <\/div>[\/vc_column][\/vc_row]<\/p>","protected":false},"excerpt":{"rendered":"<p>[vc_row][vc_column][\/vc_column][\/vc_row] [&#8230;]<\/p>\n<p><a class=\"btn btn-secondary understrap-read-more-link\" href=\"https:\/\/us.edu.pl\/student\/wda\/slowniczek\/punkty-ects\/\">Read More&#8230;<\/a><\/p>\n","protected":false},"author":28,"featured_media":0,"parent":24492,"menu_order":0,"comment_status":"closed","ping_status":"closed","template":"","meta":{"_expiration-date-status":"saved","_expiration-date":0,"_expiration-date-type":"","_expiration-date-categories":[],"_expiration-date-options":[]},"acf":[],"_links":{"self":[{"href":"https:\/\/us.edu.pl\/student\/wp-json\/wp\/v2\/pages\/24505"}],"collection":[{"href":"https:\/\/us.edu.pl\/student\/wp-json\/wp\/v2\/pages"}],"about":[{"href":"https:\/\/us.edu.pl\/student\/wp-json\/wp\/v2\/types\/page"}],"author":[{"embeddable":true,"href":"https:\/\/us.edu.pl\/student\/wp-json\/wp\/v2\/users\/28"}],"replies":[{"embeddable":true,"href":"https:\/\/us.edu.pl\/student\/wp-json\/wp\/v2\/comments?post=24505"}],"version-history":[{"count":0,"href":"https:\/\/us.edu.pl\/student\/wp-json\/wp\/v2\/pages\/24505\/revisions"}],"up":[{"embeddable":true,"href":"https:\/\/us.edu.pl\/student\/wp-json\/wp\/v2\/pages\/24492"}],"wp:attachment":[{"href":"https:\/\/us.edu.pl\/student\/wp-json\/wp\/v2\/media?parent=24505"}],"curies":[{"name":"wp","href":"https:\/\/api.w.org\/{rel}","templated":true}]}}