{"id":24509,"date":"2020-09-29T16:06:38","date_gmt":"2020-09-29T14:06:38","guid":{"rendered":"https:\/\/us.edu.pl\/student\/?page_id=24509"},"modified":"2022-04-04T13:26:38","modified_gmt":"2022-04-04T11:26:38","slug":"ios","status":"publish","type":"page","link":"https:\/\/us.edu.pl\/student\/wda\/slowniczek\/ios\/","title":{"rendered":"IOS"},"content":{"rendered":"<p>[vc_row][vc_column]\r\n                <div class=\"text-modules \">\r\n                    <div class=\"container\">\r\n                        <h3 class=\"section-title section-title_border-bottom\">Indywidualna organizacja studi\u00f3w (IOS)<\/h3> \r\n                        <div class=\"row m-0\">\r\n                            <div class=\"text-modules__content\">\r\n                                <\/p>\n<ul>\n<li><span style=\"font-weight: 400;\">\u00a0<\/span><span style=\"font-weight: 400;\">jest skierowana do student\u00f3w, kt\u00f3rzy znale\u017ali si\u0119 w sytuacji uniemo\u017cliwiaj\u0105cej im kontynuowanie toku studi\u00f3w na zasadach og\u00f3lnych i potrzebuj\u0105 specjalnego trybu organizacji kszta\u0142cenia,<\/span><\/li>\n<li><span style=\"font-weight: 400;\">jest przyznawana na jeden semestr,<\/span><\/li>\n<li><span style=\"font-weight: 400;\">pozwala, po wcze\u015bniejszym uzgodnieniu z prowadz\u0105cym, na indywidualne ustalenie termin\u00f3w zaj\u0119\u0107, zalicze\u0144 i egzamin\u00f3w oraz na przesuwanie zalicze\u0144 b\u0105d\u017a wcze\u015bniejsze wyj\u015bcia z zaj\u0119\u0107,<\/span><\/li>\n<li><span style=\"font-weight: 400;\">mo\u017ce dotyczy\u0107 wszystkich przedmiot\u00f3w przewidzianych w planie studi\u00f3w w danym semestrze lub tylko niekt\u00f3rych \u2013 w\u00f3wczas w przypadku pozosta\u0142ych przedmiot\u00f3w student jest zobowi\u0105zany do uczestnictwa w zaj\u0119ciach na zasadach og\u00f3lnych. Student, kt\u00f3remu wyra\u017cono zgod\u0119 na IOS, nie musi uczestniczy\u0107 we wszystkich zaj\u0119ciach na zasadach og\u00f3lnych, musi jednak ustali\u0107 z prowadz\u0105cymi zaj\u0119cia dydaktyczne spos\u00f3b uczestnictwa i zaliczenia tych przedmiot\u00f3w.<\/span><\/li>\n<\/ul>\n<p><span style=\"font-weight: 400;\">\u00a0<\/span><\/p>\n<p><span style=\"font-weight: 400;\">Kto mo\u017ce ubiega\u0107 si\u0119 o IOS?<\/span><\/p>\n<ul>\n<li><span style=\"font-weight: 400;\">studentka w ci\u0105\u017cy,<\/span><\/li>\n<li><span style=\"font-weight: 400;\">student b\u0119d\u0105cy rodzicem \u2013 niezale\u017cnie od wieku dziecka,<\/span><\/li>\n<li><span style=\"font-weight: 400;\">w innych przypadkach \u2013 np. studiowanie na drugim kierunku lub specjalno\u015bci, udzia\u0142 w wymianie mi\u0119dzyuczelnianej.<\/span><\/li>\n<\/ul>\n<p><span style=\"font-weight: 400;\">\u00a0<\/span><\/p>\n<p><span style=\"font-weight: 400;\">Wi\u0119cej informacji znajdziesz na: <\/span><a href=\"http:\/\/www.us.edu.pl\/student\/studia\/tok-studiow-2\/ios-czyli-indywidualna-organizacja-studiow\"><b>us.edu.pl\/student\/studia\/tok-studiow-2\/ios-czyli-indywidualna-organizacja-studiow<\/b><\/a><span style=\"font-weight: 400;\">.<\/span> \r\n                                <div class=\"mt-3\"><\/div>\r\n                            <\/div>\r\n                            \r\n                            \r\n                        <\/div>\r\n                    <\/div>\r\n                <\/div>[\/vc_column][\/vc_row]<\/p>","protected":false},"excerpt":{"rendered":"<p>[vc_row][vc_column][\/vc_column][\/vc_row] [&#8230;]<\/p>\n<p><a class=\"btn btn-secondary understrap-read-more-link\" href=\"https:\/\/us.edu.pl\/student\/wda\/slowniczek\/ios\/\">Read More&#8230;<\/a><\/p>\n","protected":false},"author":28,"featured_media":0,"parent":24492,"menu_order":0,"comment_status":"closed","ping_status":"closed","template":"","meta":{"_expiration-date-status":"saved","_expiration-date":0,"_expiration-date-type":"","_expiration-date-categories":[],"_expiration-date-options":[]},"acf":[],"_links":{"self":[{"href":"https:\/\/us.edu.pl\/student\/wp-json\/wp\/v2\/pages\/24509"}],"collection":[{"href":"https:\/\/us.edu.pl\/student\/wp-json\/wp\/v2\/pages"}],"about":[{"href":"https:\/\/us.edu.pl\/student\/wp-json\/wp\/v2\/types\/page"}],"author":[{"embeddable":true,"href":"https:\/\/us.edu.pl\/student\/wp-json\/wp\/v2\/users\/28"}],"replies":[{"embeddable":true,"href":"https:\/\/us.edu.pl\/student\/wp-json\/wp\/v2\/comments?post=24509"}],"version-history":[{"count":0,"href":"https:\/\/us.edu.pl\/student\/wp-json\/wp\/v2\/pages\/24509\/revisions"}],"up":[{"embeddable":true,"href":"https:\/\/us.edu.pl\/student\/wp-json\/wp\/v2\/pages\/24492"}],"wp:attachment":[{"href":"https:\/\/us.edu.pl\/student\/wp-json\/wp\/v2\/media?parent=24509"}],"curies":[{"name":"wp","href":"https:\/\/api.w.org\/{rel}","templated":true}]}}