{"id":24512,"date":"2020-09-29T16:09:00","date_gmt":"2020-09-29T14:09:00","guid":{"rendered":"https:\/\/us.edu.pl\/student\/?page_id=24512"},"modified":"2022-04-04T13:38:13","modified_gmt":"2022-04-04T11:38:13","slug":"its","status":"publish","type":"page","link":"https:\/\/us.edu.pl\/student\/wda\/slowniczek\/its\/","title":{"rendered":"ITS"},"content":{"rendered":"<p>[vc_row][vc_column]\r\n                <div class=\"text-modules \">\r\n                    <div class=\"container\">\r\n                        <h3 class=\"section-title section-title_border-bottom\">Indywidualny Tok Studi\u00f3w (ITS)<\/h3> \r\n                        <div class=\"row m-0\">\r\n                            <div class=\"text-modules__content\">\r\n                                <\/p>\n<ul>\n<li><span style=\"font-weight: 400;\">jest przeznaczony dla student\u00f3w wybitnych, kt\u00f3rzy mog\u0105 si\u0119 pochwali\u0107 wysok\u0105 \u015bredni\u0105 ju\u017c na samym pocz\u0105tku swojej edukacji,<\/span><\/li>\n<li><span style=\"font-weight: 400;\">polega na doborze przedmiot\u00f3w (modu\u0142\u00f3w) w ramach realizacji uczenia si\u0119 w zakresie przewidzianym na danym kierunku oraz w zakresie dodatkowym, a tak\u017ce na udziale studenta w pracach naukowo-badawczych, rozwojowych i wdro\u017ceniowych z uwzgl\u0119dnieniem jego zainteresowa\u0144,<\/span><\/li>\n<li><span style=\"font-weight: 400;\">w przypadku odbywania studi\u00f3w wed\u0142ug ITS okres studi\u00f3w mo\u017ce zosta\u0107 skr\u00f3cony.<\/span><\/li>\n<\/ul>\n<p><span style=\"font-weight: 400;\">\u00a0<\/span><\/p>\n<p><span style=\"font-weight: 400;\">Kto mo\u017ce ubiega\u0107 si\u0119 o ITS?<\/span><\/p>\n<ul>\n<li><span style=\"font-weight: 400;\">student, kt\u00f3ry uko\u0144czy\u0142 pierwszy semestr studi\u00f3w i uzyska\u0142 \u015bredni\u0105 ocen powy\u017cej 4,0 (rada dydaktyczna w\u0142a\u015bciwa dla danego kierunku mo\u017ce podnie\u015b\u0107 wymagan\u0105 \u015bredni\u0105 ocen),<\/span><\/li>\n<li><span style=\"font-weight: 400;\">student, kt\u00f3ry zosta\u0142 zatrudniony na uczelni z racji zdobycia przez niego, indywidualnie lub w zespole, grantu na finansowanie dzia\u0142alno\u015bci naukowej,\u00a0<\/span><\/li>\n<li><span style=\"font-weight: 400;\">student, kt\u00f3ry uko\u0144czy\u0142 z ocen\u0105 celuj\u0105c\u0105 studia I stopnia i kontynuuje nauk\u0119 na studiach II stopnia oraz przedstawi\u0142 na pi\u015bmie szczeg\u00f3\u0142ow\u0105 koncepcj\u0119 realizacji ITS,\u00a0<\/span><\/li>\n<li><span style=\"font-weight: 400;\">student b\u0119d\u0105cy laureatem b\u0105d\u017a finalist\u0105 olimpiady stopnia centralnego albo laureatem konkursu mi\u0119dzynarodowego lub og\u00f3lnopolskiego \u2013 od momentu rozpocz\u0119cia studi\u00f3w.<\/span><\/li>\n<\/ul>\n<p><span style=\"font-weight: 400;\">\u00a0<\/span><\/p>\n<p><span style=\"font-weight: 400;\">Wi\u0119cej informacji znajdziesz na: <\/span><a href=\"http:\/\/us.edu.pl\/student\/studia\/tok-studiow-2\/indywidualny-tok-studiow\/\"><b>us.edu.pl\/student\/studia\/tok-studiow-2\/indywidualny-tok-studiow\/<\/b><\/a><span style=\"font-weight: 400;\">.<\/span> \r\n                                <div class=\"mt-3\"><\/div>\r\n                            <\/div>\r\n                            \r\n                            \r\n                        <\/div>\r\n                    <\/div>\r\n                <\/div>[\/vc_column][\/vc_row]<\/p>","protected":false},"excerpt":{"rendered":"<p>[vc_row][vc_column][\/vc_column][\/vc_row] [&#8230;]<\/p>\n<p><a class=\"btn btn-secondary understrap-read-more-link\" href=\"https:\/\/us.edu.pl\/student\/wda\/slowniczek\/its\/\">Read More&#8230;<\/a><\/p>\n","protected":false},"author":28,"featured_media":0,"parent":24492,"menu_order":0,"comment_status":"closed","ping_status":"closed","template":"","meta":{"_expiration-date-status":"saved","_expiration-date":0,"_expiration-date-type":"","_expiration-date-categories":[],"_expiration-date-options":[]},"acf":[],"_links":{"self":[{"href":"https:\/\/us.edu.pl\/student\/wp-json\/wp\/v2\/pages\/24512"}],"collection":[{"href":"https:\/\/us.edu.pl\/student\/wp-json\/wp\/v2\/pages"}],"about":[{"href":"https:\/\/us.edu.pl\/student\/wp-json\/wp\/v2\/types\/page"}],"author":[{"embeddable":true,"href":"https:\/\/us.edu.pl\/student\/wp-json\/wp\/v2\/users\/28"}],"replies":[{"embeddable":true,"href":"https:\/\/us.edu.pl\/student\/wp-json\/wp\/v2\/comments?post=24512"}],"version-history":[{"count":0,"href":"https:\/\/us.edu.pl\/student\/wp-json\/wp\/v2\/pages\/24512\/revisions"}],"up":[{"embeddable":true,"href":"https:\/\/us.edu.pl\/student\/wp-json\/wp\/v2\/pages\/24492"}],"wp:attachment":[{"href":"https:\/\/us.edu.pl\/student\/wp-json\/wp\/v2\/media?parent=24512"}],"curies":[{"name":"wp","href":"https:\/\/api.w.org\/{rel}","templated":true}]}}