{"id":24592,"date":"2020-10-01T10:44:03","date_gmt":"2020-10-01T08:44:03","guid":{"rendered":"https:\/\/us.edu.pl\/student\/?page_id=24592"},"modified":"2022-03-31T16:04:24","modified_gmt":"2022-03-31T14:04:24","slug":"rzecznik-praw-studenta-i-doktoranta","status":"publish","type":"page","link":"https:\/\/us.edu.pl\/student\/wda\/skarbiec-wiedzy\/rzecznik-praw-studenta-i-doktoranta\/","title":{"rendered":"Rzecznik praw studenta i doktoranta"},"content":{"rendered":"<p>[vc_row][vc_column]\r\n                <div class=\"text-modules \">\r\n                    <div class=\"container\">\r\n                        <h3 class=\"section-title section-title_border-bottom\">Rzecznik praw studenta i doktoranta<\/h3> \r\n                        <div class=\"row m-0\">\r\n                            <div class=\"text-modules__content\">\r\n                                <span style=\"font-weight: 400;\">Rektor powo\u0142uje rzecznika po zasi\u0119gni\u0119ciu opinii samorz\u0105du studenckiego i samorz\u0105du doktorant\u00f3w.<\/span><\/p>\n<p><span style=\"font-weight: 400;\">Do zada\u0144 rzecznika nale\u017cy w szczeg\u00f3lno\u015bci:<\/span><\/p>\n<ul>\n<li style=\"font-weight: 400;\"><span style=\"font-weight: 400;\">ochrona praw student\u00f3w, doktorant\u00f3w i uczestnik\u00f3w studi\u00f3w podyplomowych Uniwersytetu \u015al\u0105skiego,<\/span><\/li>\n<li style=\"font-weight: 400;\"><span style=\"font-weight: 400;\">podejmowanie mediacji w sytuacjach konfliktowych i kryzysowych,<\/span><\/li>\n<li style=\"font-weight: 400;\"><span style=\"font-weight: 400;\">doradztwo w zakresie przepis\u00f3w reguluj\u0105cych przebieg kszta\u0142cenia, w tym w zakresie stypendi\u00f3w,<\/span><\/li>\n<li style=\"font-weight: 400;\"><span style=\"font-weight: 400;\">przekazywanie w\u0142adzom uczelni sprawozda\u0144 nt. sytuacji problematycznych dotycz\u0105cych student\u00f3w, doktorant\u00f3w i uczestnik\u00f3w studi\u00f3w podyplomowych.<\/span><\/li>\n<\/ul>\n<p><span style=\"font-weight: 400;\">\u00a0<\/span><\/p>\n<p><span style=\"font-weight: 400;\">Wykonuj\u0105c swoje obowi\u0105zki, rzecznik ma prawo w szczeg\u00f3lno\u015bci:<\/span><\/p>\n<ul>\n<li style=\"font-weight: 400;\"><span style=\"font-weight: 400;\">zwraca\u0107 si\u0119 do rektora i os\u00f3b pe\u0142ni\u0105cych funkcje w uczelni,<\/span><\/li>\n<li style=\"font-weight: 400;\"><span style=\"font-weight: 400;\">uczestniczy\u0107 z g\u0142osem doradczym w posiedzeniach uczelnianej komisji ds. kszta\u0142cenia i student\u00f3w, wydzia\u0142owych komisji ds. kszta\u0142cenia i student\u00f3w oraz rad kierunk\u00f3w,<\/span><\/li>\n<li style=\"font-weight: 400;\"><span style=\"font-weight: 400;\">za zgod\u0105 studenta, doktoranta lub uczestnika studi\u00f3w podyplomowych otrzyma\u0107 dost\u0119p do dokumentacji zwi\u0105zanej z przebiegiem kszta\u0142cenia tej osoby, w tym w zakresie stypendi\u00f3w,<\/span><\/li>\n<li style=\"font-weight: 400;\"><span style=\"font-weight: 400;\">za zgod\u0105 studenta, doktoranta lub uczestnika studi\u00f3w podyplomowych uczestniczy\u0107 w post\u0119powaniu dyscyplinarnym dotycz\u0105cym tej osoby, w szczeg\u00f3lno\u015bci w posiedzeniach komisji dyscyplinarnych i przes\u0142uchaniach.<\/span><\/li>\n<\/ul>\n<p><span style=\"font-weight: 400;\">Szczeg\u00f3\u0142owy zakres zada\u0144 i uprawnie\u0144 rzecznika okre\u015bla rektor.<\/span> \r\n                                <div class=\"mt-3\"><a href=\"https:\/\/us.edu.pl\/ksztalcenie\/rpsid\/\" class=\"link-button mr-3 \">Wi\u0119cej informacji<\/a><\/div>\r\n                            <\/div>\r\n                            \r\n                            <div class=\"text-modules__img\"><img src=\"https:\/\/us.edu.pl\/student\/wp-content\/uploads\/sites\/3\/Nieprzypisane\/Dr.-hab.-Agnieszka-Bielska-Brodziak-300x300.jpg\" alt=\"img\"><\/div>\r\n                        <\/div>\r\n                    <\/div>\r\n                <\/div>[\/vc_column][\/vc_row]<\/p>","protected":false},"excerpt":{"rendered":"<p>[vc_row][vc_column][\/vc_column][\/vc_row] [&#8230;]<\/p>\n<p><a class=\"btn btn-secondary understrap-read-more-link\" href=\"https:\/\/us.edu.pl\/student\/wda\/skarbiec-wiedzy\/rzecznik-praw-studenta-i-doktoranta\/\">Read More&#8230;<\/a><\/p>\n","protected":false},"author":28,"featured_media":0,"parent":24454,"menu_order":0,"comment_status":"closed","ping_status":"closed","template":"","meta":{"_expiration-date-status":"saved","_expiration-date":0,"_expiration-date-type":"","_expiration-date-categories":[],"_expiration-date-options":[]},"acf":[],"_links":{"self":[{"href":"https:\/\/us.edu.pl\/student\/wp-json\/wp\/v2\/pages\/24592"}],"collection":[{"href":"https:\/\/us.edu.pl\/student\/wp-json\/wp\/v2\/pages"}],"about":[{"href":"https:\/\/us.edu.pl\/student\/wp-json\/wp\/v2\/types\/page"}],"author":[{"embeddable":true,"href":"https:\/\/us.edu.pl\/student\/wp-json\/wp\/v2\/users\/28"}],"replies":[{"embeddable":true,"href":"https:\/\/us.edu.pl\/student\/wp-json\/wp\/v2\/comments?post=24592"}],"version-history":[{"count":0,"href":"https:\/\/us.edu.pl\/student\/wp-json\/wp\/v2\/pages\/24592\/revisions"}],"up":[{"embeddable":true,"href":"https:\/\/us.edu.pl\/student\/wp-json\/wp\/v2\/pages\/24454"}],"wp:attachment":[{"href":"https:\/\/us.edu.pl\/student\/wp-json\/wp\/v2\/media?parent=24592"}],"curies":[{"name":"wp","href":"https:\/\/api.w.org\/{rel}","templated":true}]}}