{"id":24651,"date":"2020-10-01T14:30:32","date_gmt":"2020-10-01T12:30:32","guid":{"rendered":"https:\/\/us.edu.pl\/student\/?page_id=24651"},"modified":"2022-03-31T14:43:30","modified_gmt":"2022-03-31T12:43:30","slug":"covid-19-zachowanie-zasad-bezpieczenstwa-na-uczelni","status":"publish","type":"page","link":"https:\/\/us.edu.pl\/student\/wda-szkolenia\/covid-19-zachowanie-zasad-bezpieczenstwa-na-uczelni\/","title":{"rendered":"COVID-19 \u2013 zachowanie zasad bezpiecze\u0144stwa na uczelni"},"content":{"rendered":"<p>[vc_row][vc_column]\r\n                <div class=\"text-modules\">\r\n                    <div class=\"container\">\r\n                        <h3 class=\"page-title text__title\">Szkolenie pt. ``COVID-19 Zachowanie zasad bezpiecze\u0144stwa na uczelni``<\/h3>\r\n                        <div class=\"text-modules__content\"><\/p>\n<p><iframe loading=\"lazy\" title=\"WDA: Covid 19 \u2013 zachowanie zasad bezpiecze\u0144stwa na uczelni\" width=\"640\" height=\"360\" src=\"https:\/\/www.youtube.com\/embed\/xk6Bq7XTBew?feature=oembed\" frameborder=\"0\" allow=\"accelerometer; autoplay; clipboard-write; encrypted-media; gyroscope; picture-in-picture\" allowfullscreen><\/iframe><\/p>\n<p>\n<\/div>\r\n                    <\/div>\r\n                <\/div>\r\n                <div class=\"text-modules \">\r\n                    <div class=\"container\">\r\n                         \r\n                        <div class=\"row m-0\">\r\n                            <div class=\"text-modules__content\">\r\n                                <b>STATUS ZABEZPIECZE\u0143\u00a0<\/b><\/p>\n<p><span style=\"font-weight: 400;\">Poziomy bezpiecze\u0144stwa na uczelni<\/span><\/p>\n<p><b>\u2192<\/b><b> Poziom 0<\/b><span style=\"font-weight: 400;\">\u00a0<\/span><\/p>\n<p><span style=\"font-weight: 400;\">Nie obowi\u0105zuj\u0105 Ci\u0119 ograniczenia. Przestrzegaj podstawowych zasad bezpiecze\u0144stwa i higieny. Uczelnia funkcjonuje w trybie tradycyjnym.<\/span><\/p>\n<p><span style=\"font-weight: 400;\">Wi\u0119cej informacji <\/span><a href=\"https:\/\/us.edu.pl\/uczelnia\/status-zabezpieczen-covid-19\/poziom-0\/\"><b>o 0 poziomie zabezpiecze\u0144<\/b><\/a><span style=\"font-weight: 400;\">.<\/span><\/p>\n<p><span style=\"font-weight: 400;\">\u2192<\/span> <b>Poziom 1<\/b><span style=\"font-weight: 400;\">\u00a0<\/span><\/p>\n<p><span style=\"font-weight: 400;\">Wprowadzamy zaostrzenia sanitarne zgodnie z obowi\u0105zuj\u0105cym rozporz\u0105dzeniem GIS \u2013 zaj\u0119cia odbywaj\u0105 si\u0119 w formie hybrydowej, zar\u00f3wno stacjonarnie, jak i online. Przestrzegaj zasad bezpiecze\u0144stwa i higieny \u2013 no\u015b maseczk\u0119, cz\u0119sto dezynfekuj r\u0119ce, unikaj du\u017cych skupisk ludzi. Konsultacje z prowadz\u0105cymi przybieraj\u0105 form\u0119 zdaln\u0105, natomiast egzaminy mo\u017cna nadal przeprowadza\u0107 w formie stacjonarnej z zachowaniem regu\u0142 sanitarnych. \u015aled\u017a informacje i przestrzegaj zasad uczestniczenia w zaj\u0119ciach oraz przebywania na uczelni zgodnie z informacjami, kt\u00f3re znajdziesz na stronie <\/span><a href=\"http:\/\/zdalnyus.edu.pl\"><span style=\"font-weight: 400;\">zdalnyus.edu.pl<\/span><\/a><span style=\"font-weight: 400;\"> lub uzyskasz w dziekanacie swojego kierunku \u2013 dane kontaktowe do odpowiedniego dziekanatu znajdziesz w tym<\/span> <a href=\"https:\/\/us.edu.pl\/student\/nowy-student\/nowy-student-pierwsze-kroki\/dziekanaty\/\"><b>linku<\/b><\/a><span style=\"font-weight: 400;\">.\u00a0<\/span><\/p>\n<p><span style=\"font-weight: 400;\">Wi\u0119cej informacji<\/span><a href=\"https:\/\/us.edu.pl\/uczelnia\/status-zabezpieczen-covid-19\/poziom-1\/\"><b> o 1 poziomie zabezpiecze\u0144<\/b><\/a><span style=\"font-weight: 400;\">.<\/span><\/p>\n<p><span style=\"font-weight: 400;\">\u2192<\/span> <b>Poziom 2<\/b><span style=\"font-weight: 400;\">\u00a0<\/span><\/p>\n<p><span style=\"font-weight: 400;\">Wprowadzamy zaostrzenia sanitarne zgodnie z obowi\u0105zuj\u0105cym rozporz\u0105dzeniem GIS. Zaj\u0119cia od tego momentu odbywaj\u0105 si\u0119 w formie zdalnej \u2013 wyj\u0105tek stanowi\u0105 zaj\u0119cia, kt\u00f3re ze wzgl\u0119du na swoj\u0105 specyfik\u0119 musz\u0105 odbywa\u0107 si\u0119 stacjonarnie (w przypadku tego typu zaj\u0119\u0107, np. laboratori\u00f3w, obowi\u0105zuje osobny harmonogram). Konsultacje oraz egzaminy przyjmuj\u0105 form\u0119 zdaln\u0105. \u015aled\u017a informacje i przestrzegaj zasad uczestniczenia w zaj\u0119ciach oraz przebywania na uczelni zgodnie z informacjami, kt\u00f3re znajdziesz na stronie <\/span><a href=\"http:\/\/zdalnyus.edu.pl\"><span style=\"font-weight: 400;\">zdalnyus.edu.pl<\/span><\/a><span style=\"font-weight: 400;\"> lub uzyskasz w dziekanacie swojego kierunku \u2013 dane kontaktowe do odpowiedniego dziekanatu znajdziesz w tym<\/span> <a href=\"https:\/\/us.edu.pl\/student\/nowy-student\/nowy-student-pierwsze-kroki\/dziekanaty\/\"><b>linku<\/b><\/a><span style=\"font-weight: 400;\">.\u00a0\u00a0\u00a0<\/span><\/p>\n<p><span style=\"font-weight: 400;\">Wi\u0119cej informacji <\/span><a href=\"https:\/\/us.edu.pl\/uczelnia\/status-zabezpieczen-covid-19\/poziom-2\/\"><b>o 2 poziomie zabezpiecze\u0144<\/b><\/a><span style=\"font-weight: 400;\">.<\/span><\/p>\n<p><span style=\"font-weight: 400;\">\u2192<\/span> <b>Poziom 3<\/b><\/p>\n<p><span style=\"font-weight: 400;\">Uczelnia w pe\u0142ni przechodzi w tryb zdalny. Wszystkie zaj\u0119cia, egzaminy oraz konsultacje przybieraj\u0105 form\u0119 online. \u015aled\u017a informacje i przestrzegaj zasad uczestniczenia w zaj\u0119ciach zgodnie z informacjami, kt\u00f3re znajdziesz na stronie <\/span><a href=\"http:\/\/zdalnyus.edu.pl\"><span style=\"font-weight: 400;\">zdalnyus.edu.pl<\/span><\/a><span style=\"font-weight: 400;\"> lub uzyskasz w dziekanacie swojego kierunku \u2013 dane kontaktowe do odpowiedniego dziekanatu znajdziesz w tym<\/span> <a href=\"https:\/\/us.edu.pl\/student\/nowy-student\/nowy-student-pierwsze-kroki\/dziekanaty\/\"><b>linku<\/b><\/a><span style=\"font-weight: 400;\">.\u00a0\u00a0\u00a0<\/span><\/p>\n<p><span style=\"font-weight: 400;\">Wi\u0119cej informacji<\/span> <a href=\"https:\/\/us.edu.pl\/uczelnia\/status-zabezpieczen-covid-19\/poziom-3\/\"><b>o 3 poziomie zabezpiecze\u0144<\/b><\/a><span style=\"font-weight: 400;\">.<\/span><b>\u00a0<\/b><\/p>\n<p><b>ZACHOWANIE NA WYDZIA\u0141ACH<\/b><span style=\"font-weight: 400;\"> \u2013 jakich zasad trzeba przestrzega\u0107 na wydziale<\/span><\/p>\n<ol>\n<li style=\"font-weight: 400;\"><span style=\"font-weight: 400;\">Przestrzegaj zasad higieny, no\u015b mask\u0119, po wej\u015bciu na uczelni\u0119 oraz cz\u0119sto w ci\u0105gu dnia dezynfekuj d\u0142onie.<\/span><\/li>\n<li style=\"font-weight: 400;\"><span style=\"font-weight: 400;\">Zachowaj odst\u0119p, a przy braku mo\u017cliwo\u015bci zachowania odleg\u0142o\u015bci \u2013 zakrywaj usta i nos.<\/span><\/li>\n<li style=\"font-weight: 400;\"><span style=\"font-weight: 400;\">Nie podawaj r\u0119ki na powitanie.<\/span><\/li>\n<li style=\"font-weight: 400;\"><span style=\"font-weight: 400;\">U\u017cywaj tylko przybor\u00f3w\/przedmiot\u00f3w niezb\u0119dnych do sprawnej i skutecznej realizacji zaj\u0119\u0107.<\/span><\/li>\n<li style=\"font-weight: 400;\"><span style=\"font-weight: 400;\">Przestrzegaj zasad zwi\u0105zanych z liczb\u0105 os\u00f3b w sali lub na auli wyk\u0142adowej \u2013 informacje na ten temat znajdziesz na drzwiach sal, w kt\u00f3rych b\u0119d\u0105 odbywa\u0107 si\u0119 zaj\u0119cia.\u00a0<\/span><\/li>\n<li style=\"font-weight: 400;\"><span style=\"font-weight: 400;\">Przestrzegaj regulaminu funkcjonowania Uniwersytetu w czasie epidemii.<\/span><\/li>\n<li style=\"font-weight: 400;\"><span style=\"font-weight: 400;\">Przestrzegaj zasad bezpiecze\u0144stwa przed zaj\u0119ciami i po nich.<\/span><\/li>\n<li style=\"font-weight: 400;\"><span style=\"font-weight: 400;\">Je\u015bli zauwa\u017casz u siebie pierwsze objawy chorobowe \u2013 zosta\u0144 w domu. Nie nara\u017caj siebie i innych.<\/span><\/li>\n<li style=\"font-weight: 400;\"><span style=\"font-weight: 400;\">Pami\u0119taj \u2013 je\u017celi potrzebujesz w pe\u0142ni przej\u015b\u0107 na nauczanie zdalne, mo\u017cesz zg\u0142osi\u0107 t\u0119 potrzeb\u0119 w ci\u0105gu trwania semestru bezpo\u015brednio do swojego dziekanatu.\u00a0<\/span><\/li>\n<\/ol>\n<p><span style=\"font-weight: 400;\">\u00a0<\/span><\/p>\n<p><b>Kontakt z pracownikami\u00a0<\/b><\/p>\n<p><span style=\"font-weight: 400;\">Wi\u0119kszo\u015b\u0107 spraw zwi\u0105zanych z tokiem studi\u00f3w za\u0142atwisz, korzystaj\u0105c z kontaktu mailowego lub telefonicznego \u2013 jednak je\u017celi Twoja obecno\u015b\u0107 stacjonarnie jest niezb\u0119dna, zostaniesz o tym poinformowany przez pracownika lub wyk\u0142adowc\u0119. Pami\u0119taj, \u017ce z prowadz\u0105cymi zawsze mo\u017cesz nawi\u0105za\u0107 kontakt za po\u015brednictwem komunikatora Teams. Je\u017celi chcesz spotka\u0107 si\u0119 z prowadz\u0105cym lub pracownikiem na terenie uczelni, przestrzegaj zasad dystansu spo\u0142ecznego \u2013 miej na sobie maseczk\u0119 zakrywaj\u0105c\u0105 nos i usta, zdezynfekuj r\u0119ce przed wej\u015bciem i po wyj\u015bciu z gabinetu. Pami\u0119taj r\u00f3wnie\u017c, aby przed pojawieniem si\u0119 na uczelni sprawdzi\u0107 harmonogram pracy danego pracownika lub potwierdzi\u0107 spotkanie z prowadz\u0105cym mailowo. Zadbaj o sw\u00f3j komfort oraz bezpiecze\u0144stwo, a tak\u017ce o bezpiecze\u0144stwo os\u00f3b, z kt\u00f3rymi jeste\u015b w kontakcie. <\/span><span style=\"font-weight: 400;\"><br \/>\n<\/span><span style=\"font-weight: 400;\">\u00a0<\/span><\/p>\n<p><b>Gdzie szuka\u0107 pomocy w zwi\u0105zku z epidemi\u0105<\/b><span style=\"font-weight: 400;\"> \u2013 wejd\u017a na stron\u0119 <\/span><a href=\"http:\/\/zdalnyus.edu.pl\"><span style=\"font-weight: 400;\">zdalnyus.edu.pl<\/span><\/a><span style=\"font-weight: 400;\">.<\/span><\/p>\n<p>&nbsp;<\/p>\n<p><b>Jakie kroki podj\u0105\u0107, je\u015bli mia\u0142o si\u0119 kontakt z osob\u0105 zaka\u017con\u0105 lub kiedy jest si\u0119 chorym?<\/b><\/p>\n<p><span style=\"font-weight: 400;\">Mo\u017cesz skorzysta\u0107 z teleporady u swojego lekarza rodzinnego. Je\u017celi Twoje objawy b\u0119d\u0105 utrzymywa\u0107 si\u0119 do 3\u20135 dni od porady telefonicznej \u2013 um\u00f3w si\u0119 na wizyt\u0119 w gabinecie, gdzie lekarz zbada Tw\u00f3j stan zdrowia i je\u017celi uzna, \u017ce jest taka potrzeba, skieruje Ci\u0119 na badania w kierunku COVID-19.\u00a0<\/span><\/p>\n<p><span style=\"font-weight: 400;\">Jak najszybciej skontaktuj si\u0119 telefonicznie z najbli\u017csz\u0105 stacj\u0105 sanitarno-epidemiologiczn\u0105 (spis wszystkich plac\u00f3wek tego typu w Polsce jest dost\u0119pny pod adresem <\/span><a href=\"https:\/\/www.gov.pl\/web\/gis\"><span style=\"font-weight: 400;\">gov.pl\/web\/gis<\/span><\/a><span style=\"font-weight: 400;\">). Do czasu otrzymania pomocy odizoluj si\u0119 od innych ludzi.<\/span><\/p>\n<p><span style=\"font-weight: 400;\">Ka\u017cda stacja ma telefon dy\u017curny (alarmowy) czynny 24 godziny na dob\u0119. Numer telefonu jest dost\u0119pny na stronach powiatowych stacji sanitarno-epidemiologicznych. W niekt\u00f3rych przypadkach mo\u017ce to by\u0107 numer telefonu dyrektora stacji. Nie zawsze na stronie znajduje si\u0119 informacja, \u017ce jest to numer ca\u0142odobowy.<\/span><\/p>\n<p><span style=\"font-weight: 400;\">Objawy, takie jak gor\u0105czka pow. 38\u00b0C z kaszlem czy duszno\u015bci, wymagaj\u0105 konsultacji w szpitalu zaka\u017anym. Przemieszczaj\u0105c si\u0119 do szpitala, unikaj komunikacji publicznej. Na terenie wojew\u00f3dztwa \u015bl\u0105skiego funkcjonuje siedem szpitali zaka\u017anych:<\/span><\/p>\n<ul>\n<li style=\"font-weight: 400;\"><span style=\"font-weight: 400;\">Bytom<\/span><span style=\"font-weight: 400;\">, Szpital Specjalistyczny nr 1, al. Legion\u00f3w 49<\/span><\/li>\n<li style=\"font-weight: 400;\"><span style=\"font-weight: 400;\">Chorz\u00f3w<\/span><span style=\"font-weight: 400;\">, Szpital Specjalistyczny, ul. Zjednoczenia 10<\/span><\/li>\n<li style=\"font-weight: 400;\"><span style=\"font-weight: 400;\">Cieszyn<\/span><span style=\"font-weight: 400;\">, Zesp\u00f3\u0142 Zak\u0142ad\u00f3w Opieki Zdrowotnej, ul. Bielska 4<\/span><\/li>\n<li style=\"font-weight: 400;\"><span style=\"font-weight: 400;\">Cz\u0119stochowa<\/span><span style=\"font-weight: 400;\">, Wojew\u00f3dzki Szpital Specjalistyczny im. NMP, ul. Polskiego Czerwonego Krzy\u017ca 7<\/span><\/li>\n<li style=\"font-weight: 400;\"><span style=\"font-weight: 400;\">Racib\u00f3rz<\/span><span style=\"font-weight: 400;\">, Szpital Rejonowy im. dr. J\u00f3zefa Rostka, ul. Gamowska 3<\/span><\/li>\n<li style=\"font-weight: 400;\"><span style=\"font-weight: 400;\">Tychy<\/span><span style=\"font-weight: 400;\">, Megrez Sp. z o.o., ul. Edukacji 102<\/span><\/li>\n<li style=\"font-weight: 400;\"><span style=\"font-weight: 400;\">Zawiercie<\/span><span style=\"font-weight: 400;\">, Szpital Powiatowy, ul. Miodowa 14<\/span><\/li>\n<\/ul>\n<p><b>Wsparcie psychologiczne<\/b><span style=\"font-weight: 400;\">\u00a0<\/span><\/p>\n<p><span style=\"font-weight: 400;\">Gdzie si\u0119 zg\u0142osi\u0107, je\u015bli nie radz\u0119 sobie z obecn\u0105 sytuacja?<\/span><\/p>\n<p><span style=\"font-weight: 400;\">W zaistnia\u0142ych okoliczno\u015bciach wi\u0119kszo\u015b\u0107 z nas czuje niepok\u00f3j. L\u0119k czy obawy s\u0105 zupe\u0142nie naturalne \u2013 jeste\u015bmy w nowej sytuacji, nie wiemy, jak d\u0142ugo ona potrwa i jakie mo\u017ce mie\u0107 konsekwencje, martwimy si\u0119 o siebie i osoby nam bliskie.\u00a0<\/span><\/p>\n<p><span style=\"font-weight: 400;\">W jakim\u015b sensie niepok\u00f3j ma nas zmobilizowa\u0107 do chronienia siebie i tych, kt\u00f3rzy s\u0105 dla nas wa\u017cni, a wi\u0119c stosowania si\u0119 do zalece\u0144 i dbania o siebie. Niemniej zbyt du\u017ce nasilenie stresu mo\u017ce sprawi\u0107, \u017ce przestanie on dzia\u0142a\u0107 mobilizuj\u0105co i uniemo\u017cliwi nam funkcjonowanie. Co zrobi\u0107, aby zadba\u0107 o siebie r\u00f3wnie\u017c w sferze psychologicznej? Jakie zachowania mog\u0105 nadmiernie nasila\u0107 nasz niepok\u00f3j?\u00a0<\/span><\/p>\n<p><span style=\"font-weight: 400;\">Poni\u017cej znajdziesz kilka informacji o tym, jak wspomaga\u0107 swoje funkcjonowanie psychologiczne w czasie pandemii:\u00a0<\/span><\/p>\n<ol>\n<li style=\"font-weight: 400;\"><b>Postaraj si\u0119 odnajdywa\u0107 dobre strony w zaistnia\u0142ej sytuacji<\/b><span style=\"font-weight: 400;\"> \u2013 pomy\u015bl, jak mo\u017cesz wykorzysta\u0107 czas sp\u0119dzany w domu. Mo\u017ce s\u0105 jakie\u015b zaj\u0119cia ci\u0105gle odk\u0142adane na p\u00f3\u017aniej, kt\u00f3rymi mo\u017cesz si\u0119 zaj\u0105\u0107? Mo\u017ce od dawna chcesz uporz\u0105dkowa\u0107 swoje notatki, zdj\u0119cia, zrobi\u0107 porz\u0105dek na komputerze? Mo\u017ce my\u015bla\u0142e\u015b o za\u0142o\u017ceniu bloga, chcia\u0142e\u015b nauczy\u0107 si\u0119 obs\u0142ugiwa\u0107 nowy program albo pouczy\u0107 online j\u0119zyka obcego? Wszystko, co da Ci poczucie wykonania \u201edobrej roboty\u201d i domkni\u0119cia, jest warte zaanga\u017cowania.\u00a0<\/span><\/li>\n<li style=\"font-weight: 400;\"><b>B\u0105d\u017a blisko z innymi <\/b><span style=\"font-weight: 400;\">\u2013 wspieraj i dawaj wsparcie. Mimo ograniczenia bezpo\u015brednich kontakt\u00f3w z innymi warto utrzymywa\u0107 wi\u0119zi. Izolacja sprzyja zwi\u0119kszaniu si\u0119 niepokoju, wiadomo, \u017ce nie mo\u017cemy organizowa\u0107 spotka\u0107, mo\u017cemy jednak dzwoni\u0107, pisa\u0107, przesy\u0142a\u0107 sobie zdj\u0119cia. Nasz wp\u0142yw na rozw\u00f3j pandemii ogranicza si\u0119 do stosowania si\u0119 do zalece\u0144, ale mo\u017cemy te\u017c pomaga\u0107 na ma\u0142\u0105 skal\u0119 tym, kt\u00f3rzy s\u0105 blisko nas. Dawanie wsparcia zwi\u0119ksza nasze poczucie sprawczo\u015bci, a wi\u0119c robi\u0105c co\u015b dla innych, przy okazji pomagamy te\u017c sobie.\u00a0<\/span><\/li>\n<li style=\"font-weight: 400;\"><b>Ograniczaj czytanie wiadomo\u015bci o rozwoju bie\u017c\u0105cej sytuacji<\/b><span style=\"font-weight: 400;\"> \u2013 ci\u0105g\u0142e \u015bledzenie news\u00f3w, bez zaanga\u017cowania w rzeczy, na kt\u00f3re masz realny wp\u0142yw, mo\u017ce bardzo \u017ale wp\u0142yn\u0105\u0107 na tw\u00f3j psychiczny dobrostan. Je\u015bli masz z tym k\u0142opot, wyznacz sobie dwa momenty <\/span><span style=\"font-weight: 400;\"><br \/>\n<\/span><span style=\"font-weight: 400;\">w ci\u0105gu dnia na czytanie informacji. Pozosta\u0142\u0105 energi\u0119 przekieruj gdzie indziej.\u00a0<\/span><\/li>\n<li style=\"font-weight: 400;\"><b>Zaakceptuj dyskomfort<\/b><span style=\"font-weight: 400;\"> \u2013 zr\u00f3b miejsce dla swoich obaw, napi\u0119cia, my\u015bli i uczu\u0107 \u2013 nie dlatego, \u017ce je chcesz czy lubisz, lecz po to, by\u015b m\u00f3g\u0142 robi\u0107 to, co istotne. Du\u017ca zmiana, a tak\u0105 w naszej codzienno\u015bci jest COVID-19, wyzwala w nas niewygodne uczucia, najcz\u0119\u015bciej niepok\u00f3j. Je\u015bli nie zaakceptujemy takiego dyskomfortu, to nie p\u00f3jdziemy naprz\u00f3d. Skupimy si\u0119 na problemie, a przez to rozwi\u0105zania, kt\u00f3re mog\u0142yby nam pom\u00f3c, zwyczajnie umkn\u0105 naszej uwadze. Zr\u00f3b miejsce dyskomfortowi \u2013 wtedy szybciej napi\u0119cie straci na sile <\/span><span style=\"font-weight: 400;\">\u263a<\/span><span style=\"font-weight: 400;\">\u00a0<\/span><\/li>\n<\/ol>\n<p><span style=\"font-weight: 400;\">O tym, jak mo\u017cemy pokona\u0107 l\u0119k, mo\u017cecie poczyta\u0107 tak\u017ce na naszym portalu <\/span><a href=\"http:\/\/wiecjestem.us.edu.pl\/\"><span style=\"font-weight: 400;\">wiecjestem.us.edu.pl<\/span><\/a><span style=\"font-weight: 400;\">.<\/span><\/p>\n<p><span style=\"font-weight: 400;\">Od ponad dziesi\u0119ciu lat studenci Uniwersytetu \u015al\u0105skiego w Katowicach mog\u0105 korzysta\u0107 z bezp\u0142atnych konsultacji psychologicznych. Zach\u0119camy Was do tego, by w sytuacji nasilenia stresu, chwilowego kryzysu czy te\u017c innych trudno\u015bci korzysta\u0107 z pomocy profesjonalist\u00f3w. Konsultacje s\u0105 ca\u0142kowicie bezp\u0142atne \u2013 gdy poczujesz potrzeb\u0119 spotkania z psychologiem, napisz na adres mailowy <\/span><span style=\"font-weight: 400;\">psycholog@us.edu.pl<\/span><span style=\"font-weight: 400;\"> lub dla student\u00f3w z Cieszyna <\/span><span style=\"font-weight: 400;\">psycholog.cieszyn@us.edu.pl<\/span><span style=\"font-weight: 400;\">.<\/span> \r\n                                <div class=\"mt-3\"><\/div>\r\n                            <\/div>\r\n                            \r\n                            \r\n                        <\/div>\r\n                    <\/div>\r\n                <\/div>[\/vc_column][\/vc_row]<\/p>","protected":false},"excerpt":{"rendered":"<p>[vc_row][vc_column][\/vc_column][\/vc_row] [&#8230;]<\/p>\n<p><a class=\"btn btn-secondary understrap-read-more-link\" href=\"https:\/\/us.edu.pl\/student\/wda-szkolenia\/covid-19-zachowanie-zasad-bezpieczenstwa-na-uczelni\/\">Read More&#8230;<\/a><\/p>\n","protected":false},"author":28,"featured_media":0,"parent":24189,"menu_order":0,"comment_status":"closed","ping_status":"closed","template":"","meta":{"_expiration-date-status":"saved","_expiration-date":0,"_expiration-date-type":"","_expiration-date-categories":[],"_expiration-date-options":[]},"acf":[],"_links":{"self":[{"href":"https:\/\/us.edu.pl\/student\/wp-json\/wp\/v2\/pages\/24651"}],"collection":[{"href":"https:\/\/us.edu.pl\/student\/wp-json\/wp\/v2\/pages"}],"about":[{"href":"https:\/\/us.edu.pl\/student\/wp-json\/wp\/v2\/types\/page"}],"author":[{"embeddable":true,"href":"https:\/\/us.edu.pl\/student\/wp-json\/wp\/v2\/users\/28"}],"replies":[{"embeddable":true,"href":"https:\/\/us.edu.pl\/student\/wp-json\/wp\/v2\/comments?post=24651"}],"version-history":[{"count":0,"href":"https:\/\/us.edu.pl\/student\/wp-json\/wp\/v2\/pages\/24651\/revisions"}],"up":[{"embeddable":true,"href":"https:\/\/us.edu.pl\/student\/wp-json\/wp\/v2\/pages\/24189"}],"wp:attachment":[{"href":"https:\/\/us.edu.pl\/student\/wp-json\/wp\/v2\/media?parent=24651"}],"curies":[{"name":"wp","href":"https:\/\/api.w.org\/{rel}","templated":true}]}}