{"id":24653,"date":"2020-10-01T14:33:18","date_gmt":"2020-10-01T12:33:18","guid":{"rendered":"https:\/\/us.edu.pl\/student\/?page_id=24653"},"modified":"2022-03-31T14:55:12","modified_gmt":"2022-03-31T12:55:12","slug":"szkolenie-bhp","status":"publish","type":"page","link":"https:\/\/us.edu.pl\/student\/wda-szkolenia\/szkolenie-bhp\/","title":{"rendered":"Szkolenie BHP"},"content":{"rendered":"<p>[vc_row][vc_column]\r\n                <div class=\"text-modules \">\r\n                    <div class=\"container\">\r\n                        <h3 class=\"section-title section-title_border-bottom\">BHP ``Z nami nie zginiesz``<\/h3> \r\n                        <div class=\"row m-0\">\r\n                            <div class=\"text-modules__content\">\r\n                                <\/p>\n<div id=\"fb-root\"><\/div>\n<p><script async=\"1\" defer=\"1\" crossorigin=\"anonymous\" src=\"https:\/\/connect.facebook.net\/pl_PL\/sdk.js#xfbml=1&amp;version=v8.0\" nonce=\"3s8bjX26\"><\/script><\/p>\n<div class=\"fb-video\" data-href=\"https:\/\/www.facebook.com\/Samorzad.Studencki.US\/videos\/932925553899443\" data-width=\"640\">\n<blockquote cite=\"https:\/\/www.facebook.com\/Samorzad.Studencki.US\/videos\/932925553899443\/\" class=\"fb-xfbml-parse-ignore\"><p><a href=\"https:\/\/www.facebook.com\/Samorzad.Studencki.US\/videos\/932925553899443\/\">Bezpiecze\u0144stwo i Higiena Pracy &#8211; Szkolenie<\/a><\/p>\n<p>\u27a1\ufe0f B\u0105d\u017a z nami od godz. 12.30 na FB Samorz\u0105d Studencki Uniwersytetu \u015al\u0105skiego \u2013 we\u017a udzia\u0142 w szkoleniu BHP! \ud83d\udc77\u200d\u2640\ufe0f\ud83d\udc77W ramach tego kursu dowiesz si\u0119, jak zadba\u0107 o bezpiecze\u0144stwo swoje i os\u00f3b wok\u00f3\u0142 Ciebie \ud83d\udc65 Przedstawimy Ci og\u00f3lne przepisy BHP, a nast\u0119pnie nauczysz si\u0119, jak udzieli\u0107 pierwszej pomocy przedlekarskiej \ud83d\ude91 Zapoznasz si\u0119 r\u00f3wnie\u017c z zasadami dotycz\u0105cymi ochrony przeciwpo\u017carowej \ud83e\uddef\ud83d\udd25<\/p>\n<p>Opublikowany przez <a href=\"https:\/\/www.facebook.com\/Samorzad.Studencki.US\/\">Samorz\u0105d Studencki Uniwersytetu \u015al\u0105skiego<\/a> Pi\u0105tek, 9 pa\u017adziernika 2020<\/p><\/blockquote>\n<\/div>\n<p>&nbsp;<\/p>\n<p><span style=\"font-weight: 400;\">Jednym z przedmiot\u00f3w, kt\u00f3re nale\u017cy zaliczy\u0107 w toku studi\u00f3w, jest szkolenie BHP. Dost\u0119p do szkolenia mo\u017cna uzyska\u0107 przez stron\u0119 U\u015a: \u201ezak\u0142adka student \u2013 nowy student \u2013 pierwsze kroki \u2013 obowi\u0105zkowe szkolenia \u2013 szkolenie BHP\u201d lub przez adres: <\/span><a href=\"https:\/\/el.us.edu.pl\/mw\/\"><span style=\"font-weight: 400;\">el.us.edu.pl\/mw<\/span><\/a><span style=\"font-weight: 400;\">.<\/span><\/p>\n<p><span style=\"font-weight: 400;\">Szkolenie BHP sk\u0142ada si\u0119 z kilku element\u00f3w. Najpierw zostan\u0105 przedstawione og\u00f3lne przepisy i zasady BHP, a nast\u0119pnie pierwsza pomoc przedlekarska \u2013 na ka\u017cdym z nas bowiem w razie wypadku spoczywa obowi\u0105zek nie tylko wezwania s\u0142u\u017cb ratunkowych, ale r\u00f3wnie\u017c udzielenia osobie poszkodowanej pomocy. Na koniec uczestnicy poznaj\u0105 kilka zasad dotycz\u0105cych ochrony przeciwpo\u017carowej, poniewa\u017c uczelnia na co dzie\u0144 gromadzi du\u017ce skupiska ludzi i posiada r\u00f3\u017cne zabezpieczenia na wypadek po\u017caru. Studenci, kt\u00f3rzy zrealizuj\u0105 ca\u0142e szkolenie, otrzymaj\u0105 zaliczenie. <\/span><span style=\"font-weight: 400;\">Wa\u017cne jest, aby na ko\u0144cu szkolenia zaakceptowa\u0107 o\u015bwiadczenie<\/span> <span style=\"font-weight: 400;\">wymagane do zaliczenia szkolenia: \u201eO\u015bwiadczam, i\u017c zapozna\u0142am\/em si\u0119 z przepisami i zasadami BHP\u2026\u201d.<\/span><span style=\"font-weight: 400;\"> Szkolenie nale\u017cy odby\u0107 zaraz po rozpocz\u0119ciu studi\u00f3w.\u00a0<\/span><\/p>\n<p><span style=\"font-weight: 400;\">Zaliczenie b\u0119dzie wpisane na <\/span><span style=\"font-weight: 400;\">koniec semestru <\/span><span style=\"font-weight: 400;\">do indeksu. Po zaliczeniu i zdaniu wszystkich egzamin\u00f3w przy oddawaniu indeksu do dziekanatu pracownik tej jednostki sprawdzi w systemie USOS, czy\u00a0student wykona\u0142 ca\u0142e szkolenie. Je\u017celi tak, do indeksu zostanie wpisana informacja: \u201eSzkolenie BHP \u2013 zaliczono\u201d.\u00a0<\/span><\/p>\n<p><span style=\"font-weight: 400;\">W razie jakichkolwiek pyta\u0144 lub problem\u00f3w z logowaniem prosz\u0119 kontaktowa\u0107 si\u0119 z CENTRUM KSZTA\u0141CENIA NA ODLEG\u0141O\u015a\u0106 UNIWERSYTETU \u015aL\u0104SKIEGO W KATOWICACH, <\/span><span style=\"font-weight: 400;\"><br \/>\n<\/span><span style=\"font-weight: 400;\">tel. (32) 368-97-97, e-mail: <\/span><a href=\"mailto:administrator_moodle@us.edu.pl\"><span style=\"font-weight: 400;\">administrator_moodle@us.edu.pl<\/span><\/a><span style=\"font-weight: 400;\">.<\/span><\/p>\n<p>&nbsp;<\/p>\n<p><span style=\"font-weight: 400;\">Poniewa\u017c obecnie studia przypadaj\u0105 na szczeg\u00f3ln\u0105 sytuacj\u0119 epidemiologiczn\u0105 w naszym kraju, prosimy o zapoznanie si\u0119 z nast\u0119puj\u0105cymi procedurami zwi\u0105zanymi z pandemi\u0105 COVID-19: Na Uczelni\u0119 przychodzicie Pa\u0144stwo bez oznak infekcji, w maseczkach. Nale\u017cy zachowa\u0107 bezpieczny odst\u0119p, przestrzega\u0107 zasad higieny oraz dezynfekowa\u0107 d\u0142onie. Ka\u017cda osoba korzysta z w\u0142asnych, o ile to mo\u017cliwe, przybor\u00f3w\/przedmiot\u00f3w niezb\u0119dnych do sprawnej i skutecznej realizacji zaj\u0119\u0107. W razie wyst\u0105pienia objaw\u00f3w chorobowych typu: gor\u0105czka pow. 38<\/span><span style=\"font-weight: 400;\">\u00b0C<\/span><span style=\"font-weight: 400;\">, z\u0142e samopoczucie, problemy z oddychaniem, utrata w\u0119chu i\/lub smaku nale\u017cy pozosta\u0107 w domu oraz skontaktowa\u0107 si\u0119 z lekarzem POZ lub najbli\u017csz\u0105 stacj\u0105 sanitarno-epidemiologiczn\u0105. W przypadku stwierdzonego zaka\u017cenia wirusem COVID-19 nale\u017cy w miar\u0119 mo\u017cliwo\u015bci poinformowa\u0107 dziekanat wydzia\u0142u.\u00a0<\/span><\/p>\n<p>&nbsp;<\/p>\n<p><span style=\"font-weight: 400;\">Istotnym tematem dotycz\u0105cym bezpiecze\u0144stwa na uczelni s\u0105 wypadki student\u00f3w. Nie ka\u017cde zdarzenie b\u0119dziemy jednak nazywa\u0107 wypadkiem \u2013 jest to zdarzenie nag\u0142e, wywo\u0142ane przyczyn\u0105 zewn\u0119trzn\u0105 powoduj\u0105c\u0105 uraz lub \u015bmier\u0107 w trakcie zaj\u0119\u0107 w szkole wy\u017cszej albo w czasie odbywania praktyki przewidzianej organizacj\u0105 studi\u00f3w. Wypadek student zg\u0142asza osobie prowadz\u0105cej zaj\u0119cia lub opiekunowi praktyk. Osoby te informuj\u0105 o zaistnia\u0142ym zdarzeniu okre\u015blony dziekanat, a pracownicy danej jednostki kontaktuj\u0105 si\u0119 z osob\u0105 poszkodowan\u0105 i przeprowadzaj\u0105 procedur\u0119 powypadkow\u0105.\u00a0<\/span> \r\n                                <div class=\"mt-3\"><\/div>\r\n                            <\/div>\r\n                            \r\n                            \r\n                        <\/div>\r\n                    <\/div>\r\n                <\/div>[\/vc_column][\/vc_row]<\/p>","protected":false},"excerpt":{"rendered":"<p>[vc_row][vc_column][\/vc_column][\/vc_row] [&#8230;]<\/p>\n<p><a class=\"btn btn-secondary understrap-read-more-link\" href=\"https:\/\/us.edu.pl\/student\/wda-szkolenia\/szkolenie-bhp\/\">Read More&#8230;<\/a><\/p>\n","protected":false},"author":28,"featured_media":0,"parent":24189,"menu_order":0,"comment_status":"closed","ping_status":"closed","template":"","meta":{"_expiration-date-status":"saved","_expiration-date":0,"_expiration-date-type":"","_expiration-date-categories":[],"_expiration-date-options":[]},"acf":[],"_links":{"self":[{"href":"https:\/\/us.edu.pl\/student\/wp-json\/wp\/v2\/pages\/24653"}],"collection":[{"href":"https:\/\/us.edu.pl\/student\/wp-json\/wp\/v2\/pages"}],"about":[{"href":"https:\/\/us.edu.pl\/student\/wp-json\/wp\/v2\/types\/page"}],"author":[{"embeddable":true,"href":"https:\/\/us.edu.pl\/student\/wp-json\/wp\/v2\/users\/28"}],"replies":[{"embeddable":true,"href":"https:\/\/us.edu.pl\/student\/wp-json\/wp\/v2\/comments?post=24653"}],"version-history":[{"count":0,"href":"https:\/\/us.edu.pl\/student\/wp-json\/wp\/v2\/pages\/24653\/revisions"}],"up":[{"embeddable":true,"href":"https:\/\/us.edu.pl\/student\/wp-json\/wp\/v2\/pages\/24189"}],"wp:attachment":[{"href":"https:\/\/us.edu.pl\/student\/wp-json\/wp\/v2\/media?parent=24653"}],"curies":[{"name":"wp","href":"https:\/\/api.w.org\/{rel}","templated":true}]}}