{"id":24687,"date":"2020-10-01T15:40:46","date_gmt":"2020-10-01T13:40:46","guid":{"rendered":"https:\/\/us.edu.pl\/student\/?page_id=24687"},"modified":"2022-03-31T15:19:18","modified_gmt":"2022-03-31T13:19:18","slug":"ksztalcenie-zdalne","status":"publish","type":"page","link":"https:\/\/us.edu.pl\/student\/wda-szkolenia\/ksztalcenie-zdalne\/","title":{"rendered":"Kszta\u0142cenie zdalne"},"content":{"rendered":"<p>[vc_row][vc_column]\r\n                <div class=\"text-modules \">\r\n                    <div class=\"container\">\r\n                        <h3 class=\"section-title section-title_border-bottom\">Kszta\u0142cenie zdalne: Nie taki Teams straszny jak go maluj\u0105!<\/h3> \r\n                        <div class=\"row m-0\">\r\n                            <div class=\"text-modules__content\">\r\n                                <span style=\"font-weight: 400;\">Nauka w trybie zdalnym mo\u017ce pocz\u0105tkowo stanowi\u0107 wyzwanie. W tej cz\u0119\u015bci dowiesz si\u0119, jak zaplanowa\u0107 nauk\u0119 zdaln\u0105 i z jakich form wsparcia mo\u017cesz skorzysta\u0107. Poznasz te\u017c narz\u0119dzia potrzebne do nauki zdalnej \u2013 Moodle oraz Teams.<\/span><\/p>\n<p><span style=\"font-weight: 400;\">\u00a0<\/span><\/p>\n<p><span style=\"font-weight: 400;\">Kilka porad, kt\u00f3re pomog\u0105 Ci oswoi\u0107 nauk\u0119 zdaln\u0105 \ud83d\ude42 :<\/span><\/p>\n<ul>\n<li style=\"font-weight: 400;\"><span style=\"font-weight: 400;\">Zorganizuj przestrze\u0144 i ustal swoj\u0105 rutyn\u0119 dnia \u2013 to pozwoli Ci \u0142atwiej przestawi\u0107 si\u0119 na tryb studiowania.<\/span><\/li>\n<li style=\"font-weight: 400;\"><span style=\"font-weight: 400;\">Mierz si\u0142y na zamiary! Planuj prac\u0119 tak, aby rzeczywi\u015bcie by\u0142a mo\u017cliwa do zrealizowania \u2013 wykonuj zadania jedno po drugim, tak aby sukcesywnie znika\u0142y z Twojej listy. Wielozadaniowo\u015b\u0107 to mit, wi\u0119c im pr\u0119dzej to sobie u\u015bwiadomisz, tym wi\u0119cej czasu zaoszcz\u0119dzisz.\u00a0\u00a0<\/span><\/li>\n<li style=\"font-weight: 400;\"><span style=\"font-weight: 400;\">Je\u015bli ju\u017c zorganizowa\u0142e\u015b przestrze\u0144, zaplanowa\u0142e\u015b godziny i plan pracy \u2013 nie odwlekaj jej rozpocz\u0119cia! O wyznaczonej porze zjaw si\u0119 przy biurku i zacznij dzia\u0142a\u0107 \ud83d\ude42\u00a0<\/span><\/li>\n<li style=\"font-weight: 400;\"><span style=\"font-weight: 400;\">Zadbaj o czas na regeneracj\u0119! Przerwy w nauce pomagaj\u0105 w utrwalaniu wiedzy, ale wp\u0142ywaj\u0105 te\u017c pozytywnie na nasz\u0105 efektywno\u015b\u0107 \u2013 w tzw. metodzie Pomodoro proponuje si\u0119 podzia\u0142 czasowy na 25 minut pracy i 5 minut przerwy. Zbadaj, co najlepiej sprawdza si\u0119 u Ciebie i w jakim wariancie jeste\u015b najbardziej wydajny.<\/span><\/li>\n<li style=\"font-weight: 400;\"><span style=\"font-weight: 400;\">Aby wykonywa\u0107 swoje obowi\u0105zki rzetelnie i z odpowiednim zaanga\u017cowaniem, w pierwszej kolejno\u015bci musimy zadba\u0107 o w\u0142asny stan psychofizyczny. Bardzo wa\u017cny jest sen, odpoczynek oraz aktywno\u015b\u0107 fizyczna. Zadbaj o to, aby w ci\u0105gu dnia znalaz\u0142o si\u0119 miejsce na te aktywno\u015bci \u2013 prze\u0142o\u017cy si\u0119 to na Twoje samopoczucie. Je\u017celi zauwa\u017cysz, \u017ce czujesz si\u0119 przyt\u0142oczony lub odczuwasz ci\u0105g\u0142e napi\u0119cie \u2013 nie wahaj si\u0119 si\u0119gn\u0105\u0107 po pomoc i wsparcie, czy to najbli\u017cszych, czy specjalist\u00f3w. Wsparcie psychologiczne znajdziesz pod adresem <\/span><b>psycholog@us.edu.pl<\/b><span style=\"font-weight: 400;\">. Wi\u0119cej o pracy i nauce zdalnej przeczytasz na stronie U\u015a Wspiera: <\/span><a href=\"https:\/\/us.edu.pl\/us-wspiera\/#pracazdalna\"><span style=\"font-weight: 400;\">us.edu.pl\/us-wspiera\/#pracazdalna<\/span><\/a><span style=\"font-weight: 400;\">.<\/span><\/li>\n<\/ul>\n<p>&nbsp;<\/p>\n<p><span style=\"font-weight: 400;\">Tutoriale do narz\u0119dzi e-learningowych znajdziesz pod adresem: <\/span><a href=\"https:\/\/www.koronawirus.us.edu.pl\/pl\/tutoriale-e-learningowe\"><span style=\"font-weight: 400;\">koronawirus.us.edu.pl\/pl\/tutoriale-e-learningowe<\/span><\/a><span style=\"font-weight: 400;\">. <\/span><\/p>\n<p>&nbsp;<\/p>\n<p><span style=\"font-weight: 400;\">Wsparcie w zakresie obs\u0142ugi i korzystania z narz\u0119dzi zdalnych uzyskasz w <\/span><b>Centrum Kszta\u0142cenia na Odleg\u0142o\u015b\u0107 Uniwersytetu \u015al\u0105skiego<\/b><span style=\"font-weight: 400;\">. Poni\u017cej znajdziesz szczeg\u00f3\u0142owe informacje na temat tej jednostki.\u00a0<\/span><\/p>\n<p><span style=\"font-weight: 400;\">Centrum Kszta\u0142cenia na Odleg\u0142o\u015b\u0107 w Uniwersytecie \u015al\u0105skim jest og\u00f3lnouczelnian\u0105 jednostk\u0105 organizacyjn\u0105 prowadz\u0105c\u0105 dzia\u0142alno\u015b\u0107 w zakresie kszta\u0142cenia elektronicznego i wykorzystania do tego celu technologii internetowych.<\/span><\/p>\n<p><span style=\"font-weight: 400;\">Wszystkie informacje o aktualnej dzia\u0142alno\u015bci jednostki s\u0105 dost\u0119pne pod adresem: <\/span><a href=\"http:\/\/cko.us.edu.pl\"><span style=\"font-weight: 400;\">cko.us.edu.pl<\/span><\/a><span style=\"font-weight: 400;\">.\u00a0<\/span><\/p>\n<p><span style=\"font-weight: 400;\">Na powy\u017cszej stronie mo\u017cna r\u00f3wnie\u017c znale\u017a\u0107 odpowiedzi na najcz\u0119\u015bciej zadawane pytania oraz skontaktowa\u0107 si\u0119 z pracownikami Centrum (dane kontaktowe s\u0105 dost\u0119pne na stronie www).<\/span><\/p>\n<p><b>POMOC DLA STUDENT\u00d3W<\/b><\/p>\n<p><span style=\"font-weight: 400;\">Centrum oferuje pomoc w zakresie problem\u00f3w technicznych z platform\u0105 kszta\u0142cenia na odleg\u0142o\u015b\u0107.<\/span><\/p>\n<p><span style=\"font-weight: 400;\">Mo\u017cemy pom\u00f3c lub skierowa\u0107 do odpowiedniej osoby w przypadku r\u00f3\u017cnego rodzaju trudno\u015bci, np. z dost\u0119pem do zawarto\u015bci kurs\u00f3w lub ocen na platformie czy z przesy\u0142aniem plik\u00f3w.<\/span><\/p>\n<p><b>PLATFORMY WYDZIA\u0141\u00d3W<\/b><\/p>\n<p><span style=\"font-weight: 400;\">Ka\u017cdy Wydzia\u0142 posiada w\u0142asn\u0105 e-platform\u0119, na kt\u00f3rej wyk\u0142adowcy umieszczaj\u0105 kursy dla student\u00f3w. Lista wszystkich platform dost\u0119pna jest pod adresem: <\/span><a href=\"http:\/\/el.us.edu.pl\"><span style=\"font-weight: 400;\">el.us.edu.pl<\/span><\/a><span style=\"font-weight: 400;\">.\u00a0<\/span><\/p>\n<p><span style=\"font-weight: 400;\">Po wybraniu platformy wydzia\u0142owej student loguje si\u0119 poprzez Centralny Punkt Logowania (CAS), tak jak do portalu USOSweb, a nast\u0119pnie wyszukuje odpowiedni kurs. Z regu\u0142y wyk\u0142adowcy podaj\u0105 jednorazowe klucze dost\u0119pu do zapisania si\u0119 na zaj\u0119cia.\u00a0<\/span><\/p>\n<p><span style=\"font-weight: 400;\">Przy kolejnym logowaniu kurs, do kt\u00f3rego student zosta\u0142 zapisany, znajduje si\u0119 ju\u017c w bloku \u201eMoje kursy<\/span><span style=\"font-weight: 400;\">\u201d<\/span><span style=\"font-weight: 400;\">, dost\u0119p do niego mo\u017cna uzyska\u0107, klikaj\u0105c w jego nazw\u0119.<\/span><\/p>\n<p><span style=\"font-weight: 400;\">Platforma pozwala r\u00f3wnie\u017c na bezpo\u015bredni kontakt z prowadz\u0105cym i innymi osobami z grupy poprzez blok \u201eWiadomo\u015bci<\/span><span style=\"font-weight: 400;\">\u201d<\/span><span style=\"font-weight: 400;\">. Wszystkie oceniane sk\u0142adowe w kursie s\u0105 dost\u0119pne w tzw. dzienniku ocen, dost\u0119pnym w lewym menu pod nazw\u0105: \u201eOceny<\/span><span style=\"font-weight: 400;\">\u201d<\/span><span style=\"font-weight: 400;\">.<\/span><\/p>\n<p><b>PYTANIA I PROBLEMY:<\/b><\/p>\n<p><span style=\"font-weight: 400;\">Wszelkiego typu pytania lub problemy nale\u017cy kierowa\u0107 na adres: <\/span><a href=\"mailto:administrator_moodle@us.edu.pl\"><span style=\"font-weight: 400;\">administrator_moodle@us.edu.pl<\/span><\/a><span style=\"font-weight: 400;\">. Nasz zesp\u00f3\u0142 postara si\u0119 pom\u00f3c najszybciej, jak to b\u0119dzie mo\u017cliwe.\u00a0<\/span><\/p>\n<p><span style=\"font-weight: 400;\">Aby u\u0142atwi\u0107 kontakt, uruchomili\u015bmy na Facebooku stron\u0119 Centrum, gdzie poprzez Messengera mo\u017cna uzyska\u0107 potrzebne informacje.<\/span> \r\n                                <div class=\"mt-3\"><\/div>\r\n                            <\/div>\r\n                            \r\n                            \r\n                        <\/div>\r\n                    <\/div>\r\n                <\/div>[\/vc_column][\/vc_row]<\/p>","protected":false},"excerpt":{"rendered":"<p>[vc_row][vc_column][\/vc_column][\/vc_row] [&#8230;]<\/p>\n<p><a class=\"btn btn-secondary understrap-read-more-link\" href=\"https:\/\/us.edu.pl\/student\/wda-szkolenia\/ksztalcenie-zdalne\/\">Read More&#8230;<\/a><\/p>\n","protected":false},"author":28,"featured_media":0,"parent":24189,"menu_order":0,"comment_status":"closed","ping_status":"closed","template":"","meta":{"_expiration-date-status":"saved","_expiration-date":0,"_expiration-date-type":"","_expiration-date-categories":[],"_expiration-date-options":[]},"acf":[],"_links":{"self":[{"href":"https:\/\/us.edu.pl\/student\/wp-json\/wp\/v2\/pages\/24687"}],"collection":[{"href":"https:\/\/us.edu.pl\/student\/wp-json\/wp\/v2\/pages"}],"about":[{"href":"https:\/\/us.edu.pl\/student\/wp-json\/wp\/v2\/types\/page"}],"author":[{"embeddable":true,"href":"https:\/\/us.edu.pl\/student\/wp-json\/wp\/v2\/users\/28"}],"replies":[{"embeddable":true,"href":"https:\/\/us.edu.pl\/student\/wp-json\/wp\/v2\/comments?post=24687"}],"version-history":[{"count":0,"href":"https:\/\/us.edu.pl\/student\/wp-json\/wp\/v2\/pages\/24687\/revisions"}],"up":[{"embeddable":true,"href":"https:\/\/us.edu.pl\/student\/wp-json\/wp\/v2\/pages\/24189"}],"wp:attachment":[{"href":"https:\/\/us.edu.pl\/student\/wp-json\/wp\/v2\/media?parent=24687"}],"curies":[{"name":"wp","href":"https:\/\/api.w.org\/{rel}","templated":true}]}}