{"id":24951,"date":"2020-10-02T15:38:57","date_gmt":"2020-10-02T13:38:57","guid":{"rendered":"https:\/\/us.edu.pl\/student\/?page_id=24951"},"modified":"2025-09-10T13:33:26","modified_gmt":"2025-09-10T11:33:26","slug":"poznaj-cos","status":"publish","type":"page","link":"https:\/\/us.edu.pl\/student\/wda\/poznaj-cos\/","title":{"rendered":"Poznaj COS"},"content":{"rendered":"<p>[vc_row][vc_column]\r\n                <div class=\"text-modules \">\r\n                    <div class=\"container\">\r\n                        <h3 class=\"section-title section-title_border-bottom\">Poznaj Centrum ds. Os\u00f3b Studiuj\u0105cych (COS)<\/h3> \r\n                        <div class=\"row m-0\">\r\n                            <div class=\"text-modules__content\">\r\n                                <b>e-mail:\u00a0<\/b><a href=\"mailto:dlastudenta@us.edu.pl\"><span style=\"font-weight: 400;\">dlastudenta@us.edu.pl<\/span><\/a><\/p>\n<p><b><br \/>\nSylwia Ledwoch<\/b><span style=\"font-weight: 400;\"><br \/>\n<\/span><i><span style=\"font-weight: 400;\">dyrektorka<\/span><\/i><\/p>\n<p><span style=\"font-weight: 400;\">Sylwia dba, aby wszystkie prowadzone w Centrum ds. Os\u00f3b Studiuj\u0105cych sprawy realizowane by\u0142y na najwy\u017cszym poziomie . Ka\u017cd\u0105, nawet najtrudniejsz\u0105, spraw\u0119 doprowadza do szcz\u0119\u015bliwego ko\u0144ca. Ch\u0119tnie dzieli si\u0119 z innymi swoj\u0105 wiedz\u0105 i umiej\u0119tno\u015bciami. W strukturze \u015al\u0105skiego Festiwalu Nauki KATOWICE jest dyrektork\u0105 ds. administracyjnych. Mi\u0142o\u015bniczka ro\u015blin doniczkowych;).<\/span><\/p>\n<p><span style=\"font-weight: 400;\">nr tel. kom. 511 863 123<\/span><span style=\"font-weight: 400;\"><br \/>\n<\/span><span style=\"font-weight: 400;\">e-mail:\u00a0<\/span><a href=\"mailto:sylwia.ledwoch@us.edu.pl\"><span style=\"font-weight: 400;\">sylwia.ledwoch@us.edu.pl<\/span><\/a> \r\n                                <div class=\"mt-3\"><\/div>\r\n                            <\/div>\r\n                            \r\n                            \r\n                        <\/div>\r\n                    <\/div>\r\n                <\/div>\r\n                <div class=\"text-modules \">\r\n                    <div class=\"container\">\r\n                         <h3 class=\"subtitle text-modules__subtitle\">Dzia\u0142 Dialogu i Wsparcia Os\u00f3b Studiuj\u0105cych (COS\/DDiWOS)<\/h3>\r\n                        <div class=\"row m-0\">\r\n                            <div class=\"text-modules__content\">\r\n                                <b>Gabriela Wilczy\u0144ska<\/b><\/p>\n<p><span style=\"font-weight: 400;\">kierownik Dzia\u0142u Dialogu i Wsparcia Os\u00f3b Studiuj\u0105cych. Na pierwszym miejscu stawia osoby studiuj\u0105ce. Zawsze znajdzie dla nich czas, \u017ceby wys\u0142ucha\u0107 i porozmawia\u0107. Uwa\u017ca, \u017ce nie ma sytuacji i spraw &#8222;bez wyj\u015bcia&#8221;. Niekiedy jednak potrzeba czasu, by znale\u017a\u0107 w\u0142a\u015bciwe rozwi\u0105zanie.<\/span><\/p>\n<p><span style=\"font-weight: 400;\">nr tel.: 32 359 2180<\/span><span style=\"font-weight: 400;\"><br \/>\n<\/span><span style=\"font-weight: 400;\">e-mail:\u00a0<\/span><a href=\"mailto:gabriela.wilczynska@us.edu.pl\"><span style=\"font-weight: 400;\">gabriela.wilczynska@us.edu.pl<\/span><\/a> \r\n                                <div class=\"mt-3\"><\/div>\r\n                            <\/div>\r\n                            \r\n                            \r\n                        <\/div>\r\n                    <\/div>\r\n                <\/div>\r\n                <div class=\"text-modules \">\r\n                    <div class=\"container\">\r\n                         <h3 class=\"subtitle text-modules__subtitle\">Biuro Dost\u0119pno\u015bci i Projektowania Uniwersalnego (COS\/BDiPU)<\/h3>\r\n                        <div class=\"row m-0\">\r\n                            <div class=\"text-modules__content\">\r\n                                <b>Anna Sterczewska<\/b><span style=\"font-weight: 400;\">\u00a0<\/span><\/p>\n<p><span style=\"font-weight: 400;\">kierowniczka <\/span><b>Biura Dost\u0119pno\u015bci i Projektowania Uniwersalnego<\/b><span style=\"font-weight: 400;\">. Zajmuje si\u0119 dbaniem o dost\u0119pno\u015b\u0107 na Uniwersytecie \u015al\u0105skim, wierz\u0105c, \u017ce uczelnia powinna by\u0107 miejscem przyjaznym dla ka\u017cdego. Masz pytanie lub potrzebujesz wsparcia? \u2013 zawsze mo\u017cesz si\u0119 do niej zwr\u00f3ci\u0107.<\/span><\/p>\n<p><span style=\"font-weight: 400;\">Tel: 32 359 1998<br \/>\n<\/span>e-mail: <a href=\"mailto:anna.sterczewska@us.edu.pl\">anna.sterczewska@us.edu.pl<\/a><\/p>\n<p><b>Anna Elwicka<\/b><span style=\"font-weight: 400;\">\u00a0<\/span><\/p>\n<p><span style=\"font-weight: 400;\">Ania jest specjalistk\u0105 ds. dost\u0119pno\u015bci, liderk\u0105 Zespo\u0142u ds. likwidacji barier dost\u0119pno\u015bciowych w ramach projektu \u201eUniwersytet \u015al\u0105ski wsp\u00f3lnot\u0105 dost\u0119pn\u0105, uniwersaln\u0105 i otwart\u0105 \u2013 DUO II\u201d. Na co dzie\u0144 dzia\u0142a na rzecz tworzenia uczelni otwartej, przyjaznej i wolnej od barier. W pracy towarzyszy jej Mokka \u2013 pies asystuj\u0105cy.<\/span><\/p>\n<p><span style=\"font-weight: 400;\">Tel: 32 359 1998<br \/>\n<\/span><span style=\"font-weight: 400;\">e-mail: <\/span><a href=\"mailto:anna.elwicka@us.edu.pl\"><span style=\"font-weight: 400;\">anna.elwicka@us.edu.pl<\/span><\/a><\/p>\n<p><b>Anna<\/b><span style=\"font-weight: 400;\">\u00a0<\/span><b>Nawrot<br \/>\n<\/b><span style=\"font-weight: 400;\">koordynatorka ds. dost\u0119pno\u015bci<\/span><\/p>\n<p><span style=\"font-weight: 400;\">Ania pomaga cz\u0142onkom spo\u0142eczno\u015bci akademickiej stworzy\u0107 warunki do edukacji i do rozwoju nauki osobom o zr\u00f3\u017cnicowanych potrzebach. Podpowiada jak zorganizowa\u0107 dost\u0119pne dla os\u00f3b z niepe\u0142nosprawno\u015bciami wydarzenia akademickie, jak tworzy\u0107 dost\u0119pne dla wszystkich materia\u0142y multimedialne i dokumenty cyfrowe. Osobom z niepe\u0142nosprawno\u015bciami i niestandardowymi potrzebami pomaga indywidualnie dostosowa\u0107 studiowanie.\u00a0<\/span><\/p>\n<p><span style=\"font-weight: 400;\">nr tel.: 32 359 1910<\/span><span style=\"font-weight: 400;\"><br \/>\n<\/span><span style=\"font-weight: 400;\">e-mail:\u00a0<\/span><a href=\"mailto:anna.nawrot@us.edu.pl\"><span style=\"font-weight: 400;\">anna.nawrot@us.edu.pl<\/span><\/a> \r\n                                <div class=\"mt-3\"><\/div>\r\n                            <\/div>\r\n                            \r\n                            \r\n                        <\/div>\r\n                    <\/div>\r\n                <\/div>\r\n                <div class=\"text-modules \">\r\n                    <div class=\"container\">\r\n                         <h3 class=\"subtitle text-modules__subtitle\">Biuro Studenckich Spraw Socjalnych (COS\/BSSS)<\/h3>\r\n                        <div class=\"row m-0\">\r\n                            <div class=\"text-modules__content\">\r\n                                <b>e-mail:\u00a0<\/b><a href=\"mailto:bstud@us.edu.pl\"><span style=\"font-weight: 400;\">bstud@us.edu.pl<\/span><\/a><\/p>\n<p><b>Irena Hamerla<\/b><span style=\"font-weight: 400;\"><br \/>\n<\/span><i><span style=\"font-weight: 400;\">kierownik<\/span><\/i><span style=\"font-weight: 400;\"><br \/>\n<\/span><span style=\"font-weight: 400;\">Irena jest odpowiedzialna za koordynacj\u0119 pracy Biura Studenckich Spraw Socjalnych.<\/span><\/p>\n<p><span style=\"font-weight: 400;\">nr tel:\u00a032 359 1979<\/span><span style=\"font-weight: 400;\"><br \/>\n<\/span><span style=\"font-weight: 400;\">e-mail:\u00a0<\/span><a href=\"mailto:irena.hamerla@us.edu.pl\"><span style=\"font-weight: 400;\">irena.hamerla@us.edu.pl<\/span><\/a><\/p>\n<p><b>Agnieszka Cicho\u0144<\/b><\/p>\n<p><span style=\"font-weight: 400;\">Agnieszka zajmuje si\u0119 \u015bwiadczeniami dla os\u00f3b studiuj\u0105cych (czyli stypendiami: socjalnym, rektora, dla os\u00f3b z niepe\u0142nosprawno\u015bciami oraz zapomogami). Tworzy i dostosowuje przepisy wewn\u0119trzne (regulaminy, aplikowania o \u015bwiadczenia, instrukcje) dotycz\u0105ce ustalania, zasad przyznawania oraz wyp\u0142acania \u015bwiadcze\u0144 do przepis\u00f3w wy\u017cszej rangi (ustawy, rozporz\u0105dzenia ministra). S\u0142u\u017cy informacj\u0105 i pomoc\u0105 w przypadku w\u0105tpliwo\u015bci interpretacyjnych w tym zakresie. Przygotowuje projekty decyzji w przypadku wniosk\u00f3w o ponowne rozpatrzenie sprawy.<\/span><\/p>\n<p><span style=\"font-weight: 400;\">nr tel: 32 359 2046<\/span><span style=\"font-weight: 400;\"><br \/>\n<\/span><span style=\"font-weight: 400;\">e-mail:\u00a0<\/span><a href=\"mailto:agnieszka.cichon@us.edu.pl\"><span style=\"font-weight: 400;\">agnieszka.cichon@us.edu.pl<\/span><\/a><\/p>\n<p><b>Jolanta Kaleta<\/b><\/p>\n<p><span style=\"font-weight: 400;\">Jola zajmuje si\u0119 akademikami i pokojami go\u015bcinnymi, planowaniem zakwaterowania i wykorzystaniem miejsc w domach studenckich Uniwersytetu \u015al\u0105skiego. Planowanie zakwaterowania na rok akademicki pomaga w przyj\u0119ciu w naszej Uczelni cudzoziemc\u00f3w podejmuj\u0105cych nauk\u0119 w ramach program\u00f3w mi\u0119dzynarodowych \u2013 np. Erasmus+, czy os\u00f3b kierowanych przez NAWA). Rozpatruje wnioski os\u00f3b studiuj\u0105cych z orzeczon\u0105 niepe\u0142nosprawno\u015bci\u0105 lub wskazaniem lekarskim oraz doktorantek\/doktorant\u00f3w na dany rok akademicki. Przyjmuje r\u00f3wnie\u017c wnioski indywidualnych os\u00f3b \u2013 studentek\/student\u00f3w spoza Uniwersytetu \u015al\u0105skiego oraz ewentualne odwo\u0142ania w ramach nieprzyznanych miejsc na wydzia\u0142ach.<\/span><\/p>\n<p><span style=\"font-weight: 400;\">nr tel: 32 359 1340.<br \/>\n<\/span><span style=\"font-weight: 400;\">e-mail: <\/span><a href=\"mailto:jolanta.kaleta@us.edu.pl\"><span style=\"font-weight: 400;\">jolanta.kaleta@us.edu.pl<\/span><\/a><\/p>\n<p><b>Justyna Urba\u0144ska<\/b><\/p>\n<p><span style=\"font-weight: 400;\">Justyna zajmuje si\u0119 \u015bwiadczeniami dla os\u00f3b studiuj\u0105cych (czyli stypendiami: <\/span><span style=\"font-weight: 400;\">ministra, socjalnym,<\/span><span style=\"font-weight: 400;\"> rektora, dla os\u00f3b z niepe\u0142nosprawno\u015bciami oraz zapomogami). Tworzy i dostosowuje przepisy wewn\u0119trze (regulaminy, aplikowania o \u015bwiadczenia, instrukcje) dotycz\u0105ce ustalania, zasad przyznawania oraz wyp\u0142acania \u015bwiadcze\u0144 do przepis\u00f3w wy\u017cszej rangi (ustawy, rozporz\u0105dzenia ministra). S\u0142u\u017cy informacj\u0105 i pomoc\u0105 w zakresie zasad ubiegania si\u0119 o poszczeg\u00f3lne rodzaje \u015bwiadcze\u0144 i ich przyznawania, interpretacji przepis\u00f3w, wyja\u015bnia r\u00f3wnie\u017c ewentualne zawi\u0142o\u015bci prawne. Wydaje za\u015bwiadczenia absolwentom korzystaj\u0105cym z kredytu studenckiego wymagane przez instytucj\u0119 finansuj\u0105c\u0105.<\/span><\/p>\n<p><span style=\"font-weight: 400;\">nr tel:\u00a032 359 2046<\/span><span style=\"font-weight: 400;\"><br \/>\n<\/span><span style=\"font-weight: 400;\">e-mail:\u00a0<\/span><a href=\"mailto:justyna.urbanska@us.edu.pl\"><span style=\"font-weight: 400;\">justyna.urbanska@us.edu.pl<\/span><\/a><\/p>\n<p><b>Joanna Zi\u0119ba<\/b><span style=\"font-weight: 400;\"><br \/>\n<\/span><span style=\"font-weight: 400;\">Joanna zajmuje si\u0119 ubezpieczeniem zdrowotnym os\u00f3b studiuj\u0105cych. Przekazuje ubezpieczenia do ZUS. Mo\u017cna u niej otrzyma\u0107 dokumenty potwierdzaj\u0105ce zg\u0142oszenie do ubezpieczenia zdrowotnego przez Uniwersytet \u015al\u0105ski. Tworzy i dostosowuje przepisy wewn\u0119trzne zwi\u0105zane z powy\u017cszym ubezpieczeniem. Wyja\u015bnia sprawy dotycz\u0105ce ubezpieczenia zdrowotnego z ZUS i NFZ. S\u0142u\u017cy pomoc\u0105 i informacj\u0105 w zakresie kwalifikacji os\u00f3b studiuj\u0105cych do ubezpieczenia zdrowotnego przez Uniwersytet \u015al\u0105ski oraz interpretacji przepis\u00f3w.\u00a0<\/span><\/p>\n<p><span style=\"font-weight: 400;\">Poza tym zajmuje si\u0119 te\u017c planowaniem i organizowaniem bada\u0144 z zakresu medycyny pracy dla kandydat\u00f3w, os\u00f3b studiuj\u0105cych i doktorant\u00f3w, kt\u00f3rzy w trakcie studi\u00f3w nara\u017ceni s\u0105 na dzia\u0142anie czynnik\u00f3w szkodliwych, uci\u0105\u017cliwych lub niebezpiecznych dla zdrowia. Pozyskuje \u015brodki na finansowanie tych bada\u0144 i je rozlicza.<\/span><\/p>\n<p><span style=\"font-weight: 400;\">nr tel: 32 359 1694<\/span><span style=\"font-weight: 400;\"><br \/>\n<\/span><span style=\"font-weight: 400;\">e-mail:\u00a0<\/span><a href=\"mailto:joanna.zieba@us.edu.pl\"><span style=\"font-weight: 400;\">joanna.zieba@us.edu.pl<\/span><\/a> \r\n                                <div class=\"mt-3\"><\/div>\r\n                            <\/div>\r\n                            \r\n                            \r\n                        <\/div>\r\n                    <\/div>\r\n                <\/div>\r\n                <div class=\"text-modules \">\r\n                    <div class=\"container\">\r\n                         <h3 class=\"subtitle text-modules__subtitle\">Zesp\u00f3\u0142 psycholog\u00f3w<\/h3>\r\n                        <div class=\"row m-0\">\r\n                            <div class=\"text-modules__content\">\r\n                                <b>e-mail:\u00a0<\/b><a href=\"mailto:psycholog@us.edu.pl\"><b>psycholog@us.edu.pl<\/b><\/a><\/p>\n<p><b>Ma\u0142gorzata Balewska<\/b><span style=\"font-weight: 400;\"><br \/>\n<\/span><span style=\"font-weight: 400;\">Gosia jest psychologiem i psychoterapeutk\u0105 poznawczo \u2013 behawioraln\u0105 w trakcie szkolenia. Realizuje konsultacje psychologiczne dla os\u00f3b studiuj\u0105cych. Odpowiada te\u017c za obszary zwi\u0105zane z dost\u0119pno\u015bci\u0105 uczelni, mi\u0119dzy innymi uczestnicz\u0105c w spotkaniach okre\u015blaj\u0105cych zakres Indywidualnego Dostosowania Studi\u00f3w. Jest jedn\u0105 z os\u00f3b bior\u0105cych udzia\u0142 w komunikacji COS z pracownikami uczelni na co dzie\u0144 zatrudnionymi w innych jednostkach. Przygotowuje materia\u0142y informacyjno-promocyjne oraz wsp\u00f3\u0142organizuje i realizuje szkolenia z temat\u00f3w zwi\u0105zanych ze zdrowiem psychicznym, dost\u0119pno\u015bci\u0105 oraz efektywnym funkcjonowaniem w relacjach i grupach. Pe\u0142ni funkcje Koordynatora Sekcji Pomocy i Profilaktyki Zdrowia Psychicznego.<\/span><\/p>\n<p><span style=\"font-weight: 400;\">nr tel: 32 359 2462<br \/>\n<\/span><span style=\"font-weight: 400;\">e-mail: malgorzata.balewska@us.edu.pl<\/span><\/p>\n<p><b>Magdalena Bolek-Kochanowska\u00a0<\/b><span style=\"font-weight: 400;\"><br \/>\n<\/span><span style=\"font-weight: 400;\">Magda jest psychologiem, certyfikowan\u0105 psychoterapeutk\u0105 poznawczo \u2013 behawioraln\u0105. Mo\u017cesz zg\u0142osi\u0107 si\u0119 do niej, je\u015bli zmagasz si\u0119 z problemami natury osobistej, np. d\u0142ugotrwale obni\u017conym nastrojem, l\u0119kiem, masz trudno\u015bci z radzeniem sobie ze stresem i chcesz skorzysta\u0107 z pomocy psychologicznej.\u00a0<\/span><\/p>\n<p><span style=\"font-weight: 400;\">e-mail:\u00a0<\/span><a href=\"mailto:psycholog@us.edu.pl\"><span style=\"font-weight: 400;\">psycholog@us.edu.pl<\/span><\/a><\/p>\n<p><b>Dorota Rzendkowska<\/b><b><br \/>\n<\/b><span style=\"font-weight: 400;\">Dorota jest psycholo\u017ck\u0105 i certyfikowan\u0105 psychoterapeutk\u0105 poznawczo &#8211; behawioraln\u0105. W ramach dzia\u0142alno\u015bci Centrum Obs\u0142ugi Studenta zajmuje si\u0119 prowadzeniem konsultacji psychologicznych. Mo\u017cesz zg\u0142osi\u0107 si\u0119 do niej, je\u017celi potrzebujesz wsparcia, zmagasz si\u0119 z l\u0119kiem, stresem, obni\u017ceniem nastroju lub innymi trudno\u015bciami.\u00a0<\/span><\/p>\n<p><span style=\"font-weight: 400;\">e-mail:\u00a0<\/span><a href=\"mailto:psycholog@us.edu.pl\"><span style=\"font-weight: 400;\">psycholog@us.edu.pl<\/span><\/a><\/p>\n<p><b>Agnieszka Wiszniewicz<\/b><\/p>\n<p><span style=\"font-weight: 400;\">Agnieszka jest psycholo\u017ck\u0105, seksuolo\u017ck\u0105 i psychoterapeutk\u0105. Prowadzi psychoterapi\u0119 w nurcie poznawczo-behawioralnym.<\/span><span style=\"font-weight: 400;\"><br \/>\n<\/span><span style=\"font-weight: 400;\">Dla kogo? Dla os\u00f3b do\u015bwiadczaj\u0105cych trudno\u015bci w poradzeniu sobie w sytuacjach stresowych, maj\u0105cych problemy w bliskich relacjach, zmagaj\u0105cych si\u0119 z obni\u017con\u0105 samoocen\u0105, a tak\u017ce z trudno\u015bciami w obszarze seksualno\u015bci.<\/span><span style=\"font-weight: 400;\"><br \/>\n<\/span><span style=\"font-weight: 400;\">e-mail:\u00a0<\/span><a href=\"mailto:psycholog@us.edu.pl\"><span style=\"font-weight: 400;\">psycholog@us.edu.pl<\/span><\/a><\/p>\n<p><b>Dominika W\u00f3jtowicz<\/b><\/p>\n<p><span style=\"font-weight: 400;\">Dominika jest psycholo\u017ck\u0105 i psychodietetyczk\u0105. Prowadzi konsultacje psychologiczne dla studentek i student\u00f3w. Mo\u017cesz zg\u0142osi\u0107 si\u0119 do niej, gdy chcesz porozmawia\u0107 o swoim samopoczuciu i uzyska\u0107 wsparcie w trudnej sytuacji, ale tak\u017ce je\u015bli zauwa\u017casz trudno\u015bci w swojej relacji z jedzeniem.\u00a0<\/span><\/p>\n<p><span style=\"font-weight: 400;\">e-mail:\u00a0<\/span><a href=\"mailto:psycholog@us.edu.pl\"><span style=\"font-weight: 400;\">psycholog@us.edu.pl<\/span><\/a> \r\n                                <div class=\"mt-3\"><\/div>\r\n                            <\/div>\r\n                            \r\n                            \r\n                        <\/div>\r\n                    <\/div>\r\n                <\/div>\r\n                <div class=\"text-modules \">\r\n                    <div class=\"container\">\r\n                         <h3 class=\"subtitle text-modules__subtitle\">Dzia\u0142 Rozwoju Aktywno\u015bci Studenckiej (COS\/DRAS)<\/h3>\r\n                        <div class=\"row m-0\">\r\n                            <div class=\"text-modules__content\">\r\n                                <b>Krzysztof Paj\u0105k<\/b><\/p>\n<p><span style=\"font-weight: 400;\">Pe\u0142ni funkcj\u0119 kierownika Dzia\u0142u Rozwoju Aktywno\u015bci Studenckiej w Centrum ds. Os\u00f3b Studiuj\u0105cych Uniwersytetu \u015al\u0105skiego. Odpowiada za koordynacj\u0119 dzia\u0142a\u0144 wspieraj\u0105cych aktywno\u015b\u0107 student\u00f3w, rozw\u00f3j oferty programowej oraz wsp\u00f3\u0142prac\u0119 z organizacjami studenckimi i zespo\u0142ami uczelnianymi. Wsp\u00f3\u0142tworzy inicjatywy promuj\u0105ce zaanga\u017cowanie akademickie oraz nowoczesne podej\u015bcie do obs\u0142ugi spraw studenckich.<\/span><\/p>\n<p><span style=\"font-weight: 400;\">Jest r\u00f3wnie\u017c dyrektorem ds. naboru i spraw artystycznych \u015al\u0105skiego Festiwalu Nauki Katowice, gdzie koordynuje dzia\u0142ania programowe i wspiera tw\u00f3rcz\u0105 stron\u0119 wydarzenia.<\/span><\/p>\n<p><span style=\"font-weight: 400;\">Prywatnie pasjonat kolarstwa d\u0142ugodystansowego i wypraw rowerowych, mi\u0142o\u015bnik pleneru, zr\u00f3wnowa\u017conego transportu oraz rozwi\u0105za\u0144 usprawniaj\u0105cych zarz\u0105dzanie i komunikacj\u0119.<\/span><\/p>\n<p><span style=\"font-weight: 400;\">nr tel.: 32 359 2325<\/span><span style=\"font-weight: 400;\"><br \/>\n<\/span><span style=\"font-weight: 400;\">e-mail:\u00a0<\/span><a href=\"mailto:krzysztof.pajak@us.edu.pl\"><span style=\"font-weight: 400;\">krzysztof.pajak@us.edu.pl<\/span><\/a><\/p>\n<p><b>Aleksandra Kwiatkowska<\/b><\/p>\n<p><span style=\"font-weight: 400;\">Ola jest dyrektork\u0105 Studenckiego Zespo\u0142u Pie\u015bni i Ta\u0144ca \u201eKatowice\u201d Uniwersytetu \u015al\u0105skiego. Je\u015bli marzy\u0142a Ci si\u0119 kiedy\u015b kariera sceniczna, \u015bmia\u0142o mo\u017cesz si\u0119 z ni\u0105 skontaktowa\u0107! Dodatkowo Ola zajmuje si\u0119 bie\u017c\u0105cymi sprawami COS i razem z kilkoma osobami adaptacj\u0105 pierwszorocznych student\u00f3w, integracj\u0105 \u015brodowiska akademickiego. Cz\u0119sto pracuje przy niekonwencjonalnych projektach. Uczestniczy te\u017c w pracach Biura Organizacyjnego \u015al\u0105skiego Festiwalu Nauki Katowice.<\/span><\/p>\n<p><span style=\"font-weight: 400;\">nr tel:\u00a032 359 2463<\/span><span style=\"font-weight: 400;\"><br \/>\n<\/span><span style=\"font-weight: 400;\">e-mail:\u00a0<\/span><a href=\"mailto:aleksandra.kwiatkowska@us.edu.pl\"><span style=\"font-weight: 400;\">aleksandra.kwiatkowska@us.edu.pl<\/span><\/a><\/p>\n<p><b>Paulina \u015awita\u0142a<\/b><\/p>\n<p><span style=\"font-weight: 400;\">Paulina koordynuje Zespo\u0142em ds. komunikacji i rozwoju naukowego. Je\u015bli szukasz wsparcia przy prowadzeniu inicjatyw i bada\u0144 naukowych lub chcia\u0142by\u015b pochwali\u0107 si\u0119 swoimi sukcesami, skieruj swoje kroki do pokoju 0.9. Paulina jest tak\u017ce cz\u0142onkiem komitetu organizacyjnego \u015al\u0105skiego Festiwalu Nauki Katowice oraz koordynatorem biura Forum Festiwali Nauki.<\/span><\/p>\n<p><span style=\"font-weight: 400;\">nr tel:\u00a032 359 2464<\/span><span style=\"font-weight: 400;\"><br \/>\n<\/span><span style=\"font-weight: 400;\">e-mail:\u00a0<\/span><a href=\"mailto:paulina.switala@us.edu.pl\"><span style=\"font-weight: 400;\">paulina.switala@us.edu.pl<\/span><\/a><\/p>\n<p><b>Magdalena Lier<\/b><\/p>\n<p><span style=\"font-weight: 400;\">Magda zajmuje si\u0119 bie\u017c\u0105cymi sprawami COS i razem z kilkoma osobami adaptacj\u0105 pierwszorocznych student\u00f3w, dodatkowo zajmuje si\u0119 dost\u0119pno\u015bci\u0105 na Uniwersytecie \u015al\u0105skim. Mo\u017cesz zg\u0142osi\u0107 si\u0119 do niej, je\u017celi masz pytania dotycz\u0105ce Indywidualnego Dostosowania Studi\u00f3w. Magda jest tak\u017ce cz\u0142onkiem komitetu organizacyjnego \u015al\u0105skiego Festiwalu Nauki Katowice.<\/span><\/p>\n<p><span style=\"font-weight: 400;\">nr tel.: 32 359 2462<\/span><span style=\"font-weight: 400;\"><br \/>\n<\/span><span style=\"font-weight: 400;\">e-mail:\u00a0<\/span><a href=\"mailto:magdalena.lier@us.edu.pl\"><span style=\"font-weight: 400;\">magdalena.lier@us.edu.pl<\/span><\/a><\/p>\n<p><b>Joanna M\u00fcller<\/b><\/p>\n<p><span style=\"font-weight: 400;\">Zajmuje si\u0119 wsparciem organizacji studenckich oraz os\u00f3b studiuj\u0105cych ze specjalnymi potrzebami. Je\u015bli chcesz za\u0142o\u017cy\u0107 ko\u0142o naukowe i otrzyma\u0107 finanse na jego dzia\u0142alno\u015b\u0107, Asia krok po kroku wyja\u015bni, jakich procedur nale\u017cy dopilnowa\u0107<\/span><i><span style=\"font-weight: 400;\">.<\/span><\/i><i><span style=\"font-weight: 400;\"><br \/>\n<\/span><\/i><span style=\"font-weight: 400;\"><br \/>\nnr tel: +48 507 181\u00a0663<br \/>\n<\/span><span style=\"font-weight: 400;\">e-mail:\u00a0<\/span><a href=\"mailto:joanna.muller@us.edu.pl\"><span style=\"font-weight: 400;\">joanna.muller@us.edu.pl<\/span><\/a><\/p>\n<p><b>Anna Szrama<\/b><\/p>\n<p><span style=\"font-weight: 400;\">Ania zajmuje si\u0119 dodatkowym ubezpieczeniem student\u00f3w i doktorant\u00f3w. Je\u015bli b\u0119dziesz delegowany przez Uniwersytet \u015al\u0105ski do realizacji zada\u0144 lub wyjazdu zagranicznego, kt\u00f3re b\u0119d\u0105 wymaga\u0142y dla Ciebie dodatkowej ochrony, Ania pomo\u017ce dope\u0142ni\u0107 formalno\u015bci.<\/span><\/p>\n<p><span style=\"font-weight: 400;\">nr tel: 32\u00a0359 2283<br \/>\n<\/span><span style=\"font-weight: 400;\">e-mail: <\/span><a href=\"mailto:anna.szrama@us.edu.pl\"><span style=\"font-weight: 400;\">anna.szrama@us.edu.pl<\/span><\/a><\/p>\n<p><b>Katarzyna Zieli\u0144ska<\/b><\/p>\n<p><span style=\"font-weight: 400;\">Kasia wspiera student\u00f3w w codziennym funkcjonowaniu na uczelni oraz w rozwoju naukowym \u2013 odpowiada na maile, pomaga w procesie adaptacji, dba o przyjazn\u0105 przestrze\u0144 do nauki i odpoczynku dla os\u00f3b studiuj\u0105cych. Jej celem jest tworzenie miejsca, gdzie ka\u017cdy mo\u017ce poczu\u0107 si\u0119 dobrze i komfortowo.<\/span><\/p>\n<p><span style=\"font-weight: 400;\">nr tel: 32\u00a0359 1910<br \/>\n<\/span><span style=\"font-weight: 400;\">e-mail: katarzyna.zielinska@us.edu.pl<\/span><\/p>\n<p><b>Katarzyna Szyma\u0144ska-Caputa<\/b><\/p>\n<p><span style=\"font-weight: 400;\">Katarzyna zajmuje si\u0119 obs\u0142ug\u0105 administracyjn\u0105 Uczelnianej Rady Samorz\u0105du Studenckiego. Dy\u017curuje w godz. 9.30\u201313.30.<\/span><span style=\"font-weight: 400;\"><br \/>\n<\/span><span style=\"font-weight: 400;\">nr tel: 32 359 1588<\/span><span style=\"font-weight: 400;\"><br \/>\n<\/span><span style=\"font-weight: 400;\">e-mail:\u00a0<\/span><a href=\"mailto:katarzyna.szymanska-caputa@us.edu.pl\"><span style=\"font-weight: 400;\">katarzyna.szymanska-caputa@us.edu.pl<\/span><\/a><\/p>\n<div class=\"mt-3\"><\/div>\r\n                            <\/div>\r\n                            \r\n                            \r\n                        <\/div>\r\n                    <\/div>\r\n                <\/div>[\/vc_column][\/vc_row]<\/p>","protected":false},"excerpt":{"rendered":"<p>[vc_row][vc_column][\/vc_column][\/vc_row] [&#8230;]<\/p>\n<p><a class=\"btn btn-secondary understrap-read-more-link\" href=\"https:\/\/us.edu.pl\/student\/wda\/poznaj-cos\/\">Read More&#8230;<\/a><\/p>\n","protected":false},"author":28,"featured_media":0,"parent":23889,"menu_order":0,"comment_status":"closed","ping_status":"closed","template":"","meta":{"_expiration-date-status":"","_expiration-date":0,"_expiration-date-type":"","_expiration-date-categories":[],"_expiration-date-options":[]},"acf":[],"_links":{"self":[{"href":"https:\/\/us.edu.pl\/student\/wp-json\/wp\/v2\/pages\/24951"}],"collection":[{"href":"https:\/\/us.edu.pl\/student\/wp-json\/wp\/v2\/pages"}],"about":[{"href":"https:\/\/us.edu.pl\/student\/wp-json\/wp\/v2\/types\/page"}],"author":[{"embeddable":true,"href":"https:\/\/us.edu.pl\/student\/wp-json\/wp\/v2\/users\/28"}],"replies":[{"embeddable":true,"href":"https:\/\/us.edu.pl\/student\/wp-json\/wp\/v2\/comments?post=24951"}],"version-history":[{"count":10,"href":"https:\/\/us.edu.pl\/student\/wp-json\/wp\/v2\/pages\/24951\/revisions"}],"predecessor-version":[{"id":58971,"href":"https:\/\/us.edu.pl\/student\/wp-json\/wp\/v2\/pages\/24951\/revisions\/58971"}],"up":[{"embeddable":true,"href":"https:\/\/us.edu.pl\/student\/wp-json\/wp\/v2\/pages\/23889"}],"wp:attachment":[{"href":"https:\/\/us.edu.pl\/student\/wp-json\/wp\/v2\/media?parent=24951"}],"curies":[{"name":"wp","href":"https:\/\/api.w.org\/{rel}","templated":true}]}}