{"id":25063,"date":"2020-10-05T10:25:10","date_gmt":"2020-10-05T08:25:10","guid":{"rendered":"https:\/\/us.edu.pl\/student\/?page_id=25063"},"modified":"2022-03-31T16:08:49","modified_gmt":"2022-03-31T14:08:49","slug":"dzialalnosc-sportowa","status":"publish","type":"page","link":"https:\/\/us.edu.pl\/student\/wda\/skarbiec-wiedzy\/dzialalnosc-sportowa\/","title":{"rendered":"Dzia\u0142alno\u015b\u0107 sportowa"},"content":{"rendered":"<p>[vc_row][vc_column]\r\n                <div class=\"text-modules \">\r\n                    <div class=\"container\">\r\n                        <h3 class=\"section-title section-title_border-bottom\">Dzia\u0142alno\u015b\u0107 sportowa na Uniwersytecie \u015al\u0105skim<\/h3> \r\n                        <div class=\"row m-0\">\r\n                            <div class=\"text-modules__content\">\r\n                                <span style=\"font-weight: 400;\">Dzia\u0142alno\u015b\u0107 sportowa na Uniwersytecie \u015al\u0105skim opiera si\u0119 na dw\u00f3ch jednostkach:<\/span><\/p>\n<ul>\n<li><span style=\"font-weight: 400;\"><strong>CWFiS U\u015a<\/strong> &#8211; Centrum Wychowania Fizycznego i Sportu jest jednostk\u0105 mi\u0119dzywydzia\u0142ow\u0105 U\u015a prowadz\u0105c\u0105 dzia\u0142alno\u015b\u0107 dydaktyczn\u0105 z zakresu kultury fizycznej. Jest odpowiedzialna g\u0142\u00f3wnie za prowadzenie zaj\u0119\u0107 obligatoryjnych z wychowania fizycznego dla student\u00f3w U\u015a. Jest r\u00f3wnie\u017c organizatorem lub wsp\u00f3\u0142organizatorem r\u00f3\u017cnych imprez rekreacyjnych, sportowych w Uniwersytecie \u015al\u0105skim.<\/span><\/li>\n<li><span style=\"font-weight: 400;\"><strong>AZS U\u015a<\/strong> &#8211; Akademicki Zwi\u0105zek Sportowy Uniwersytetu \u015al\u0105skiego jest klubem sportowym dzia\u0142aj\u0105cym przy Uniwersytecie, dzia\u0142aj\u0105cym w og\u00f3lnopolskich strukturach AZS. Jest odpowiedzialny za organizacj\u0119 i prowadzenie sekcji sportowych zar\u00f3wno tych rekreacyjnych jak i wyczynowych. Jest cz\u0119sto gospodarzem (organizatorem) r\u00f3\u017cnych imprez rangi Akademickich Mistrzostw Polski.<\/span><\/li>\n<\/ul>\n<p><span style=\"font-weight: 400;\">Poprzez \u015bcis\u0142\u0105 wsp\u00f3\u0142prac\u0119 obu wymienionych jednostek studenci Uniwersytetu \u015al\u0105skiego w trakcie realizacji swoich zaj\u0119\u0107 obligatoryjnych z wychowania fizycznego maj\u0105 do wyboru bogat\u0105 list\u0119 dyscyplin sportowych realizowanych zar\u00f3wno przez CWFiS a tak\u017ce jako zaj\u0119cia r\u00f3wnowa\u017cne zaj\u0119ciom WF &#8211; poprzez udzia\u0142 w sekcjach AZS.<\/span><\/p>\n<p><span style=\"font-weight: 400;\">W bie\u017c\u0105cym semestrze (2020\/2021) zaj\u0119cia z wychowania fizycznego s\u0105 realizowane poprzez CWFiS w trybie hybrydowym z nastawieniem g\u0142\u00f3wnie na zaj\u0119cia kontaktowe na obiektach sportowych oraz w terenie. Zaj\u0119cia sportowe sekcji sportowych AZS b\u0119d\u0105 realizowane w 100% w trybie kontaktowym.<\/span> \r\n                                <div class=\"mt-3\"><\/div>\r\n                            <\/div>\r\n                            \r\n                            \r\n                        <\/div>\r\n                    <\/div>\r\n                <\/div>[\/vc_column][\/vc_row]<\/p>","protected":false},"excerpt":{"rendered":"<p>[vc_row][vc_column][\/vc_column][\/vc_row] [&#8230;]<\/p>\n<p><a class=\"btn btn-secondary understrap-read-more-link\" href=\"https:\/\/us.edu.pl\/student\/wda\/skarbiec-wiedzy\/dzialalnosc-sportowa\/\">Read More&#8230;<\/a><\/p>\n","protected":false},"author":28,"featured_media":0,"parent":24454,"menu_order":0,"comment_status":"closed","ping_status":"closed","template":"","meta":{"_expiration-date-status":"saved","_expiration-date":0,"_expiration-date-type":"","_expiration-date-categories":[],"_expiration-date-options":[]},"acf":[],"_links":{"self":[{"href":"https:\/\/us.edu.pl\/student\/wp-json\/wp\/v2\/pages\/25063"}],"collection":[{"href":"https:\/\/us.edu.pl\/student\/wp-json\/wp\/v2\/pages"}],"about":[{"href":"https:\/\/us.edu.pl\/student\/wp-json\/wp\/v2\/types\/page"}],"author":[{"embeddable":true,"href":"https:\/\/us.edu.pl\/student\/wp-json\/wp\/v2\/users\/28"}],"replies":[{"embeddable":true,"href":"https:\/\/us.edu.pl\/student\/wp-json\/wp\/v2\/comments?post=25063"}],"version-history":[{"count":0,"href":"https:\/\/us.edu.pl\/student\/wp-json\/wp\/v2\/pages\/25063\/revisions"}],"up":[{"embeddable":true,"href":"https:\/\/us.edu.pl\/student\/wp-json\/wp\/v2\/pages\/24454"}],"wp:attachment":[{"href":"https:\/\/us.edu.pl\/student\/wp-json\/wp\/v2\/media?parent=25063"}],"curies":[{"name":"wp","href":"https:\/\/api.w.org\/{rel}","templated":true}]}}