{"id":25071,"date":"2020-10-05T10:33:17","date_gmt":"2020-10-05T08:33:17","guid":{"rendered":"https:\/\/us.edu.pl\/student\/?page_id=25071"},"modified":"2022-03-31T16:06:48","modified_gmt":"2022-03-31T14:06:48","slug":"stanowiska-komputerowe-do-pracy","status":"publish","type":"page","link":"https:\/\/us.edu.pl\/student\/wda\/skarbiec-wiedzy\/stanowiska-komputerowe-do-pracy\/","title":{"rendered":"Stanowiska komputerowe do pracy"},"content":{"rendered":"<p>[vc_row][vc_column]\r\n                <div class=\"text-modules \">\r\n                    <div class=\"container\">\r\n                        <h3 class=\"section-title section-title_border-bottom\">Stanowiska komputerowe do pracy<\/h3> \r\n                        <div class=\"row m-0\">\r\n                            <div class=\"text-modules__content\">\r\n                                <span style=\"font-weight: 400;\">W trosce o umo\u017cliwienie wszystkim studentom, doktorantom i pracownikom realizacji zaj\u0119\u0107 dydaktycznych w niezak\u0142\u00f3cony spos\u00f3b na wszystkich wydzia\u0142ach Uniwersytetu \u015al\u0105skiego w Katowicach powsta\u0142y stanowiska komputerowe do pracy indywidualnej. Stanowiska zosta\u0142y wyposa\u017cone w sprz\u0119t umo\u017cliwiaj\u0105cy przeprowadzenie zaj\u0119\u0107 i udzia\u0142 w nich oraz przeprowadzenie egzamin\u00f3w w formie zdalnej. Liczba stanowisk b\u0119dzie zwi\u0119kszana w miar\u0119 potrzeb.<\/span><\/p>\n<p><span style=\"font-weight: 400;\">Prosimy o zapoznanie si\u0119 z og\u00f3lnymi zasadami korzystania ze stanowisk oraz zg\u0142aszanie z wyprzedzeniem pro\u015bby o rezerwacj\u0119 stanowiska do w\u0142a\u015bciwej jednostki (adresy wskazane poni\u017cej). Ze stanowisk w pierwszej kolejno\u015bci b\u0119d\u0105 korzysta\u0142y osoby niemog\u0105ce u\u017cy\u0107 w\u0142asnego sprz\u0119tu.<\/span><\/p>\n<p><span style=\"font-weight: 400;\">\u00a0<\/span><\/p>\n<p><span style=\"font-weight: 400;\">OG\u00d3LNE ZASADY U\u017bYTKOWANIA STANOWISK KOMPUTEROWYCH DO CEL\u00d3W ZDALNEGO KSZTA\u0141CENIA W UNIWERSYTECIE \u015aL\u0104SKIM<\/span><\/p>\n<ul>\n<li style=\"font-weight: 400;\"><span style=\"font-weight: 400;\">Student, doktorant oraz pracownik zg\u0142asza pro\u015bb\u0119 o rezerwacj\u0119 stanowiska komputerowego do cel\u00f3w zwi\u0105zanych z kszta\u0142ceniem pod w\u0142a\u015bciwy adres e-mail (odr\u0119bny dla ka\u017cdego wydzia\u0142u, ich spis znajduje si\u0119 na dole strony) z co najmniej jednodniowym wyprzedzeniem, do godz. 14.00. Mo\u017cliwe jest skorzystanie ze stanowiska bez wcze\u015bniejszej rezerwacji, pod warunkiem dost\u0119pno\u015bci stanowisk komputerowych oraz uzasadnienia konieczno\u015bci nag\u0142ego skorzystania ze sprz\u0119tu. W zg\u0142oszeniu mailowym nale\u017cy okre\u015bli\u0107 cel korzystania ze stanowiska (np. egzamin, pisanie pracy, zaj\u0119cia zdalne).\u00a0\u00a0<\/span><\/li>\n<li style=\"font-weight: 400;\"><span style=\"font-weight: 400;\">Wskazane na wydzia\u0142ach osoby przekazuj\u0105 u\u017cytkownikowi potwierdzenie w formie wiadomo\u015bci elektronicznej, w kt\u00f3rej znajduj\u0105 si\u0119 informacje o tym, gdzie znajduje si\u0119 zarezerwowane stanowisko (budynek, sala) oraz wskaz\u00f3wki dotycz\u0105ce sposobu odbioru stanowiska (np. pob\u00f3r klucza). W przypadku braku wolnych stanowisk na wybranym wydziale mo\u017cliwe b\u0119dzie korzystanie ze stanowisk dost\u0119pnych na innych wydzia\u0142ach lub w Centrum Informacji Naukowej i Bibliotece Akademickiej (szczeg\u00f3\u0142y: <\/span><a href=\"https:\/\/ciniba.edu.pl\/kabiny-pracy-indywidualnej-alias\"><span style=\"font-weight: 400;\">https:\/\/ciniba.edu.pl\/kabiny-pracy-indywidualnej-alias<\/span><\/a><span style=\"font-weight: 400;\">).<\/span><\/li>\n<li style=\"font-weight: 400;\"><span style=\"font-weight: 400;\">Przy odbiorze stanowiska osoba odpowiedzialna za sprz\u0119t mo\u017ce poprosi\u0107 o okazanie na urz\u0105dzeniu elektronicznym maila z\u00a0 potwierdzeniem rezerwacji.<\/span><\/li>\n<li style=\"font-weight: 400;\"><span style=\"font-weight: 400;\">Przy odbiorze stanowiska u\u017cytkownik mo\u017ce by\u0107 proszony o podpisanie karty stanowiska, na kt\u00f3rej znajduj\u0105 si\u0119 informacje o wypo\u017cyczanym sprz\u0119cie. U\u017cytkownik mo\u017ce by\u0107 proszony o z\u0142o\u017cenie o\u015bwiadczenia, \u017ce zapozna\u0142 si\u0119 z og\u00f3lnymi zasadami u\u017cytkowania stanowiska oraz o pozostawienie niezb\u0119dnych danych kontaktowych.<\/span><\/li>\n<li style=\"font-weight: 400;\"><span style=\"font-weight: 400;\">Stanowisko komputerowe mo\u017ce by\u0107 wykorzystywane wy\u0142\u0105cznie do cel\u00f3w zwi\u0105zanych z uzyskiwaniem efekt\u00f3w kszta\u0142cenia, w tym na potrzeby realizacji zaj\u0119\u0107, sesji egzaminacyjnej, egzamin\u00f3w dyplomowych oraz pracy w\u0142asnej.<\/span><\/li>\n<li style=\"font-weight: 400;\"><span style=\"font-weight: 400;\">Ze stanowisk mo\u017cna korzysta\u0107 w godzinach, w kt\u00f3rych planowane s\u0105 zaj\u0119cia, egzaminy, zaliczenia oraz w standardowych godzinach pracy administracji wydzia\u0142u. Korzystanie ze stanowisk w innych godzinach b\u0119dzie mo\u017cliwe tylko po wcze\u015bniejszych ustaleniach.<\/span><\/li>\n<li style=\"font-weight: 400;\"><span style=\"font-weight: 400;\">U\u017cytkownik ponosi odpowiedzialno\u015b\u0107 za u\u017cytkowanie sprz\u0119tu zgodnie z jego przeznaczeniem do cel\u00f3w zwi\u0105zanych z kszta\u0142ceniem, zachowuj\u0105c wzgl\u0119dy bezpiecze\u0144stwa pracy w sieci.<\/span><\/li>\n<li style=\"font-weight: 400;\"><span style=\"font-weight: 400;\">U\u017cytkownik korzysta wy\u0142\u0105cznie z tego sprz\u0119tu komputerowego znajduj\u0105cego si\u0119 w danym pomieszczeniu, kt\u00f3ry zosta\u0142 mu wypo\u017cyczony oraz pozostawia wszelki sprz\u0119t komputerowy znajduj\u0105cy si\u0119 w danym pomieszczeniu w stanie kompletnym i niepogorszonym.<\/span><\/li>\n<li style=\"font-weight: 400;\"><span style=\"font-weight: 400;\">O wszelkich wadach sprz\u0119tu (w tym powsta\u0142ych z w\u0142asnej winy) u\u017cytkownik informuje osob\u0119 odpowiedzialn\u0105 za sprz\u0119t na wydziale.<\/span><\/li>\n<li style=\"font-weight: 400;\"><span style=\"font-weight: 400;\">Stanowisko komputerowe jest dezynfekowane po ka\u017cdym u\u017cytkowaniu.<\/span><\/li>\n<li style=\"font-weight: 400;\"><span style=\"font-weight: 400;\">Zaleca si\u0119, aby u\u017cytkownicy korzystali ze sprz\u0119tu, maj\u0105c za\u0142o\u017cone maseczki oraz r\u0119kawiczki.<\/span><\/li>\n<\/ul>\n<p><i><span style=\"font-weight: 400;\">Uwaga: uczelnia oferuje mo\u017cliwo\u015b\u0107 korzystania z zestaw\u00f3w s\u0142uchawkowych, jednak\u017ce w trosce o komfort u\u017cytkownik\u00f3w zaleca si\u0119 u\u017cywanie w\u0142asnego zestawu.<\/span><\/i><\/p>\n<p><a href=\"https:\/\/us.edu.pl\/student\/komunikaty\/informacja-dotyczaca-przetwarzania-danych-osobowych-podczas-weryfikacji-osiagnietych-efektow-uczenia-sie-z-wykorzystaniem-narzedzi-informatycznych\/\"><span style=\"font-weight: 400;\">Informacja dotycz\u0105ca przetwarzania danych osobowych podczas weryfikacji osi\u0105gni\u0119tych efekt\u00f3w uczenia si\u0119 z wykorzystaniem narz\u0119dzi informatycznych<\/span><\/a><\/p>\n<p><span style=\"font-weight: 400;\">\u00a0<\/span><\/p>\n<p><span style=\"font-weight: 400;\">Zainteresowani skorzystaniem ze stanowiska komputerowego na poszczeg\u00f3lnych wydzia\u0142ach proszeni s\u0105 o kontakt:<\/span><\/p>\n<ul>\n<li style=\"font-weight: 400;\"><span style=\"font-weight: 400;\">Wydzia\u0142 Nauk Przyrodniczych<\/span><span style=\"font-weight: 400;\"><br \/>\n<\/span><span style=\"font-weight: 400;\">Katowice: <\/span><a href=\"mailto:dydaktyka_ibiol@us.edu.pl\"><span style=\"font-weight: 400;\">dydaktyka_ibiol@us.edu.pl<\/span><span style=\"font-weight: 400;\"><br \/>\n<\/span><\/a><span style=\"font-weight: 400;\">Sosnowiec: <\/span><a href=\"mailto:dziekanat.wnp-sosnowiec@us.edu.pl\"><span style=\"font-weight: 400;\">dziekanat.wnp-sosnowiec@us.edu.pl<\/span><\/a><\/li>\n<li style=\"font-weight: 400;\"><span style=\"font-weight: 400;\">Wydzia\u0142 Nauk \u015acis\u0142ych i Technicznych<\/span><span style=\"font-weight: 400;\"><br \/>\n<\/span><span style=\"font-weight: 400;\">Katowice, ul. Bankowa 14\/220: mgr in\u017c. Katarzyna Szczerba (tel. 32 359 19 70, <\/span><a href=\"mailto:katarzyna.szczerba@us.edu.pl\"><span style=\"font-weight: 400;\">katarzyna.szczerba@us.edu.pl<\/span><\/a><span style=\"font-weight: 400;\">)<\/span><span style=\"font-weight: 400;\"><br \/>\n<\/span><span style=\"font-weight: 400;\">Sosnowiec, ul. \u017bytnia 12\/2: mgr Marta Brysz-Michalska (tel. 32 269 18 50, <\/span><a href=\"mailto:marta.michalska@us.edu.pl\"><span style=\"font-weight: 400;\">marta.michalska@us.edu.pl<\/span><\/a><span style=\"font-weight: 400;\">)<\/span><span style=\"font-weight: 400;\"><br \/>\n<\/span><span style=\"font-weight: 400;\">Chorz\u00f3w, ul. 75. Pu\u0142ku Piechoty 1A\/P\/0\/12: mgr Wanda Iwachow (tel. 32 349 76 08, <\/span><a href=\"mailto:wanda.iwachow@us.edu.pl\"><span style=\"font-weight: 400;\">wanda.iwachow@us.edu.pl<\/span><\/a><span style=\"font-weight: 400;\">)<\/span><\/li>\n<li style=\"font-weight: 400;\"><span style=\"font-weight: 400;\">Wydzia\u0142 Nauk Spo\u0142ecznych<\/span><span style=\"font-weight: 400;\"><br \/>\n<\/span><span style=\"font-weight: 400;\">Katowice, ul. Bankowa 11 i ul. Bankowa 14: mgr Katarzyna G\u0142az (tel. 32 359 18 14, <\/span><a href=\"mailto:katarzyna.glaz@us.edu.pl\"><span style=\"font-weight: 400;\">katarzyna.glaz@us.edu.pl<\/span><\/a><span style=\"font-weight: 400;\">)<\/span><span style=\"font-weight: 400;\"><br \/>\n<\/span><span style=\"font-weight: 400;\">Katowice, ul. Gra\u017cy\u0144skiego 53: mgr Katarzyna Korner, tel. 32 359 97 35, <\/span><a href=\"mailto:katarzyna.korner@us.edu.pl\"><span style=\"font-weight: 400;\">katarzyna.korner@us.edu.pl<\/span><\/a><span style=\"font-weight: 400;\">)<\/span><\/li>\n<li style=\"font-weight: 400;\"><span style=\"font-weight: 400;\">Wydzia\u0142 Prawa i Administracji<\/span><span style=\"font-weight: 400;\"><br \/>\n<\/span><span style=\"font-weight: 400;\">Agnieszka Maro\u0144 (<\/span><a href=\"mailto:agnieszka.maron@us.edu.pl\"><span style=\"font-weight: 400;\">agnieszka.maron@us.edu.pl<\/span><\/a><span style=\"font-weight: 400;\">)<\/span><\/li>\n<li style=\"font-weight: 400;\"><span style=\"font-weight: 400;\">Szko\u0142a Filmowa im. Krzysztofa Kie\u015blowskiego U\u015a<\/span><span style=\"font-weight: 400;\"><br \/>\n<\/span><span style=\"font-weight: 400;\">tel. 32 359 24 04; 32 359 24 08; 32 359 24 09; <\/span><a href=\"mailto:dziekanat.sf@us.edu.pl\"><span style=\"font-weight: 400;\">dziekanat.sf@us.edu.pl<\/span><\/a><\/li>\n<li style=\"font-weight: 400;\"><span style=\"font-weight: 400;\">Wydzia\u0142 Humanistyczny<\/span><span style=\"font-weight: 400;\"><br \/>\n<\/span><a href=\"https:\/\/us.edu.pl\/wydzial\/wh\/sprawy-studenckie\/obrony-dyplomowe-2019-2020\/\"><span style=\"font-weight: 400;\">Wi\u0119cej informacji<\/span><\/a><\/li>\n<li style=\"font-weight: 400;\"><span style=\"font-weight: 400;\">Wydzia\u0142 Sztuki i Nauk o Edukacji<\/span><span style=\"font-weight: 400;\"><br \/>\n<\/span><span style=\"font-weight: 400;\">tel. 33 854 63 80, 33 854 61 00; <\/span><a href=\"mailto:dziekanat.wsne@us.edu.pl\"><span style=\"font-weight: 400;\">dziekanat.wsne@us.edu.pl<\/span><\/a><\/li>\n<li style=\"font-weight: 400;\"><span style=\"font-weight: 400;\">Wydzia\u0142 Teologiczny<\/span><span style=\"font-weight: 400;\"><br \/>\n<\/span><a href=\"mailto:teologia@us.edu.pl\"><span style=\"font-weight: 400;\">teologia@us.edu.pl<\/span><\/a><\/li>\n<\/ul>\n<div class=\"mt-3\"><\/div>\r\n                            <\/div>\r\n                            \r\n                            \r\n                        <\/div>\r\n                    <\/div>\r\n                <\/div>[\/vc_column][\/vc_row]<\/p>","protected":false},"excerpt":{"rendered":"<p>[vc_row][vc_column][\/vc_column][\/vc_row] [&#8230;]<\/p>\n<p><a class=\"btn btn-secondary understrap-read-more-link\" href=\"https:\/\/us.edu.pl\/student\/wda\/skarbiec-wiedzy\/stanowiska-komputerowe-do-pracy\/\">Read More&#8230;<\/a><\/p>\n","protected":false},"author":28,"featured_media":0,"parent":24454,"menu_order":0,"comment_status":"closed","ping_status":"closed","template":"","meta":{"_expiration-date-status":"saved","_expiration-date":0,"_expiration-date-type":"","_expiration-date-categories":[],"_expiration-date-options":[]},"acf":[],"_links":{"self":[{"href":"https:\/\/us.edu.pl\/student\/wp-json\/wp\/v2\/pages\/25071"}],"collection":[{"href":"https:\/\/us.edu.pl\/student\/wp-json\/wp\/v2\/pages"}],"about":[{"href":"https:\/\/us.edu.pl\/student\/wp-json\/wp\/v2\/types\/page"}],"author":[{"embeddable":true,"href":"https:\/\/us.edu.pl\/student\/wp-json\/wp\/v2\/users\/28"}],"replies":[{"embeddable":true,"href":"https:\/\/us.edu.pl\/student\/wp-json\/wp\/v2\/comments?post=25071"}],"version-history":[{"count":0,"href":"https:\/\/us.edu.pl\/student\/wp-json\/wp\/v2\/pages\/25071\/revisions"}],"up":[{"embeddable":true,"href":"https:\/\/us.edu.pl\/student\/wp-json\/wp\/v2\/pages\/24454"}],"wp:attachment":[{"href":"https:\/\/us.edu.pl\/student\/wp-json\/wp\/v2\/media?parent=25071"}],"curies":[{"name":"wp","href":"https:\/\/api.w.org\/{rel}","templated":true}]}}