{"id":25074,"date":"2020-10-05T10:43:52","date_gmt":"2020-10-05T08:43:52","guid":{"rendered":"https:\/\/us.edu.pl\/student\/?page_id=25074"},"modified":"2023-10-31T07:42:11","modified_gmt":"2023-10-31T06:42:11","slug":"indywidualne-dostosowanie-studiow-ids","status":"publish","type":"page","link":"https:\/\/us.edu.pl\/student\/wda\/slowniczek\/indywidualne-dostosowanie-studiow-ids\/","title":{"rendered":"Indywidualne dostosowanie studi\u00f3w (IDS)"},"content":{"rendered":"<p>[vc_row][vc_column]\r\n                <div class=\"text-modules\">\r\n                    <div class=\"container\">\r\n                        <h3 class=\"page-title text__title\">Indywidualne dostosowanie studi\u00f3w (IDS)<\/h3>\r\n                        <div class=\"text-modules__content\"><\/p>\n<p><iframe loading=\"lazy\" title=\"WDA: Indywidualne dostosowanie studi\u00f3w\" width=\"640\" height=\"360\" src=\"https:\/\/www.youtube.com\/embed\/dOMC7mukk-E?feature=oembed\" frameborder=\"0\" allow=\"accelerometer; autoplay; clipboard-write; encrypted-media; gyroscope; picture-in-picture; web-share\" allowfullscreen><\/iframe><\/p>\n<p>\n<\/div>\r\n                    <\/div>\r\n                <\/div>\r\n                <div class=\"text-modules \">\r\n                    <div class=\"container\">\r\n                         \r\n                        <div class=\"row m-0\">\r\n                            <div class=\"text-modules__content\">\r\n                                <span style=\"font-weight: 400;\">Osoby z niepe\u0142nosprawno\u015bci\u0105 studiuj\u0105ce na Uniwersytecie \u015al\u0105skim w Katowicach mog\u0105 ubiega\u0107 si\u0119 o przyznanie <\/span><b>Indywidualnego Dostosowania Studi\u00f3w<\/b><span style=\"font-weight: 400;\">.\u00a0<\/span><\/p>\n<p>&nbsp;<\/p>\n<p><span style=\"font-weight: 400;\">W tym celu nale\u017cy z\u0142o\u017cy\u0107\u00a0 w Centrum Obs\u0142ugi Student\u00f3w wniosek o IDS, kart\u0119 informacyjn\u0105, oraz aktualne orzeczenie o niepe\u0142nosprawno\u015bci lub inny r\u00f3wnowa\u017cny dokument (je\u015bli taki posiadasz). Wype\u0142nione i podpisane dokumenty mo\u017cesz z\u0142o\u017cy\u0107: osobi\u015bcie lub poczt\u0105 tradycyjn\u0105 w Centrum Obs\u0142ugi Student\u00f3w, ul. Bankowa 12, 40-007 Katowice, pok\u00f3j 123 (rektorat), lub drog\u0105 elektroniczn\u0105 \u2013 zeskanuj dokumenty i wy\u015blij na adres: <\/span><a href=\"mailto:dlastudenta@us.edu.pl\"><span style=\"font-weight: 400;\">dlastudenta@us.edu.pl<\/span><\/a><span style=\"font-weight: 400;\">, lub <\/span><a href=\"mailto:duo@us.edu.pl\"><span style=\"font-weight: 400;\">duo@us.edu.pl<\/span><\/a> <span style=\"font-weight: 400;\">w\u00a0temacie wiadomo\u015bci wpisz: IDS \u2013 swoje imi\u0119 i nazwisko. Orygina\u0142y dokument\u00f3w przynie\u015b na indywidualne spotkanie.<\/span><\/p>\n<p><span style=\"font-weight: 400;\">Formy wsparcia kt\u00f3re oferujemy w ramach IDS to mi\u0119dzy innymi: osobisty asystent, t\u0142umacz j\u0119zyka migowego, zmiana formy egzaminu z ustnej na pisemn\u0105 lub odwrotnie,\u00a0 powi\u0119kszone czcionki test\u00f3w lub egzamin\u00f3w kt\u00f3re b\u0119dziecie wype\u0142nia\u0107.<\/span><\/p>\n<p><span style=\"font-weight: 400;\">Przyjd\u017a na indywidualne spotkanie z przedstawicielami COS i koordynatorem ds. wsparcia z wydzia\u0142u, na kt\u00f3rym b\u0119dziesz studiowa\u0107. Podczas spotkania om\u00f3wimy potrzeby i mo\u017cliwo\u015bci zwi\u0105zane z\u00a0IDS. Wsp\u00f3lnie ustalimy najkorzystniejsze formy wsparcia.\u00a0<\/span><\/p>\n<p><span style=\"font-weight: 400;\">Wi\u0119cej informacji na stronie: <a href=\"https:\/\/us.edu.pl\/student\/wsparcie-i-fundusze\/dostosowanie-do-specjalnych-potrzeb\/\">Dostosowanie do specjalnych potrzeb\u00a0<\/a><\/span><\/p>\n<div class=\"mt-3\"><\/div>\r\n                            <\/div>\r\n                            \r\n                            \r\n                        <\/div>\r\n                    <\/div>\r\n                <\/div>[\/vc_column][\/vc_row]<\/p>","protected":false},"excerpt":{"rendered":"<p>[vc_row][vc_column][\/vc_column][\/vc_row] [&#8230;]<\/p>\n<p><a class=\"btn btn-secondary understrap-read-more-link\" href=\"https:\/\/us.edu.pl\/student\/wda\/slowniczek\/indywidualne-dostosowanie-studiow-ids\/\">Read More&#8230;<\/a><\/p>\n","protected":false},"author":28,"featured_media":0,"parent":24492,"menu_order":0,"comment_status":"closed","ping_status":"closed","template":"","meta":{"_expiration-date-status":"","_expiration-date":0,"_expiration-date-type":"","_expiration-date-categories":[],"_expiration-date-options":[]},"acf":[],"_links":{"self":[{"href":"https:\/\/us.edu.pl\/student\/wp-json\/wp\/v2\/pages\/25074"}],"collection":[{"href":"https:\/\/us.edu.pl\/student\/wp-json\/wp\/v2\/pages"}],"about":[{"href":"https:\/\/us.edu.pl\/student\/wp-json\/wp\/v2\/types\/page"}],"author":[{"embeddable":true,"href":"https:\/\/us.edu.pl\/student\/wp-json\/wp\/v2\/users\/28"}],"replies":[{"embeddable":true,"href":"https:\/\/us.edu.pl\/student\/wp-json\/wp\/v2\/comments?post=25074"}],"version-history":[{"count":1,"href":"https:\/\/us.edu.pl\/student\/wp-json\/wp\/v2\/pages\/25074\/revisions"}],"predecessor-version":[{"id":42052,"href":"https:\/\/us.edu.pl\/student\/wp-json\/wp\/v2\/pages\/25074\/revisions\/42052"}],"up":[{"embeddable":true,"href":"https:\/\/us.edu.pl\/student\/wp-json\/wp\/v2\/pages\/24492"}],"wp:attachment":[{"href":"https:\/\/us.edu.pl\/student\/wp-json\/wp\/v2\/media?parent=25074"}],"curies":[{"name":"wp","href":"https:\/\/api.w.org\/{rel}","templated":true}]}}