{"id":25077,"date":"2020-10-05T10:59:07","date_gmt":"2020-10-05T08:59:07","guid":{"rendered":"https:\/\/us.edu.pl\/student\/?page_id=25077"},"modified":"2022-03-31T16:10:38","modified_gmt":"2022-03-31T14:10:38","slug":"akademiki","status":"publish","type":"page","link":"https:\/\/us.edu.pl\/student\/wda\/skarbiec-wiedzy\/akademiki\/","title":{"rendered":"Akademiki"},"content":{"rendered":"<p>[vc_row][vc_column]\r\n                <div class=\"text-modules \">\r\n                    <div class=\"container\">\r\n                        <h3 class=\"section-title section-title_border-bottom\">Akademiki<\/h3> \r\n                        <div class=\"row m-0\">\r\n                            <div class=\"text-modules__content\">\r\n                                <b>Miejsca w\u00a0 domu studenckim (DS) Uniwersytetu \u015al\u0105skiego<\/b><\/p>\n<p><span style=\"font-weight: 400;\">Studenci U\u015a mog\u0105 ubiega\u0107 si\u0119 o przyznanie miejsca\/pokoju w domu studenta. Pierwsze\u0144stwo w przyznaniu miejsca\/pokoju w DS przys\u0142uguje studentom U\u015a znajduj\u0105cym si\u0119 w trudnej sytuacji materialnej, a tak\u017ce zamiejscowym doktorantom U\u015a, tzn.:<\/span><\/p>\n<ul>\n<li style=\"font-weight: 400;\"><span style=\"font-weight: 400;\">kt\u00f3rych miejsce pobytu sta\u0142ego znajduje si\u0119 w miejscowo\u015bci nieb\u0119d\u0105cej siedzib\u0105 w\u0142a\u015bciwego dla niego wydzia\u0142u U\u015a i planowany dojazd \u015brodkami transportu publicznego do siedziby wydzia\u0142u zajmuje co najmniej godzin\u0119,<\/span><\/li>\n<li style=\"font-weight: 400;\"><span style=\"font-weight: 400;\">b\u0119d\u0105cymi sierotami zupe\u0142nymi lub wychowankami domu dziecka,<\/span><\/li>\n<li style=\"font-weight: 400;\"><span style=\"font-weight: 400;\">niemaj\u0105cymi miejsca sta\u0142ego zameldowania.<\/span><\/li>\n<\/ul>\n<p><b>Pokoje jednoosobowe dla os\u00f3b z orzeczon\u0105 niepe\u0142nosprawno\u015bci\u0105 i wskazaniem lekarskim<\/b><\/p>\n<p><span style=\"font-weight: 400;\">Pierwsze\u0144stwo w przyznaniu pokoju jednoosobowego dla os\u00f3b z orzeczon\u0105 niepe\u0142nosprawno\u015bci\u0105 lub os\u00f3b chorych posiadaj\u0105cych wskazania lekarskie przys\u0142uguje studentom i doktorantom U\u015a w kolejno\u015bci:\u00a0<\/span><\/p>\n<ul>\n<li style=\"font-weight: 400;\"><span style=\"font-weight: 400;\">niepe\u0142nosprawnym posiadaj\u0105cym orzeczenie o stopniu niepe\u0142nosprawno\u015bci lub inne r\u00f3wnowa\u017cne orzeczenie,<\/span><\/li>\n<li style=\"font-weight: 400;\"><span style=\"font-weight: 400;\">chorym ze wskazaniem lekarza specjalisty,<\/span><\/li>\n<li style=\"font-weight: 400;\"><span style=\"font-weight: 400;\">chorym z innym wskazaniem lekarskim.<\/span><\/li>\n<\/ul>\n<p><span style=\"font-weight: 400;\">Pokoje jednoosobowe dostosowane dla os\u00f3b z orzeczon\u0105 niepe\u0142nosprawno\u015bci\u0105, poruszaj\u0105cych si\u0119 na w\u00f3zkach w pierwszej kolejno\u015bci przyznaje si\u0119 takim osobom.<\/span><\/p>\n<p>&nbsp;<\/p>\n<p><b>Inne pokoje jednoosobowe<\/b><\/p>\n<p><span style=\"font-weight: 400;\">Pierwsze\u0144stwo w przyznaniu pokoju jednoosobowego oraz pokoju jednoosobowego typu studio przys\u0142uguje studentom i doktorantom U\u015a:<\/span><\/p>\n<ul>\n<li style=\"font-weight: 400;\"><span style=\"font-weight: 400;\">ostatnich lat studi\u00f3w pierwszego, drugiego i trzeciego stopnia oraz jednolitych studi\u00f3w magisterskich,<\/span><\/li>\n<li style=\"font-weight: 400;\"><span style=\"font-weight: 400;\">studiuj\u0105cym na wi\u0119cej ni\u017c jednym kierunku w U\u015a lub r\u00f3wnolegle w innej szkole wy\u017cszej,<\/span><\/li>\n<li style=\"font-weight: 400;\"><span style=\"font-weight: 400;\">zamieszkuj\u0105cym w DS w poprzednich latach studi\u00f3w,<\/span><\/li>\n<li style=\"font-weight: 400;\"><span style=\"font-weight: 400;\">terminowo reguluj\u0105cym op\u0142aty za DS i przestrzegaj\u0105cym obowi\u0105zuj\u0105ce zasady zamieszkiwania w DS.<\/span><\/li>\n<\/ul>\n<p>&nbsp;<\/p>\n<p><b>Przyznawanie miejsc w DS\u00a0<\/b><\/p>\n<p><span style=\"font-weight: 400;\">Miejsca w DS przyznawane s\u0105 na wydzia\u0142ach na podstawie pisemnych wniosk\u00f3w zainteresowanych os\u00f3b lub w\u0142a\u015bciwych jednostek U\u015a, natomiast rektor przyznaje pokoje osobom z orzeczon\u0105 niepe\u0142nosprawno\u015bci\u0105 i wskazaniem lekarskim. Wnioski na nowy rok akademicki sk\u0142ada si\u0119 od czerwca do ko\u0144ca sierpnia danego roku w dziekanacie wydzia\u0142u, a dla os\u00f3b z orzeczon\u0105 niepe\u0142nosprawno\u015bci\u0105 i wskazaniem lekarskim w Biurze Studenckich Spraw Socjalnych (rektorat U\u015a, Katowice, ul. Bankowa 12, parter, pok\u00f3j 0.6<span style=\"font-size: 12pt;\">, <a href=\"mailto:bstud@us.edu.pl\">bstud@us.edu.pl<\/a><\/span>).<\/span><\/p>\n<p><span style=\"font-weight: 400;\">Skierowania uprawniaj\u0105ce do zakwaterowania od 1 pa\u017adziernika s\u0105 wa\u017cne przez 5 dni. Pozosta\u0142e skierowania trac\u0105 wa\u017cno\u015b\u0107 po up\u0142ywie 3 dni od daty obowi\u0105zywania skierowania.<\/span><\/p>\n<p><a href=\"https:\/\/us.edu.pl\/student\/wsparcie-i-fundusze\/akademiki-2\/\"><span style=\"font-weight: 400;\">Wnioski do pobrania.<\/span><\/a><\/p>\n<p><b>Zakwaterowanie w DS<\/b><\/p>\n<p><span style=\"font-weight: 400;\">O przyznaniu miejsca w DS informuje si\u0119 student\u00f3w i doktorant\u00f3w U\u015a poprzez system <a href=\"https:\/\/usosweb.us.edu.pl\/\">USOSweb<\/a>. Zainteresowany zakwaterowaniem student U\u015a sprawdza na swoim indywidualnym koncie w USOS w module \u201eakademiki\u201d, czy otrzyma\u0142 miejsce w DS.<\/span><\/p>\n<p><span style=\"font-weight: 400;\">Informacja taka powinna by\u0107 przekazana najp\u00f3\u017aniej do 16 wrze\u015bnia danego roku, chyba \u017ce zachodz\u0105 nieprzewidziane okoliczno\u015bci (np. pandemia koronawirusa). Do zakwaterowania w DS niezb\u0119dne s\u0105 nast\u0119puj\u0105ce dokumenty:<\/span><\/p>\n<ul>\n<li style=\"font-weight: 400;\"><span style=\"font-weight: 400;\">dow\u00f3d osobisty,<\/span><\/li>\n<li style=\"font-weight: 400;\"><span style=\"font-weight: 400;\">zdj\u0119cie do karty mieszka\u0144ca;<\/span><\/li>\n<li style=\"font-weight: 400;\"><span style=\"font-weight: 400;\">w przypadku os\u00f3b nieb\u0119d\u0105cych obywatelami RP dokument to\u017csamo\u015bci, paszport, wa\u017cna wiza pobytowa lub karta pobytu w RP,<\/span><\/li>\n<li style=\"font-weight: 400;\"><span style=\"font-weight: 400;\">potwierdzenie wp\u0142aty.<\/span><\/li>\n<\/ul>\n<p><span style=\"font-weight: 400;\">Przy zakwaterowaniu w DS mieszkaniec otrzymuje:<\/span><\/p>\n<ul>\n<li style=\"font-weight: 400;\"><span style=\"font-weight: 400;\">kart\u0119 mieszka\u0144ca DS, a w okresie wakacji kart\u0119 wst\u0119pu do DS,<\/span><\/li>\n<li style=\"font-weight: 400;\"><span style=\"font-weight: 400;\">kart\u0119 wyposa\u017cenia pokoju, w kt\u00f3rej wyszczeg\u00f3lniony jest sprz\u0119t znajduj\u0105cy si\u0119 <\/span><span style=\"font-weight: 400;\"><br \/>\n<\/span><span style=\"font-weight: 400;\">w danym pokoju\/segmencie\/studio,<\/span><\/li>\n<li style=\"font-weight: 400;\"><span style=\"font-weight: 400;\">komplet po\u015bcieli wraz z bielizn\u0105 po\u015bcielow\u0105,<\/span><\/li>\n<li style=\"font-weight: 400;\"><span style=\"font-weight: 400;\">klucze do pokoju.<\/span><\/li>\n<\/ul>\n<p><b>Op\u0142aty za zakwaterowanie w DS<\/b><\/p>\n<p><span style=\"font-weight: 400;\">Mieszkaniec wnosi op\u0142at\u0119 za miejsce w DS od daty obowi\u0105zywania skierowania bez wzgl\u0119du\u00a0 na dat\u0119 faktycznego zakwaterowania. Op\u0142aty wnoszone<\/span> <span style=\"font-weight: 400;\">s\u0105 w okresach miesi\u0119cznych <\/span><span style=\"font-weight: 400;\"><br \/>\n<\/span><span style=\"font-weight: 400;\">w terminie do ostatniego dnia danego miesi\u0105ca. Wyj\u0105tek stanowi pa\u017adziernik i ka\u017cdy miesi\u0105c stanowi\u0105cy pierwszy okres p\u0142atno\u015bci dla mieszka\u0144ca, op\u0142ata wnoszona jest z g\u00f3ry, nie p\u00f3\u017aniej ni\u017c w dniu kwaterowania.<\/span><\/p>\n<p><span style=\"font-weight: 400;\">Op\u0142at\u0119 za zakwaterowanie reguluje si\u0119 przelewem na konto Uniwersytetu \u015al\u0105skiego:<\/span><\/p>\n<p><b>ING BANK \u015aL\u0104SKI S. A. KATOWICE 12 1050 12141000 000700007958<\/b><\/p>\n<p><span style=\"font-weight: 400;\">W pozycji \u201etytu\u0142 wp\u0142aty\u201d podaje si\u0119;<\/span><\/p>\n<ul>\n<li style=\"font-weight: 400;\"><span style=\"font-weight: 400;\">numer\/nazw\u0119 domu studenta i miasto, w kt\u00f3rym on si\u0119 znajduje,<\/span><\/li>\n<li style=\"font-weight: 400;\"><span style=\"font-weight: 400;\">okres, kt\u00f3rego dotyczy wp\u0142ata,<\/span><\/li>\n<li style=\"font-weight: 400;\"><span style=\"font-weight: 400;\">imi\u0119 i nazwisko mieszka\u0144ca (je\u017celi przelew nie jest dokonywany z jego konta),<\/span><\/li>\n<li style=\"font-weight: 400;\"><span style=\"font-weight: 400;\">w przypadku student\u00f3w\/doktorant\u00f3w tak\u017ce nazw\u0119 uczelni i wydzia\u0142.<\/span><\/li>\n<\/ul>\n<p><span style=\"font-weight: 400;\">Istnieje tak\u017ce mo\u017cliwo\u015b\u0107 regulowania op\u0142at za DS kart\u0105 p\u0142atnicz\u0105 w wyznaczonych punktach osiedli akademickich.<\/span> <span style=\"font-weight: 400;\">Na portierniach op\u0142aca si\u0119 wy\u0142\u0105cznie kr\u00f3tkie pobyty go\u015bcinne i pobyty w ramach odwiedzin.<\/span><\/p>\n<p>&nbsp;<\/p>\n<p><b>\u00a0Wykwaterowanie z DS<\/b><\/p>\n<p><span style=\"font-weight: 400;\">W celu wykwaterowania z DS mieszkaniec jest zobowi\u0105zany zg\u0142osi\u0107 ten fakt administratorowi<\/span> <span style=\"font-weight: 400;\">DS z wyprzedzeniem.\u00a0<\/span><\/p>\n<p><span style=\"font-weight: 400;\">We wskazanym dniu mieszkaniec reguluje pozosta\u0142\u0105 nale\u017cno\u015b\u0107 za zakwaterowanie i pobiera kart\u0119 obiegow\u0105 na kt\u00f3rej\u00a0 potwierdza:<\/span><\/p>\n<ul>\n<li style=\"font-weight: 400;\"><span style=\"font-weight: 400;\">zwrot pobranego lub wypo\u017cyczonego sprz\u0119tu,\u00a0<\/span><\/li>\n<li style=\"font-weight: 400;\"><span style=\"font-weight: 400;\">zwrot po\u015bcieli i bielizny po\u015bcielowej do magazynu,\u00a0<\/span><\/li>\n<li style=\"font-weight: 400;\"><span style=\"font-weight: 400;\">wsp\u00f3\u0142mieszkaniec potwierdza swoim podpisem, \u017ce nie ma zastrze\u017ce\u0144 do stanu pokoju.<\/span><\/li>\n<\/ul>\n<p><span style=\"font-weight: 400;\">Ka\u017cdy mieszkaniec ponosi odpowiedzialno\u015b\u0107 materialn\u0105 za:<\/span><\/p>\n<ul>\n<li style=\"font-weight: 400;\"><span style=\"font-weight: 400;\">u\u017cytkowane mienie U\u015a, wyszczeg\u00f3lnione w karcie wyposa\u017cenia pokoju,\u00a0<\/span><\/li>\n<li style=\"font-weight: 400;\"><span style=\"font-weight: 400;\">po\u015bciel i bielizn\u0119 po\u015bcielow\u0105.\u00a0<\/span><\/li>\n<\/ul>\n<p><span style=\"font-weight: 400;\">Za wszelkie uszkodzenia i braki w sprz\u0119cie oraz inne straty materialne <\/span><span style=\"font-weight: 400;\"><br \/>\n<\/span><span style=\"font-weight: 400;\">w zajmowanym\/pokoju\/segmencie\/studio odpowiedzialno\u015b\u0107 ponosz\u0105 indywidualnie lub solidarnie mieszka\u0144cy tych pomieszcze\u0144 z uwzgl\u0119dnieniem obowi\u0105zuj\u0105cego cennika.\u00a0 Administrator wraz z mieszka\u0144cem ocenia stan pokoju i decyduje, czy\u00a0 pok\u00f3j mo\u017cna przyj\u0105\u0107. Je\u017celi w trakcie zdawania pokoju\/segmentu\/studio\u00a0 stwierdzone zostan\u0105 straty w mieniu U\u015a,\u00a0 mieszka\u0144cy zobowi\u0105zani s\u0105 pokry\u0107 koszty usuni\u0119cia usterek oraz zakupu utraconego mienia.<\/span><\/p>\n<p><b>Miejsca w DS dla os\u00f3b nieb\u0119d\u0105cych studentami U\u015a<\/b><\/p>\n<p><span style=\"font-weight: 400;\">W przypadku wolnych miejsc w DS inne osoby spoza naszej uczelni mog\u0105 ubiega\u0107 si\u0119 o miejsce w DS w nast\u0119puj\u0105cej kolejno\u015bci:<\/span><\/p>\n<ul>\n<li style=\"font-weight: 400;\"><span style=\"font-weight: 400;\">studenci innych uczelni z aktualnym potwierdzeniem statusu studenta,<\/span><\/li>\n<li style=\"font-weight: 400;\"><span style=\"font-weight: 400;\">absolwenci U\u015a,<\/span><\/li>\n<li style=\"font-weight: 400;\"><span style=\"font-weight: 400;\">osoby nieb\u0119d\u0105ce studentami.<\/span><\/li>\n<\/ul>\n<p><span style=\"font-weight: 400;\"><a href=\"https:\/\/us.edu.pl\/student\/wp-content\/uploads\/sites\/3\/dokumenty\/wniosek_nr_7_z_klauzula_informacyjna.docx\" class=\"mtli_attachment mtli_docx\" data-mtli=\"mtli_filesize18,89kB\">Wniosek o DS dla os\u00f3b spoza U\u015a<\/a><\/span><\/p>\n<p><span style=\"font-weight: 400;\">Wniosek sk\u0142ada si\u0119 w Biurze Studenckich Spraw Socjalnych (rektorat U\u015a, Katowice, ul. Bankowa 12, parter, pok\u00f3j 0.6, <a href=\"mailto:bstud@us.edu.pl\">bstud@us.edu.pl<\/a>).<\/span> \r\n                                <div class=\"mt-3\"><\/div>\r\n                            <\/div>\r\n                            \r\n                            \r\n                        <\/div>\r\n                    <\/div>\r\n                <\/div>[\/vc_column][\/vc_row]<\/p>\n<style type=\"text\/css\">a[data-mtli~=\"mtli_filesize18,89kB\"]:after {content:\" (18,89 kB)\"}<\/style>","protected":false},"excerpt":{"rendered":"<p>[vc_row][vc_column][\/vc_column][\/vc_row] [&#8230;]<\/p>\n<p><a class=\"btn btn-secondary understrap-read-more-link\" href=\"https:\/\/us.edu.pl\/student\/wda\/skarbiec-wiedzy\/akademiki\/\">Read More&#8230;<\/a><\/p>\n","protected":false},"author":28,"featured_media":0,"parent":24454,"menu_order":0,"comment_status":"closed","ping_status":"closed","template":"","meta":{"_expiration-date-status":"saved","_expiration-date":0,"_expiration-date-type":"","_expiration-date-categories":[],"_expiration-date-options":[]},"acf":[],"_links":{"self":[{"href":"https:\/\/us.edu.pl\/student\/wp-json\/wp\/v2\/pages\/25077"}],"collection":[{"href":"https:\/\/us.edu.pl\/student\/wp-json\/wp\/v2\/pages"}],"about":[{"href":"https:\/\/us.edu.pl\/student\/wp-json\/wp\/v2\/types\/page"}],"author":[{"embeddable":true,"href":"https:\/\/us.edu.pl\/student\/wp-json\/wp\/v2\/users\/28"}],"replies":[{"embeddable":true,"href":"https:\/\/us.edu.pl\/student\/wp-json\/wp\/v2\/comments?post=25077"}],"version-history":[{"count":0,"href":"https:\/\/us.edu.pl\/student\/wp-json\/wp\/v2\/pages\/25077\/revisions"}],"up":[{"embeddable":true,"href":"https:\/\/us.edu.pl\/student\/wp-json\/wp\/v2\/pages\/24454"}],"wp:attachment":[{"href":"https:\/\/us.edu.pl\/student\/wp-json\/wp\/v2\/media?parent=25077"}],"curies":[{"name":"wp","href":"https:\/\/api.w.org\/{rel}","templated":true}]}}