{"id":26503,"date":"2020-12-09T10:44:00","date_gmt":"2020-12-09T09:44:00","guid":{"rendered":"https:\/\/us.edu.pl\/student\/?page_id=26503"},"modified":"2025-12-02T15:14:56","modified_gmt":"2025-12-02T14:14:56","slug":"wyjazdy-zagraniczne","status":"publish","type":"page","link":"https:\/\/us.edu.pl\/student\/mobilnosc\/mobilnosc-miedzynarodowa\/wyjazdy-zagraniczne\/","title":{"rendered":"Wyjazdy zagraniczne"},"content":{"rendered":"<p>[vc_row][vc_column]\r\n            <div class=\"container\">  \r\n                <div class=\"lists-with-links\">\r\n                    <div class=\"section-title\">Procedury i formularze<\/div>\r\n                   <div class=\"lists-with-links__items lists-3\"><ul class=\"angle-list\"> <div class=\"angle-list__title\">Rodzaje wyjazd\u00f3w i wnioski<\/div><li> <a href=\"https:\/\/us.edu.pl\/student\/mobilnosc\/mobilnosc-miedzynarodowa\/wyjazdy-zagraniczne\/skierowanie-za-granice-ws\/\"> skierowanie za granic\u0119 - WS <\/a> <\/li><li> <a href=\"https:\/\/us.edu.pl\/student\/mobilnosc\/mobilnosc-miedzynarodowa\/wyjazdy-zagraniczne\/polecenie-wyjazdu-sluzbowego-wp\/\"> polecenie wyjazdu s\u0142u\u017cbowego - WP <\/a> <\/li><li> <a href=\"https:\/\/us.edu.pl\/student\/mobilnosc\/mobilnosc-miedzynarodowa\/wyjazdy-zagraniczne\/podstawy-prawne-wyjazdow-zagranicznych\/\"> podstawy prawne  <\/a> <\/li><li> <a href=\"https:\/\/us.edu.pl\/student\/mobilnosc\/mobilnosc-miedzynarodowa\/wyjazdy-zagraniczne\/bezpieczenstwo-wyjazdow\/\"> bezpiecze\u0144stwo wyjazd\u00f3w <\/a> <\/li><li> <a href=\"https:\/\/us.edu.pl\/student\/mobilnosc\/mobilnosc-miedzynarodowa\/wyjazdy-zagraniczne\/przydatne-linki\/\"> przydatne linki <\/a> <\/li><li> <a href=\"https:\/\/us.edu.pl\/student\/mobilnosc\/mobilnosc-miedzynarodowa\/wyjazdy-zagraniczne\/faq\/\"> FAQ <\/a> <\/li><\/ul><ul class=\"angle-list\"> <div class=\"angle-list__title\">Procedura wyjazd\u00f3w<\/div><li> <a href=\"https:\/\/us.edu.pl\/student\/mobilnosc\/mobilnosc-miedzynarodowa\/wyjazdy-zagraniczne\/zasady-ogolne\/\"> zasady og\u00f3lne <\/a> <\/li><li> <a href=\"https:\/\/us.edu.pl\/student\/mobilnosc\/mobilnosc-miedzynarodowa\/wyjazdy-zagraniczne\/zasady-zakupow-biletow-i-wiz\/\"> zasady zakup\u00f3w bilet\u00f3w i wiz <\/a> <\/li><li> <a href=\"https:\/\/us.edu.pl\/student\/mobilnosc\/mobilnosc-miedzynarodowa\/wyjazdy-zagraniczne\/samodzielny-zakup-biletow\/\"> samodzielny zakup bilet\u00f3w <\/a> <\/li><li> <a href=\"https:\/\/us.edu.pl\/student\/mobilnosc\/mobilnosc-miedzynarodowa\/wyjazdy-zagraniczne\/zakup-biletow-przez-biuro-podrozy\/\"> zakup bilet\u00f3w przez biuro podr\u00f3\u017cy <\/a> <\/li><li> <a href=\"https:\/\/us.edu.pl\/student\/mobilnosc\/mobilnosc-miedzynarodowa\/wyjazdy-zagraniczne\/diety-i-limity-za-noclegi\/\"> diety i limity za noclegi <\/a> <\/li><li> <a href=\"https:\/\/us.edu.pl\/student\/mobilnosc\/mobilnosc-miedzynarodowa\/wyjazdy-zagraniczne\/wiza\/\"> wiza <\/a> <\/li><li> <a href=\"https:\/\/us.edu.pl\/student\/mobilnosc\/mobilnosc-miedzynarodowa\/wyjazdy-zagraniczne\/ubezpieczenie\/\"> ubezpieczenie <\/a> <\/li><li> <a href=\"https:\/\/us.edu.pl\/student\/mobilnosc\/mobilnosc-miedzynarodowa\/wyjazdy-zagraniczne\/podroz-samochodem\/\"> podr\u00f3\u017c samochodem <\/a> <\/li><li> <a href=\"https:\/\/us.edu.pl\/student\/mobilnosc\/mobilnosc-miedzynarodowa\/wyjazdy-zagraniczne\/formularze\/\"> formularze <\/a> <\/li><\/ul><ul class=\"angle-list\"> <div class=\"angle-list__title\">Rozliczenie wyjazdu<\/div><li> <a href=\"https:\/\/us.edu.pl\/student\/mobilnosc\/mobilnosc-miedzynarodowa\/wyjazdy-zagraniczne\/zasady-ogolne-2\/\"> zasady og\u00f3lne <\/a> <\/li><li> <a href=\"https:\/\/us.edu.pl\/student\/mobilnosc\/mobilnosc-miedzynarodowa\/wyjazdy-zagraniczne\/skierowanie-za-granice\/\"> skierowanie za granic\u0119 - WS <\/a> <\/li><li> <a href=\"https:\/\/us.edu.pl\/student\/mobilnosc\/mobilnosc-miedzynarodowa\/wyjazdy-zagraniczne\/polecenie-wyjazdu-sluzbowego\/\"> polecenie wyjazdu s\u0142u\u017cbowego - WP <\/a> <\/li><li> <a href=\"https:\/\/us.edu.pl\/student\/mobilnosc\/mobilnosc-miedzynarodowa\/wyjazdy-zagraniczne\/odwolania-lub-zmiana-terminu-wyjazdu\/\"> odwo\u0142anie lub zmiana terminu wyjazdu <\/a> <\/li><\/ul><\/div>\r\n                <\/div>\r\n            <\/div>[vc_row_inner el_class=&#8221;container&#8221;][vc_column_inner width=&#8221;1\/3&#8243;]\r\n                <div class=\"text-modules\">\r\n                    <div class=\"container\">\r\n                        \r\n                        <div class=\"text-modules__content\"><p><strong>Kontakt z Dzia\u0142em Mobilno\u015bci Mi\u0119dzynarodowych<br \/>\n<\/strong><\/p>\n<p>Dzia\u0142 Mobilno\u015bci Mi\u0119dzynarodowych<br \/>\nBiuro Rozlicze\u0144 Mobilno\u015bci Mi\u0119dzynarodowych<br \/>\n40-007 Katowice, ul. Bankowa 12<br \/>\npi\u0119tro 3, pok\u00f3j 3.5<br \/>\ntelefon: 32 359 14 00; 32 359 18 68<br \/>\ne-mail: <a href=\"mailto:brmm@us.edu.pl\">brmm@us.edu.pl<\/a><\/p>\n<p><span style=\"text-decoration: underline;\">Godziny otwarcia:<\/span><br \/>\nponiedzia\u0142ek \u2013 czwartek: 7:30 \u2013 12:00<br \/>\npi\u0105tek: zamkni\u0119te<\/p>\n<\/div>\r\n                    <\/div>\r\n                <\/div>[\/vc_column_inner][vc_column_inner width=&#8221;1\/3&#8243;][vc_btn title=&#8221;Kontakt w sprawie wyjazd\u00f3w Erasmus+&#8221; style=&#8221;custom&#8221; custom_background=&#8221;#002e5a&#8221; custom_text=&#8221;#ffffff&#8221; size=&#8221;lg&#8221; align=&#8221;center&#8221; button_block=&#8221;true&#8221; custom_onclick=&#8221;true&#8221; link=&#8221;url:https%3A%2F%2Ferasmus.us.edu.pl%2Fkontakt%2F%20&#8243;][vc_btn title=&#8221;Kontakt na wydzia\u0142ach lub w innych jednostkach&#8221; style=&#8221;custom&#8221; custom_background=&#8221;#002e5a&#8221; custom_text=&#8221;#ffffff&#8221; size=&#8221;lg&#8221; align=&#8221;center&#8221; button_block=&#8221;true&#8221; custom_onclick=&#8221;true&#8221; link=&#8221;url:https%3A%2F%2Fus.edu.pl%2Fpracownik%2Fsprawy-miedzynarodowe%2Fmobilnosc-miedzynarodowa%2Fwyjazdy-zagraniczne%2Fkontakt-na-wydzialach%2F%20&#8243;][\/vc_column_inner][vc_column_inner width=&#8221;1\/3&#8243;][\/vc_column_inner][\/vc_row_inner][\/vc_column][\/vc_row]<\/p>","protected":false},"excerpt":{"rendered":"<p>[vc_row][vc_column][vc_row_inner el_class=&#8221;container&#8221;][vc_column_inner width=&#8221;1\/3&#8243;][\/vc_column_inner][vc_column_inner width=&#8221;1\/3&#8243;][vc_btn title=&#8221;Kontakt w sprawie wyjazd\u00f3w Erasmus+&#8221; style=&#8221;custom&#8221; custom_background=&#8221;#002e5a&#8221; custom_text=&#8221;#ffffff&#8221; size=&#8221;lg&#8221; align=&#8221;center&#8221; button_block=&#8221;true&#8221; custom_onclick=&#8221;true&#8221; link=&#8221;url:https%3A%2F%2Ferasmus.us.edu.pl%2Fkontakt%2F%20&#8243;][vc_btn title=&#8221;Kontakt na wydzia\u0142ach lub w innych jednostkach&#8221; style=&#8221;custom&#8221; custom_background=&#8221;#002e5a&#8221; custom_text=&#8221;#ffffff&#8221; size=&#8221;lg&#8221; align=&#8221;center&#8221; button_block=&#8221;true&#8221; custom_onclick=&#8221;true&#8221; link=&#8221;url:https%3A%2F%2Fus.edu.pl%2Fpracownik%2Fsprawy-miedzynarodowe%2Fmobilnosc-miedzynarodowa%2Fwyjazdy-zagraniczne%2Fkontakt-na-wydzialach%2F%20&#8243;][\/vc_column_inner][vc_column_inner width=&#8221;1\/3&#8243;][\/vc_column_inner][\/vc_row_inner][\/vc_column][\/vc_row] [&#8230;]<\/p>\n<p><a class=\"btn btn-secondary understrap-read-more-link\" href=\"https:\/\/us.edu.pl\/student\/mobilnosc\/mobilnosc-miedzynarodowa\/wyjazdy-zagraniczne\/\">Read More&#8230;<\/a><\/p>\n","protected":false},"author":28,"featured_media":0,"parent":26494,"menu_order":0,"comment_status":"closed","ping_status":"closed","template":"","meta":{"_expiration-date-status":"","_expiration-date":0,"_expiration-date-type":"","_expiration-date-categories":[],"_expiration-date-options":[]},"acf":[],"_links":{"self":[{"href":"https:\/\/us.edu.pl\/student\/wp-json\/wp\/v2\/pages\/26503"}],"collection":[{"href":"https:\/\/us.edu.pl\/student\/wp-json\/wp\/v2\/pages"}],"about":[{"href":"https:\/\/us.edu.pl\/student\/wp-json\/wp\/v2\/types\/page"}],"author":[{"embeddable":true,"href":"https:\/\/us.edu.pl\/student\/wp-json\/wp\/v2\/users\/28"}],"replies":[{"embeddable":true,"href":"https:\/\/us.edu.pl\/student\/wp-json\/wp\/v2\/comments?post=26503"}],"version-history":[{"count":10,"href":"https:\/\/us.edu.pl\/student\/wp-json\/wp\/v2\/pages\/26503\/revisions"}],"predecessor-version":[{"id":60195,"href":"https:\/\/us.edu.pl\/student\/wp-json\/wp\/v2\/pages\/26503\/revisions\/60195"}],"up":[{"embeddable":true,"href":"https:\/\/us.edu.pl\/student\/wp-json\/wp\/v2\/pages\/26494"}],"wp:attachment":[{"href":"https:\/\/us.edu.pl\/student\/wp-json\/wp\/v2\/media?parent=26503"}],"curies":[{"name":"wp","href":"https:\/\/api.w.org\/{rel}","templated":true}]}}