{"id":26703,"date":"2020-12-09T11:11:39","date_gmt":"2020-12-09T10:11:39","guid":{"rendered":"https:\/\/us.edu.pl\/student\/?page_id=26703"},"modified":"2025-10-10T10:21:42","modified_gmt":"2025-10-10T08:21:42","slug":"polecenie-wyjazdu-sluzbowego-wp","status":"publish","type":"page","link":"https:\/\/us.edu.pl\/student\/mobilnosc\/mobilnosc-miedzynarodowa\/wyjazdy-zagraniczne\/polecenie-wyjazdu-sluzbowego-wp\/","title":{"rendered":"polecenie wyjazdu s\u0142u\u017cbowego &#8211; WP"},"content":{"rendered":"<p>[vc_row][vc_column][\/vc_column][\/vc_row][vc_row][vc_column]\r\n                <div class=\"text-modules\">\r\n                    <div class=\"container\">\r\n                        <h3 class=\"page-title text__title\">Polecenie wyjazdu s\u0142u\u017cbowego<\/h3>\r\n                        <div class=\"text-modules__content\"><p><a href=\"https:\/\/us.edu.pl\/student\/wp-content\/uploads\/sites\/3\/Editor\/DMM-wyjazdy-zagraniczne\/Wniosek-o-wyjazd-za-granice_WP_27.06.2025.doc\" class=\"mtli_attachment mtli_doc\" data-mtli=\"mtli_filesize377,50kB\" class=\"mtli_attachment mtli_doc\" data-mtli=\"mtli_filesize377,50kB\"><em>Wnios<\/em><em>e<\/em><em>k o wyjazd za granic\u0119 <\/em><\/a><strong>\u2013 cz\u0119\u015b\u0107 WP \u2013 polecenie wyjazdu s\u0142u\u017cbowego<\/strong> dotyczy wyjazd\u00f3w os\u00f3b studiuj\u0105cych w celu realizacja zada\u0144 na rzecz Uniwersytetu w okre\u015blonym terminie i miejscu, np. jako przedstawiciele organizacji studenckich, w celu udzia\u0142u w zawodach lub konkursach.<\/p>\n<p>\n<style type=\"text\/css\">a[data-mtli~=\"mtli_filesize377,50kB\"]:after {content:\" (377,50 kB)\"}<\/style><\/div>\r\n                    <\/div>\r\n                <\/div>[\/vc_column][\/vc_row][vc_row][vc_column]<div class=\"container\"><div class=\"separator\" style=\"background-color: #EBEBEB\"><\/div><\/div>[\/vc_column][\/vc_row][vc_row][vc_column]\r\n                <div class=\"text-modules \">\r\n                    <div class=\"container\">\r\n                         <h3 class=\"subtitle text-modules__subtitle\">\u015awiadczenia<\/h3>\r\n                        <div class=\"row m-0\">\r\n                            <div class=\"text-modules__content\">\r\n                                Osoba studiuj\u0105ca wyje\u017cd\u017caj\u0105ca w ramach polecenia wyjazdu s\u0142u\u017cbowego mo\u017ce otrzyma\u0107 nast\u0119puj\u0105ce \u015bwiadczenia:<\/p>\n<ul>\n<li>diety,<\/li>\n<li>zwrot koszt\u00f3w:\n<ul>\n<li>przejazd\u00f3w,<\/li>\n<li>nocleg\u00f3w,<\/li>\n<li>dojazd\u00f3w \u015brodkami komunikacji miejscowej,<\/li>\n<li>innych udokumentowanych wydatk\u00f3w, okre\u015blonych przez dziekana lub kierownika jednostki odpowiednio do uzasadnionych potrzeb,<\/li>\n<\/ul>\n<\/li>\n<\/ul>\n<p>do wysoko\u015bci jak przy podr\u00f3\u017cach s\u0142u\u017cbowych pracownik\u00f3w. \r\n                                <div class=\"mt-3\"><\/div>\r\n                            <\/div>\r\n                            \r\n                            \r\n                        <\/div>\r\n                    <\/div>\r\n                <\/div>[\/vc_column][\/vc_row][vc_row][vc_column]<div class=\"container\"><div class=\"separator\" style=\"background-color: #EBEBEB\"><\/div><\/div>[\/vc_column][\/vc_row][vc_row][vc_column]\r\n                <div class=\"text-modules \">\r\n                    <div class=\"container\">\r\n                         <h3 class=\"subtitle text-modules__subtitle\">Za\u0142\u0105czniki do wniosku wyjazdowego<\/h3>\r\n                        <div class=\"row m-0\">\r\n                            <div class=\"text-modules__content\">\r\n                                Do\u00a0<em>Wniosku o wyjazd za granic\u0119\u00a0<\/em>\u2013 cz\u0119\u015b\u0107 WP &#8211; polecenie wyjazdu s\u0142u\u017cbowego nale\u017cy do\u0142\u0105czy\u0107:<\/p>\n<ul>\n<li>wype\u0142nion\u0105 i podpisan\u0105\u00a0<a href=\"https:\/\/us.edu.pl\/student\/wp-content\/uploads\/sites\/3\/Editor\/DMM-wyjazdy-zagraniczne\/Umowa-o-zwrot-kosztow-podrozy_WP_15.04.2025.docx\" class=\"mtli_attachment mtli_docx\" data-mtli=\"mtli_filesize37,28kB\"><em>Umow\u0119 o zwrot koszt\u00f3w podr\u00f3\u017cy osobie nieb\u0119d\u0105cej pracownikiem uniwersytetu \u015al\u0105skiego w Katowicach<\/em><\/a><em>, <\/em>kt\u00f3ra jest warunkiem otrzymania nale\u017cno\u015bci,<\/li>\n<li>w przypadku przyznanego finansowania i konieczno\u015bci dokonania wcze\u015bniej op\u0142aty konferencyjnej, szkoleniowej lub za noclegi &#8211; dane dotycz\u0105ce p\u0142atno\u015bci przelewowych:\n<ul>\n<li>pe\u0142n\u0105 nazw\u0119 i adres odbiorcy<em>,<\/em><\/li>\n<li>kwot\u0119 i walut\u0119,<\/li>\n<li>tytu\u0142 przelewu,<\/li>\n<li>nazw\u0119 banku odbiorcy,<\/li>\n<li>nr konta IBAN,<\/li>\n<li>SWIFT\/BIC\/ABA\/ROUTING NO,<\/li>\n<\/ul>\n<\/li>\n<li>w przypadku podr\u00f3\u017cy samochodem prywatnym \u2013\u00a0<a class=\"mtli_attachment mtli_doc mtli_attachment mtli_doc\" href=\"https:\/\/us.edu.pl\/student\/wp-content\/uploads\/sites\/3\/Editor\/DMM-wyjazdy-zagraniczne\/Wniosek-o-uzycie-samochodu-osobowego-w-podrozy-sluzbowej_WS_27.06.2025.doc\" data-mtli=\"mtli_filesize283,00kB\" data-mtli=\"mtli_filesize283,00kB\"><em>Wniosek o wyra\u017cenie zgody na u\u017cycie samochodu osobowego w celu odbycia podr\u00f3\u017cy s\u0142u\u017cbowej \/ wyjazdu<\/em><\/a>.<\/li>\n<\/ul>\n<div class=\"mt-3\"><\/div>\r\n                            <\/div>\r\n                            \r\n                            \r\n                        <\/div>\r\n                    <\/div>\r\n                <\/div>[\/vc_column][\/vc_row]<\/p>\n<style type=\"text\/css\">a[data-mtli~=\"mtli_filesize377,50kB\"]:after {content:\" (377,50 kB)\"}a[data-mtli~=\"mtli_filesize37,28kB\"]:after {content:\" (37,28 kB)\"}a[data-mtli~=\"mtli_filesize283,00kB\"]:after {content:\" (283,00 kB)\"}<\/style>","protected":false},"excerpt":{"rendered":"<p>[vc_row][vc_column][\/vc_column][\/vc_row][vc_row][vc_column][\/vc_column][\/vc_row][vc_row][vc_column][\/vc_column][\/vc_row][vc_row][vc_column][\/vc_column][\/vc_row][vc_row][vc_column][\/vc_column][\/vc_row][vc_row][vc_column][\/vc_column][\/vc_row] [&#8230;]<\/p>\n<p><a class=\"btn btn-secondary understrap-read-more-link\" href=\"https:\/\/us.edu.pl\/student\/mobilnosc\/mobilnosc-miedzynarodowa\/wyjazdy-zagraniczne\/polecenie-wyjazdu-sluzbowego-wp\/\">Read More&#8230;<\/a><\/p>\n","protected":false},"author":28,"featured_media":0,"parent":26503,"menu_order":0,"comment_status":"closed","ping_status":"closed","template":"","meta":{"_expiration-date-status":"saved","_expiration-date":0,"_expiration-date-type":"","_expiration-date-categories":[],"_expiration-date-options":[]},"acf":[],"_links":{"self":[{"href":"https:\/\/us.edu.pl\/student\/wp-json\/wp\/v2\/pages\/26703"}],"collection":[{"href":"https:\/\/us.edu.pl\/student\/wp-json\/wp\/v2\/pages"}],"about":[{"href":"https:\/\/us.edu.pl\/student\/wp-json\/wp\/v2\/types\/page"}],"author":[{"embeddable":true,"href":"https:\/\/us.edu.pl\/student\/wp-json\/wp\/v2\/users\/28"}],"replies":[{"embeddable":true,"href":"https:\/\/us.edu.pl\/student\/wp-json\/wp\/v2\/comments?post=26703"}],"version-history":[{"count":4,"href":"https:\/\/us.edu.pl\/student\/wp-json\/wp\/v2\/pages\/26703\/revisions"}],"predecessor-version":[{"id":59662,"href":"https:\/\/us.edu.pl\/student\/wp-json\/wp\/v2\/pages\/26703\/revisions\/59662"}],"up":[{"embeddable":true,"href":"https:\/\/us.edu.pl\/student\/wp-json\/wp\/v2\/pages\/26503"}],"wp:attachment":[{"href":"https:\/\/us.edu.pl\/student\/wp-json\/wp\/v2\/media?parent=26703"}],"curies":[{"name":"wp","href":"https:\/\/api.w.org\/{rel}","templated":true}]}}