{"id":26705,"date":"2020-12-09T11:14:25","date_gmt":"2020-12-09T10:14:25","guid":{"rendered":"https:\/\/us.edu.pl\/student\/?page_id=26705"},"modified":"2025-10-14T11:21:56","modified_gmt":"2025-10-14T09:21:56","slug":"zasady-ogolne","status":"publish","type":"page","link":"https:\/\/us.edu.pl\/student\/mobilnosc\/mobilnosc-miedzynarodowa\/wyjazdy-zagraniczne\/zasady-ogolne\/","title":{"rendered":"Zasady og\u00f3lne"},"content":{"rendered":"<p>[vc_row][vc_column]\r\n                <div class=\"text-modules\">\r\n                    <div class=\"container\">\r\n                        <h3 class=\"page-title text__title\">Zasady og\u00f3lne<\/h3>\r\n                        <div class=\"text-modules__content\"><p><span style=\"text-decoration: underline;\">Ka\u017cdy wyjazd za granic\u0119<\/span>\u00a0musi by\u0107 poprzedzony z\u0142o\u017ceniem w Dziale Mobilno\u015bci Mi\u0119dzynarodowych \u2013 w Biurze Rozlicze\u0144 Mobilno\u015bci Mi\u0119dzynarodowych (Katowice, ul. Bankowa 12, pi\u0119tro III, pok\u00f3j 3.5) prawid\u0142owo wype\u0142nionego i podpisanego <em>Wniosku o wyjazd za granic\u0119<\/em> \u2013 cz\u0119\u015b\u0107 WS \u2013 skierowanie za granic\u0119 lub cz\u0119\u015b\u0107 WP \u2013 polecenie wyjazdu s\u0142u\u017cbowego<em>. <\/em>Decyzj\u0119 o rodzaju wyjazdu podejmuje dziekan lub kierownik jednostki.<\/p>\n<p>Odpowiedni wniosek musi zosta\u0107 z\u0142o\u017cony r\u00f3wnie\u017c w przypadku wyjazdu bez finansowania lub finansowanego przez inn\u0105 instytucj\u0119.<\/p>\n<\/div>\r\n                    <\/div>\r\n                <\/div>[\/vc_column][\/vc_row][vc_row][vc_column]<div class=\"container\"><div class=\"separator\" style=\"background-color: #EBEBEB\"><\/div><\/div>[\/vc_column][\/vc_row][vc_row][vc_column]\r\n                <div class=\"text-modules \">\r\n                    <div class=\"container\">\r\n                         <h3 class=\"subtitle text-modules__subtitle\">Termin sk\u0142adania wniosku i rozliczenia<\/h3>\r\n                        <div class=\"row m-0\">\r\n                            <div class=\"text-modules__content\">\r\n                                Wniosek wyjazdowy z niezb\u0119dnymi za\u0142\u0105cznikami musi by\u0107 z\u0142o\u017cony w Dziale Mobilno\u015bci Mi\u0119dzynarodowych\u00a0<u>najp\u00f3\u017aniej na 2 tygodnie przed wyjazdem<\/u>.<\/p>\n<p>Je\u017celi w ramach \u015bwiadcze\u0144 na\u00a0<em>Wniosku o wyjazd za granic\u0119<\/em> przyznana jest op\u0142ata konferencyjna, szkoleniowa lub za noclegi, p\u0142atna przelewem lub kart\u0105 U\u015a, wniosek taki musi by\u0107 z\u0142o\u017cony w Dziale Mobilno\u015bci Mi\u0119dzynarodowych, <span style=\"text-decoration: underline;\">co<\/span><u>\u00a0najmniej 3 tygodnie przed terminem p\u0142atno\u015bci<\/u>.<\/p>\n<p>Ka\u017cda osoba wyje\u017cd\u017caj\u0105ca w ramach\u00a0<em>Wniosku o wyjazd za granic\u0119\u00a0<\/em>\u2013 cz\u0119\u015b\u0107 WP \u2013 polecenie wyjazdu s\u0142u\u017cbowego\u00a0oraz niekt\u00f3re na\u00a0<em>Wniosku o wyjazd za granic\u0119 <\/em>\u2013 cz\u0119\u015b\u0107 WS \u2013 skierowanie za granic\u0119 musi si\u0119 rozliczy\u0107 z wyjazdu w Dziale Mobilno\u015bci Mi\u0119dzynarodowych <u>do 14 dni od daty powrotu.<\/u><\/p>\n<p><strong>Rozliczeniu w Biurze Rozlicze\u0144 Mobilno\u015bci Mi\u0119dzynarodowych n<\/strong><strong>ie podlegaj\u0105 <\/strong><strong>wyjazdy w ramach program\u00f3w mi\u0119dzynarodowych (np. Erasmus+).<\/strong> \r\n                                <div class=\"mt-3\"><\/div>\r\n                            <\/div>\r\n                            \r\n                            \r\n                        <\/div>\r\n                    <\/div>\r\n                <\/div>[\/vc_column][\/vc_row][vc_row][vc_column]<div class=\"container\"><div class=\"separator\" style=\"background-color: #EBEBEB\"><\/div><\/div>[\/vc_column][\/vc_row][vc_row][vc_column]\r\n                <div class=\"text-modules \">\r\n                    <div class=\"container\">\r\n                         <h3 class=\"subtitle text-modules__subtitle\">Op\u0142aty konferencyjne, szkoleniowe, za noclegi i inne<\/h3>\r\n                        <div class=\"row m-0\">\r\n                            <div class=\"text-modules__content\">\r\n                                Istnieje mo\u017cliwo\u015b\u0107 wcze\u015bniejszego dokonania przez Uniwersytet op\u0142aty konferencyjnej, szkoleniowej lub za noclegi. W tym celu w cz\u0119\u015bci II Wniosku o wyjazd za granic\u0119, przy odpowiednich \u015bwiadczeniach nale\u017cy zaznaczy\u0107 opcj\u0119: &#8222;przelew&#8221; lub &#8222;karta U\u015a&#8221;.<\/p>\n<p>W przypadku op\u0142aty przelewem, do wniosku\u00a0nale\u017cy do\u0142\u0105czy\u0107\u00a0wszystkie niezb\u0119dne dane do przelewu:<\/p>\n<ul>\n<li>nazwa odbiorcy,<\/li>\n<li>nazwa banku odbiorcy,<\/li>\n<li>numer konta w formacie IBAN,<\/li>\n<li>SWIFT banku,<\/li>\n<li>tytu\u0142 przelewu \u2013 je\u015bli wymagany jest wg schematu wskazanego przez organizatora,<\/li>\n<li>kwota przelewu,<\/li>\n<li>termin wp\u0142ywu na konto kontrahenta,<\/li>\n<li>wszelkie niezb\u0119dne, dodatkowe dane pomocne do zrealizowania przelewu.<\/li>\n<\/ul>\n<p>Je\u015bli konieczne jest uzyskanie potwierdzenia przelewu, nale\u017cy poda\u0107 tak\u0105 informacj\u0119 na wniosku lub za\u0142\u0105czniku.<\/p>\n<p>Op\u0142acaj\u0105c \u015bwiadczenia kart\u0105 nale\u017cy dodatkowo poda\u0107 kwot\u0119, beneficjenta, sw\u00f3j numer telefonu i termin wp\u0142ywu na konto.<\/p>\n<p><strong>UWAGA!<\/strong><\/p>\n<p><strong>Osoba wyje\u017cd\u017caj\u0105ca zobowi\u0105zana jest do uzyskania faktury do 14 dni od momentu zap\u0142aty.<\/strong> W przypadku braku takiej mo\u017cliwo\u015bci nale\u017cy postara\u0107 si\u0119 o inny dokument potwierdzaj\u0105cy zap\u0142at\u0119 lub przes\u0142a\u0107 informacj\u0119 o braku mo\u017cliwo\u015bci wystawienia faktury lub rachunku.<\/p>\n<p>Je\u015bli faktura jest w formie elektronicznej, prosimy o przes\u0142anie pliku z mailem \u017ar\u00f3d\u0142owym na adres: <a href=\"mailto:brmm@us.edu.pl\">brmm@us.edu.pl<\/a>. W tre\u015bci maila nale\u017cy poda\u0107 imi\u0119 i nazwisko osoby, kt\u00f3rej dotyczy dokument, kraj docelowy i termin wyjazdu za granic\u0119.<\/p>\n<p>Faktura lub rachunek powinna by\u0107 wystawiona na :<\/p>\n<p><strong>Uniwersytet \u015al\u0105ski w Katowicach (University of Silesia in Katowice)<\/strong><\/p>\n<p><strong>Bankowa 12,<\/strong><\/p>\n<p><strong>40-007 Katowice\u00a0<\/strong><\/p>\n<p><strong>VAT number: PL634-019-71-34\u00a0<\/strong> \r\n                                <div class=\"mt-3\"><\/div>\r\n                            <\/div>\r\n                            \r\n                            \r\n                        <\/div>\r\n                    <\/div>\r\n                <\/div>[\/vc_column][\/vc_row]<\/p>","protected":false},"excerpt":{"rendered":"<p>[vc_row][vc_column][\/vc_column][\/vc_row][vc_row][vc_column][\/vc_column][\/vc_row][vc_row][vc_column][\/vc_column][\/vc_row][vc_row][vc_column][\/vc_column][\/vc_row][vc_row][vc_column][\/vc_column][\/vc_row] [&#8230;]<\/p>\n<p><a class=\"btn btn-secondary understrap-read-more-link\" href=\"https:\/\/us.edu.pl\/student\/mobilnosc\/mobilnosc-miedzynarodowa\/wyjazdy-zagraniczne\/zasady-ogolne\/\">Read More&#8230;<\/a><\/p>\n","protected":false},"author":28,"featured_media":0,"parent":26503,"menu_order":0,"comment_status":"closed","ping_status":"closed","template":"","meta":{"_expiration-date-status":"saved","_expiration-date":0,"_expiration-date-type":"","_expiration-date-categories":[],"_expiration-date-options":[]},"acf":[],"_links":{"self":[{"href":"https:\/\/us.edu.pl\/student\/wp-json\/wp\/v2\/pages\/26705"}],"collection":[{"href":"https:\/\/us.edu.pl\/student\/wp-json\/wp\/v2\/pages"}],"about":[{"href":"https:\/\/us.edu.pl\/student\/wp-json\/wp\/v2\/types\/page"}],"author":[{"embeddable":true,"href":"https:\/\/us.edu.pl\/student\/wp-json\/wp\/v2\/users\/28"}],"replies":[{"embeddable":true,"href":"https:\/\/us.edu.pl\/student\/wp-json\/wp\/v2\/comments?post=26705"}],"version-history":[{"count":9,"href":"https:\/\/us.edu.pl\/student\/wp-json\/wp\/v2\/pages\/26705\/revisions"}],"predecessor-version":[{"id":59715,"href":"https:\/\/us.edu.pl\/student\/wp-json\/wp\/v2\/pages\/26705\/revisions\/59715"}],"up":[{"embeddable":true,"href":"https:\/\/us.edu.pl\/student\/wp-json\/wp\/v2\/pages\/26503"}],"wp:attachment":[{"href":"https:\/\/us.edu.pl\/student\/wp-json\/wp\/v2\/media?parent=26705"}],"curies":[{"name":"wp","href":"https:\/\/api.w.org\/{rel}","templated":true}]}}