{"id":26713,"date":"2020-12-09T11:27:14","date_gmt":"2020-12-09T10:27:14","guid":{"rendered":"https:\/\/us.edu.pl\/student\/?page_id=26713"},"modified":"2025-10-07T13:22:35","modified_gmt":"2025-10-07T11:22:35","slug":"ubezpieczenie","status":"publish","type":"page","link":"https:\/\/us.edu.pl\/student\/mobilnosc\/mobilnosc-miedzynarodowa\/wyjazdy-zagraniczne\/ubezpieczenie\/","title":{"rendered":"Ubezpieczenie"},"content":{"rendered":"<p>[vc_row][vc_column][\/vc_column][\/vc_row][vc_row][vc_column]\r\n                <div class=\"text-modules\">\r\n                    <div class=\"container\">\r\n                        <h3 class=\"page-title text__title\">Ubezpieczenie<\/h3>\r\n                        <div class=\"text-modules__content\"><p>Od\u00a0<u>15 sierpnia 2024 roku do 14 sierpnia 2027 roku<\/u>\u00a0Uniwersytet \u015al\u0105ski w Katowicach zawar\u0142 umow\u0119 na ubezpieczenia Koszt\u00f3w Leczenia (KL) i Assistance podczas wyjazd\u00f3w za granic\u0119\u00a0 z Wykonawc\u0105:<\/p>\n<p style=\"text-align: center;\"><strong>COMPENSA TU S.A. Vienna Insurance Group (WIENER TU S.A. VIENNA INSURANCE GROUP)<\/strong><br \/>\n<strong>Regionalne Centrum Ubezpiecze\u0144 Korporacyjnych przy ul. \u015aciegiennego 3 w Katowicach<\/strong><br \/>\n<strong>tel. +48 32 781 55 89\/93<\/strong><br \/>\n<strong>tel. kom. +48 726 700 749<\/strong><\/p>\n<p style=\"text-align: center;\"><strong>Od 15.08.2025 r. do 14.08.2026<\/strong>\u00a0r. obowi\u0105zuje\u00a0<strong>numer polisy:\u00a0<span style=\"color: #ff0000;\">COR665023<\/span><\/strong><\/p>\n<p style=\"text-align: center;\">W przypadku wyst\u0105pienia w tym okresie szkody obj\u0119tej ubezpieczeniem nale\u017cy powiadomi\u0107:<\/p>\n<p style=\"text-align: center;\"><strong>CENTRAL\u0118 ALARMOW\u0104 GLOBAL ASSISTANCE POLAND 24H TEL.:\u00a0+48 22\u00a0741 39 70<\/strong><\/p>\n<p style=\"text-align: center;\"><strong>W PRZYPADKU ZDARZENIA KONTAKT Z CENTRAL\u0104 ALARMOW\u0104 JEST OBOWI\u0104ZKOWY.<\/strong><\/p>\n<p>&nbsp;<\/p>\n<p>Ubezpieczeniem zostaj\u0105 automatycznie obj\u0119te osoby wyje\u017cd\u017caj\u0105ce na podstawie\u00a0<em>Wniosk\u00f3w o wyjazd za granic\u0119<\/em>\u00a0\u2013 cz\u0119\u015b\u0107 WP-polecenie wyjazdu s\u0142u\u017cbowego oraz cz\u0119\u015b\u0107 WS-skierowanie za granic\u0119 na wyjazdy kr\u00f3tkoterminowe (do 30 dni) oraz d\u0142ugoterminowe (powy\u017cej 30 dni).<\/p>\n<p>Koszt ubezpieczenia jest pokrywany ze \u015brodk\u00f3w og\u00f3lnouczelnianych i nie obci\u0105\u017ca bud\u017cet\u00f3w jednostek U\u015a.<\/p>\n<p>Wszystkie osoby wyje\u017cd\u017caj\u0105ce do kraj\u00f3w Unii Europejskiej oraz EFTA s\u0105 zobowi\u0105zane do zaopatrzenia si\u0119 w kart\u0119 EKUZ \u2013 Europejsk\u0105 Kart\u0119 Ubezpieczenia Zdrowotnego. Szczeg\u00f3\u0142owe informacje na temat kart EKUZ mo\u017cna znale\u017a\u0107 na stronie\u00a0<a href=\"https:\/\/www.nfz.gov.pl\/dla-pacjenta\/nasze-zdrowie-w-ue\/leczenie-w-krajach-unii-europejskiej-i-efta\/jak-wyrobic-karte-ekuz\/\">Narodowego Funduszu Zdrowia<\/a>.<\/p>\n<p><strong>UWAGA: Ubezpieczenie nie dzia\u0142a w kraju, na kt\u00f3rego terytorium trwaj\u0105 dzia\u0142ania wojenne, stan wojenny, stan wyj\u0105tkowy, zgodnie z\u00a0<a class=\"mtli_attachment mtli_pdf mtli_attachment mtli_pdf mtli_attachment mtli_pdf\" title=\"OWU kosztow leczenia za granica RP i kraju stalego pobytu_PLN\" href=\"https:\/\/us.edu.pl\/pracownik\/wp-content\/uploads\/sites\/2\/Editor\/DMM-Sprawy-miedzynarodowe\/OWU-kosztow-leczenia-za-granica-RP-i-kraju-stalego-pobytu_PLN.pdf\" data-mtli=\"mtli_filesize970,58kB\">Og\u00f3lnymi Warunkami Ubezpieczenia<\/a><\/strong><\/p>\n<\/div>\r\n                    <\/div>\r\n                <\/div>[\/vc_column][\/vc_row]<\/p>","protected":false},"excerpt":{"rendered":"<p>[vc_row][vc_column][\/vc_column][\/vc_row][vc_row][vc_column][\/vc_column][\/vc_row] [&#8230;]<\/p>\n<p><a class=\"btn btn-secondary understrap-read-more-link\" href=\"https:\/\/us.edu.pl\/student\/mobilnosc\/mobilnosc-miedzynarodowa\/wyjazdy-zagraniczne\/ubezpieczenie\/\">Read More&#8230;<\/a><\/p>\n","protected":false},"author":28,"featured_media":0,"parent":26503,"menu_order":0,"comment_status":"closed","ping_status":"closed","template":"page-templates\/inner-page-with-bookmarks.php","meta":{"_expiration-date-status":"saved","_expiration-date":0,"_expiration-date-type":"","_expiration-date-categories":[],"_expiration-date-options":[]},"acf":[],"_links":{"self":[{"href":"https:\/\/us.edu.pl\/student\/wp-json\/wp\/v2\/pages\/26713"}],"collection":[{"href":"https:\/\/us.edu.pl\/student\/wp-json\/wp\/v2\/pages"}],"about":[{"href":"https:\/\/us.edu.pl\/student\/wp-json\/wp\/v2\/types\/page"}],"author":[{"embeddable":true,"href":"https:\/\/us.edu.pl\/student\/wp-json\/wp\/v2\/users\/28"}],"replies":[{"embeddable":true,"href":"https:\/\/us.edu.pl\/student\/wp-json\/wp\/v2\/comments?post=26713"}],"version-history":[{"count":3,"href":"https:\/\/us.edu.pl\/student\/wp-json\/wp\/v2\/pages\/26713\/revisions"}],"predecessor-version":[{"id":59574,"href":"https:\/\/us.edu.pl\/student\/wp-json\/wp\/v2\/pages\/26713\/revisions\/59574"}],"up":[{"embeddable":true,"href":"https:\/\/us.edu.pl\/student\/wp-json\/wp\/v2\/pages\/26503"}],"wp:attachment":[{"href":"https:\/\/us.edu.pl\/student\/wp-json\/wp\/v2\/media?parent=26713"}],"curies":[{"name":"wp","href":"https:\/\/api.w.org\/{rel}","templated":true}]}}