{"id":26720,"date":"2020-12-09T11:42:45","date_gmt":"2020-12-09T10:42:45","guid":{"rendered":"https:\/\/us.edu.pl\/student\/?page_id=26720"},"modified":"2025-10-30T12:48:57","modified_gmt":"2025-10-30T11:48:57","slug":"skierowanie-za-granice","status":"publish","type":"page","link":"https:\/\/us.edu.pl\/student\/mobilnosc\/mobilnosc-miedzynarodowa\/wyjazdy-zagraniczne\/skierowanie-za-granice\/","title":{"rendered":"Skierowanie za granic\u0119"},"content":{"rendered":"<p>[vc_row][vc_column][vc_row_inner][vc_column_inner][\/vc_column_inner][\/vc_row_inner][\/vc_column][\/vc_row][vc_row][vc_column]\r\n                <div class=\"text-modules\">\r\n                    <div class=\"container\">\r\n                        <h3 class=\"page-title text__title\">Rozliczenie skierowania za granic\u0119<\/h3>\r\n                        <div class=\"text-modules__content\"><p><em>Rachunku koszt\u00f3w skierowania za granic\u0119 do wniosku WS\u00a0<\/em>nie wype\u0142nia osoba wyje\u017cd\u017caj\u0105ca, a rozliczenia dokonuje biuro danego projektu w przypadkach, gdy:<\/p>\n<ul>\n<li>zasady obejmuj\u0105 finansowanie na podstawie stawek rycza\u0142towych okre\u015blonych w projekcie,<\/li>\n<li>d\u0142ugo\u015b\u0107 pobytu okre\u015blana jest wed\u0142ug procedury zdefiniowanej w tych zasadach,<\/li>\n<li>rozliczanie dokonywane jest na podstawie dokument\u00f3w okre\u015blonych w tych zasadach (np. Erasmus+ KA103 i KA107 oraz inne projekty realizowane wed\u0142ug zasad Erasmus+ i z odwo\u0142aniem do tych zasad).<\/li>\n<\/ul>\n<p>\n<\/div>\r\n                    <\/div>\r\n                <\/div>[\/vc_column][\/vc_row][vc_row][vc_column]<div class=\"container\"><div class=\"separator\" style=\"background-color: #EBEBEB\"><\/div><\/div>[\/vc_column][\/vc_row][vc_row][vc_column]\r\n                <div class=\"text-modules \">\r\n                    <div class=\"container\">\r\n                         <h3 class=\"subtitle text-modules__subtitle\">Samodzielnie zakupione bilety<\/h3>\r\n                        <div class=\"row m-0\">\r\n                            <div class=\"text-modules__content\">\r\n                                Zwrot poniesionych koszt\u00f3w za samodzielnie zakupione bilety nast\u0119puje po zako\u0144czeniu wyjazdu, na podstawie do\u0142\u0105czonych do rozliczenia wyjazdu:<\/p>\n<ul>\n<li>imiennej faktury wystawionej na osob\u0119 wyje\u017cd\u017caj\u0105c\u0105<br \/>\nlub<\/li>\n<li>imiennego biletu.<\/li>\n<\/ul>\n<p>Dokument powinien zawiera\u0107:<\/p>\n<ul>\n<li>imi\u0119 i nazwisko osoby wyje\u017cd\u017caj\u0105cej,<\/li>\n<li>numer i dat\u0119 wystawienia,<\/li>\n<li>rodzaj us\u0142ugi,<\/li>\n<li>destynacj\u0119,<\/li>\n<li>klas\u0119 biletu,<\/li>\n<li>dat\u0119 i godzin\u0119 rozpocz\u0119cia oraz zako\u0144czenia podr\u00f3\u017cy,<\/li>\n<li>kwot\u0119 nale\u017cno\u015bci.<\/li>\n<\/ul>\n<div class=\"mt-3\"><\/div>\r\n                            <\/div>\r\n                            \r\n                            \r\n                        <\/div>\r\n                    <\/div>\r\n                <\/div>[\/vc_column][\/vc_row][vc_row][vc_column]<div class=\"container\"><div class=\"separator\" style=\"background-color: #EBEBEB\"><\/div><\/div>[\/vc_column][\/vc_row][vc_row][vc_column]\r\n                <div class=\"text-modules \">\r\n                    <div class=\"container\">\r\n                         <h3 class=\"subtitle text-modules__subtitle\">Podr\u00f3\u017c samochodem prywatnym<\/h3>\r\n                        <div class=\"row m-0\">\r\n                            <div class=\"text-modules__content\">\r\n                                Rozliczenie podr\u00f3\u017cy samochodem prywatnym nast\u0119puje na podstawie\u00a0<em>Ewidencji przebiegu pojazdu<\/em><em>\u00a0<\/em>wydrukowanej z SAP.<\/p>\n<p>Ilo\u015b\u0107 kilometr\u00f3w nale\u017cy wyliczy\u0107 wed\u0142ug najkr\u00f3tszej trasy na\u00a0<a href=\"https:\/\/www.google.com\/maps\/@50.2693888,19.0283776,14z?entry=ttu&amp;g_ep=EgoyMDI1MDYzMC4wIKXMDSoASAFQAw%3D%3D\">internetowej mapie samochodowej google<\/a>.<\/p>\n<p>Osobie wyje\u017cd\u017caj\u0105cej przys\u0142uguje w takim przypadku zwrot koszt\u00f3w w wysoko\u015bci do 100% kwoty okre\u015blonej w odpowiednich przepisach prawa (tzw.\u00a0<a class=\"mtli_attachment mtli_pdf mtli_attachment mtli_pdf mtli_attachment mtli_pdf\" href=\"https:\/\/isap.sejm.gov.pl\/isap.nsf\/download.xsp\/WDU20230000005\/O\/D20230005.pdf\">kilometr\u00f3wki<\/a>), jednak\u017ce nie wi\u0119cej ni\u017c r\u00f3wnowarto\u015b\u0107 300 EURO.<\/p>\n<p>100% stawki za 1 km przebiegu samochodu osobowego (stan na 27.06.2025r.):<\/p>\n<ul>\n<li>o pojemno\u015bci skokowej silnika do 900 cm3 \u2013 0,89 z\u0142.<\/li>\n<li>o pojemno\u015bci skokowej silnika powy\u017cej 900 cm3 \u2013 1,15 z\u0142.<\/li>\n<\/ul>\n<div class=\"mt-3\"><\/div>\r\n                            <\/div>\r\n                            \r\n                            \r\n                        <\/div>\r\n                    <\/div>\r\n                <\/div>[\/vc_column][\/vc_row][vc_row][vc_column]<div class=\"container\"><div class=\"separator\" style=\"background-color: #EBEBEB\"><\/div><\/div>[\/vc_column][\/vc_row][vc_row][vc_column]\r\n                <div class=\"text-modules \">\r\n                    <div class=\"container\">\r\n                         <h3 class=\"subtitle text-modules__subtitle\">Inne \u015bwiadczenia<\/h3>\r\n                        <div class=\"row m-0\">\r\n                            <div class=\"text-modules__content\">\r\n                                Inne wydatki poniesione bezpo\u015brednio przez osob\u0119 wyje\u017cd\u017caj\u0105c\u0105 np.: za noclegi, op\u0142aty konferencyjne, s\u0105 rozliczane na podstawie faktur wystawionych imiennie na osob\u0119 wyje\u017cd\u017caj\u0105c\u0105.<\/p>\n<p>Je\u015bli zosta\u0142y zrobione\u00a0 przedp\u0142aty przez U\u015a nale\u017cy dostarczy\u0107\u00a0<span style=\"text-decoration: underline;\">do 14 dni od dokonania p\u0142atno\u015bci<\/span>\u00a0faktur\u0119 wystawion\u0105 na:<\/p>\n<p><strong>Uniwersytet \u015al\u0105ski w Katowicach,<\/strong><\/p>\n<p><strong>ul. Bankowa 12<\/strong><\/p>\n<p><strong>40-007 Katowice<\/strong><\/p>\n<p><strong>NIP: PL634-019-71-34<\/strong><\/p>\n<p>Faktur\u0119 elektroniczn\u0105 nale\u017cy przes\u0142a\u0107 z mailem \u017ar\u00f3d\u0142owym na adres:\u00a0<a href=\"mailto:brmm@us.edu.pl\">brmm@us.edu.pl<\/a>.<\/p>\n<p>W przypadku braku prawid\u0142owej faktury wystawionej na U\u015a osoba wyje\u017cd\u017caj\u0105ca sk\u0142ada\u00a0<a href=\"https:\/\/us.edu.pl\/pracownik\/wp-content\/uploads\/sites\/2\/Editor\/DMM-Sprawy-miedzynarodowe\/Oswiadczenie-o-poniesieniu-wydatku_Regulamin_15.04.2025.docx\" class=\"mtli_attachment mtli_docx\"><em>O\u015bwiadczenie o poniesieniu wydatku w trakcie odbywania podr\u00f3\u017cy s\u0142u\u017cbowej \/ wyjazdu i przyczynach braku jego udokumentowania<\/em><\/a>\u00a0z dokumentem potwierdzaj\u0105cym rodzaj i kwot\u0119 wydatku. \r\n                                <div class=\"mt-3\"><\/div>\r\n                            <\/div>\r\n                            \r\n                            \r\n                        <\/div>\r\n                    <\/div>\r\n                <\/div>[\/vc_column][\/vc_row]<\/p>","protected":false},"excerpt":{"rendered":"<p>[vc_row][vc_column][vc_row_inner][vc_column_inner][\/vc_column_inner][\/vc_row_inner][\/vc_column][\/vc_row][vc_row][vc_column][\/vc_column][\/vc_row][vc_row][vc_column][\/vc_column][\/vc_row][vc_row][vc_column][\/vc_column][\/vc_row][vc_row][vc_column][\/vc_column][\/vc_row][vc_row][vc_column][\/vc_column][\/vc_row][vc_row][vc_column][\/vc_column][\/vc_row][vc_row][vc_column][\/vc_column][\/vc_row] [&#8230;]<\/p>\n<p><a class=\"btn btn-secondary understrap-read-more-link\" href=\"https:\/\/us.edu.pl\/student\/mobilnosc\/mobilnosc-miedzynarodowa\/wyjazdy-zagraniczne\/skierowanie-za-granice\/\">Read More&#8230;<\/a><\/p>\n","protected":false},"author":28,"featured_media":0,"parent":26503,"menu_order":0,"comment_status":"closed","ping_status":"closed","template":"","meta":{"_expiration-date-status":"saved","_expiration-date":0,"_expiration-date-type":"","_expiration-date-categories":[],"_expiration-date-options":[]},"acf":[],"_links":{"self":[{"href":"https:\/\/us.edu.pl\/student\/wp-json\/wp\/v2\/pages\/26720"}],"collection":[{"href":"https:\/\/us.edu.pl\/student\/wp-json\/wp\/v2\/pages"}],"about":[{"href":"https:\/\/us.edu.pl\/student\/wp-json\/wp\/v2\/types\/page"}],"author":[{"embeddable":true,"href":"https:\/\/us.edu.pl\/student\/wp-json\/wp\/v2\/users\/28"}],"replies":[{"embeddable":true,"href":"https:\/\/us.edu.pl\/student\/wp-json\/wp\/v2\/comments?post=26720"}],"version-history":[{"count":7,"href":"https:\/\/us.edu.pl\/student\/wp-json\/wp\/v2\/pages\/26720\/revisions"}],"predecessor-version":[{"id":59921,"href":"https:\/\/us.edu.pl\/student\/wp-json\/wp\/v2\/pages\/26720\/revisions\/59921"}],"up":[{"embeddable":true,"href":"https:\/\/us.edu.pl\/student\/wp-json\/wp\/v2\/pages\/26503"}],"wp:attachment":[{"href":"https:\/\/us.edu.pl\/student\/wp-json\/wp\/v2\/media?parent=26720"}],"curies":[{"name":"wp","href":"https:\/\/api.w.org\/{rel}","templated":true}]}}