{"id":26722,"date":"2020-12-09T11:44:27","date_gmt":"2020-12-09T10:44:27","guid":{"rendered":"https:\/\/us.edu.pl\/student\/?page_id=26722"},"modified":"2025-10-30T12:31:37","modified_gmt":"2025-10-30T11:31:37","slug":"polecenie-wyjazdu-sluzbowego","status":"publish","type":"page","link":"https:\/\/us.edu.pl\/student\/mobilnosc\/mobilnosc-miedzynarodowa\/wyjazdy-zagraniczne\/polecenie-wyjazdu-sluzbowego\/","title":{"rendered":"Polecenie wyjazdu s\u0142u\u017cbowego"},"content":{"rendered":"<p>[vc_row][vc_column][vc_row_inner][vc_column_inner][\/vc_column_inner][\/vc_row_inner][\/vc_column][\/vc_row][vc_row][vc_column]\r\n                <div class=\"text-modules \">\r\n                    <div class=\"container\">\r\n                        <h3 class=\"section-title section-title_border-bottom\">Rozliczenie polecenia wyjazdu s\u0142u\u017cbowego <\/h3> <h3 class=\"subtitle text-modules__subtitle\">Diety i rycza\u0142ty za noclegi<\/h3>\r\n                        <div class=\"row m-0\">\r\n                            <div class=\"text-modules__content\">\r\n                                Rozliczenie diet i rycza\u0142t\u00f3w hotelowych nast\u0119puje na podstawie godzin przekroczenia granicy.<\/p>\n<p>Czas podr\u00f3\u017cy zagranicznej\u00a0liczy si\u0119 w przypadku odbywania jej \u015brodkami komunikacji:<\/p>\n<ul>\n<li>l\u0105dowej \u2013 od chwili przekroczenia granicy pa\u0144stwowej w drodze za granic\u0119 do chwili jej przekroczenia w drodze powrotnej do kraju,<\/li>\n<li>lotniczej \u2013 od chwili startu samolotu w drodze za granic\u0119 \u00a0z ostatniego lotniska w kraju do chwili l\u0105dowania na samolotu w drodze powrotnej na pierwszym lotnisku w kraju,<\/li>\n<li>morskiej \u2013 od chwili wyj\u015bcia statku lub promu z ostatniego portu polskiego do chwili wej\u015bcia statku lub promu w drodze powrotnej do pierwszego portu polskiego.<\/li>\n<\/ul>\n<p><strong>Diet\u0119\u00a0<\/strong>oblicza si\u0119 w nast\u0119puj\u0105cy spos\u00f3b:<\/p>\n<ul>\n<li>za ka\u017cd\u0105 dob\u0119 podr\u00f3\u017cy przys\u0142uguje dieta w pe\u0142nej wysoko\u015bci;<\/li>\n<li>za niepe\u0142n\u0105 dob\u0119 podr\u00f3\u017cy:\n<ul>\n<li>do 8 godzin \u2013 przys\u0142uguje 1\/3 diety,<\/li>\n<li>ponad 8 do 12 godzin \u2013 przys\u0142uguje 1\/2 diety,<\/li>\n<li>ponad 12 godzin \u2013 przys\u0142uguje dieta w pe\u0142nej wysoko\u015bci.<\/li>\n<\/ul>\n<\/li>\n<\/ul>\n<p>W przypadku zapewnionych posi\u0142k\u00f3w przez stron\u0119 przyjmuj\u0105c\u0105, organizatora, w ramach op\u0142aty hotelowej lub w ramach op\u0142aty konferencyjnej, diety pomniejszane s\u0105 wed\u0142ug nast\u0119puj\u0105cego schematu \u2013 w przypadku zapewnionego:<\/p>\n<ul>\n<li>\u015bniadania \u2013 15%,<\/li>\n<li>obiadu \u2013 30%,<\/li>\n<li>kolacji \u2013 30%.<\/li>\n<\/ul>\n<p>W przypadku zapewnienia ca\u0142odobowego wy\u017cywienia osobie wyje\u017cd\u017caj\u0105cej przys\u0142uguje 25% diety.<\/p>\n<p><strong>Rycza\u0142t noclegowy<\/strong>\u00a0to 25% limitu hotelowego okre\u015blonego w za\u0142\u0105czniku o wysoko\u015bci diet i limit\u00f3w do Rozporz\u0105dzenia MPiPS. W przypadku rozliczania koszt\u00f3w nocleg\u00f3w rycza\u0142tem nie do\u0142\u0105czamy faktury za nocleg. \r\n                                <div class=\"mt-3\"><\/div>\r\n                            <\/div>\r\n                            \r\n                            \r\n                        <\/div>\r\n                    <\/div>\r\n                <\/div>[\/vc_column][\/vc_row][vc_row][vc_column]<div class=\"container\"><div class=\"separator\" style=\"background-color: #EBEBEB\"><\/div><\/div>[\/vc_column][\/vc_row][vc_row][vc_column]\r\n                <div class=\"text-modules \">\r\n                    <div class=\"container\">\r\n                         <h3 class=\"subtitle text-modules__subtitle\">Rycza\u0142ty na pokrycie koszt\u00f3w dojazdu<\/h3>\r\n                        <div class=\"row m-0\">\r\n                            <div class=\"text-modules__content\">\r\n                                <strong>Rycza\u0142t na pokrycie koszt\u00f3w dojazdu<\/strong>\u00a0(1 dieta) \u2013 przys\u0142uguje na dojazd do i z lotniska, dworca kolejowego lub autobusowego w miejscowo\u015bci docelowej.<\/p>\n<p>Dieta dojazdowa jest w wysoko\u015bci jednej diety pobytowej danego kraju. W przypadku, gdy pracownik ponosi koszty dojazdu w jedn\u0105 stron\u0119, przys\u0142uguje rycza\u0142t w wysoko\u015bci 50% diety.<\/p>\n<p><strong>Rycza\u0142t na pokrycie koszt\u00f3w dojazd\u00f3w \u015brodkami komunikacji miejscowej<\/strong>\u00a0(10% diety) \u2013 przys\u0142uguje osobie, kt\u00f3ra w trakcie trwania pobytu korzysta\u0142a z komunikacji miejscowej, np. metra, autobus\u00f3w. Rycza\u0142t przys\u0142uguje za ka\u017cdy dzie\u0144 pobytu za granic\u0105.<\/p>\n<p>Rycza\u0142ty nie przys\u0142uguj\u0105 osobie, kt\u00f3ra odbywa podr\u00f3\u017c samochodem prywatnym. \r\n                                <div class=\"mt-3\"><\/div>\r\n                            <\/div>\r\n                            \r\n                            \r\n                        <\/div>\r\n                    <\/div>\r\n                <\/div>[\/vc_column][\/vc_row][vc_row][vc_column]<div class=\"container\"><div class=\"separator\" style=\"background-color: #EBEBEB\"><\/div><\/div>[\/vc_column][\/vc_row][vc_row][vc_column]\r\n                <div class=\"text-modules \">\r\n                    <div class=\"container\">\r\n                         <h3 class=\"subtitle text-modules__subtitle\">Samodzielnie zakupione bilety<\/h3>\r\n                        <div class=\"row m-0\">\r\n                            <div class=\"text-modules__content\">\r\n                                Osobie wyje\u017cd\u017caj\u0105cej przys\u0142uguje zwrot koszt\u00f3w za dojazd z miejscowo\u015bci przylotu do miejscowo\u015bci docelowej, np. autobusem lub poci\u0105giem pomi\u0119dzy miastami, na podstawie faktury, rachunku lub zakupionych tzw. bilet\u00f3w wewn\u0119trznych.<\/p>\n<p>Zwrot poniesionych koszt\u00f3w za samodzielnie zakupione bilety nast\u0119puje po zako\u0144czeniu wyjazdu, na podstawie do\u0142\u0105czonych do rozliczenia wyjazdu:<\/p>\n<ul>\n<li>imiennej faktury wystawionej na osob\u0119 wyje\u017cd\u017caj\u0105c\u0105<br \/>\nlub<\/li>\n<li>imiennego biletu.<\/li>\n<\/ul>\n<p>Dokument powinien zawiera\u0107:<\/p>\n<ul>\n<li>imi\u0119 i nazwisko osoby wyje\u017cd\u017caj\u0105cej,<\/li>\n<li>numer i dat\u0119 wystawienia,<\/li>\n<li>rodzaj us\u0142ugi,<\/li>\n<li>destynacj\u0119,<\/li>\n<li>klas\u0119 biletu,<\/li>\n<li>dat\u0119 i godzin\u0119 rozpocz\u0119cia oraz zako\u0144czenia podr\u00f3\u017cy,<\/li>\n<li>kwot\u0119 nale\u017cno\u015bci.<\/li>\n<\/ul>\n<div class=\"mt-3\"><\/div>\r\n                            <\/div>\r\n                            \r\n                            \r\n                        <\/div>\r\n                    <\/div>\r\n                <\/div>[\/vc_column][\/vc_row][vc_row][vc_column]<div class=\"container\"><div class=\"separator\" style=\"background-color: #EBEBEB\"><\/div><\/div>[\/vc_column][\/vc_row][vc_row][vc_column]\r\n                <div class=\"text-modules \">\r\n                    <div class=\"container\">\r\n                         <h3 class=\"subtitle text-modules__subtitle\">Podr\u00f3\u017c samochodem prywatnym<\/h3>\r\n                        <div class=\"row m-0\">\r\n                            <div class=\"text-modules__content\">\r\n                                Rozliczenie podr\u00f3\u017cy samochodem prywatnym\u00a0nast\u0119puje na podstawie\u00a0<em>Ewidencji przebiegu pojazdu<\/em>\u00a0wydrukowanej z systemu SAP. Ilo\u015b\u0107 kilometr\u00f3w nale\u017cy wyliczy\u0107 wed\u0142ug najkr\u00f3tszej trasy na\u00a0<a href=\"https:\/\/www.google.com\/maps\/@50.2693888,19.0283776,14z?entry=ttu&amp;g_ep=EgoyMDI1MDYzMC4wIKXMDSoASAFQAw%3D%3D\">internetowej mapie samochodowej google<\/a>.<\/p>\n<p>Osobie wyje\u017cd\u017caj\u0105cej przys\u0142uguje w takim przypadku zwrot koszt\u00f3w w wysoko\u015bci do 100% kwoty okre\u015blonej w odpowiednich przepisach prawa (tzw.\u00a0<a class=\"mtli_attachment mtli_pdf mtli_attachment mtli_pdf mtli_attachment mtli_pdf\" href=\"https:\/\/isap.sejm.gov.pl\/isap.nsf\/download.xsp\/WDU20230000005\/O\/D20230005.pdf\">kilometr\u00f3wki<\/a>), jednak\u017ce nie wi\u0119cej ni\u017c r\u00f3wnowarto\u015b\u0107 300 EURO.<\/p>\n<p>100% stawki za 1 km przebiegu samochodu osobowego (stan na 27.06.2025r.):<\/p>\n<ul>\n<li>o pojemno\u015bci skokowej silnika do 900 cm3 \u2013 0,89 z\u0142.<\/li>\n<li>o pojemno\u015bci skokowej silnika powy\u017cej 900 cm3 \u2013 1,15 z\u0142.<\/li>\n<\/ul>\n<div class=\"mt-3\"><\/div>\r\n                            <\/div>\r\n                            \r\n                            \r\n                        <\/div>\r\n                    <\/div>\r\n                <\/div>[\/vc_column][\/vc_row][vc_row][vc_column]<div class=\"container\"><div class=\"separator\" style=\"background-color: #EBEBEB\"><\/div><\/div>[\/vc_column][\/vc_row][vc_row][vc_column]\r\n                <div class=\"text-modules \">\r\n                    <div class=\"container\">\r\n                         <h3 class=\"subtitle text-modules__subtitle\">Inne \u015bwiadczenia<\/h3>\r\n                        <div class=\"row m-0\">\r\n                            <div class=\"text-modules__content\">\r\n                                Inne wydatki poniesione bezpo\u015brednio przez osob\u0119 wyje\u017cd\u017caj\u0105c\u0105 np.: za noclegi, op\u0142aty konferencyjne, s\u0105 rozliczane na podstawie faktur wystawionych imiennie na osob\u0119 wyje\u017cd\u017caj\u0105c\u0105.<\/p>\n<p>Je\u015bli zosta\u0142y zrobione\u00a0 przedp\u0142aty przez U\u015a nale\u017cy dostarczy\u0107 <span style=\"text-decoration: underline;\">do 14 dni od dokonania p\u0142atno\u015bci<\/span> faktur\u0119 wystawion\u0105 na:<\/p>\n<p><strong>Uniwersytet \u015al\u0105ski w Katowicach,<\/strong><\/p>\n<p><strong>ul. Bankowa 12<\/strong><\/p>\n<p><strong>40-007 Katowice<\/strong><\/p>\n<p><strong>NIP: PL634-019-71-34<\/strong><\/p>\n<p>Faktur\u0119 elektroniczn\u0105 nale\u017cy przes\u0142a\u0107 z mailem \u017ar\u00f3d\u0142owym na adres: <a href=\"mailto:brmm@us.edu.pl\">brmm@us.edu.pl<\/a>.<\/p>\n<p>W przypadku braku prawid\u0142owej faktury wystawionej na U\u015a osoba wyje\u017cd\u017caj\u0105ca sk\u0142ada <a href=\"https:\/\/us.edu.pl\/pracownik\/wp-content\/uploads\/sites\/2\/Editor\/DMM-Sprawy-miedzynarodowe\/Oswiadczenie-o-poniesieniu-wydatku_Instrukcja_15.04.2025.doc.docx\" class=\"mtli_attachment mtli_docx\"><em>O\u015bwiadczenie o poniesieniu wydatku w trakcie odbywania podr\u00f3\u017cy s\u0142u\u017cbowej \/ wyjazdu i przyczynach braku jego udokumentowania<\/em><\/a>\u00a0z dokumentem potwierdzaj\u0105cym rodzaj i kwot\u0119 wydatku. \r\n                                <div class=\"mt-3\"><\/div>\r\n                            <\/div>\r\n                            \r\n                            \r\n                        <\/div>\r\n                    <\/div>\r\n                <\/div>[\/vc_column][\/vc_row]<\/p>","protected":false},"excerpt":{"rendered":"<p>[vc_row][vc_column][vc_row_inner][vc_column_inner][\/vc_column_inner][\/vc_row_inner][\/vc_column][\/vc_row][vc_row][vc_column][\/vc_column][\/vc_row][vc_row][vc_column][\/vc_column][\/vc_row][vc_row][vc_column][\/vc_column][\/vc_row][vc_row][vc_column][\/vc_column][\/vc_row][vc_row][vc_column][\/vc_column][\/vc_row][vc_row][vc_column][\/vc_column][\/vc_row][vc_row][vc_column][\/vc_column][\/vc_row][vc_row][vc_column][\/vc_column][\/vc_row][vc_row][vc_column][\/vc_column][\/vc_row] [&#8230;]<\/p>\n<p><a class=\"btn btn-secondary understrap-read-more-link\" href=\"https:\/\/us.edu.pl\/student\/mobilnosc\/mobilnosc-miedzynarodowa\/wyjazdy-zagraniczne\/polecenie-wyjazdu-sluzbowego\/\">Read More&#8230;<\/a><\/p>\n","protected":false},"author":28,"featured_media":0,"parent":26503,"menu_order":0,"comment_status":"closed","ping_status":"closed","template":"","meta":{"_expiration-date-status":"saved","_expiration-date":0,"_expiration-date-type":"","_expiration-date-categories":[],"_expiration-date-options":[]},"acf":[],"_links":{"self":[{"href":"https:\/\/us.edu.pl\/student\/wp-json\/wp\/v2\/pages\/26722"}],"collection":[{"href":"https:\/\/us.edu.pl\/student\/wp-json\/wp\/v2\/pages"}],"about":[{"href":"https:\/\/us.edu.pl\/student\/wp-json\/wp\/v2\/types\/page"}],"author":[{"embeddable":true,"href":"https:\/\/us.edu.pl\/student\/wp-json\/wp\/v2\/users\/28"}],"replies":[{"embeddable":true,"href":"https:\/\/us.edu.pl\/student\/wp-json\/wp\/v2\/comments?post=26722"}],"version-history":[{"count":4,"href":"https:\/\/us.edu.pl\/student\/wp-json\/wp\/v2\/pages\/26722\/revisions"}],"predecessor-version":[{"id":59919,"href":"https:\/\/us.edu.pl\/student\/wp-json\/wp\/v2\/pages\/26722\/revisions\/59919"}],"up":[{"embeddable":true,"href":"https:\/\/us.edu.pl\/student\/wp-json\/wp\/v2\/pages\/26503"}],"wp:attachment":[{"href":"https:\/\/us.edu.pl\/student\/wp-json\/wp\/v2\/media?parent=26722"}],"curies":[{"name":"wp","href":"https:\/\/api.w.org\/{rel}","templated":true}]}}