{"id":26729,"date":"2020-12-09T11:54:58","date_gmt":"2020-12-09T10:54:58","guid":{"rendered":"https:\/\/us.edu.pl\/student\/?page_id=26729"},"modified":"2025-12-03T14:37:44","modified_gmt":"2025-12-03T13:37:44","slug":"podstawy-prawne-wyjazdow-zagranicznych","status":"publish","type":"page","link":"https:\/\/us.edu.pl\/student\/mobilnosc\/mobilnosc-miedzynarodowa\/wyjazdy-zagraniczne\/podstawy-prawne-wyjazdow-zagranicznych\/","title":{"rendered":"Podstawy prawne wyjazd\u00f3w zagranicznych"},"content":{"rendered":"<p>[vc_row][vc_column][\/vc_column][\/vc_row][vc_row][vc_column]\r\n                <div class=\"text-modules\">\r\n                    <div class=\"container\">\r\n                        <h3 class=\"page-title text__title\">Podstawy prawne wyjazd\u00f3w zagranicznych<\/h3>\r\n                        <div class=\"text-modules__content\"><p><a href=\"https:\/\/aktyprawne.us.edu.pl\/d\/8262\/5\/?tc=63\">Pismo ok\u00f3lne nr 3 Rektora Uniwersytetu \u015al\u0105skiego w Katowicach z dnia 27 czerwca 2025 r. w sprawie zmiany procedury oraz okre\u015blenia zasad zakupu bilet\u00f3w lotniczych, kolejowych, autobusowych, promowych oraz us\u0142ugi wizowania paszport\u00f3w na wyjazdy za granic\u0119 pracownik\u00f3w, doktorant\u00f3w, student\u00f3w Uniwersytetu \u015al\u0105skiego w Katowicach oraz os\u00f3b nieb\u0119d\u0105cych pracownikami.<\/a><\/p>\n<\/div>\r\n                    <\/div>\r\n                <\/div>[\/vc_column][\/vc_row][vc_row][vc_column]<div class=\"container\"><div class=\"separator\" style=\"background-color: #EBEBEB\"><\/div><\/div>[\/vc_column][\/vc_row][vc_row][vc_column]\r\n                <div class=\"text-modules \">\r\n                    <div class=\"container\">\r\n                        <h3 class=\"section-title section-title_border-bottom\">Skierowanie za granic\u0119<\/h3> \r\n                        <div class=\"row m-0\">\r\n                            <div class=\"text-modules__content\">\r\n                                Zarz\u0105dzenie nr 54 Rektora Uniwersytetu \u015al\u0105skiego w Katowicach z dnia 15 kwietnia 2025 r. zmieniaj\u0105ce zarz\u0105dzenie w sprawie wprowadzenia Regulaminu kierowania pracownik\u00f3w, doktorant\u00f3w i student\u00f3w Uniwersytetu \u015al\u0105skiego w Katowicach za granic\u0119 w celach naukowych, dydaktycznych i szkoleniowych oraz przyjmowania go\u015bci z zagranicy (<a href=\"https:\/\/aktyprawne.us.edu.pl\/d\/8088\/5\/?tybp_filterId=1&amp;tybp_filterYear=2025&amp;tybp_filterMonth=4&amp;tybp_filterDay=15&amp;tybp_moduleId=1635\">tekst jednolity Regulaminu stanowi\u0105cy za\u0142\u0105cznik nr nr 2 do zarz\u0105dzenia nr 54 Rektora U\u015a z 15 kwietnia 2025 r.<\/a>), ze zmianami:<\/p>\n<p style=\"padding-left: 40px;\"><a href=\"https:\/\/aktyprawne.us.edu.pl\/446-lista-dokumentow\/d\/8264\/5\/?reporef=%2F446-lista-dokumentow%2F\">Zarz\u0105dzenie nr 16 Rektora Uniwersytetu \u015al\u0105skiego w Katowicach z dnia 15 kwietnia 2025 r. zmieniaj\u0105ce zarz\u0105dzenie w sprawie wprowadzenia Regulaminu kierowania pracownik\u00f3w, doktorant\u00f3w i student\u00f3w Uniwersytetu \u015al\u0105skiego w Katowicach za granic\u0119 w celach naukowych, dydaktycznych i szkoleniowych oraz przyjmowania go\u015bci z zagranicy.<\/a><\/p>\n<p><a href=\"https:\/\/isap.sejm.gov.pl\/isap.nsf\/DocDetails.xsp?id=WDU20250000163\">Ustawa z dnia 26 lipca 1991 r. o podatku dochodowym od os\u00f3b fizycznych z p\u00f3\u017an. zm.<\/a> \r\n                                <div class=\"mt-3\"><\/div>\r\n                            <\/div>\r\n                            \r\n                            \r\n                        <\/div>\r\n                    <\/div>\r\n                <\/div>[\/vc_column][\/vc_row][vc_row][vc_column]<div class=\"container\"><div class=\"separator\" style=\"background-color: #EBEBEB\"><\/div><\/div>[\/vc_column][\/vc_row][vc_row][vc_column]\r\n                <div class=\"text-modules \">\r\n                    <div class=\"container\">\r\n                        <h3 class=\"section-title section-title_border-bottom\">Polecenie wyjazdu s\u0142u\u017cbowego<\/h3> \r\n                        <div class=\"row m-0\">\r\n                            <div class=\"text-modules__content\">\r\n                                Rozporz\u0105dzenie Ministra Rodziny i Polityki Spo\u0142ecznej z dnia 25 pa\u017adziernika 2022 r. zmieniaj\u0105ce rozporz\u0105dzenie w sprawie nale\u017cno\u015bci przys\u0142uguj\u0105cych pracownikowi zatrudnionemu w pa\u0144stwowej lub samorz\u0105dowej jednostce sfery bud\u017cetowej z tytu\u0142u podr\u00f3\u017cy s\u0142u\u017cbowej z p\u00f3\u017an. zm. (<a class=\"mtli_attachment mtli_pdf mtli_attachment mtli_pdf mtli_attachment mtli_pdf mtli_attachment mtli_pdf mtli_attachment mtli_pdf mtli_attachment mtli_pdf\" href=\"https:\/\/isap.sejm.gov.pl\/isap.nsf\/download.xsp\/WDU20220002302\/O\/D20222302.pdf\">tekst jednolity Dz. U. 2023, poz. 2190<\/a>)<\/p>\n<p>Zarz\u0105dzenie nr 53 Rektora Uniwersytetu \u015al\u0105skiego w Katowicach z dnia 15 kwietnia 2025 r. zmieniaj\u0105cego Instrukcj\u0119 w sprawie nale\u017cno\u015bci zwi\u0105zanych z podr\u00f3\u017cami s\u0142u\u017cbowymi pracownik\u00f3w, podr\u00f3\u017cami os\u00f3b nieb\u0119d\u0105cych pracownikami Uniwersytetu \u015al\u0105skiego i podr\u00f3\u017cami go\u015bci krajowych oraz zasad ich rozliczania\u00a0(<a href=\"https:\/\/aktyprawne.us.edu.pl\/d\/8086\/5\/?tybp_filterId=1&amp;tybp_filterYear=2025&amp;tybp_filterMonth=4&amp;tybp_filterDay=15&amp;tybp_moduleId=1635\">tekst jednolity Instrukcji stanowi\u0105cy za\u0142\u0105cznik nr 4 do zarz\u0105dzenia nr 53 Rektora U\u015a z 15 kwietnia 2025 r.<\/a>), ze zmianami:<\/p>\n<p style=\"padding-left: 40px;\"><a href=\"https:\/\/aktyprawne.us.edu.pl\/446-lista-dokumentow\/d\/8263\/5\/?reporef=%2F446-lista-dokumentow%2F\">Zarz\u0105dzenie nr 106 Rektora Uniwersytetu \u015al\u0105skiego w Katowicach z dnia 27 czerwca 2025 r. zmieniaj\u0105ce Instrukcj\u0119 w sprawie nale\u017cno\u015bci zwi\u0105zanych z podr\u00f3\u017cami s\u0142u\u017cbowymi pracownik\u00f3w, podr\u00f3\u017cami os\u00f3b nieb\u0119d\u0105cych pracownikami Uniwersytetu \u015al\u0105skiego i podr\u00f3\u017cami go\u015bci krajowych oraz zasad ich rozliczania.<\/a><\/p>\n<p>Rozporz\u0105dzenie Ministra Infrastruktury z dnia 25 marca 2002 r. w sprawie warunk\u00f3w ustalania oraz sposobu dokonywania zwrotu koszt\u00f3w u\u017cywania do cel\u00f3w s\u0142u\u017cbowych samochod\u00f3w osobowych, motocykli i motorower\u00f3w nieb\u0119d\u0105cych w\u0142asno\u015bci\u0105 pracodawcy z p\u00f3\u017an. zm. (<a class=\"mtli_attachment mtli_pdf mtli_attachment mtli_pdf mtli_attachment mtli_pdf mtli_attachment mtli_pdf mtli_attachment mtli_pdf mtli_attachment mtli_pdf\" href=\"https:\/\/isap.sejm.gov.pl\/isap.nsf\/download.xsp\/WDU20230000005\/O\/D20230005.pdf\">Dz.U. 2023 poz. 5<\/a>) \r\n                                <div class=\"mt-3\"><\/div>\r\n                            <\/div>\r\n                            \r\n                            \r\n                        <\/div>\r\n                    <\/div>\r\n                <\/div>[\/vc_column][\/vc_row]<\/p>","protected":false},"excerpt":{"rendered":"<p>[vc_row][vc_column][\/vc_column][\/vc_row][vc_row][vc_column][\/vc_column][\/vc_row][vc_row][vc_column][\/vc_column][\/vc_row][vc_row][vc_column][\/vc_column][\/vc_row][vc_row][vc_column][\/vc_column][\/vc_row][vc_row][vc_column][\/vc_column][\/vc_row] [&#8230;]<\/p>\n<p><a class=\"btn btn-secondary understrap-read-more-link\" href=\"https:\/\/us.edu.pl\/student\/mobilnosc\/mobilnosc-miedzynarodowa\/wyjazdy-zagraniczne\/podstawy-prawne-wyjazdow-zagranicznych\/\">Read More&#8230;<\/a><\/p>\n","protected":false},"author":28,"featured_media":0,"parent":26503,"menu_order":0,"comment_status":"closed","ping_status":"closed","template":"","meta":{"_expiration-date-status":"saved","_expiration-date":0,"_expiration-date-type":"","_expiration-date-categories":[],"_expiration-date-options":[]},"acf":[],"_links":{"self":[{"href":"https:\/\/us.edu.pl\/student\/wp-json\/wp\/v2\/pages\/26729"}],"collection":[{"href":"https:\/\/us.edu.pl\/student\/wp-json\/wp\/v2\/pages"}],"about":[{"href":"https:\/\/us.edu.pl\/student\/wp-json\/wp\/v2\/types\/page"}],"author":[{"embeddable":true,"href":"https:\/\/us.edu.pl\/student\/wp-json\/wp\/v2\/users\/28"}],"replies":[{"embeddable":true,"href":"https:\/\/us.edu.pl\/student\/wp-json\/wp\/v2\/comments?post=26729"}],"version-history":[{"count":3,"href":"https:\/\/us.edu.pl\/student\/wp-json\/wp\/v2\/pages\/26729\/revisions"}],"predecessor-version":[{"id":60201,"href":"https:\/\/us.edu.pl\/student\/wp-json\/wp\/v2\/pages\/26729\/revisions\/60201"}],"up":[{"embeddable":true,"href":"https:\/\/us.edu.pl\/student\/wp-json\/wp\/v2\/pages\/26503"}],"wp:attachment":[{"href":"https:\/\/us.edu.pl\/student\/wp-json\/wp\/v2\/media?parent=26729"}],"curies":[{"name":"wp","href":"https:\/\/api.w.org\/{rel}","templated":true}]}}