{"id":28213,"date":"2021-03-05T14:15:10","date_gmt":"2021-03-05T13:15:10","guid":{"rendered":"https:\/\/us.edu.pl\/student\/?page_id=28213"},"modified":"2021-03-09T10:25:44","modified_gmt":"2021-03-09T09:25:44","slug":"wyroznienie-honorowe","status":"publish","type":"page","link":"https:\/\/us.edu.pl\/student\/dzialalnosc-studencka\/wyroznienia-jm-rektora-us\/laureaci-poprzednich-edycji\/laureaci-xii-edycji\/wyroznienie-honorowe\/","title":{"rendered":"Wyr\u00f3\u017cnienie Honorowe"},"content":{"rendered":"<p>[vc_row][vc_column width=&#8221;2\/3&#8243;]\r\n                <div class=\"text-modules\">\r\n                    <div class=\"container\">\r\n                        <h3 class=\"page-title text__title\">Wyr\u00f3\u017cnienie Honorowe<\/h3>\r\n                        <div class=\"text-modules__content\"><\/p>\n<h3>Jakub Florkiewicz<\/h3>\n<p><span style=\"font-size: 12pt;font-family: Verdana, sans-serif\">Otrzyma\u0142 Wyr\u00f3\u017cnienie Honorowe Rektora U\u015a\u00a0w XII edycji konkursu jako student\u00a0bezpiecze\u0144stwa narodowego i mi\u0119dzynarodowego na Wydziale Nauk Spo\u0142ecznych U\u015a.\u00a0W sierpniu 2020 roku zareagowa\u0142 na homofobiczny atak w nocnym, miejskim autobusie. Obroni\u0142 innego pasa\u017cera samemu nara\u017caj\u0105c si\u0119 na agresj\u0119. Wykaza\u0142 si\u0119 odwag\u0105 i wra\u017cliwo\u015bci\u0105 na drugiego cz\u0142owieka.\u00a0Jego czyn wszystkim m\u00f3g\u0142 przypomnie\u0107 znaczenie s\u0142\u00f3w Edmunda Burke: \u201eAby z\u0142o zatriumfowa\u0142o, wystarczy, by dobry cz\u0142owiek niczego nie robi\u0142\u201d. Jego zainteresowaniami\u00a0s\u0105 m.in. jazda na deskorolce, nauka gry na gitarze, obserwowanie i analizowanie polityki, a w okresie zimowym jazda na snowboardzie.\u00a0Aktualnie pisze prac\u0119 na temat handlu lud\u017ami w Polsce.<\/span><\/p>\n<\/div>\r\n                    <\/div>\r\n                <\/div>[\/vc_column][vc_column width=&#8221;1\/3&#8243;]\r\n                <div class=\"text-modules\">\r\n                    <div class=\"container\">\r\n                        \r\n                        <div class=\"text-modules__content\"><p><img class=\"alignnone size-medium wp-image-28214\" src=\"https:\/\/us.edu.pl\/student\/wp-content\/uploads\/sites\/3\/Nieprzypisane\/Jakub-Florkiewicz-262x300.jpg\" alt=\"Zdj\u0119cie przedstawia Jakuba Florkiewicza\" width=\"262\" height=\"300\" srcset=\"https:\/\/us.edu.pl\/student\/wp-content\/uploads\/sites\/3\/Nieprzypisane\/Jakub-Florkiewicz-262x300.jpg 262w, https:\/\/us.edu.pl\/student\/wp-content\/uploads\/sites\/3\/Nieprzypisane\/Jakub-Florkiewicz-768x879.jpg 768w, https:\/\/us.edu.pl\/student\/wp-content\/uploads\/sites\/3\/Nieprzypisane\/Jakub-Florkiewicz-894x1024.jpg 894w, https:\/\/us.edu.pl\/student\/wp-content\/uploads\/sites\/3\/Nieprzypisane\/Jakub-Florkiewicz-502x575.jpg 502w, https:\/\/us.edu.pl\/student\/wp-content\/uploads\/sites\/3\/Nieprzypisane\/Jakub-Florkiewicz.jpg 1241w\" sizes=\"(max-width: 262px) 100vw, 262px\" \/><\/p>\n<\/div>\r\n                    <\/div>\r\n                <\/div>[\/vc_column][\/vc_row]<\/p>","protected":false},"excerpt":{"rendered":"<p>[vc_row][vc_column width=&#8221;2\/3&#8243;][\/vc_column][vc_column width=&#8221;1\/3&#8243;][\/vc_column][\/vc_row] [&#8230;]<\/p>\n<p><a class=\"btn btn-secondary understrap-read-more-link\" href=\"https:\/\/us.edu.pl\/student\/dzialalnosc-studencka\/wyroznienia-jm-rektora-us\/laureaci-poprzednich-edycji\/laureaci-xii-edycji\/wyroznienie-honorowe\/\">Read More&#8230;<\/a><\/p>\n","protected":false},"author":28,"featured_media":0,"parent":23075,"menu_order":0,"comment_status":"closed","ping_status":"closed","template":"page-templates\/page-with-sidebar.php","meta":{"_expiration-date-status":"saved","_expiration-date":0,"_expiration-date-type":"","_expiration-date-categories":[],"_expiration-date-options":[]},"acf":[],"_links":{"self":[{"href":"https:\/\/us.edu.pl\/student\/wp-json\/wp\/v2\/pages\/28213"}],"collection":[{"href":"https:\/\/us.edu.pl\/student\/wp-json\/wp\/v2\/pages"}],"about":[{"href":"https:\/\/us.edu.pl\/student\/wp-json\/wp\/v2\/types\/page"}],"author":[{"embeddable":true,"href":"https:\/\/us.edu.pl\/student\/wp-json\/wp\/v2\/users\/28"}],"replies":[{"embeddable":true,"href":"https:\/\/us.edu.pl\/student\/wp-json\/wp\/v2\/comments?post=28213"}],"version-history":[{"count":0,"href":"https:\/\/us.edu.pl\/student\/wp-json\/wp\/v2\/pages\/28213\/revisions"}],"up":[{"embeddable":true,"href":"https:\/\/us.edu.pl\/student\/wp-json\/wp\/v2\/pages\/23075"}],"wp:attachment":[{"href":"https:\/\/us.edu.pl\/student\/wp-json\/wp\/v2\/media?parent=28213"}],"curies":[{"name":"wp","href":"https:\/\/api.w.org\/{rel}","templated":true}]}}