{"id":32344,"date":"2021-11-08T14:43:29","date_gmt":"2021-11-08T13:43:29","guid":{"rendered":"https:\/\/us.edu.pl\/student\/?page_id=32344"},"modified":"2021-11-15T10:48:10","modified_gmt":"2021-11-15T09:48:10","slug":"anna-abramowicz","status":"publish","type":"page","link":"https:\/\/us.edu.pl\/student\/dzialalnosc-studencka\/wyroznienia-jm-rektora-us\/laureaci-xiii-edycji\/doktoranci\/anna-abramowicz\/","title":{"rendered":"Anna Abramowicz"},"content":{"rendered":"<p>[vc_row][vc_column]\r\n                <div class=\"text-modules \">\r\n                    <div class=\"container\">\r\n                        <h3 class=\"section-title section-title_border-bottom\">Anna Abramowicz<\/h3> \r\n                        <div class=\"row m-0\">\r\n                            <div class=\"text-modules__content\">\r\n                                Otrzyma\u0142a Wyr\u00f3\u017cnienie Rektora U\u015a w XIII edycji konkursu za osi\u0105gni\u0119cia naukowe jako doktorantka w dyscyplinie nauki o Ziemi i \u015brodowisku na Wydziale Nauk Przyrodniczych U\u015a. Kierownik i g\u0142\u00f3wny wykonawca projektu naukowego \u201eProblem samozagrzewania si\u0119 zwa\u0142owisk odpad\u00f3w po eksploatacji w\u0119gla kamiennego w G\u00f3rno\u015bl\u0105skim Zag\u0142\u0119biu W\u0119glowym \u2013 studium por\u00f3wnawcze cz\u0119\u015bci polskiej i czeskiej\u201d w ramach finansowania Fast Track Grants na Wydziale Nauk Przyrodniczych Uniwersytetu \u015al\u0105skiego oraz projektu \u201eAnaliza czasowo-przestrzennych zmian geomorfometrii zwa\u0142owisk odpad\u00f3w pow\u0119glowych G\u00f3rno\u015bl\u0105skiego Zag\u0142\u0119bia W\u0119glowego\u201d w ramach finansowania M\u0142odzi Badacze na Wydziale Nauk o Ziemi Uniwersytetu \u015al\u0105skiego. Autorka 12 artyku\u0142\u00f3w naukowych oraz ponad 12 wyst\u0105pie\u0144 na konferencjach mi\u0119dzynarodowych. Wzi\u0119\u0142a udzia\u0142 w dw\u00f3ch wyjazdach zagranicznych w ramach stypendium Erasmus oraz CEEPUS. W\u015br\u00f3d swoich pasji wymienia podr\u00f3\u017ce po krajach by\u0142ego ZSRR, renowacj\u0119 mebli i literatur\u0119 faktu. \r\n                                <div class=\"mt-3\"><\/div>\r\n                            <\/div>\r\n                            \r\n                            <div class=\"text-modules__img\"><img src=\"https:\/\/us.edu.pl\/student\/wp-content\/uploads\/sites\/3\/Wyr\u00f3\u017cnienia-rektora\/Wyr\u00f3\u017cnienia-2021\/Abramowicz-2-224x300.jpg\" alt=\"img\"><\/div>\r\n                        <\/div>\r\n                    <\/div>\r\n                <\/div>[\/vc_column][\/vc_row]<\/p>","protected":false},"excerpt":{"rendered":"<p>[vc_row][vc_column][\/vc_column][\/vc_row] [&#8230;]<\/p>\n<p><a class=\"btn btn-secondary understrap-read-more-link\" href=\"https:\/\/us.edu.pl\/student\/dzialalnosc-studencka\/wyroznienia-jm-rektora-us\/laureaci-xiii-edycji\/doktoranci\/anna-abramowicz\/\">Read More&#8230;<\/a><\/p>\n","protected":false},"author":28,"featured_media":0,"parent":32330,"menu_order":0,"comment_status":"closed","ping_status":"closed","template":"","meta":{"_expiration-date-status":"saved","_expiration-date":0,"_expiration-date-type":"","_expiration-date-categories":[],"_expiration-date-options":[]},"acf":[],"_links":{"self":[{"href":"https:\/\/us.edu.pl\/student\/wp-json\/wp\/v2\/pages\/32344"}],"collection":[{"href":"https:\/\/us.edu.pl\/student\/wp-json\/wp\/v2\/pages"}],"about":[{"href":"https:\/\/us.edu.pl\/student\/wp-json\/wp\/v2\/types\/page"}],"author":[{"embeddable":true,"href":"https:\/\/us.edu.pl\/student\/wp-json\/wp\/v2\/users\/28"}],"replies":[{"embeddable":true,"href":"https:\/\/us.edu.pl\/student\/wp-json\/wp\/v2\/comments?post=32344"}],"version-history":[{"count":0,"href":"https:\/\/us.edu.pl\/student\/wp-json\/wp\/v2\/pages\/32344\/revisions"}],"up":[{"embeddable":true,"href":"https:\/\/us.edu.pl\/student\/wp-json\/wp\/v2\/pages\/32330"}],"wp:attachment":[{"href":"https:\/\/us.edu.pl\/student\/wp-json\/wp\/v2\/media?parent=32344"}],"curies":[{"name":"wp","href":"https:\/\/api.w.org\/{rel}","templated":true}]}}