{"id":32346,"date":"2021-11-08T14:45:17","date_gmt":"2021-11-08T13:45:17","guid":{"rendered":"https:\/\/us.edu.pl\/student\/?page_id=32346"},"modified":"2021-11-15T10:51:16","modified_gmt":"2021-11-15T09:51:16","slug":"marlena-drapalska-grochowicz","status":"publish","type":"page","link":"https:\/\/us.edu.pl\/student\/dzialalnosc-studencka\/wyroznienia-jm-rektora-us\/laureaci-xiii-edycji\/doktoranci\/marlena-drapalska-grochowicz\/","title":{"rendered":"Marlena Drapalska-Grochowicz"},"content":{"rendered":"<p>[vc_row][vc_column]\r\n                <div class=\"text-modules \">\r\n                    <div class=\"container\">\r\n                        <h3 class=\"section-title section-title_border-bottom\">Marlena Drapalska-Grochowicz<\/h3> \r\n                        <div class=\"row m-0\">\r\n                            <div class=\"text-modules__content\">\r\n                                Otrzyma\u0142a Wyr\u00f3\u017cnienie Rektora U\u015a w XIII edycji konkursu za osi\u0105gni\u0119cia naukowe i dzia\u0142alno\u015b\u0107 spo\u0142eczn\u0105, w tym na rzecz wsp\u00f3lnoty akademickiej jako doktorantka w dyscyplinie prawo na Wydziale Prawa i Administracji U\u015a. W swoim bogatym dorobku naukowym posiada autorstwo i wsp\u00f3\u0142autorstwo 12 artyku\u0142\u00f3w naukowych oraz 3 rozdzia\u0142\u00f3w ksi\u0105\u017ckowych. Kieruje autorskim grantem z NCN pn. Rekonstrukcja kategorii \u201eblisko\u015bci\u201d w polskim systemie prawnym. Wyst\u0105pi\u0142a na 10 konferencjach mi\u0119dzynarodowych oraz 15 konferencjach og\u00f3lnopolskich. Wsp\u00f3\u0142organizowa\u0142a kilka wydarze\u0144 naukowych i popularnonaukowych Jest zaanga\u017cowana spo\u0142ecznie w dzia\u0142ania na rzecz prawnej ochrony zwierz\u0105t, m.in. od 2017 roku jest opiekunem pomocniczym Ko\u0142a Naukowego Praw Zwierz\u0105t, kt\u00f3re jest pierwszym tego rodzaju ko\u0142em naukowym w Polsce. Bra\u0142a udzia\u0142 w przygotowaniu cyklicznie odbywaj\u0105cego si\u0119 wydarzenia \u2013 Dni Edukacji na Rzecz Zwierz\u0105t wsp\u00f3\u0142organizowanych z Klubem Gaja (2017, 2018). Skutecznie interweniowa\u0142a by zapobiec usuni\u0119ciu przez jedn\u0105 ze sp\u00f3\u0142dzielni domk\u00f3w dla kot\u00f3w wolno\u017cyj\u0105cych, sfinansowanych uprzednio w ramach miejskiego bud\u017cetu obywatelskiego. Bra\u0142a dzia\u0142 w pracach zespo\u0142u badawczego, kt\u00f3ry mia\u0142 na celu opracowanie statusu pszcz\u00f3\u0142 z perspektywy prawa administracyjnego, cywilnego oraz karnego w ramach kampanii edukacyjnej \u201eNie \u017c\u0105dl\u0119 \u2013 zapylam\u201d. Wsp\u00f3\u0142tworzy\u0142a struktur\u0119 urz\u0119du Rzecznika Praw Studenta i Doktoranta U\u015a, w kt\u00f3rym pe\u0142ni funkcj\u0119 pe\u0142nomocnika prowadz\u0105c sprawy oraz anga\u017cuj\u0105c si\u0119 czynnie w rozw\u00f3j tego urz\u0119du. Bierze udzia\u0142 w realizacji projektu DUO \u2013 Uniwersytet \u015al\u0105ski uczelni\u0105 dost\u0119pn\u0105, uniwersaln\u0105 i otwart\u0105. Po\u015bwi\u0119ca r\u00f3wnie\u017c sw\u00f3j czas upowszechnianiu wiedzy prawnej poza uczelni\u0105, m.in. w projektach skierowanych do uczni\u00f3w. W wolnym czasie pog\u0142\u0119bia swoje zainteresowania zwi\u0105zane ze sztuk\u0105 \u2013 maluje akwarelami oraz fotografuje. Interesuje si\u0119 histori\u0105 sztuki, szczeg\u00f3lnie malarstwem drugiej po\u0142owy XX w. oraz muzyk\u0105 (w szczeg\u00f3lno\u015bci jazzem oraz muzyk\u0105 \u015bwiata, ale te\u017c rockiem progresywnym). Lubi aktywnie sp\u0119dza\u0107 czas \u2013 na g\u00f3rskich w\u0119dr\u00f3wkach i rowerowych wycieczkach. Zawsze podr\u00f3\u017cuje w towarzystwie dobrego reporta\u017cu i tomiku poezji. \r\n                                <div class=\"mt-3\"><\/div>\r\n                            <\/div>\r\n                            \r\n                            <div class=\"text-modules__img\"><img src=\"https:\/\/us.edu.pl\/student\/wp-content\/uploads\/sites\/3\/Wyr\u00f3\u017cnienia-rektora\/Wyr\u00f3\u017cnienia-2021\/Drapalska-Grochowicz-1-240x300.jpg\" alt=\"img\"><\/div>\r\n                        <\/div>\r\n                    <\/div>\r\n                <\/div>[\/vc_column][\/vc_row]<\/p>","protected":false},"excerpt":{"rendered":"<p>[vc_row][vc_column][\/vc_column][\/vc_row] [&#8230;]<\/p>\n<p><a class=\"btn btn-secondary understrap-read-more-link\" href=\"https:\/\/us.edu.pl\/student\/dzialalnosc-studencka\/wyroznienia-jm-rektora-us\/laureaci-xiii-edycji\/doktoranci\/marlena-drapalska-grochowicz\/\">Read More&#8230;<\/a><\/p>\n","protected":false},"author":28,"featured_media":0,"parent":32330,"menu_order":0,"comment_status":"closed","ping_status":"closed","template":"","meta":{"_expiration-date-status":"saved","_expiration-date":0,"_expiration-date-type":"","_expiration-date-categories":[],"_expiration-date-options":[]},"acf":[],"_links":{"self":[{"href":"https:\/\/us.edu.pl\/student\/wp-json\/wp\/v2\/pages\/32346"}],"collection":[{"href":"https:\/\/us.edu.pl\/student\/wp-json\/wp\/v2\/pages"}],"about":[{"href":"https:\/\/us.edu.pl\/student\/wp-json\/wp\/v2\/types\/page"}],"author":[{"embeddable":true,"href":"https:\/\/us.edu.pl\/student\/wp-json\/wp\/v2\/users\/28"}],"replies":[{"embeddable":true,"href":"https:\/\/us.edu.pl\/student\/wp-json\/wp\/v2\/comments?post=32346"}],"version-history":[{"count":0,"href":"https:\/\/us.edu.pl\/student\/wp-json\/wp\/v2\/pages\/32346\/revisions"}],"up":[{"embeddable":true,"href":"https:\/\/us.edu.pl\/student\/wp-json\/wp\/v2\/pages\/32330"}],"wp:attachment":[{"href":"https:\/\/us.edu.pl\/student\/wp-json\/wp\/v2\/media?parent=32346"}],"curies":[{"name":"wp","href":"https:\/\/api.w.org\/{rel}","templated":true}]}}