{"id":32359,"date":"2021-11-08T15:07:21","date_gmt":"2021-11-08T14:07:21","guid":{"rendered":"https:\/\/us.edu.pl\/student\/?page_id=32359"},"modified":"2021-11-15T10:54:16","modified_gmt":"2021-11-15T09:54:16","slug":"julia-dziukiewicz","status":"publish","type":"page","link":"https:\/\/us.edu.pl\/student\/dzialalnosc-studencka\/wyroznienia-jm-rektora-us\/laureaci-xiii-edycji\/doktoranci\/julia-dziukiewicz\/","title":{"rendered":"Julia Dziukiewicz"},"content":{"rendered":"<p>[vc_row][vc_column]\r\n                <div class=\"text-modules \">\r\n                    <div class=\"container\">\r\n                        <h3 class=\"section-title section-title_border-bottom\">Julia Dziukiewicz<\/h3> \r\n                        <div class=\"row m-0\">\r\n                            <div class=\"text-modules__content\">\r\n                                Otrzyma\u0142a Wyr\u00f3\u017cnienie Rektora U\u015a w XIII edycji konkursu za osi\u0105gni\u0119cia naukowe oraz dzia\u0142alno\u015b\u0107 popularnonaukow\u0105 jako doktorantka w dyscyplinie pedagogika na Wydziale Nauk Spo\u0142ecznych U\u015a. Jest autork\u0105 11 artyku\u0142\u00f3w naukowych oraz 8 rozdzia\u0142\u00f3w ksi\u0105\u017ckowych. Bra\u0142a udzia\u0142 w realizacji m.in. projektu naukowego \u201eZdrowe \u017bycie z Cukrzyc\u0105\u201d realizowanego przez Instytut Psychologii Uniwersytetu \u015al\u0105skiego oraz Fundacj\u0119 Zdrowego \u017bycia. Wyst\u0105pi\u0142a na 19 konferencjach naukowych og\u00f3lnopolskich i mi\u0119dzynarodowych. Poza aktywno\u015bci\u0105 naukow\u0105 od kilku lat popularyzuje wiedz\u0119 m.in. prowadz\u0105c warsztaty i wyk\u0142ady dla uczni\u00f3w. Jej zainteresowania naukowe oscyluj\u0105 wok\u00f3\u0142 wsp\u00f3\u0142czesnych zagro\u017ce\u0144 zdrowotnych, ze szczeg\u00f3lnym uwzgl\u0119dnieniem funkcjonowania psychospo\u0142ecznego jednostki. Pasjonuje j\u0105 dietetyka i zdrowy styl \u017cycia. Na co dzie\u0144 ch\u0119tnie dzieli si\u0119 swoj\u0105 wiedz\u0105 i zach\u0119ca bliskich do pojmowania zachowa\u0144 prozdrowotnych. W wolnym czasie lubi w\u0119dr\u00f3wki po g\u00f3rskich szlakach Tatr oraz odkrywanie urok\u00f3w Polskich miast i wsi. \r\n                                <div class=\"mt-3\"><\/div>\r\n                            <\/div>\r\n                            \r\n                            <div class=\"text-modules__img\"><img src=\"https:\/\/us.edu.pl\/student\/wp-content\/uploads\/sites\/3\/Wyr\u00f3\u017cnienia-rektora\/Wyr\u00f3\u017cnienia-2021\/Dziukiewicz-2-199x300.jpg\" alt=\"img\"><\/div>\r\n                        <\/div>\r\n                    <\/div>\r\n                <\/div>[\/vc_column][\/vc_row]<\/p>","protected":false},"excerpt":{"rendered":"<p>[vc_row][vc_column][\/vc_column][\/vc_row] [&#8230;]<\/p>\n<p><a class=\"btn btn-secondary understrap-read-more-link\" href=\"https:\/\/us.edu.pl\/student\/dzialalnosc-studencka\/wyroznienia-jm-rektora-us\/laureaci-xiii-edycji\/doktoranci\/julia-dziukiewicz\/\">Read More&#8230;<\/a><\/p>\n","protected":false},"author":28,"featured_media":0,"parent":32330,"menu_order":0,"comment_status":"closed","ping_status":"closed","template":"","meta":{"_expiration-date-status":"saved","_expiration-date":0,"_expiration-date-type":"","_expiration-date-categories":[],"_expiration-date-options":[]},"acf":[],"_links":{"self":[{"href":"https:\/\/us.edu.pl\/student\/wp-json\/wp\/v2\/pages\/32359"}],"collection":[{"href":"https:\/\/us.edu.pl\/student\/wp-json\/wp\/v2\/pages"}],"about":[{"href":"https:\/\/us.edu.pl\/student\/wp-json\/wp\/v2\/types\/page"}],"author":[{"embeddable":true,"href":"https:\/\/us.edu.pl\/student\/wp-json\/wp\/v2\/users\/28"}],"replies":[{"embeddable":true,"href":"https:\/\/us.edu.pl\/student\/wp-json\/wp\/v2\/comments?post=32359"}],"version-history":[{"count":0,"href":"https:\/\/us.edu.pl\/student\/wp-json\/wp\/v2\/pages\/32359\/revisions"}],"up":[{"embeddable":true,"href":"https:\/\/us.edu.pl\/student\/wp-json\/wp\/v2\/pages\/32330"}],"wp:attachment":[{"href":"https:\/\/us.edu.pl\/student\/wp-json\/wp\/v2\/media?parent=32359"}],"curies":[{"name":"wp","href":"https:\/\/api.w.org\/{rel}","templated":true}]}}