{"id":32365,"date":"2021-11-08T15:10:39","date_gmt":"2021-11-08T14:10:39","guid":{"rendered":"https:\/\/us.edu.pl\/student\/?page_id=32365"},"modified":"2021-11-15T10:58:48","modified_gmt":"2021-11-15T09:58:48","slug":"agnieszka-fortonska","status":"publish","type":"page","link":"https:\/\/us.edu.pl\/student\/dzialalnosc-studencka\/wyroznienia-jm-rektora-us\/laureaci-xiii-edycji\/doktoranci\/agnieszka-fortonska\/","title":{"rendered":"Agnieszka Forto\u0144ska"},"content":{"rendered":"<p>[vc_row][vc_column]\r\n                <div class=\"text-modules \">\r\n                    <div class=\"container\">\r\n                        <h3 class=\"section-title section-title_border-bottom\">Agnieszka Forto\u0144ska<\/h3> \r\n                        <div class=\"row m-0\">\r\n                            <div class=\"text-modules__content\">\r\n                                Otrzyma\u0142a Wyr\u00f3\u017cnienie Rektora U\u015a w XIII edycji konkursu za osi\u0105gni\u0119cia naukowe jako doktorantka w dyscyplinie prawo na Wydziale Prawa i Administracji U\u015a. Autorka 6 artyku\u0142\u00f3w naukowych oraz 8 rozdzia\u0142\u00f3w w ksi\u0105\u017ckach. Realizowa\u0142a autorski projekt naukowy pn. \u201cWp\u0142yw europejskiej Agencji Bezpiecze\u0144stwa Lotniczego na funkcjonowanie polityki transportowej rynku wewn\u0119trznego\u201d. Wyst\u0105pi\u0142a na 7 konferencjach mi\u0119dzynarodowych oraz 26 konferencjach og\u00f3lnopolskich, na kt\u00f3rych prezentowa\u0142a przede wszystkim tematyk\u0119 prawa lotniczego. By\u0142a stypendystk\u0105 programu mi\u0119dzynarodowego PEPP (Programme in European Private Law for Postgraduates; edycja 2016\/2017), stypendystk\u0105 szko\u0142y letniej j\u0119zyka s\u0142owe\u0144skiego w trzech edycjach (Uniwersytet w Lublanie; program Erasmus) oraz r\u00f3wnie\u017c trzykrotnie stypendystk\u0105 szko\u0142y letniej j\u0119zyka s\u0142owackiego (Uniwersytet Kome\u0144skiego w Bratys\u0142awie; program NAWA). Jej pasj\u0105 s\u0105 podr\u00f3\u017ce, j\u0119zyki obce i lotnictwo. \r\n                                <div class=\"mt-3\"><\/div>\r\n                            <\/div>\r\n                            \r\n                            <div class=\"text-modules__img\"><img src=\"https:\/\/us.edu.pl\/student\/wp-content\/uploads\/sites\/3\/Wyr\u00f3\u017cnienia-rektora\/Wyr\u00f3\u017cnienia-2021\/Forto\u0144ska-1-240x300.png\" alt=\"img\"><\/div>\r\n                        <\/div>\r\n                    <\/div>\r\n                <\/div>[\/vc_column][\/vc_row]<\/p>","protected":false},"excerpt":{"rendered":"<p>[vc_row][vc_column][\/vc_column][\/vc_row] [&#8230;]<\/p>\n<p><a class=\"btn btn-secondary understrap-read-more-link\" href=\"https:\/\/us.edu.pl\/student\/dzialalnosc-studencka\/wyroznienia-jm-rektora-us\/laureaci-xiii-edycji\/doktoranci\/agnieszka-fortonska\/\">Read More&#8230;<\/a><\/p>\n","protected":false},"author":28,"featured_media":0,"parent":32330,"menu_order":0,"comment_status":"closed","ping_status":"closed","template":"","meta":{"_expiration-date-status":"saved","_expiration-date":0,"_expiration-date-type":"","_expiration-date-categories":[],"_expiration-date-options":[]},"acf":[],"_links":{"self":[{"href":"https:\/\/us.edu.pl\/student\/wp-json\/wp\/v2\/pages\/32365"}],"collection":[{"href":"https:\/\/us.edu.pl\/student\/wp-json\/wp\/v2\/pages"}],"about":[{"href":"https:\/\/us.edu.pl\/student\/wp-json\/wp\/v2\/types\/page"}],"author":[{"embeddable":true,"href":"https:\/\/us.edu.pl\/student\/wp-json\/wp\/v2\/users\/28"}],"replies":[{"embeddable":true,"href":"https:\/\/us.edu.pl\/student\/wp-json\/wp\/v2\/comments?post=32365"}],"version-history":[{"count":0,"href":"https:\/\/us.edu.pl\/student\/wp-json\/wp\/v2\/pages\/32365\/revisions"}],"up":[{"embeddable":true,"href":"https:\/\/us.edu.pl\/student\/wp-json\/wp\/v2\/pages\/32330"}],"wp:attachment":[{"href":"https:\/\/us.edu.pl\/student\/wp-json\/wp\/v2\/media?parent=32365"}],"curies":[{"name":"wp","href":"https:\/\/api.w.org\/{rel}","templated":true}]}}