{"id":32369,"date":"2021-11-08T15:12:33","date_gmt":"2021-11-08T14:12:33","guid":{"rendered":"https:\/\/us.edu.pl\/student\/?page_id=32369"},"modified":"2021-11-15T11:01:12","modified_gmt":"2021-11-15T10:01:12","slug":"kamil-janelt","status":"publish","type":"page","link":"https:\/\/us.edu.pl\/student\/dzialalnosc-studencka\/wyroznienia-jm-rektora-us\/laureaci-xiii-edycji\/doktoranci\/kamil-janelt\/","title":{"rendered":"Kamil Janelt"},"content":{"rendered":"<p>[vc_row][vc_column]\r\n                <div class=\"text-modules \">\r\n                    <div class=\"container\">\r\n                        <h3 class=\"section-title section-title_border-bottom\">Kamil Janelt<\/h3> \r\n                        <div class=\"row m-0\">\r\n                            <div class=\"text-modules__content\">\r\n                                Otrzyma\u0142 Wyr\u00f3\u017cnienie Rektora U\u015a w XIII edycji konkursu za osi\u0105gni\u0119cia naukowe oraz dzia\u0142alno\u015b\u0107 popularnonaukow\u0105 jako doktorant w dyscyplinie biologia na Wydziale Nauk Przyrodniczych U\u015a. Z zaanga\u017cowaniem propagowa\u0142 wiedz\u0119 biologiczn\u0105 podczas \u015al\u0105skiego Festiwalu Nauki KATOWICE 2017 oraz podczas dw\u00f3ch edycji Nocy Biolog\u00f3w (2018, 2019). Przygotowywa\u0142 dwie uczennice do centralnego etapu Olimpiady Biologicznej (2018, 2019), prowadzi\u0142 wyk\u0142ady popularnonaukowe dla szk\u00f3\u0142 \u015brednich (2018, 2020). W swoim bogatym dorobku naukowym mo\u017ce wymieni\u0107 kierowanie autorskim grantem Narodowego Centrum Nauki \u201cKutykula i zwi\u0105zana z kutykul\u0105 odpowied\u017a na stres \u015brodowiskowy u s\u0142odkowodnego niesporczaka Thulinius ruffoi (Tardigrada, Isohypsibioidea: Doryphoribiidae) \u2013 formowanie, struktura i sk\u0142adniki chemiczne\u201d, autorstwo 8 artyku\u0142\u00f3w naukowych w czasopismach naukowych i dw\u00f3ch innych publikacji naukowych oraz wyst\u0105pienia na kilku konferencjach naukowych. Zosta\u0142 wyr\u00f3\u017cniony przez Katedr\u0119 Zoologii Uniwersytetu Warmi\u0144sko-Mazurskiego w Olsztynie oraz Komisj\u0119 Biologii Rozwoju Polskiej Akademii Umiej\u0119tno\u015bci w Krakowie posteru w konkursie na najlepszy poster w czasie trwania Og\u00f3lnopolskiej XXXIII Konferencji Embriologicznej Ro\u015bliny &#8211; Zwierz\u0119ta \u2013 Cz\u0142owiek, Olsztyn, 2018. W\u015br\u00f3d swoich zainteresowa\u0144 wymienia biologi\u0119 niesporczak\u00f3w, biologi\u0119 s\u0105dow\u0105 i rze\u017ab\u0119. Za swoje motto uznaje s\u0142owa Jane Goodall \u201cKa\u017cdy si\u0119 liczy. Ka\u017cdy ma swoj\u0105 rol\u0119 do odegrania. Ka\u017cdy mo\u017ce wszystko zmieni\u0107\u201d. \r\n                                <div class=\"mt-3\"><\/div>\r\n                            <\/div>\r\n                            \r\n                            <div class=\"text-modules__img\"><img src=\"https:\/\/us.edu.pl\/student\/wp-content\/uploads\/sites\/3\/Wyr\u00f3\u017cnienia-rektora\/Wyr\u00f3\u017cnienia-2021\/Janelt-2-195x300.jpg\" alt=\"img\"><\/div>\r\n                        <\/div>\r\n                    <\/div>\r\n                <\/div>[\/vc_column][\/vc_row]<\/p>","protected":false},"excerpt":{"rendered":"<p>[vc_row][vc_column][\/vc_column][\/vc_row] [&#8230;]<\/p>\n<p><a class=\"btn btn-secondary understrap-read-more-link\" href=\"https:\/\/us.edu.pl\/student\/dzialalnosc-studencka\/wyroznienia-jm-rektora-us\/laureaci-xiii-edycji\/doktoranci\/kamil-janelt\/\">Read More&#8230;<\/a><\/p>\n","protected":false},"author":28,"featured_media":0,"parent":32330,"menu_order":0,"comment_status":"closed","ping_status":"closed","template":"","meta":{"_expiration-date-status":"saved","_expiration-date":0,"_expiration-date-type":"","_expiration-date-categories":[],"_expiration-date-options":[]},"acf":[],"_links":{"self":[{"href":"https:\/\/us.edu.pl\/student\/wp-json\/wp\/v2\/pages\/32369"}],"collection":[{"href":"https:\/\/us.edu.pl\/student\/wp-json\/wp\/v2\/pages"}],"about":[{"href":"https:\/\/us.edu.pl\/student\/wp-json\/wp\/v2\/types\/page"}],"author":[{"embeddable":true,"href":"https:\/\/us.edu.pl\/student\/wp-json\/wp\/v2\/users\/28"}],"replies":[{"embeddable":true,"href":"https:\/\/us.edu.pl\/student\/wp-json\/wp\/v2\/comments?post=32369"}],"version-history":[{"count":0,"href":"https:\/\/us.edu.pl\/student\/wp-json\/wp\/v2\/pages\/32369\/revisions"}],"up":[{"embeddable":true,"href":"https:\/\/us.edu.pl\/student\/wp-json\/wp\/v2\/pages\/32330"}],"wp:attachment":[{"href":"https:\/\/us.edu.pl\/student\/wp-json\/wp\/v2\/media?parent=32369"}],"curies":[{"name":"wp","href":"https:\/\/api.w.org\/{rel}","templated":true}]}}