{"id":32373,"date":"2021-11-08T15:14:26","date_gmt":"2021-11-08T14:14:26","guid":{"rendered":"https:\/\/us.edu.pl\/student\/?page_id=32373"},"modified":"2021-11-15T11:03:40","modified_gmt":"2021-11-15T10:03:40","slug":"eryka-probierz","status":"publish","type":"page","link":"https:\/\/us.edu.pl\/student\/dzialalnosc-studencka\/wyroznienia-jm-rektora-us\/laureaci-xiii-edycji\/doktoranci\/eryka-probierz\/","title":{"rendered":"Eryka Probierz"},"content":{"rendered":"<p>[vc_row][vc_column]\r\n                <div class=\"text-modules \">\r\n                    <div class=\"container\">\r\n                        <h3 class=\"section-title section-title_border-bottom\">Eryka Probierz<\/h3> \r\n                        <div class=\"row m-0\">\r\n                            <div class=\"text-modules__content\">\r\n                                Otrzyma\u0142a Wyr\u00f3\u017cnienie Rektora U\u015a w XIII edycji konkursu za osi\u0105gni\u0119cia naukowe oraz dzia\u0142alno\u015b\u0107 popularnonaukow\u0105 jako doktorantka w dyscyplinie psychologia na Wydziale Nauk Spo\u0142ecznych U\u015a. Jest doktorantk\u0105 na dw\u00f3ch uczelniach: Politechnice \u015al\u0105skiej w Gliwicach oraz Uniwersytecie \u015al\u0105skim w Katowicach. Realizuje studia doktoranckie z informatyki w ramach programu AIDA (Applied Integrative Data Analysis) oraz z psychologii. Na co dzie\u0144 zwi\u0105zana z Katedr\u0105 Automatyki i Robotyki, gdzie prowadzi badania nad wykorzystaniem metod sztucznej inteligencji w robotach spo\u0142ecznych. Zosta\u0142a Laureatk\u0105 nagrody &#8222;Naukowiec Przysz\u0142o\u015bci 2021&#8221; w kategorii Humanistyka, sztuka i spo\u0142ecze\u0144stwo przysz\u0142o\u015bci za prowadzenie bada\u0144 nad wykorzystaniem metod uczenia maszynowego do przetwarzania danych z nauk spo\u0142ecznych oraz nominacj\u0119 do tej nagrody za prowadzenie bada\u0144 nad robotyk\u0105 spo\u0142eczn\u0105 w ramach wykrywania i rozpoznawania emocji przez roboty spo\u0142eczne. Zdoby\u0142a nagrod\u0119 za najlepszy artyku\u0142 popularnonaukowy w konkursie \u201eO nauce po ludzku\u201d (2020). By\u0142a wsp\u00f3\u0142organizatork\u0105 projektu o seksualno\u015bci kobiet z niepe\u0142nosprawno\u015bci\u0105. Na etapie studi\u00f3w doktoranckich opublikowa\u0142a kolejne artyku\u0142y naukowe \u2013 4 teksty w czasopismach naukowych, 2 rozdzia\u0142y ksi\u0105\u017ckowe oraz 5 innych publikacji naukowych. Realizuje autorski grant pn. \u201cWykrywanie i rozpoznawanie emocji przez roboty spo\u0142eczne za pomoc\u0105 konwolucyjnych i rekurencyjnych sieci neuronowych. Analiza g\u0142osu oraz przetwarzanie j\u0119zyka naturalnego w interakcji cz\u0142owiek-robot\u201d. Realizowa\u0142a i bra\u0142a udzia\u0142 r\u00f3wnie\u017c w innych projektach naukowych z Narodowego Centrum Bada\u0144 i Rozwoju. Wyst\u0105pi\u0142a na licznych konferencjach mi\u0119dzynarodowych i og\u00f3lnopolskich. Jako sw\u00f3j ulubiony cytat podaje za Stanis\u0142awem Lemem: \u201cB\u0105d\u017a dobrej my\u015bli, bo po co by\u0107 z\u0142ej\u201d. \r\n                                <div class=\"mt-3\"><\/div>\r\n                            <\/div>\r\n                            \r\n                            <div class=\"text-modules__img\"><img src=\"https:\/\/us.edu.pl\/student\/wp-content\/uploads\/sites\/3\/Wyr\u00f3\u017cnienia-rektora\/Wyr\u00f3\u017cnienia-2021\/Probierz-2-225x300.jpg\" alt=\"img\"><\/div>\r\n                        <\/div>\r\n                    <\/div>\r\n                <\/div>[\/vc_column][\/vc_row]<\/p>","protected":false},"excerpt":{"rendered":"<p>[vc_row][vc_column][\/vc_column][\/vc_row] [&#8230;]<\/p>\n<p><a class=\"btn btn-secondary understrap-read-more-link\" href=\"https:\/\/us.edu.pl\/student\/dzialalnosc-studencka\/wyroznienia-jm-rektora-us\/laureaci-xiii-edycji\/doktoranci\/eryka-probierz\/\">Read More&#8230;<\/a><\/p>\n","protected":false},"author":28,"featured_media":0,"parent":32330,"menu_order":0,"comment_status":"closed","ping_status":"closed","template":"","meta":{"_expiration-date-status":"saved","_expiration-date":0,"_expiration-date-type":"","_expiration-date-categories":[],"_expiration-date-options":[]},"acf":[],"_links":{"self":[{"href":"https:\/\/us.edu.pl\/student\/wp-json\/wp\/v2\/pages\/32373"}],"collection":[{"href":"https:\/\/us.edu.pl\/student\/wp-json\/wp\/v2\/pages"}],"about":[{"href":"https:\/\/us.edu.pl\/student\/wp-json\/wp\/v2\/types\/page"}],"author":[{"embeddable":true,"href":"https:\/\/us.edu.pl\/student\/wp-json\/wp\/v2\/users\/28"}],"replies":[{"embeddable":true,"href":"https:\/\/us.edu.pl\/student\/wp-json\/wp\/v2\/comments?post=32373"}],"version-history":[{"count":0,"href":"https:\/\/us.edu.pl\/student\/wp-json\/wp\/v2\/pages\/32373\/revisions"}],"up":[{"embeddable":true,"href":"https:\/\/us.edu.pl\/student\/wp-json\/wp\/v2\/pages\/32330"}],"wp:attachment":[{"href":"https:\/\/us.edu.pl\/student\/wp-json\/wp\/v2\/media?parent=32373"}],"curies":[{"name":"wp","href":"https:\/\/api.w.org\/{rel}","templated":true}]}}