{"id":32375,"date":"2021-11-08T15:16:29","date_gmt":"2021-11-08T14:16:29","guid":{"rendered":"https:\/\/us.edu.pl\/student\/?page_id=32375"},"modified":"2021-11-15T11:06:04","modified_gmt":"2021-11-15T10:06:04","slug":"zuzanna-sielska","status":"publish","type":"page","link":"https:\/\/us.edu.pl\/student\/dzialalnosc-studencka\/wyroznienia-jm-rektora-us\/laureaci-xiii-edycji\/doktoranci\/zuzanna-sielska\/","title":{"rendered":"Zuzanna Sielska"},"content":{"rendered":"<p>[vc_row][vc_column]\r\n                <div class=\"text-modules \">\r\n                    <div class=\"container\">\r\n                        <h3 class=\"section-title section-title_border-bottom\">Zuzanna Sielska<\/h3> \r\n                        <div class=\"row m-0\">\r\n                            <div class=\"text-modules__content\">\r\n                                Otrzyma\u0142a Wyr\u00f3\u017cnienie Rektora U\u015a w XIII edycji konkursu za osi\u0105gni\u0119cia naukowe oraz dzia\u0142alno\u015b\u0107 popularnonaukow\u0105 jako doktorantka w dyscyplinie nauki polityczne na Wydziale Nauk Spo\u0142ecznych U\u015a. Od 2017 roku dzia\u0142a w Forum M\u0142odych Dyplomat\u00f3w, w kt\u00f3rym w latach 2017-2018 pe\u0142ni\u0142a funkcj\u0119 Przewodnicz\u0105cej Przedstawicielstwa Regionalnego FMD Katowice. Organizowa\u0142a wiele wydarze\u0144 popularyzuj\u0105cych wiedz\u0119 m.in. debat\u0119 eksperck\u0105 \u201cChiny i Japonia \u2013 wczoraj i dzi\u015b\u201d. Moderowa\u0142a konferencj\u0119 \u201eV4CyberPower\u201d organizowan\u0105 przez Ministerstwo Sprawiedliwo\u015bci (2020), od 2019 roku dzia\u0142a w Instytucie Europy \u015arodkowej i Wschodniej Fundacji Tr\u00f3jmorza. Wsp\u00f3\u0142pracowa\u0142a r\u00f3wnie\u017c z Centrum Badawczym Polityki Publicznej i Problem\u00f3w Regulacyjnych Uniwersytetu \u015al\u0105skiego. Zajmuje si\u0119 pisaniem analiz, notatek analitycznych i komentarzy na temat pa\u0144stw P\u00f3\u0142wyspu Ba\u0142ka\u0144skiego m.in.na blogu Forum M\u0142odych Dyplomat\u00f3w. Jest autork\u0105 2 artyku\u0142\u00f3w naukowych, 5 rozdzia\u0142\u00f3w ksi\u0105\u017ckowych oraz wsp\u00f3\u0142redaktork\u0105 2 ksi\u0105\u017cek. Odby\u0142a roczny sta\u017c naukowy w ramach stypendium Narodowej Agencji Wymiany Akademickiej na Uniwersytecie w Belgradzie dla potrzeb bada\u0144 swojej pracy doktorskiej pt. &#8222;Wp\u0142yw konfliktu na kszta\u0142towanie si\u0119 kapita\u0142u spo\u0142ecznego w pa\u0144stwach by\u0142ej Jugos\u0142awii&#8221;. Realizowa\u0142a r\u00f3wnie\u017c m.in. autorski projekt \u201cBadanie kapita\u0142u spo\u0142ecznego w Czarnog\u00f3rze i Macedonii\u201d dzi\u0119ki programowymi PROM w ramach dzia\u0142alno\u015bci Narodowej Agencji Wymiany Akademickiej. Wyst\u0105pi\u0142a na 11 konferencjach naukowych. Gra na fortepianie i flecie poprzecznym. Uprawia narciarstwo (slalom specjalny, slalom gigant) \u2013wcze\u015bniej w AZS U\u015a. \r\n                                <div class=\"mt-3\"><\/div>\r\n                            <\/div>\r\n                            \r\n                            <div class=\"text-modules__img\"><img src=\"https:\/\/us.edu.pl\/student\/wp-content\/uploads\/sites\/3\/Wyr\u00f3\u017cnienia-rektora\/Wyr\u00f3\u017cnienia-2021\/Sielska-2-200x300.jpg\" alt=\"img\"><\/div>\r\n                        <\/div>\r\n                    <\/div>\r\n                <\/div>[\/vc_column][\/vc_row]<\/p>","protected":false},"excerpt":{"rendered":"<p>[vc_row][vc_column][\/vc_column][\/vc_row] [&#8230;]<\/p>\n<p><a class=\"btn btn-secondary understrap-read-more-link\" href=\"https:\/\/us.edu.pl\/student\/dzialalnosc-studencka\/wyroznienia-jm-rektora-us\/laureaci-xiii-edycji\/doktoranci\/zuzanna-sielska\/\">Read More&#8230;<\/a><\/p>\n","protected":false},"author":28,"featured_media":0,"parent":32330,"menu_order":0,"comment_status":"closed","ping_status":"closed","template":"","meta":{"_expiration-date-status":"saved","_expiration-date":0,"_expiration-date-type":"","_expiration-date-categories":[],"_expiration-date-options":[]},"acf":[],"_links":{"self":[{"href":"https:\/\/us.edu.pl\/student\/wp-json\/wp\/v2\/pages\/32375"}],"collection":[{"href":"https:\/\/us.edu.pl\/student\/wp-json\/wp\/v2\/pages"}],"about":[{"href":"https:\/\/us.edu.pl\/student\/wp-json\/wp\/v2\/types\/page"}],"author":[{"embeddable":true,"href":"https:\/\/us.edu.pl\/student\/wp-json\/wp\/v2\/users\/28"}],"replies":[{"embeddable":true,"href":"https:\/\/us.edu.pl\/student\/wp-json\/wp\/v2\/comments?post=32375"}],"version-history":[{"count":0,"href":"https:\/\/us.edu.pl\/student\/wp-json\/wp\/v2\/pages\/32375\/revisions"}],"up":[{"embeddable":true,"href":"https:\/\/us.edu.pl\/student\/wp-json\/wp\/v2\/pages\/32330"}],"wp:attachment":[{"href":"https:\/\/us.edu.pl\/student\/wp-json\/wp\/v2\/media?parent=32375"}],"curies":[{"name":"wp","href":"https:\/\/api.w.org\/{rel}","templated":true}]}}