{"id":32428,"date":"2021-11-09T09:50:09","date_gmt":"2021-11-09T08:50:09","guid":{"rendered":"https:\/\/us.edu.pl\/student\/?page_id=32428"},"modified":"2021-11-15T11:30:24","modified_gmt":"2021-11-15T10:30:24","slug":"jedrzej-blaszczak","status":"publish","type":"page","link":"https:\/\/us.edu.pl\/student\/dzialalnosc-studencka\/wyroznienia-jm-rektora-us\/laureaci-xiii-edycji\/studenci\/jedrzej-blaszczak\/","title":{"rendered":"J\u0119drzej B\u0142aszczak"},"content":{"rendered":"<p>[vc_row][vc_column]\r\n                <div class=\"text-modules \">\r\n                    <div class=\"container\">\r\n                        <h3 class=\"section-title section-title_border-bottom\">J\u0119drzej B\u0142aszczak<\/h3> \r\n                        <div class=\"row m-0\">\r\n                            <div class=\"text-modules__content\">\r\n                                Otrzyma\u0142 Wyr\u00f3\u017cnienie Rektora U\u015a w XIII edycji konkursu za\u00a0inicjowanie i rozwijanie \u017cycia studenckiego oraz\u00a0osi\u0105gni\u0119cia naukowe\u00a0jako\u00a0student prawa\u00a0na Wydziale\u00a0Prawa i Administracji\u00a0U\u015a.\u00a0Za osi\u0105gni\u0119cia podczas studi\u00f3w otrzyma\u0142 stypendium Ministra Edukacji i Nauki w roku akademickim 2020\/2021.\u00a0Jest autorem trzech publikacji naukowych. Realizowa\u0142 w\u0142asny projekt naukowy w ramach Grant\u00f3w Rektora\u00a0dotycz\u0105cy\u00a0oceny realizacji praw os\u00f3b nale\u017c\u0105cych do mniejszo\u015bci polskiej na Litwie w \u015bwietle prawa mi\u0119dzynarodowego.\u00a0Wyst\u0105pi\u0142 na 9 krajowych konferencjach naukowych i 2 mi\u0119dzynarodowych, organizowanych przez uniwersytety ze S\u0142owacji i Ukrainy.\u00a0Reprezentowa\u0142 U\u015a podczas\u00a0All-European\u00a0International\u00a0Humanitarian\u00a0and\u00a0Refugee\u00a0Law\u00a0Moot\u00a0Court\u00a0Competition\u00a02019 w S\u0142owenii uzyskuj\u0105c 10. miejsce w kategorii zespo\u0142owej.\u00a0Od roku akademickiego 2017\/2018 zaanga\u017cowany w dzia\u0142alno\u015b\u0107 Samorz\u0105du Studenckiego U\u015a, w kt\u00f3rym dzia\u0142a na rzecz student\u00f3w Wydzia\u0142u i ca\u0142ego Uniwersytetu oraz k\u00f3\u0142 naukowych.\u00a0Przewodnicz\u0105cy Komisji URSS ds. Dydaktyczno-Socjalnych.\u00a0W\u0142\u0105cza\u0142 si\u0119 w organizacj\u0119 m.in. dni adaptacyjnych i dni otwartych,\u00a0konferencji naukowych takich jak: III i IV \u015al\u0105ska Konferencja Medyczno-Prawna, konferencji organizowanej wraz z Cambridge University:\u00a0Advancing\u00a0Law &amp;\u00a0Governance\u00a0Contributions\u00a0to\u00a0Climate\u00a0Action\u00a0under\u00a0the Paris Agreement w ramach COP24, Og\u00f3lnopolska Konferencja Naukowa &#8222;Kobiety, dzieci i inne grupy szczeg\u00f3lnie wra\u017cliwe \u2013 standardy ochrony i wyzwania dla prawa mi\u0119dzynarodowego&#8221; i obchod\u00f3w 50-lecia Uniwersytetu \u015al\u0105skiego.\u00a0Wspiera\u0142\u00a0tworzenie struktur\u00a0pror\u00f3wno\u015bciowych\u00a0przy Rzeczniku Praw Studenta i Doktoranta w Uniwersytecie \u015al\u0105skim (jest cz\u0142onkiem\u00a0Kolegium\u00a0tego urz\u0119du).\u00a0Cz\u0142onek zespo\u0142u dzia\u0142aj\u0105cego w ramach projektu: \u201eLevel\u00a0Up\u00a0\u2013 zwi\u0119kszenie efektywno\u015bci komunikacyjnej U\u015a i kszta\u0142towanie postaw otwarto\u015bci w \u015brodowisku akademickim&#8221; pod kierownictwem Prorektor prof. Ewy Jarosz. Reprezentant Uniwersytetu \u015al\u0105skiego w Student\u00a0Council\u00a0w mi\u0119dzynarodowym projekcie Transform4Europe \u2013 T4E: The\u00a0European\u00a0University for Knowledge\u00a0Entrepreneurs.\u00a0W latach 2017-2019 jako przewodnicz\u0105cy, a nast\u0119pnie wiceprzewodnicz\u0105cy Ko\u0142a Naukowego \u201ePrawo i Bioetyka&#8221; organizowa\u0142 lub wsp\u00f3\u0142organizowa\u0142 wiele\u00a0wydarze\u0144 naukowych i popularnonaukowych dla student\u00f3w.\u00a0Aktywnie dzia\u0142a\u0142 r\u00f3wnie\u017c w Kole Naukowym Prawa Mi\u0119dzynarodowego Publicznego i Prawa Europejskiego IUS GENTIUM\u00a0m.in. organizuj\u0105c spotkania dotycz\u0105ce mo\u017cliwo\u015bci wyjazdu na praktyki zagraniczne w polskich ambasadach i dyplomacji. Mia\u0142 okazj\u0119 by\u0107 sta\u017cyst\u0105 na plac\u00f3wkach w Teheranie i Tbilisi.\u00a0\u00a0W\u015br\u00f3d swoich pasji wymienia\u00a0Duolingo, Ekstraklas\u0119 i psy rasy\u00a0Golden\u00a0Retriver. \r\n                                <div class=\"mt-3\"><\/div>\r\n                            <\/div>\r\n                            \r\n                            <div class=\"text-modules__img\"><img src=\"https:\/\/us.edu.pl\/student\/wp-content\/uploads\/sites\/3\/Wyr\u00f3\u017cnienia-rektora\/Wyr\u00f3\u017cnienia-2021\/B\u0142aszczak-4-1-199x300.jpg\" alt=\"img\"><\/div>\r\n                        <\/div>\r\n                    <\/div>\r\n                <\/div>[\/vc_column][\/vc_row]<\/p>","protected":false},"excerpt":{"rendered":"<p>[vc_row][vc_column][\/vc_column][\/vc_row] [&#8230;]<\/p>\n<p><a class=\"btn btn-secondary understrap-read-more-link\" href=\"https:\/\/us.edu.pl\/student\/dzialalnosc-studencka\/wyroznienia-jm-rektora-us\/laureaci-xiii-edycji\/studenci\/jedrzej-blaszczak\/\">Read More&#8230;<\/a><\/p>\n","protected":false},"author":28,"featured_media":0,"parent":32332,"menu_order":0,"comment_status":"closed","ping_status":"closed","template":"","meta":{"_expiration-date-status":"saved","_expiration-date":0,"_expiration-date-type":"","_expiration-date-categories":[],"_expiration-date-options":[]},"acf":[],"_links":{"self":[{"href":"https:\/\/us.edu.pl\/student\/wp-json\/wp\/v2\/pages\/32428"}],"collection":[{"href":"https:\/\/us.edu.pl\/student\/wp-json\/wp\/v2\/pages"}],"about":[{"href":"https:\/\/us.edu.pl\/student\/wp-json\/wp\/v2\/types\/page"}],"author":[{"embeddable":true,"href":"https:\/\/us.edu.pl\/student\/wp-json\/wp\/v2\/users\/28"}],"replies":[{"embeddable":true,"href":"https:\/\/us.edu.pl\/student\/wp-json\/wp\/v2\/comments?post=32428"}],"version-history":[{"count":0,"href":"https:\/\/us.edu.pl\/student\/wp-json\/wp\/v2\/pages\/32428\/revisions"}],"up":[{"embeddable":true,"href":"https:\/\/us.edu.pl\/student\/wp-json\/wp\/v2\/pages\/32332"}],"wp:attachment":[{"href":"https:\/\/us.edu.pl\/student\/wp-json\/wp\/v2\/media?parent=32428"}],"curies":[{"name":"wp","href":"https:\/\/api.w.org\/{rel}","templated":true}]}}