{"id":32430,"date":"2021-11-09T09:52:04","date_gmt":"2021-11-09T08:52:04","guid":{"rendered":"https:\/\/us.edu.pl\/student\/?page_id=32430"},"modified":"2021-11-15T11:13:35","modified_gmt":"2021-11-15T10:13:35","slug":"michal-gebicki","status":"publish","type":"page","link":"https:\/\/us.edu.pl\/student\/dzialalnosc-studencka\/wyroznienia-jm-rektora-us\/laureaci-xiii-edycji\/studenci\/michal-gebicki\/","title":{"rendered":"Micha\u0142 G\u0119bicki"},"content":{"rendered":"<p>[vc_row][vc_column]\r\n                <div class=\"text-modules \">\r\n                    <div class=\"container\">\r\n                        <h3 class=\"section-title section-title_border-bottom\">Micha\u0142 G\u0119bicki<\/h3> \r\n                        <div class=\"row m-0\">\r\n                            <div class=\"text-modules__content\">\r\n                                <span class=\"TextRun SCXW134660224 BCX8\" lang=\"PL-PL\" xml:lang=\"PL-PL\" data-contrast=\"none\"><span class=\"NormalTextRun SCXW134660224 BCX8\">Otrzyma\u0142 Wyr\u00f3\u017cnienie Rektora U\u015a w XIII edycji konkursu za\u00a0<\/span><span class=\"NormalTextRun SCXW134660224 BCX8\">dzia\u0142alno\u015b\u0107 spo\u0142eczn\u0105, dzia\u0142alno\u015b\u0107 popularnonaukow\u0105<\/span><span class=\"NormalTextRun SCXW134660224 BCX8\">\u00a0i<\/span><span class=\"NormalTextRun SCXW134660224 BCX8\">\u00a0<\/span><span class=\"NormalTextRun SCXW134660224 BCX8\">osi\u0105gni\u0119cia naukowe jako student prawa\u00a0na Wydziale\u00a0<\/span><\/span><span class=\"TextRun SCXW134660224 BCX8\" lang=\"PL-PL\" xml:lang=\"PL-PL\" data-contrast=\"none\"><span class=\"NormalTextRun SCXW134660224 BCX8\">Prawa i Administracji<\/span><\/span><span class=\"TextRun SCXW134660224 BCX8\" lang=\"PL-PL\" xml:lang=\"PL-PL\" data-contrast=\"none\"><span class=\"NormalTextRun SCXW134660224 BCX8\">\u00a0U\u015a.<\/span><span class=\"NormalTextRun SCXW134660224 BCX8\">\u00a0<\/span><span class=\"NormalTextRun SCXW134660224 BCX8\">Od pa\u017adziernika 2019 r. zaanga\u017cowany w udzielanie nieop\u0142atnych porad prawnych w ramach dzia\u0142alno\u015bci w Studenckiej Poradni Prawnej Wydzia\u0142u Prawa i Administracji U\u015a.\u00a0<\/span><span class=\"NormalTextRun SCXW134660224 BCX8\">Bra\u0142 udzia\u0142 jako wolontariusz w akcjach rejestracyjnych potencjalnych dawc\u00f3w szpiku lub krwiotw\u00f3rczych kom\u00f3rek macierzystych (2019, 2021)<\/span><span class=\"NormalTextRun SCXW134660224 BCX8\">,\u00a0<\/span><span class=\"NormalTextRun SCXW134660224 BCX8\">zbi\u00f3rce charytatywnej na rzecz podopiecznych\u00a0Fundacji \u201cBlisko Ciebie\u201d w Sosnowcu.\u00a0<\/span><span class=\"NormalTextRun SCXW134660224 BCX8\">Jest dawc\u0105 przeszczepu kom\u00f3rek oraz zarejestrowanym potencjalnym dawc\u0105 szpiku i krwiotw\u00f3rczych kom\u00f3rek macierzystych<\/span><span class=\"NormalTextRun SCXW134660224 BCX8\">.\u00a0<\/span><span class=\"NormalTextRun SCXW134660224 BCX8\">W\u0142\u0105cza si\u0119 w popularyzacj\u0119 wiedzy, m.in. prowadz\u0105c warsztaty\u00a0<\/span><span class=\"NormalTextRun SCXW134660224 BCX8\">i spotkania\u00a0<\/span><span class=\"NormalTextRun SCXW134660224 BCX8\">dla uczni\u00f3w\u00a0<\/span><span class=\"NormalTextRun SCXW134660224 BCX8\">takie jak \u201cDlaczego j\u0119zyk prawnik\u00f3w jest trudny?\u201d, \u201cWielka Debata o Prawach Cz\u0142owieka\u201d i \u201cWarsztaty z prawa karnego<\/span><span class=\"NormalTextRun SCXW134660224 BCX8\">\u201d.\u00a0<\/span><span class=\"NormalTextRun SCXW134660224 BCX8\">Cz\u0142onek zespo\u0142u w projekcie naukowym &#8211; mi\u0119dzynarodowej grupie badawczej \u201eELSA International\u00a0<\/span><span class=\"SpellingError SCXW134660224 BCX8\">Legal<\/span><span class=\"NormalTextRun SCXW134660224 BCX8\">\u00a0<\/span><span class=\"SpellingError SCXW134660224 BCX8\">Research<\/span><span class=\"NormalTextRun SCXW134660224 BCX8\">\u00a0<\/span><span class=\"SpellingError SCXW134660224 BCX8\">Group<\/span><span class=\"NormalTextRun SCXW134660224 BCX8\">\u00a0on Human\u00a0<\/span><span class=\"SpellingError SCXW134660224 BCX8\">Rights<\/span><span class=\"NormalTextRun SCXW134660224 BCX8\">\u00a0and Technology\u201d.\u00a0<\/span><span class=\"NormalTextRun SCXW134660224 BCX8\">Wyst\u0105pi\u0142 na 15 konferencjach naukowych o zasi\u0119gu og\u00f3lnopolskim i mi\u0119dzynarodowym.\u00a0<\/span><span class=\"NormalTextRun SCXW134660224 BCX8\">Wsp\u00f3\u0142organizowa\u0142 konferencj\u0119 naukow\u0105\u00a0<\/span><span class=\"NormalTextRun SCXW134660224 BCX8\">\u201cI Og\u00f3lnopolski Zjazd K\u00f3\u0142 Nauk Historycznoprawnych &#8211; pa\u0144stwo, prawo i jednostka\u201d (2019).\u00a0<\/span><span class=\"NormalTextRun SCXW134660224 BCX8\">Za jedne ze swoich najwa\u017cniejszych osi\u0105gni\u0119\u0107 uwa\u017ca zaj\u0119cie I miejsca w Lokalnym Konkursie Krasom\u00f3wczym oraz reprezentowanie\u00a0<\/span><span class=\"SpellingError SCXW134660224 BCX8\">WPiA<\/span><span class=\"NormalTextRun SCXW134660224 BCX8\">\u00a0U\u015a w konkursach o zasi\u0119gu mi\u0119dzynarodowym: 12th\u00a0<\/span><span class=\"SpellingError SCXW134660224 BCX8\">Warsaw<\/span><span class=\"NormalTextRun SCXW134660224 BCX8\">\u00a0<\/span><span class=\"SpellingError SCXW134660224 BCX8\">Pre-Moot<\/span><span class=\"NormalTextRun SCXW134660224 BCX8\">, 28th\u00a0<\/span><span class=\"SpellingError SCXW134660224 BCX8\">Annual<\/span><span class=\"NormalTextRun SCXW134660224 BCX8\">\u00a0<\/span><span class=\"SpellingError SCXW134660224 BCX8\">Willem<\/span><span class=\"NormalTextRun SCXW134660224 BCX8\">\u00a0C. Vis International Commercial\u00a0<\/span><span class=\"SpellingError SCXW134660224 BCX8\">Arbitration<\/span><span class=\"NormalTextRun SCXW134660224 BCX8\">\u00a0<\/span><span class=\"SpellingError SCXW134660224 BCX8\">Moot<\/span><span class=\"NormalTextRun SCXW134660224 BCX8\">\u00a0oraz 1st\u00a0<\/span><span class=\"SpellingError SCXW134660224 BCX8\">Lviv<\/span><span class=\"NormalTextRun SCXW134660224 BCX8\">\u00a0Vis\u00a0<\/span><span class=\"NormalTextRun SCXW134660224 BCX8\">Pre-Moot<\/span><span class=\"NormalTextRun SCXW134660224 BCX8\">, podczas kt\u00f3rego zdoby\u0142 nagrod\u0119 dla najlepszego m\u00f3wcy.\u00a0<\/span><span class=\"NormalTextRun SCXW134660224 BCX8\">W\u015br\u00f3d swoich pasji wymienia\u00a0modelarstwo redukcyjne, literatur\u0119 faktu, histori\u0119 i fantastyk\u0119 naukow\u0105.<\/span><\/span><span class=\"EOP SCXW134660224 BCX8\" data-ccp-props=\"{&quot;201341983&quot;:0,&quot;335559739&quot;:160,&quot;335559740&quot;:360}\">\u00a0<\/span> \r\n                                <div class=\"mt-3\"><\/div>\r\n                            <\/div>\r\n                            \r\n                            <div class=\"text-modules__img\"><img src=\"https:\/\/us.edu.pl\/student\/wp-content\/uploads\/sites\/3\/Wyr\u00f3\u017cnienia-rektora\/Wyr\u00f3\u017cnienia-2021\/G\u0119bicki-3-254x300.jpg\" alt=\"img\"><\/div>\r\n                        <\/div>\r\n                    <\/div>\r\n                <\/div>[\/vc_column][\/vc_row]<\/p>","protected":false},"excerpt":{"rendered":"<p>[vc_row][vc_column][\/vc_column][\/vc_row] [&#8230;]<\/p>\n<p><a class=\"btn btn-secondary understrap-read-more-link\" href=\"https:\/\/us.edu.pl\/student\/dzialalnosc-studencka\/wyroznienia-jm-rektora-us\/laureaci-xiii-edycji\/studenci\/michal-gebicki\/\">Read More&#8230;<\/a><\/p>\n","protected":false},"author":28,"featured_media":0,"parent":32332,"menu_order":0,"comment_status":"closed","ping_status":"closed","template":"","meta":{"_expiration-date-status":"saved","_expiration-date":0,"_expiration-date-type":"","_expiration-date-categories":[],"_expiration-date-options":[]},"acf":[],"_links":{"self":[{"href":"https:\/\/us.edu.pl\/student\/wp-json\/wp\/v2\/pages\/32430"}],"collection":[{"href":"https:\/\/us.edu.pl\/student\/wp-json\/wp\/v2\/pages"}],"about":[{"href":"https:\/\/us.edu.pl\/student\/wp-json\/wp\/v2\/types\/page"}],"author":[{"embeddable":true,"href":"https:\/\/us.edu.pl\/student\/wp-json\/wp\/v2\/users\/28"}],"replies":[{"embeddable":true,"href":"https:\/\/us.edu.pl\/student\/wp-json\/wp\/v2\/comments?post=32430"}],"version-history":[{"count":0,"href":"https:\/\/us.edu.pl\/student\/wp-json\/wp\/v2\/pages\/32430\/revisions"}],"up":[{"embeddable":true,"href":"https:\/\/us.edu.pl\/student\/wp-json\/wp\/v2\/pages\/32332"}],"wp:attachment":[{"href":"https:\/\/us.edu.pl\/student\/wp-json\/wp\/v2\/media?parent=32430"}],"curies":[{"name":"wp","href":"https:\/\/api.w.org\/{rel}","templated":true}]}}