{"id":32434,"date":"2021-11-09T09:57:59","date_gmt":"2021-11-09T08:57:59","guid":{"rendered":"https:\/\/us.edu.pl\/student\/?page_id=32434"},"modified":"2022-11-14T09:23:39","modified_gmt":"2022-11-14T08:23:39","slug":"anna-anouk-herman","status":"publish","type":"page","link":"https:\/\/us.edu.pl\/student\/dzialalnosc-studencka\/wyroznienia-jm-rektora-us\/laureaci-xiii-edycji\/studenci\/anna-anouk-herman\/","title":{"rendered":"Anouk Herman"},"content":{"rendered":"<p>[vc_row][vc_column]\r\n                <div class=\"text-modules \">\r\n                    <div class=\"container\">\r\n                        <h3 class=\"section-title section-title_border-bottom\">Anouk Herman<\/h3> \r\n                        <div class=\"row m-0\">\r\n                            <div class=\"text-modules__content\">\r\n                                <span class=\"TextRun SCXW187466611 BCX8\" lang=\"PL-PL\" xml:lang=\"PL-PL\" data-contrast=\"none\"><span class=\"NormalTextRun SCXW187466611 BCX8\">Otrzyma\u0142a Wyr\u00f3\u017cnienie Rektora U\u015a w XIII edycji konkursu za\u00a0<\/span><span class=\"NormalTextRun SCXW187466611 BCX8\">dzia\u0142alno\u015b\u0107 kulturaln\u0105<\/span><span class=\"NormalTextRun SCXW187466611 BCX8\">\u00a0oraz<\/span><span class=\"NormalTextRun SCXW187466611 BCX8\">\u00a0<\/span><span class=\"NormalTextRun SCXW187466611 BCX8\">osi\u0105gni\u0119cia\u00a0<\/span><span class=\"NormalTextRun SCXW187466611 BCX8\">artystyczne<\/span><span class=\"NormalTextRun SCXW187466611 BCX8\">\u00a0<\/span><span class=\"NormalTextRun SCXW187466611 BCX8\">i naukowe\u00a0<\/span><span class=\"NormalTextRun SCXW187466611 BCX8\">jako studentka\u00a0<\/span><\/span><span class=\"TextRun SCXW187466611 BCX8\" lang=\"PL-PL\" xml:lang=\"PL-PL\" data-contrast=\"none\"><span class=\"NormalTextRun SCXW187466611 BCX8\">tw\u00f3rczego pisania<\/span><\/span><span class=\"TextRun SCXW187466611 BCX8\" lang=\"PL-PL\" xml:lang=\"PL-PL\" data-contrast=\"none\"><span class=\"NormalTextRun SCXW187466611 BCX8\">\u00a0<\/span><span class=\"NormalTextRun SCXW187466611 BCX8\">w\u00a0<\/span><\/span><span class=\"TextRun SCXW187466611 BCX8\" lang=\"PL-PL\" xml:lang=\"PL-PL\" data-contrast=\"none\"><span class=\"NormalTextRun SCXW187466611 BCX8\">Kolegium Indywidualnych Studi\u00f3w\u00a0<\/span><span class=\"SpellingError SCXW187466611 BCX8\">Mi\u0119dzyobszarowych<\/span><\/span><span class=\"TextRun SCXW187466611 BCX8\" lang=\"PL-PL\" xml:lang=\"PL-PL\" data-contrast=\"none\"><span class=\"NormalTextRun SCXW187466611 BCX8\">\u00a0U\u015a.<\/span><span class=\"NormalTextRun SCXW187466611 BCX8\">\u00a0Jedna z inicjatorek za\u0142o\u017cenia\u00a0magazynu literackiego student\u00f3w U\u015a\u00a0<\/span><span class=\"NormalTextRun SCXW187466611 BCX8\">\u201c<\/span><span class=\"SpellingError SCXW187466611 BCX8\">Szpol<\/span><span class=\"NormalTextRun SCXW187466611 BCX8\">\u201d, w kt\u00f3rym od kwietnia 2021 jest redaktork\u0105 sekcji poezji, korektork\u0105, graficzk\u0105\u00a0<\/span><span class=\"NormalTextRun SCXW187466611 BCX8\">i\u00a0<\/span><span class=\"NormalTextRun SCXW187466611 BCX8\">koordynatork<\/span><span class=\"NormalTextRun SCXW187466611 BCX8\">\u0105<\/span><span class=\"NormalTextRun SCXW187466611 BCX8\">\u00a0Instagrama magazynu<\/span><span class=\"NormalTextRun SCXW187466611 BCX8\">.\u00a0<\/span><span class=\"NormalTextRun SCXW187466611 BCX8\">Od 2018 roku\u00a0autorka tekst\u00f3w recenzenckich w dwutygodniku kulturalnym \u201e<\/span><span class=\"SpellingError SCXW187466611 BCX8\">artPapier<\/span><span class=\"NormalTextRun SCXW187466611 BCX8\">\u201d<\/span><span class=\"NormalTextRun SCXW187466611 BCX8\">, recenzji ksi\u0105\u017cek i recenzji teatralnych.\u00a0<\/span><span class=\"NormalTextRun SCXW187466611 BCX8\">Jako a<\/span><span class=\"NormalTextRun SCXW187466611 BCX8\">utorka wierszy\u00a0<\/span><span class=\"NormalTextRun SCXW187466611 BCX8\">by\u0142a finalistk\u0105 Po\u0142owu Poetyckiego 2021, zosta\u0142a wyr\u00f3\u017cniona publikacj\u0105 w\u00a0<\/span><span class=\"SpellingError SCXW187466611 BCX8\">BiBLiotece<\/span><span class=\"NormalTextRun SCXW187466611 BCX8\">\u00a0Biura Literackiego w konkursie Po\u0142\u00f3w Poetycki 2021. Finalistka projektu Konkurs na Wiersz i Opowiadanie Dora\u017ane 2021<\/span><span class=\"NormalTextRun SCXW187466611 BCX8\">\u00a0za<\/span><span class=\"NormalTextRun SCXW187466611 BCX8\">\u00a0wiersz \u201etrans\u201d<\/span><span class=\"NormalTextRun SCXW187466611 BCX8\">. Otrzyma\u0142a<\/span><span class=\"NormalTextRun SCXW187466611 BCX8\">\u00a0<\/span><span class=\"NormalTextRun SCXW187466611 BCX8\">w<\/span><span class=\"NormalTextRun SCXW187466611 BCX8\">yr\u00f3\u017cnienie w konkursie Nowy Dokument Tekstowy 2021<\/span><span class=\"NormalTextRun SCXW187466611 BCX8\">\u00a0za\u00a0<\/span><span class=\"NormalTextRun SCXW187466611 BCX8\">wiersze VII i IX<\/span><span class=\"NormalTextRun SCXW187466611 BCX8\">\u00a0oraz wyr\u00f3\u017cnienie w XIV edycji Og\u00f3lnopolskiego Konkursu na Esej \u201cCzy Stanis\u0142aw Lem przewidzia\u0142 nasz \u015bwiat?\u201d.\u00a0<\/span><span class=\"NormalTextRun SCXW187466611 BCX8\">Autorka artyku\u0142u naukowego opublikowanego w czasopi\u015bmie z listy ministerialnej<\/span><span class=\"NormalTextRun SCXW187466611 BCX8\">\u00a0oraz aktywna uczestniczka w dw\u00f3ch projektach naukowych<\/span><span class=\"NormalTextRun SCXW187466611 BCX8\">. Wyst\u0105pi\u0142a na 9 konferencjach naukowych.\u00a0<\/span><span class=\"NormalTextRun SCXW187466611 BCX8\">Prowad<\/span><span class=\"NormalTextRun SCXW187466611 BCX8\">zi\u0142a zaj\u0119cia dla m\u0142odzie\u017cy szkolnej po\u015bwi\u0119cone filozofii.\u00a0<\/span><span class=\"NormalTextRun SCXW187466611 BCX8\">W\u015br\u00f3d swoich zainteresowa\u0144 wymienia\u00a0ekofeminizm, teori\u0119 queer, histori\u0119 ruch\u00f3w LGBTQ+, histori\u0119 my\u015bli lewicowej, poezj\u0119 po roku 2000, mod\u0119, po\u0142o\u017cnictwo i opiek\u0119 nad myszkami domowymi.<\/span><\/span> \r\n                                <div class=\"mt-3\"><\/div>\r\n                            <\/div>\r\n                            \r\n                            <div class=\"text-modules__img\"><img src=\"https:\/\/us.edu.pl\/student\/wp-content\/uploads\/sites\/3\/Wyr\u00f3\u017cnienia-rektora\/Wyr\u00f3\u017cnienia-2021\/784c0363-ec5d-45e8-b2ee-11a5535fd735-300x265.png\" alt=\"img\"><\/div>\r\n                        <\/div>\r\n                    <\/div>\r\n                <\/div>[\/vc_column][\/vc_row]<\/p>","protected":false},"excerpt":{"rendered":"<p>[vc_row][vc_column][\/vc_column][\/vc_row] [&#8230;]<\/p>\n<p><a class=\"btn btn-secondary understrap-read-more-link\" href=\"https:\/\/us.edu.pl\/student\/dzialalnosc-studencka\/wyroznienia-jm-rektora-us\/laureaci-xiii-edycji\/studenci\/anna-anouk-herman\/\">Read More&#8230;<\/a><\/p>\n","protected":false},"author":28,"featured_media":0,"parent":32332,"menu_order":0,"comment_status":"closed","ping_status":"closed","template":"","meta":{"_expiration-date-status":"","_expiration-date":0,"_expiration-date-type":"","_expiration-date-categories":[],"_expiration-date-options":[]},"acf":[],"_links":{"self":[{"href":"https:\/\/us.edu.pl\/student\/wp-json\/wp\/v2\/pages\/32434"}],"collection":[{"href":"https:\/\/us.edu.pl\/student\/wp-json\/wp\/v2\/pages"}],"about":[{"href":"https:\/\/us.edu.pl\/student\/wp-json\/wp\/v2\/types\/page"}],"author":[{"embeddable":true,"href":"https:\/\/us.edu.pl\/student\/wp-json\/wp\/v2\/users\/28"}],"replies":[{"embeddable":true,"href":"https:\/\/us.edu.pl\/student\/wp-json\/wp\/v2\/comments?post=32434"}],"version-history":[{"count":2,"href":"https:\/\/us.edu.pl\/student\/wp-json\/wp\/v2\/pages\/32434\/revisions"}],"predecessor-version":[{"id":37976,"href":"https:\/\/us.edu.pl\/student\/wp-json\/wp\/v2\/pages\/32434\/revisions\/37976"}],"up":[{"embeddable":true,"href":"https:\/\/us.edu.pl\/student\/wp-json\/wp\/v2\/pages\/32332"}],"wp:attachment":[{"href":"https:\/\/us.edu.pl\/student\/wp-json\/wp\/v2\/media?parent=32434"}],"curies":[{"name":"wp","href":"https:\/\/api.w.org\/{rel}","templated":true}]}}