{"id":32437,"date":"2021-11-09T09:59:25","date_gmt":"2021-11-09T08:59:25","guid":{"rendered":"https:\/\/us.edu.pl\/student\/?page_id=32437"},"modified":"2021-11-15T11:22:44","modified_gmt":"2021-11-15T10:22:44","slug":"denis-holes","status":"publish","type":"page","link":"https:\/\/us.edu.pl\/student\/dzialalnosc-studencka\/wyroznienia-jm-rektora-us\/laureaci-xiii-edycji\/studenci\/denis-holes\/","title":{"rendered":"Denis Hole\u015b"},"content":{"rendered":"<p>[vc_row][vc_column]\r\n                <div class=\"text-modules \">\r\n                    <div class=\"container\">\r\n                        <h3 class=\"section-title section-title_border-bottom\">Denis Hole\u015b<\/h3> \r\n                        <div class=\"row m-0\">\r\n                            <div class=\"text-modules__content\">\r\n                                <span class=\"TextRun SCXW169129581 BCX8\" lang=\"PL-PL\" xml:lang=\"PL-PL\" data-contrast=\"none\"><span class=\"NormalTextRun SCXW169129581 BCX8\">Otrzyma\u0142 Wyr\u00f3\u017cnienie Rektora U\u015a w XIII edycji konkursu za\u00a0<\/span><span class=\"NormalTextRun SCXW169129581 BCX8\">inicjowanie i rozwijanie \u017cycia studenckiego<\/span><span class=\"NormalTextRun SCXW169129581 BCX8\">\u00a0jako student\u00a0<\/span><\/span><span class=\"TextRun SCXW169129581 BCX8\" lang=\"PL-PL\" xml:lang=\"PL-PL\" data-contrast=\"none\"><span class=\"NormalTextRun SCXW169129581 BCX8\">organizacji produkcji filmowej i telewizyjnej<\/span><\/span><span class=\"TextRun SCXW169129581 BCX8\" lang=\"PL-PL\" xml:lang=\"PL-PL\" data-contrast=\"none\"><span class=\"NormalTextRun SCXW169129581 BCX8\">\u00a0<\/span><span class=\"NormalTextRun SCXW169129581 BCX8\">w\u00a0<\/span><\/span><span class=\"TextRun SCXW169129581 BCX8\" lang=\"PL-PL\" xml:lang=\"PL-PL\" data-contrast=\"none\"><span class=\"NormalTextRun SCXW169129581 BCX8\">Szkole Filmowej im. Krzysztofa Kie\u015blowskiego.<\/span><span class=\"NormalTextRun SCXW169129581 BCX8\">\u00a0<\/span><span class=\"NormalTextRun SCXW169129581 BCX8\">Od 2016 roku zaanga\u017cowany\u00a0<\/span><span class=\"NormalTextRun SCXW169129581 BCX8\">m.in.\u00a0<\/span><span class=\"NormalTextRun SCXW169129581 BCX8\">w projekt pn. \u201eIntegracja \u015arodowiska Artystycznego\u201d<\/span><span class=\"NormalTextRun SCXW169129581 BCX8\">, kt\u00f3rego g\u0142\u00f3wnym celem jest<\/span><span class=\"NormalTextRun SCXW169129581 BCX8\">\u00a0<\/span><span class=\"NormalTextRun SCXW169129581 BCX8\">integracja student\u00f3w z r\u00f3\u017cnych dyscyplin artystycznych.\u00a0<\/span><span class=\"NormalTextRun SCXW169129581 BCX8\">W ramach projektu organizowane s\u0105<\/span><span class=\"NormalTextRun SCXW169129581 BCX8\">\u00a0<\/span><span class=\"NormalTextRun SCXW169129581 BCX8\">m.in.\u00a0<\/span><span class=\"NormalTextRun SCXW169129581 BCX8\">warsztaty i szkolenia pozwalaj\u0105ce przybli\u017cy\u0107 specyfik\u0119 szerokiej gamy dziedzin sztuki.<\/span><span class=\"NormalTextRun SCXW169129581 BCX8\">\u00a0W latach 2016<\/span><span class=\"NormalTextRun SCXW169129581 BCX8\">-2019 organizator \u201cFilmowej\u00a0<\/span><span class=\"SpellingError SCXW169129581 BCX8\">Wigilijki<\/span><span class=\"NormalTextRun SCXW169129581 BCX8\">\u201d<\/span><span class=\"NormalTextRun SCXW169129581 BCX8\">, kt\u00f3ra tradycyjnie by\u0142a okazj\u0105 do spotkania si\u0119 ca\u0142ej spo\u0142eczno\u015bci filmowej Uniwersytetu \u015al\u0105skiego.\u00a0<\/span><span class=\"NormalTextRun SCXW169129581 BCX8\">Dzia\u0142aj\u0105c na rzecz spo\u0142eczno\u015bci Szko\u0142y Filmowej U\u015a by\u0142 r\u00f3wnie\u017c m.in. wsp\u00f3\u0142organizatorem XV W\u0119giel Film\u00a0<\/span><span class=\"SpellingError SCXW169129581 BCX8\">Festival<\/span><span class=\"NormalTextRun SCXW169129581 BCX8\">\u00a0(2018), Dnia Studenta (2019)<\/span><span class=\"NormalTextRun SCXW169129581 BCX8\">\u00a0oraz organizatorem serii warsztat\u00f3w dla filmowej spo\u0142eczno\u015bci, kt\u00f3re tematyk\u0105 obejmowa\u0142y prac\u0119 z aktorem, operowanie obrazem oraz szkolenie z zakresu przygotowywania dokument\u00f3w produkcyjnych.\u00a0<\/span><span class=\"NormalTextRun SCXW169129581 BCX8\">Jako aktywny dzia\u0142acz Samorz\u0105du Studenckiego U\u015a wsp\u00f3\u0142tworzy\u0142 takie akcje jak \u201cStudent sam w domu\u201d (2020)<\/span><span class=\"NormalTextRun SCXW169129581 BCX8\">,\u00a0<\/span><span class=\"NormalTextRun SCXW169129581 BCX8\">Wirtualne Dni Otwarte (2020)<\/span><span class=\"NormalTextRun SCXW169129581 BCX8\">,\u00a0<\/span><span class=\"NormalTextRun SCXW169129581 BCX8\">Wirtualne Dni Adaptacyjne (2020)<\/span><span class=\"NormalTextRun SCXW169129581 BCX8\">\u00a0oraz\u00a0Maraton Zdrowia Psychicznego (2021) i\u00a0Maraton Zdrowia Fizycznego (2021)<\/span><span class=\"NormalTextRun SCXW169129581 BCX8\">.\u00a0<\/span><span class=\"NormalTextRun SCXW169129581 BCX8\">Organizator konkursu i gali \u201cLaur Studencki 2021\u201d.\u00a0<\/span><span class=\"NormalTextRun SCXW169129581 BCX8\">Inicjator i organizator \u201c<\/span><span class=\"SpellingError SCXW169129581 BCX8\">Sky<\/span><span class=\"NormalTextRun SCXW169129581 BCX8\">\u00a0Live\u00a0<\/span><span class=\"SpellingError SCXW169129581 BCX8\">Festival<\/span><span class=\"NormalTextRun SCXW169129581 BCX8\">\u201d (2020) &#8211; wydarzen<\/span><span class=\"NormalTextRun SCXW169129581 BCX8\">i<\/span><span class=\"NormalTextRun SCXW169129581 BCX8\">a<\/span><span class=\"NormalTextRun SCXW169129581 BCX8\">\u00a0b\u0119d\u0105cego<\/span><span class=\"NormalTextRun SCXW169129581 BCX8\">\u00a0<\/span><span class=\"NormalTextRun SCXW169129581 BCX8\">niezwyk\u0142ym\u00a0<\/span><span class=\"NormalTextRun SCXW169129581 BCX8\">koncertem zorganizowanym na dachu siedziby Wydzia\u0142u Prawa i Administracji\u00a0<\/span><span class=\"NormalTextRun SCXW169129581 BCX8\">U\u015a\u00a0<\/span><span class=\"NormalTextRun SCXW169129581 BCX8\">w \u015brodku zimy<\/span><span class=\"NormalTextRun SCXW169129581 BCX8\">, co jednocze\u015bnie\u00a0<\/span><span class=\"NormalTextRun SCXW169129581 BCX8\">promowa\u0142o istniej\u0105c\u0105 ju\u017c zbi\u00f3rk\u0119 dla medyk\u00f3w walcz\u0105cych na pierwszej linii frontu z COVID-19<\/span><span class=\"NormalTextRun SCXW169129581 BCX8\">.\u00a0<\/span><span class=\"NormalTextRun SCXW169129581 BCX8\">W\u015br\u00f3d swoich pasji wymienia\u00a0nowe technologie SMART, Sztuczn\u0105 Inteligencj\u0119, sporty skatingowe, si\u0142owe i wodne oraz szeroko poj\u0119ty przemys\u0142 muzyczny (festiwale, dystrybucja, nowinki ze \u015bwiata muzycznego).<\/span><\/span><span class=\"EOP SCXW169129581 BCX8\" data-ccp-props=\"{&quot;201341983&quot;:0,&quot;335559739&quot;:160,&quot;335559740&quot;:360}\">\u00a0<\/span> \r\n                                <div class=\"mt-3\"><\/div>\r\n                            <\/div>\r\n                            \r\n                            <div class=\"text-modules__img\"><img src=\"https:\/\/us.edu.pl\/student\/wp-content\/uploads\/sites\/3\/Wyr\u00f3\u017cnienia-rektora\/Wyr\u00f3\u017cnienia-2021\/Hole\u015b-2-199x300.jpg\" alt=\"img\"><\/div>\r\n                        <\/div>\r\n                    <\/div>\r\n                <\/div>[\/vc_column][\/vc_row]<\/p>","protected":false},"excerpt":{"rendered":"<p>[vc_row][vc_column][\/vc_column][\/vc_row] [&#8230;]<\/p>\n<p><a class=\"btn btn-secondary understrap-read-more-link\" href=\"https:\/\/us.edu.pl\/student\/dzialalnosc-studencka\/wyroznienia-jm-rektora-us\/laureaci-xiii-edycji\/studenci\/denis-holes\/\">Read More&#8230;<\/a><\/p>\n","protected":false},"author":28,"featured_media":0,"parent":32332,"menu_order":0,"comment_status":"closed","ping_status":"closed","template":"","meta":{"_expiration-date-status":"saved","_expiration-date":0,"_expiration-date-type":"","_expiration-date-categories":[],"_expiration-date-options":[]},"acf":[],"_links":{"self":[{"href":"https:\/\/us.edu.pl\/student\/wp-json\/wp\/v2\/pages\/32437"}],"collection":[{"href":"https:\/\/us.edu.pl\/student\/wp-json\/wp\/v2\/pages"}],"about":[{"href":"https:\/\/us.edu.pl\/student\/wp-json\/wp\/v2\/types\/page"}],"author":[{"embeddable":true,"href":"https:\/\/us.edu.pl\/student\/wp-json\/wp\/v2\/users\/28"}],"replies":[{"embeddable":true,"href":"https:\/\/us.edu.pl\/student\/wp-json\/wp\/v2\/comments?post=32437"}],"version-history":[{"count":0,"href":"https:\/\/us.edu.pl\/student\/wp-json\/wp\/v2\/pages\/32437\/revisions"}],"up":[{"embeddable":true,"href":"https:\/\/us.edu.pl\/student\/wp-json\/wp\/v2\/pages\/32332"}],"wp:attachment":[{"href":"https:\/\/us.edu.pl\/student\/wp-json\/wp\/v2\/media?parent=32437"}],"curies":[{"name":"wp","href":"https:\/\/api.w.org\/{rel}","templated":true}]}}