{"id":32440,"date":"2021-11-09T10:01:49","date_gmt":"2021-11-09T09:01:49","guid":{"rendered":"https:\/\/us.edu.pl\/student\/?page_id=32440"},"modified":"2021-11-15T11:24:38","modified_gmt":"2021-11-15T10:24:38","slug":"angelika-mieszczanin","status":"publish","type":"page","link":"https:\/\/us.edu.pl\/student\/dzialalnosc-studencka\/wyroznienia-jm-rektora-us\/laureaci-xiii-edycji\/studenci\/angelika-mieszczanin\/","title":{"rendered":"Angelika Mieszczanin"},"content":{"rendered":"<p>[vc_row][vc_column]\r\n                <div class=\"text-modules \">\r\n                    <div class=\"container\">\r\n                        <h3 class=\"section-title section-title_border-bottom\">Angelika Mieszczanin<\/h3> \r\n                        <div class=\"row m-0\">\r\n                            <div class=\"text-modules__content\">\r\n                                <span class=\"TextRun SCXW42463226 BCX8\" lang=\"PL-PL\" xml:lang=\"PL-PL\" data-contrast=\"none\"><span class=\"NormalTextRun SCXW42463226 BCX8\">Otrzyma\u0142a Wyr\u00f3\u017cnienie Rektora U\u015a w XIII edycji konkursu za osi\u0105gni\u0119cia naukowe\u00a0<\/span><span class=\"NormalTextRun SCXW42463226 BCX8\">jako studentka\u00a0<\/span><span class=\"NormalTextRun SCXW42463226 BCX8\">chemii<\/span><span class=\"NormalTextRun SCXW42463226 BCX8\">\u00a0na Wydziale\u00a0<\/span><\/span><span class=\"TextRun SCXW42463226 BCX8\" lang=\"PL-PL\" xml:lang=\"PL-PL\" data-contrast=\"none\"><span class=\"NormalTextRun SCXW42463226 BCX8\">Nauk \u015acis\u0142ych i<\/span><span class=\"NormalTextRun SCXW42463226 BCX8\">\u00a0<\/span><span class=\"NormalTextRun SCXW42463226 BCX8\">Technicznych<\/span><\/span><span class=\"TextRun SCXW42463226 BCX8\" lang=\"PL-PL\" xml:lang=\"PL-PL\" data-contrast=\"none\"><span class=\"NormalTextRun SCXW42463226 BCX8\">\u00a0U\u015a.<\/span><span class=\"NormalTextRun SCXW42463226 BCX8\">\u00a0<\/span><span class=\"NormalTextRun SCXW42463226 BCX8\">Otrzyma\u0142a nagrod\u0119 indywidualn\u0105, wyr\u00f3\u017cnienie specjalne Firmy\u00a0<\/span><span class=\"SpellingError SCXW42463226 BCX8\">DuPont<\/span><span class=\"NormalTextRun SCXW42463226 BCX8\">\u00a0w Og\u00f3lnopolskim Konkursie \u201cZ\u0142oty Medal\u00a0Chemii 2020\u201d na\u00a0najlepsz\u0105\u00a0prac\u0119 licencjack\u0105\/in\u017cyniersk\u0105\u00a0wykonan\u0105\u00a0w\u00a0roku akademickim\u00a02019\/2020\u00a0(<\/span><span class=\"ContextualSpellingAndGrammarError SCXW42463226 BCX8\">X\u00a0 Edycja<\/span><span class=\"NormalTextRun SCXW42463226 BCX8\">)<\/span><span class=\"NormalTextRun SCXW42463226 BCX8\">.<\/span><span class=\"NormalTextRun SCXW42463226 BCX8\">\u00a0<\/span><span class=\"NormalTextRun SCXW42463226 BCX8\">Wsp\u00f3\u0142a<\/span><span class=\"NormalTextRun SCXW42463226 BCX8\">utorka artyku\u0142u naukowego opublikowanego w czasopi\u015bmie naukowym.\u00a0<\/span><span class=\"NormalTextRun SCXW42463226 BCX8\">Realizowa\u0142a autorski projekt w ramach Grant\u00f3w Rektora, kt\u00f3rego g\u0142\u00f3wnym\u00a0celem\u00a0by\u0142a\u00a0synteza\u00a0oraz\u00a0badania wybranych w\u0142a\u015bciwo\u015bci fizykochemicznych nowych pochodnych 9,9\u2019-bifluorenylidenu.\u00a0<\/span><span class=\"NormalTextRun SCXW42463226 BCX8\">Jest wykonawc\u0105 w projekcie z Narodowego Centrum Nauki pn. \u201cOd\u00a0<\/span><span class=\"SpellingError SCXW42463226 BCX8\">perylenu<\/span><span class=\"NormalTextRun SCXW42463226 BCX8\">\u00a0do\u00a0<\/span><span class=\"SpellingError SCXW42463226 BCX8\">funkcjonalizowanych<\/span><span class=\"NormalTextRun SCXW42463226 BCX8\">\u00a0<\/span><span class=\"SpellingError SCXW42463226 BCX8\">nanografen\u00f3w<\/span><span class=\"NormalTextRun SCXW42463226 BCX8\"> o oczekiwanych w\u0142a\u015bciwo\u015bciach\u201d. Wyst\u0105pi\u0142a na 7 <\/span><span class=\"SpellingError SCXW42463226 BCX8\">konferancjach<\/span><span class=\"NormalTextRun SCXW42463226 BCX8\">\u00a0naukowych<\/span><span class=\"NormalTextRun SCXW42463226 BCX8\">.<\/span><span class=\"NormalTextRun SCXW42463226 BCX8\">\u00a0<\/span><span class=\"NormalTextRun SCXW42463226 BCX8\">Przygotowa<\/span><span class=\"NormalTextRun SCXW42463226 BCX8\">\u0142a<\/span><span class=\"NormalTextRun SCXW42463226 BCX8\">\u00a0<\/span><span class=\"NormalTextRun SCXW42463226 BCX8\">warszta<\/span><span class=\"NormalTextRun SCXW42463226 BCX8\">ty\u00a0<\/span><span class=\"NormalTextRun SCXW42463226 BCX8\">online \u201eChemia wok\u00f3\u0142 nas\u201d w ramach XV \u015awi\u0119ta Liczby Pi<\/span><span class=\"NormalTextRun SCXW42463226 BCX8\">\u00a0(2021).\u00a0<\/span><span class=\"NormalTextRun SCXW42463226 BCX8\">W\u015br\u00f3d swoich pasji wymienia\u00a0r\u0119kodzie\u0142o\u00a0(haft,\u00a0szyde\u0142kowanie,\u00a0<\/span><span class=\"ContextualSpellingAndGrammarError SCXW42463226 BCX8\">rysunek\u00a0 artystyczny<\/span><span class=\"NormalTextRun SCXW42463226 BCX8\">), florystyk\u0119 (m.in. tworzenie kompozycji typu \u201elas w s\u0142oju\u201d),\u00a0<\/span><span class=\"NormalTextRun SCXW42463226 BCX8\">fotografi\u0119 amatorsk\u0105, grafik\u0119 i obr\u00f3bk\u0119 zdj\u0119\u0107, literatur\u0119 fantastyczno-naukow\u0105 i kinematografi\u0119.<\/span><\/span><span class=\"EOP SCXW42463226 BCX8\" data-ccp-props=\"{&quot;201341983&quot;:0,&quot;335559739&quot;:160,&quot;335559740&quot;:360}\">\u00a0<\/span> \r\n                                <div class=\"mt-3\"><\/div>\r\n                            <\/div>\r\n                            \r\n                            <div class=\"text-modules__img\"><img src=\"https:\/\/us.edu.pl\/student\/wp-content\/uploads\/sites\/3\/Wyr\u00f3\u017cnienia-rektora\/Wyr\u00f3\u017cnienia-2021\/Mieszczanin-1-202x300.jpg\" alt=\"img\"><\/div>\r\n                        <\/div>\r\n                    <\/div>\r\n                <\/div>[\/vc_column][\/vc_row]<\/p>","protected":false},"excerpt":{"rendered":"<p>[vc_row][vc_column][\/vc_column][\/vc_row] [&#8230;]<\/p>\n<p><a class=\"btn btn-secondary understrap-read-more-link\" href=\"https:\/\/us.edu.pl\/student\/dzialalnosc-studencka\/wyroznienia-jm-rektora-us\/laureaci-xiii-edycji\/studenci\/angelika-mieszczanin\/\">Read More&#8230;<\/a><\/p>\n","protected":false},"author":28,"featured_media":0,"parent":32332,"menu_order":0,"comment_status":"closed","ping_status":"closed","template":"","meta":{"_expiration-date-status":"saved","_expiration-date":0,"_expiration-date-type":"","_expiration-date-categories":[],"_expiration-date-options":[]},"acf":[],"_links":{"self":[{"href":"https:\/\/us.edu.pl\/student\/wp-json\/wp\/v2\/pages\/32440"}],"collection":[{"href":"https:\/\/us.edu.pl\/student\/wp-json\/wp\/v2\/pages"}],"about":[{"href":"https:\/\/us.edu.pl\/student\/wp-json\/wp\/v2\/types\/page"}],"author":[{"embeddable":true,"href":"https:\/\/us.edu.pl\/student\/wp-json\/wp\/v2\/users\/28"}],"replies":[{"embeddable":true,"href":"https:\/\/us.edu.pl\/student\/wp-json\/wp\/v2\/comments?post=32440"}],"version-history":[{"count":0,"href":"https:\/\/us.edu.pl\/student\/wp-json\/wp\/v2\/pages\/32440\/revisions"}],"up":[{"embeddable":true,"href":"https:\/\/us.edu.pl\/student\/wp-json\/wp\/v2\/pages\/32332"}],"wp:attachment":[{"href":"https:\/\/us.edu.pl\/student\/wp-json\/wp\/v2\/media?parent=32440"}],"curies":[{"name":"wp","href":"https:\/\/api.w.org\/{rel}","templated":true}]}}