{"id":32443,"date":"2021-11-09T10:03:29","date_gmt":"2021-11-09T09:03:29","guid":{"rendered":"https:\/\/us.edu.pl\/student\/?page_id=32443"},"modified":"2021-11-15T11:29:38","modified_gmt":"2021-11-15T10:29:38","slug":"malgorzata-poszwa","status":"publish","type":"page","link":"https:\/\/us.edu.pl\/student\/dzialalnosc-studencka\/wyroznienia-jm-rektora-us\/laureaci-xiii-edycji\/studenci\/malgorzata-poszwa\/","title":{"rendered":"Ma\u0142gorzata Poszwa"},"content":{"rendered":"<p>[vc_row][vc_column]\r\n                <div class=\"text-modules \">\r\n                    <div class=\"container\">\r\n                        <h3 class=\"section-title section-title_border-bottom\">Ma\u0142gorzata Poszwa<\/h3> \r\n                        <div class=\"row m-0\">\r\n                            <div class=\"text-modules__content\">\r\n                                Otrzyma\u0142a Wyr\u00f3\u017cnienie Rektora U\u015a w XIII edycji konkursu za\u00a0inicjowanie i rozwijanie \u017cycia studenckiego\u00a0jako studentka prawa\u00a0na Wydziale\u00a0Prawa i Administracji\u00a0U\u015a.\u00a0Od 2017 roku aktywna dzia\u0142aczka\u00a0Samorz\u0105du Studenckiego. Od 2020\u00a0Przewodnicz\u0105ca Uczelnianej Rady Samorz\u0105du Studenckiego\u00a0oraz\u00a0koordynatorka wojew\u00f3dztwa \u015bl\u0105skiego w Parlamencie Student\u00f3w Rzeczypospolitej Polskiej.\u00a0Bra\u0142a udzia\u0142 w organizacji\u00a0Dnia Otwartego\u00a0WPiA\u00a02018 i\u00a02019,\u00a0wydarzenia &#8222;14th Conference of\u00a0Youth&#8221;\u00a0\u2013\u00a0Szczyt Klimatyczny M\u0142odych\u00a0(2018)\u00a0oraz\u00a0,&#8221;\u015al\u0105skie na \u015al\u0105skim Fest&#8221;\u00a0(2018) z okazji 20-lecia Wojew\u00f3dztwa \u015al\u0105skiego, 50-lecia Uniwersytetu \u015al\u0105skiego oraz 100-lecia Adwokatury Polskiej.\u00a0Wsp\u00f3\u0142organizatorka &#8222;Wielkiego Turnieju o Puchar Dziekan\u00f3w\u00a0WPiA, WNS i\u00a0WPiPs&#8221;\u00a0(2018), &#8222;Maratonu Zdrowia Psychicznego&#8221;\u00a0(2021) i &#8222;Maratonu Zdrowia Fizycznego&#8221; (2021).\u00a0Wsp\u00f3\u0142tworzy\u0142a i wsp\u00f3\u0142prowadzi\u0142a &#8222;Wirtualne Dni Otwarte&#8221; (2020) oraz &#8222;Wirtualne Dni Adaptacyjne&#8221; (2020).\u00a0Pomys\u0142odawczyni &#8222;Dnia z Izb\u0105 Radc\u00f3w Prawnych&#8221; (2019)\u00a0dla studentek i student\u00f3w Wydzia\u0142u Prawa i\u202fAdministracji, kt\u00f3rzy zastanawiali si\u0119 nad zdawaniem egzaminu na aplikacj\u0119 radcowsk\u0105\u00a0oraz analogicznego &#8222;Dnia z Okr\u0119gow\u0105 Rad\u0105 Adwokack\u0105&#8221; (2019).\u00a0Organizatorka\u00a0licznych wydarze\u0144 integruj\u0105cych spo\u0142eczno\u015b\u0107 wydzia\u0142ow\u0105 i uczelnian\u0105, takich jak: &#8222;Laur Studencki&#8221; (2020), &#8222;Dzie\u0144 Studenta&#8221; (2019), &#8222;Bal\u00a0WPiA&#8221;\u00a0(2019), &#8222;Otrz\u0119siny\u00a0WPiA&#8221;\u00a0(2018 i 2019), &#8222;P\u00f3\u0142metek\u00a0WPiA&#8221;\u00a0(2019), &#8222;\u015al\u0105skie Gry Prawnicze&#8221; (2019), &#8222;P\u00f3\u0142metek U\u015a&#8221; (2020), &#8222;Student sam w domu&#8221; (2020).\u00a0Wsp\u00f3\u0142organizowa\u0142a r\u00f3wnie\u017c warsztaty i spotkania wspieraj\u0105ce rozw\u00f3j student\u00f3w Wydzia\u0142u, m.in. &#8222;Dzie\u0144 Adaptacyjny&#8221; (2019).\u00a0Jej pasj\u0105 jest samorz\u0105dno\u015b\u0107 studencka oraz taniec. \r\n                                <div class=\"mt-3\"><\/div>\r\n                            <\/div>\r\n                            \r\n                            <div class=\"text-modules__img\"><img src=\"https:\/\/us.edu.pl\/student\/wp-content\/uploads\/sites\/3\/Wyr\u00f3\u017cnienia-rektora\/Wyr\u00f3\u017cnienia-2021\/Poszwa-1-200x300.jpg\" alt=\"img\"><\/div>\r\n                        <\/div>\r\n                    <\/div>\r\n                <\/div>[\/vc_column][\/vc_row]<\/p>","protected":false},"excerpt":{"rendered":"<p>[vc_row][vc_column][\/vc_column][\/vc_row] [&#8230;]<\/p>\n<p><a class=\"btn btn-secondary understrap-read-more-link\" href=\"https:\/\/us.edu.pl\/student\/dzialalnosc-studencka\/wyroznienia-jm-rektora-us\/laureaci-xiii-edycji\/studenci\/malgorzata-poszwa\/\">Read More&#8230;<\/a><\/p>\n","protected":false},"author":28,"featured_media":0,"parent":32332,"menu_order":0,"comment_status":"closed","ping_status":"closed","template":"","meta":{"_expiration-date-status":"saved","_expiration-date":0,"_expiration-date-type":"","_expiration-date-categories":[],"_expiration-date-options":[]},"acf":[],"_links":{"self":[{"href":"https:\/\/us.edu.pl\/student\/wp-json\/wp\/v2\/pages\/32443"}],"collection":[{"href":"https:\/\/us.edu.pl\/student\/wp-json\/wp\/v2\/pages"}],"about":[{"href":"https:\/\/us.edu.pl\/student\/wp-json\/wp\/v2\/types\/page"}],"author":[{"embeddable":true,"href":"https:\/\/us.edu.pl\/student\/wp-json\/wp\/v2\/users\/28"}],"replies":[{"embeddable":true,"href":"https:\/\/us.edu.pl\/student\/wp-json\/wp\/v2\/comments?post=32443"}],"version-history":[{"count":0,"href":"https:\/\/us.edu.pl\/student\/wp-json\/wp\/v2\/pages\/32443\/revisions"}],"up":[{"embeddable":true,"href":"https:\/\/us.edu.pl\/student\/wp-json\/wp\/v2\/pages\/32332"}],"wp:attachment":[{"href":"https:\/\/us.edu.pl\/student\/wp-json\/wp\/v2\/media?parent=32443"}],"curies":[{"name":"wp","href":"https:\/\/api.w.org\/{rel}","templated":true}]}}