{"id":32446,"date":"2021-11-09T10:04:56","date_gmt":"2021-11-09T09:04:56","guid":{"rendered":"https:\/\/us.edu.pl\/student\/?page_id=32446"},"modified":"2021-11-15T11:32:45","modified_gmt":"2021-11-15T10:32:45","slug":"franciszek-stefanek","status":"publish","type":"page","link":"https:\/\/us.edu.pl\/student\/dzialalnosc-studencka\/wyroznienia-jm-rektora-us\/laureaci-xiii-edycji\/studenci\/franciszek-stefanek\/","title":{"rendered":"Franciszek Stefanek"},"content":{"rendered":"<p>[vc_row][vc_column]\r\n                <div class=\"text-modules \">\r\n                    <div class=\"container\">\r\n                        <h3 class=\"section-title section-title_border-bottom\">Franciszek Stefanek<\/h3> \r\n                        <div class=\"row m-0\">\r\n                            <div class=\"text-modules__content\">\r\n                                <span class=\"TextRun SCXW67850424 BCX8\" lang=\"PL-PL\" xml:lang=\"PL-PL\" data-contrast=\"none\"><span class=\"NormalTextRun SCXW67850424 BCX8\">Otrzyma\u0142 Wyr\u00f3\u017cnienie Rektora U\u015a w XIII edycji konkursu za osi\u0105gni\u0119cia naukowe jako student p<\/span><span class=\"NormalTextRun SCXW67850424 BCX8\">sychologii<\/span><span class=\"NormalTextRun SCXW67850424 BCX8\">\u00a0na Wydziale\u00a0<\/span><\/span><span class=\"TextRun SCXW67850424 BCX8\" lang=\"PL-PL\" xml:lang=\"PL-PL\" data-contrast=\"none\"><span class=\"NormalTextRun SCXW67850424 BCX8\">Nauk Spo\u0142ecznych<\/span><\/span><span class=\"TextRun SCXW67850424 BCX8\" lang=\"PL-PL\" xml:lang=\"PL-PL\" data-contrast=\"none\"><span class=\"NormalTextRun SCXW67850424 BCX8\">\u00a0U\u015a.<\/span><span class=\"NormalTextRun SCXW67850424 BCX8\">\u00a0Autor artyku\u0142\u00f3w naukowych<\/span><span class=\"NormalTextRun SCXW67850424 BCX8\">, z czego jeden zosta\u0142 ju\u017c opublikowany w czasopi\u015bmie naukowym z listy ministerialnej.\u00a0<\/span><span class=\"NormalTextRun SCXW67850424 BCX8\">Zrealizowa\u0142 autorski projekt naukowy w konkursie Grant\u00f3w Rektora pn. \u201cRefleksyjne ogl\u0105danie filmu<\/span><span class=\"NormalTextRun SCXW67850424 BCX8\">\u00a0<\/span><span class=\"NormalTextRun SCXW67850424 BCX8\">\u2013 operacjonalizacja i pomiar konstruktu\u201d.\u00a0<\/span><span class=\"NormalTextRun SCXW67850424 BCX8\">Efektem projektu jest nadchodz\u0105ca<\/span><span class=\"NormalTextRun SCXW67850424 BCX8\">\u00a0<\/span><span class=\"NormalTextRun SCXW67850424 BCX8\">kolejna\u00a0<\/span><span class=\"NormalTextRun SCXW67850424 BCX8\">publikacja w czasopi\u015bmie<\/span><span class=\"NormalTextRun SCXW67850424 BCX8\">\u00a0<\/span><span class=\"SpellingError SCXW67850424 BCX8\">Psychological<\/span><span class=\"NormalTextRun SCXW67850424 BCX8\">\u00a0<\/span><span class=\"SpellingError SCXW67850424 BCX8\">Reports<\/span><span class=\"NormalTextRun SCXW67850424 BCX8\">, w<\/span><span class=\"NormalTextRun SCXW67850424 BCX8\">\u00a0<\/span><span class=\"NormalTextRun SCXW67850424 BCX8\">kt\u00f3rej opisano adaptacje narz\u0119dzi<\/span><span class=\"NormalTextRun SCXW67850424 BCX8\">a<\/span><span class=\"NormalTextRun SCXW67850424 BCX8\">.<\/span><span class=\"NormalTextRun SCXW67850424 BCX8\">\u00a0Aktywnie uczestniczy\u0142 w realizacji trzech innych projekt\u00f3w naukowych<\/span><span class=\"NormalTextRun SCXW67850424 BCX8\">, m.in. \u201cHarry Potter and the\u00a0<\/span><span class=\"SpellingError SCXW67850424 BCX8\">measures<\/span><span class=\"NormalTextRun SCXW67850424 BCX8\">\u00a0of\u00a0<\/span><span class=\"SpellingError SCXW67850424 BCX8\">personality<\/span><span class=\"NormalTextRun SCXW67850424 BCX8\">:\u00a0<\/span><span class=\"SpellingError SCXW67850424 BCX8\">replication<\/span><span class=\"NormalTextRun SCXW67850424 BCX8\">\u00a0<\/span><span class=\"SpellingError SCXW67850424 BCX8\">study<\/span><span class=\"NormalTextRun SCXW67850424 BCX8\">\u201d. Wyst\u0105pi\u0142 na trzech ko<\/span><span class=\"NormalTextRun SCXW67850424 BCX8\">nferencjach naukowych, m.in. podczas XVI Mi\u0119dzynarodow<\/span><span class=\"NormalTextRun SCXW67850424 BCX8\">ej<\/span><span class=\"NormalTextRun SCXW67850424 BCX8\">\u00a0<\/span><span class=\"NormalTextRun SCXW67850424 BCX8\">Konferencj<\/span><span class=\"NormalTextRun SCXW67850424 BCX8\">i\u00a0<\/span><span class=\"NormalTextRun SCXW67850424 BCX8\">Naukow<\/span><span class=\"NormalTextRun SCXW67850424 BCX8\">ej\u00a0<\/span><span class=\"NormalTextRun SCXW67850424 BCX8\">\u201eKulturotw\u00f3rcza\u00a0<\/span><span class=\"NormalTextRun SCXW67850424 BCX8\">funkcja<\/span><span class=\"NormalTextRun SCXW67850424 BCX8\">\u00a0<\/span><span class=\"NormalTextRun SCXW67850424 BCX8\">gier\u201d<\/span><span class=\"NormalTextRun SCXW67850424 BCX8\">.<\/span><span class=\"NormalTextRun SCXW67850424 BCX8\">\u00a0Naukowo interesuj\u0105 go media i sztuka, a jego hobby s\u0105 gry wideo.<\/span><span class=\"NormalTextRun SCXW67850424 BCX8\">\u00a0Uniwersytet \u015al\u0105ski jest dla niego wsp\u00f3lnot\u0105 wielu r\u00f3\u017cnorodnych ludzi, kt\u00f3rzy przez swoj\u0105 r\u00f3\u017cnorodno\u015b\u0107 maj\u0105 szans\u0119 edukowa\u0107 si\u0119 nawzajem i stawa\u0107 si\u0119 silniejszymi w tym\u00a0<\/span><span class=\"NormalTextRun SCXW67850424 BCX8\">co robi\u0105<\/span><span class=\"NormalTextRun SCXW67850424 BCX8\">.<\/span><\/span><span class=\"EOP SCXW67850424 BCX8\" data-ccp-props=\"{&quot;201341983&quot;:0,&quot;335559739&quot;:160,&quot;335559740&quot;:360}\">\u00a0<\/span> \r\n                                <div class=\"mt-3\"><\/div>\r\n                            <\/div>\r\n                            \r\n                            <div class=\"text-modules__img\"><img src=\"https:\/\/us.edu.pl\/student\/wp-content\/uploads\/sites\/3\/Wyr\u00f3\u017cnienia-rektora\/Wyr\u00f3\u017cnienia-2021\/Stefanek-1-300x300.jpg\" alt=\"img\"><\/div>\r\n                        <\/div>\r\n                    <\/div>\r\n                <\/div>[\/vc_column][\/vc_row]<\/p>","protected":false},"excerpt":{"rendered":"<p>[vc_row][vc_column][\/vc_column][\/vc_row] [&#8230;]<\/p>\n<p><a class=\"btn btn-secondary understrap-read-more-link\" href=\"https:\/\/us.edu.pl\/student\/dzialalnosc-studencka\/wyroznienia-jm-rektora-us\/laureaci-xiii-edycji\/studenci\/franciszek-stefanek\/\">Read More&#8230;<\/a><\/p>\n","protected":false},"author":28,"featured_media":0,"parent":32332,"menu_order":0,"comment_status":"closed","ping_status":"closed","template":"","meta":{"_expiration-date-status":"saved","_expiration-date":0,"_expiration-date-type":"","_expiration-date-categories":[],"_expiration-date-options":[]},"acf":[],"_links":{"self":[{"href":"https:\/\/us.edu.pl\/student\/wp-json\/wp\/v2\/pages\/32446"}],"collection":[{"href":"https:\/\/us.edu.pl\/student\/wp-json\/wp\/v2\/pages"}],"about":[{"href":"https:\/\/us.edu.pl\/student\/wp-json\/wp\/v2\/types\/page"}],"author":[{"embeddable":true,"href":"https:\/\/us.edu.pl\/student\/wp-json\/wp\/v2\/users\/28"}],"replies":[{"embeddable":true,"href":"https:\/\/us.edu.pl\/student\/wp-json\/wp\/v2\/comments?post=32446"}],"version-history":[{"count":0,"href":"https:\/\/us.edu.pl\/student\/wp-json\/wp\/v2\/pages\/32446\/revisions"}],"up":[{"embeddable":true,"href":"https:\/\/us.edu.pl\/student\/wp-json\/wp\/v2\/pages\/32332"}],"wp:attachment":[{"href":"https:\/\/us.edu.pl\/student\/wp-json\/wp\/v2\/media?parent=32446"}],"curies":[{"name":"wp","href":"https:\/\/api.w.org\/{rel}","templated":true}]}}