{"id":32449,"date":"2021-11-09T10:07:41","date_gmt":"2021-11-09T09:07:41","guid":{"rendered":"https:\/\/us.edu.pl\/student\/?page_id=32449"},"modified":"2021-11-15T11:36:31","modified_gmt":"2021-11-15T10:36:31","slug":"maciej-zuziak","status":"publish","type":"page","link":"https:\/\/us.edu.pl\/student\/dzialalnosc-studencka\/wyroznienia-jm-rektora-us\/laureaci-xiii-edycji\/studenci\/maciej-zuziak\/","title":{"rendered":"Maciej Zuziak"},"content":{"rendered":"<p>[vc_row][vc_column]\r\n                <div class=\"text-modules \">\r\n                    <div class=\"container\">\r\n                        <h3 class=\"section-title section-title_border-bottom\">Maciej Zuziak<\/h3> \r\n                        <div class=\"row m-0\">\r\n                            <div class=\"text-modules__content\">\r\n                                <span class=\"TextRun SCXW64297545 BCX8\" lang=\"PL-PL\" xml:lang=\"PL-PL\" data-contrast=\"none\"><span class=\"NormalTextRun SCXW64297545 BCX8\">Otrzyma\u0142 Wyr\u00f3\u017cnienie Rektora U\u015a w XIII edycji konkursu za osi\u0105gni\u0119cia naukowe\u00a0<\/span><span class=\"NormalTextRun SCXW64297545 BCX8\">i dzia\u0142alno\u015b\u0107 popularnonaukow\u0105\u00a0<\/span><span class=\"NormalTextRun SCXW64297545 BCX8\">jako student prawa\u00a0na Wydziale\u00a0<\/span><\/span><span class=\"TextRun SCXW64297545 BCX8\" lang=\"PL-PL\" xml:lang=\"PL-PL\" data-contrast=\"none\"><span class=\"NormalTextRun SCXW64297545 BCX8\">Prawa i Administracji<\/span><\/span><span class=\"TextRun SCXW64297545 BCX8\" lang=\"PL-PL\" xml:lang=\"PL-PL\" data-contrast=\"none\"><span class=\"NormalTextRun SCXW64297545 BCX8\">\u00a0U\u015a.<\/span><span class=\"NormalTextRun SCXW64297545 BCX8\">\u00a0<\/span><span class=\"NormalTextRun SCXW64297545 BCX8\">Publikuje artyku\u0142y popularnonaukowe\u00a0<\/span><span class=\"NormalTextRun SCXW64297545 BCX8\">w\u00a0<\/span><span class=\"SpellingError SCXW64297545 BCX8\">internecie<\/span><span class=\"NormalTextRun SCXW64297545 BCX8\">\u00a0upowszechniaj\u0105c wiedz\u0119 dotycz\u0105c\u0105 Chin.<\/span><span class=\"NormalTextRun SCXW64297545 BCX8\">\u00a0<\/span><span class=\"NormalTextRun SCXW64297545 BCX8\">Wsp\u00f3\u0142organizator\u00a0<\/span><span class=\"NormalTextRun SCXW64297545 BCX8\">konferencji naukowej<\/span><span class=\"NormalTextRun SCXW64297545 BCX8\">\u00a0\u201cNowy Jedwabny Szlak &#8211; geopolityka, gospodarka, kultura\u201d<\/span><span class=\"NormalTextRun SCXW64297545 BCX8\">\u00a0(2018)<\/span><span class=\"NormalTextRun SCXW64297545 BCX8\">,\u00a0I Og\u00f3lnopolskiej Konferencji Naukowej Prawne i Gospodarcze Aspekty Wsp\u00f3\u0142pracy z ChRL (2019)<\/span><span class=\"NormalTextRun SCXW64297545 BCX8\">\u00a0oraz<\/span><span class=\"NormalTextRun SCXW64297545 BCX8\">\u00a0\u201cSino &#8211;\u00a0<\/span><span class=\"SpellingError SCXW64297545 BCX8\">Polish<\/span><span class=\"NormalTextRun SCXW64297545 BCX8\">\u00a0Conference on\u00a0<\/span><span class=\"SpellingError SCXW64297545 BCX8\">Comparative<\/span><span class=\"NormalTextRun SCXW64297545 BCX8\">\u00a0Law\u201d (2019)<\/span><span class=\"NormalTextRun SCXW64297545 BCX8\">, jak r\u00f3wnie\u017c\u00a0<\/span><span class=\"NormalTextRun SCXW64297545 BCX8\">spotka\u0144 i prelekcji m.in.\u00a0\u201cChi\u0144ski e-commerce, jak bezpiecznie kupowa\u0107 i sprzedawa\u0107?\u201d<\/span><span class=\"NormalTextRun SCXW64297545 BCX8\">, \u201cZnaki towarowe w Chinach &#8211; jak je chroni\u0107 i rejestrowa\u0107?\u201d<\/span><span class=\"NormalTextRun SCXW64297545 BCX8\">\u00a0i\u00a0serii internetowych konferencji po\u015bwi\u0119conych praktycznym zagadnieniom wsp\u00f3\u0142pracy gospodarczej z Chi\u0144sk\u0105 Republik\u0105 Ludow\u0105 (2021).\u00a0<\/span><span class=\"NormalTextRun SCXW64297545 BCX8\">W latach 2018-2020 pe\u0142ni\u0142 funkcj\u0119 przewodnicz\u0105cego w Mi\u0119dzywydzia\u0142owym Kole Naukowym Prawa i Kultury Chi\u0144skiej<\/span><span class=\"NormalTextRun SCXW64297545 BCX8\">, a od 2020 roku dzia\u0142a w zarz\u0105dzie stowarzyszenia\u00a0<\/span><span class=\"SpellingError SCXW64297545 BCX8\">Chinese<\/span><span class=\"NormalTextRun SCXW64297545 BCX8\">\u00a0Law\u00a0<\/span><span class=\"SpellingError SCXW64297545 BCX8\">Assocation<\/span><span class=\"NormalTextRun SCXW64297545 BCX8\">.\u00a0<\/span><span class=\"NormalTextRun SCXW64297545 BCX8\">Autor\u00a0<\/span><span class=\"NormalTextRun SCXW64297545 BCX8\">3\u00a0<\/span><span class=\"NormalTextRun SCXW64297545 BCX8\">publikacji naukowych oraz wsp\u00f3\u0142redaktor ksi\u0105\u017cki<\/span><span class=\"NormalTextRun SCXW64297545 BCX8\">. Wyst\u0105pi\u0142 na 6 konferencjach naukowych.<\/span><span class=\"NormalTextRun SCXW64297545 BCX8\">\u00a0W\u015br\u00f3d swoich pasji wymienia nauk\u0119 j\u0119zyk\u00f3w, lingwistyk\u0119 stosowan\u0105, informatyk\u0119, narciarstwo oraz trening si\u0142owy.<\/span><\/span><span class=\"EOP SCXW64297545 BCX8\" data-ccp-props=\"{&quot;201341983&quot;:0,&quot;335551550&quot;:1,&quot;335551620&quot;:1,&quot;335559739&quot;:160,&quot;335559740&quot;:360}\">\u00a0<\/span> \r\n                                <div class=\"mt-3\"><\/div>\r\n                            <\/div>\r\n                            \r\n                            <div class=\"text-modules__img\"><img src=\"https:\/\/us.edu.pl\/student\/wp-content\/uploads\/sites\/3\/Wyr\u00f3\u017cnienia-rektora\/Wyr\u00f3\u017cnienia-2021\/Zuziak-1-300x257.jpg\" alt=\"img\"><\/div>\r\n                        <\/div>\r\n                    <\/div>\r\n                <\/div>[\/vc_column][\/vc_row]<\/p>","protected":false},"excerpt":{"rendered":"<p>[vc_row][vc_column][\/vc_column][\/vc_row] [&#8230;]<\/p>\n<p><a class=\"btn btn-secondary understrap-read-more-link\" href=\"https:\/\/us.edu.pl\/student\/dzialalnosc-studencka\/wyroznienia-jm-rektora-us\/laureaci-xiii-edycji\/studenci\/maciej-zuziak\/\">Read More&#8230;<\/a><\/p>\n","protected":false},"author":28,"featured_media":0,"parent":32332,"menu_order":0,"comment_status":"closed","ping_status":"closed","template":"","meta":{"_expiration-date-status":"saved","_expiration-date":0,"_expiration-date-type":"","_expiration-date-categories":[],"_expiration-date-options":[]},"acf":[],"_links":{"self":[{"href":"https:\/\/us.edu.pl\/student\/wp-json\/wp\/v2\/pages\/32449"}],"collection":[{"href":"https:\/\/us.edu.pl\/student\/wp-json\/wp\/v2\/pages"}],"about":[{"href":"https:\/\/us.edu.pl\/student\/wp-json\/wp\/v2\/types\/page"}],"author":[{"embeddable":true,"href":"https:\/\/us.edu.pl\/student\/wp-json\/wp\/v2\/users\/28"}],"replies":[{"embeddable":true,"href":"https:\/\/us.edu.pl\/student\/wp-json\/wp\/v2\/comments?post=32449"}],"version-history":[{"count":0,"href":"https:\/\/us.edu.pl\/student\/wp-json\/wp\/v2\/pages\/32449\/revisions"}],"up":[{"embeddable":true,"href":"https:\/\/us.edu.pl\/student\/wp-json\/wp\/v2\/pages\/32332"}],"wp:attachment":[{"href":"https:\/\/us.edu.pl\/student\/wp-json\/wp\/v2\/media?parent=32449"}],"curies":[{"name":"wp","href":"https:\/\/api.w.org\/{rel}","templated":true}]}}