{"id":32452,"date":"2021-11-09T10:38:40","date_gmt":"2021-11-09T09:38:40","guid":{"rendered":"https:\/\/us.edu.pl\/student\/?page_id=32452"},"modified":"2021-11-15T11:38:32","modified_gmt":"2021-11-15T10:38:32","slug":"jakub-zwierzchowski","status":"publish","type":"page","link":"https:\/\/us.edu.pl\/student\/dzialalnosc-studencka\/wyroznienia-jm-rektora-us\/laureaci-xiii-edycji\/studenci\/jakub-zwierzchowski\/","title":{"rendered":"Jakub Zwierzchowski"},"content":{"rendered":"<p>[vc_row][vc_column]\r\n                <div class=\"text-modules \">\r\n                    <div class=\"container\">\r\n                        <h3 class=\"section-title section-title_border-bottom\">Jakub Zwierzchowski<\/h3> \r\n                        <div class=\"row m-0\">\r\n                            <div class=\"text-modules__content\">\r\n                                <span class=\"TextRun SCXW221456605 BCX8\" lang=\"PL-PL\" xml:lang=\"PL-PL\" data-contrast=\"none\"><span class=\"NormalTextRun SCXW221456605 BCX8\">Otrzyma\u0142 Wyr\u00f3\u017cnienie Rektora U\u015a w XIII edycji konkursu za\u00a0<\/span><span class=\"NormalTextRun SCXW221456605 BCX8\">dzia\u0142alno\u015b\u0107 spo\u0142eczn\u0105 i popularnonaukow\u0105 oraz\u00a0<\/span><span class=\"NormalTextRun SCXW221456605 BCX8\">osi\u0105gni\u0119cia naukowe jako student prawa\u00a0na Wydziale\u00a0<\/span><\/span><span class=\"TextRun SCXW221456605 BCX8\" lang=\"PL-PL\" xml:lang=\"PL-PL\" data-contrast=\"none\"><span class=\"NormalTextRun SCXW221456605 BCX8\">Prawa i Administracji<\/span><\/span><span class=\"TextRun SCXW221456605 BCX8\" lang=\"PL-PL\" xml:lang=\"PL-PL\" data-contrast=\"none\"><span class=\"NormalTextRun SCXW221456605 BCX8\">\u00a0U\u015a.<\/span><span class=\"NormalTextRun SCXW221456605 BCX8\">\u00a0<\/span><span class=\"NormalTextRun SCXW221456605 BCX8\">W latach\u00a02013-2020\u00a0wolontariusz-instruktor \u017ceglarstwa w Harcerskim O\u015brodku Wodnym w Poraju oraz wychowawca w ramach letnich kurs\u00f3w \u017ceglarskich dla nastolatk\u00f3w.\u00a0<\/span><span class=\"NormalTextRun SCXW221456605 BCX8\">Od 2018 roku dzia\u0142a\u0142 w ramach Mi\u0119dzywydzia\u0142owego Ko\u0142a Naukowego Kultury i Prawa Chi\u0144skiego jako<\/span><span class=\"NormalTextRun SCXW221456605 BCX8\">\u00a0jego wsp\u00f3\u0142za\u0142o\u017cyciel oraz w r\u00f3\u017cnych okresach jako\u00a0<\/span><span class=\"NormalTextRun SCXW221456605 BCX8\">przewodnicz\u0105cy<\/span><span class=\"NormalTextRun SCXW221456605 BCX8\">\u00a0lub\u00a0<\/span><span class=\"NormalTextRun SCXW221456605 BCX8\">zast\u0119pca przewodnicz\u0105cego i sekretarz. Prowadzi\u0142 spotkania dla student\u00f3w oraz\u00a0<\/span><span class=\"NormalTextRun SCXW221456605 BCX8\">cykl warsztat\u00f3w w III LO im. Adama Mickiewicza w Katowicach (2019). Organizowa\u0142 liczne wydarzenia\u00a0<\/span><span class=\"NormalTextRun SCXW221456605 BCX8\">naukowe i popularnonaukowe\u00a0<\/span><span class=\"NormalTextRun SCXW221456605 BCX8\">w ramach pracy w kole naukowym<\/span><span class=\"NormalTextRun SCXW221456605 BCX8\">, w tym mi\u0119dzynarodow\u0105 konferencj\u0119 naukow\u0105\u00a0pt. \u201eSino\u00a0<\/span><span class=\"SpellingError SCXW221456605 BCX8\">Polish<\/span><span class=\"NormalTextRun SCXW221456605 BCX8\"> Conference on <\/span><span class=\"SpellingError SCXW221456605 BCX8\">Comparative<\/span><span class=\"NormalTextRun SCXW221456605 BCX8\">\u00a0Law\u00a0<\/span><span class=\"SpellingError SCXW221456605 BCX8\">private<\/span><span class=\"NormalTextRun SCXW221456605 BCX8\">\u00a0data\u00a0<\/span><span class=\"SpellingError SCXW221456605 BCX8\">protection<\/span><span class=\"NormalTextRun SCXW221456605 BCX8\">\u00a0in the EU and\u00a0<\/span><span class=\"SpellingError SCXW221456605 BCX8\">personality<\/span><span class=\"NormalTextRun SCXW221456605 BCX8\">\u00a0<\/span><span class=\"SpellingError SCXW221456605 BCX8\">rights<\/span><span class=\"NormalTextRun SCXW221456605 BCX8\">\u201d (2019)<\/span><span class=\"NormalTextRun SCXW221456605 BCX8\">\u00a0oraz\u00a0warsztaty i stanowisko pokazowe \u201eChiny bli\u017cej!\u201d w trakcie IV \u015al\u0105skiego Festiwalu Nauki (2020).\u00a0<\/span><span class=\"NormalTextRun SCXW221456605 BCX8\">Jako stypendysta Narodowej Agencji Wymiany Akademickiej realizuje projekt pt. \u201cEuropejska my\u015bl cywilistyczna a kszta\u0142towanie sp\u00f3jnego systemu prawa cywilnego w Chi\u0144skiej Republice Ludowej\u201d w ramach programu LLM\u00a0<\/span><span class=\"SpellingError SCXW221456605 BCX8\">Comparative<\/span><span class=\"NormalTextRun SCXW221456605 BCX8\">\u00a0Law w China University of\u00a0<\/span><span class=\"SpellingError SCXW221456605 BCX8\">Political<\/span><span class=\"NormalTextRun SCXW221456605 BCX8\">\u00a0Science and Law (uniwersytet partnerski). Autor trzech artyku\u0142\u00f3w naukowych i\u00a0<\/span><span class=\"NormalTextRun SCXW221456605 BCX8\">trzech wyst\u0105pie\u0144 na konferencjach naukowych. Jego zainteresowania to \u017ceglarstwo<\/span><span class=\"NormalTextRun SCXW221456605 BCX8\">\u00a0i\u00a0<\/span><span class=\"NormalTextRun SCXW221456605 BCX8\">modelarstwo<\/span><span class=\"NormalTextRun SCXW221456605 BCX8\">.<\/span><\/span><span class=\"EOP SCXW221456605 BCX8\" data-ccp-props=\"{&quot;201341983&quot;:0,&quot;335559739&quot;:160,&quot;335559740&quot;:360}\">\u00a0<\/span> \r\n                                <div class=\"mt-3\"><\/div>\r\n                            <\/div>\r\n                            \r\n                            <div class=\"text-modules__img\"><img src=\"https:\/\/us.edu.pl\/student\/wp-content\/uploads\/sites\/3\/Wyr\u00f3\u017cnienia-rektora\/Wyr\u00f3\u017cnienia-2021\/zwierzchowski_wyroznienie-274x300.jpg\" alt=\"img\"><\/div>\r\n                        <\/div>\r\n                    <\/div>\r\n                <\/div>[\/vc_column][\/vc_row]<\/p>","protected":false},"excerpt":{"rendered":"<p>[vc_row][vc_column][\/vc_column][\/vc_row] [&#8230;]<\/p>\n<p><a class=\"btn btn-secondary understrap-read-more-link\" href=\"https:\/\/us.edu.pl\/student\/dzialalnosc-studencka\/wyroznienia-jm-rektora-us\/laureaci-xiii-edycji\/studenci\/jakub-zwierzchowski\/\">Read More&#8230;<\/a><\/p>\n","protected":false},"author":28,"featured_media":0,"parent":32332,"menu_order":0,"comment_status":"closed","ping_status":"closed","template":"","meta":{"_expiration-date-status":"saved","_expiration-date":0,"_expiration-date-type":"","_expiration-date-categories":[],"_expiration-date-options":[]},"acf":[],"_links":{"self":[{"href":"https:\/\/us.edu.pl\/student\/wp-json\/wp\/v2\/pages\/32452"}],"collection":[{"href":"https:\/\/us.edu.pl\/student\/wp-json\/wp\/v2\/pages"}],"about":[{"href":"https:\/\/us.edu.pl\/student\/wp-json\/wp\/v2\/types\/page"}],"author":[{"embeddable":true,"href":"https:\/\/us.edu.pl\/student\/wp-json\/wp\/v2\/users\/28"}],"replies":[{"embeddable":true,"href":"https:\/\/us.edu.pl\/student\/wp-json\/wp\/v2\/comments?post=32452"}],"version-history":[{"count":0,"href":"https:\/\/us.edu.pl\/student\/wp-json\/wp\/v2\/pages\/32452\/revisions"}],"up":[{"embeddable":true,"href":"https:\/\/us.edu.pl\/student\/wp-json\/wp\/v2\/pages\/32332"}],"wp:attachment":[{"href":"https:\/\/us.edu.pl\/student\/wp-json\/wp\/v2\/media?parent=32452"}],"curies":[{"name":"wp","href":"https:\/\/api.w.org\/{rel}","templated":true}]}}