{"id":32460,"date":"2021-11-09T14:04:52","date_gmt":"2021-11-09T13:04:52","guid":{"rendered":"https:\/\/us.edu.pl\/student\/?page_id=32460"},"modified":"2021-11-15T11:17:00","modified_gmt":"2021-11-15T10:17:00","slug":"karolina-gryksa","status":"publish","type":"page","link":"https:\/\/us.edu.pl\/student\/dzialalnosc-studencka\/wyroznienia-jm-rektora-us\/laureaci-xiii-edycji\/studenci\/karolina-gryksa\/","title":{"rendered":"Karolina Gryksa"},"content":{"rendered":"<p>[vc_row][vc_column]\r\n                <div class=\"text-modules \">\r\n                    <div class=\"container\">\r\n                        <h3 class=\"section-title section-title_border-bottom\">Karolina Gryksa<\/h3> \r\n                        <div class=\"row m-0\">\r\n                            <div class=\"text-modules__content\">\r\n                                <span class=\"TextRun SCXW214010177 BCX8\" lang=\"PL-PL\" xml:lang=\"PL-PL\" data-contrast=\"none\"><span class=\"NormalTextRun SCXW214010177 BCX8\">Otrzyma\u0142a Wyr\u00f3\u017cnienie Rektora U\u015a w XIII edycji konkursu za osi\u0105gni\u0119cia naukowe jako studentka\u00a0<\/span><\/span><span class=\"TextRun SCXW214010177 BCX8\" lang=\"PL-PL\" xml:lang=\"PL-PL\" data-contrast=\"none\"><span class=\"NormalTextRun SCXW214010177 BCX8\">nauk o rodzinie<\/span><\/span><span class=\"TextRun SCXW214010177 BCX8\" lang=\"PL-PL\" xml:lang=\"PL-PL\" data-contrast=\"none\"><span class=\"NormalTextRun SCXW214010177 BCX8\">\u00a0na Wydziale<\/span><\/span><span class=\"TextRun SCXW214010177 BCX8\" lang=\"PL-PL\" xml:lang=\"PL-PL\" data-contrast=\"none\"><span class=\"NormalTextRun SCXW214010177 BCX8\">\u00a0Teologicznym<\/span><\/span><span class=\"TextRun SCXW214010177 BCX8\" lang=\"PL-PL\" xml:lang=\"PL-PL\" data-contrast=\"none\"><span class=\"NormalTextRun SCXW214010177 BCX8\">\u00a0U\u015a.<\/span><span class=\"NormalTextRun SCXW214010177 BCX8\">\u00a0<\/span><span class=\"NormalTextRun SCXW214010177 BCX8\">Autorka 7 artyku\u0142\u00f3w i rozdzia\u0142\u00f3w naukowych<\/span><span class=\"NormalTextRun SCXW214010177 BCX8\">\u00a0oraz ksi\u0105\u017cki<\/span><span class=\"NormalTextRun SCXW214010177 BCX8\">, kt\u00f3ra powsta\u0142a\u00a0w<\/span><span class=\"NormalTextRun SCXW214010177 BCX8\">\u00a0<\/span><span class=\"NormalTextRun SCXW214010177 BCX8\">ramach jej\u00a0<\/span><span class=\"NormalTextRun SCXW214010177 BCX8\">autorski<\/span><span class=\"NormalTextRun SCXW214010177 BCX8\">ego<\/span><span class=\"NormalTextRun SCXW214010177 BCX8\">\u00a0projekt<\/span><span class=\"NormalTextRun SCXW214010177 BCX8\">u<\/span><span class=\"NormalTextRun SCXW214010177 BCX8\">\u00a0<\/span><span class=\"NormalTextRun SCXW214010177 BCX8\">\u201c<\/span><span class=\"NormalTextRun SCXW214010177 BCX8\">Niewidzialni rodzice \u2013 straty prenatalne i perinatalne<\/span><span class=\"NormalTextRun SCXW214010177 BCX8\">\u201d<\/span><span class=\"NormalTextRun SCXW214010177 BCX8\">\u00a0realizowanego z grantu uczelnianego.\u00a0<\/span><span class=\"NormalTextRun SCXW214010177 BCX8\">Celem projektu by\u0142o ukazanie psychospo\u0142ecznych i prawnych aspekt\u00f3w funkcjonowania rodzic\u00f3w do\u015bwiadczaj\u0105cych \u017ca\u0142oby zwi\u0105zanej ze \u015bmierci\u0105 lub diagnoz\u0105 g\u0142\u0119bokiej niepe\u0142nosprawno\u015bci dziecka na etapie prenatalnym lub perinatalnym.\u00a0<\/span><span class=\"NormalTextRun SCXW214010177 BCX8\">Realizowa\u0142a r\u00f3wnie\u017c dwa inne\u00a0<\/span><span class=\"NormalTextRun SCXW214010177 BCX8\">w\u0142asn<\/span><span class=\"NormalTextRun SCXW214010177 BCX8\">e projekty naukowe\u00a0<\/span><span class=\"NormalTextRun SCXW214010177 BCX8\">a w dw\u00f3ch kolejnych by\u0142a wykonawc\u0105.\u00a0<\/span><span class=\"NormalTextRun SCXW214010177 BCX8\">Wyst\u0105pi\u0142a na czterech konferencjach naukowych.\u00a0<\/span><span class=\"NormalTextRun SCXW214010177 BCX8\">Organizowa\u0142a lub pomaga\u0142a w organizacji kilku konferencji i sympozj\u00f3w naukowych.\u00a0<\/span><span class=\"NormalTextRun SCXW214010177 BCX8\">Zaanga\u017cowana w reprezentowanie student\u00f3w m.in. jako Przewodnicz\u0105ca Wydzia\u0142owej Rady Samorz\u0105du Studenckiego (2018-2021).<\/span><span class=\"NormalTextRun SCXW214010177 BCX8\">\u00a0W\u015br\u00f3d swoich pasji wymienia\u00a0psychologi\u0119, muzyk\u0119 i pedagogik\u0119 rodziny.<\/span><\/span><span class=\"EOP SCXW214010177 BCX8\" data-ccp-props=\"{&quot;201341983&quot;:0,&quot;335559739&quot;:160,&quot;335559740&quot;:360}\">\u00a0<\/span> \r\n                                <div class=\"mt-3\"><\/div>\r\n                            <\/div>\r\n                            \r\n                            <div class=\"text-modules__img\"><img src=\"https:\/\/us.edu.pl\/student\/wp-content\/uploads\/sites\/3\/Wyr\u00f3\u017cnienia-rektora\/Wyr\u00f3\u017cnienia-2021\/Gryksa-1-225x300.jpg\" alt=\"img\"><\/div>\r\n                        <\/div>\r\n                    <\/div>\r\n                <\/div>[\/vc_column][\/vc_row]<\/p>","protected":false},"excerpt":{"rendered":"<p>[vc_row][vc_column][\/vc_column][\/vc_row] [&#8230;]<\/p>\n<p><a class=\"btn btn-secondary understrap-read-more-link\" href=\"https:\/\/us.edu.pl\/student\/dzialalnosc-studencka\/wyroznienia-jm-rektora-us\/laureaci-xiii-edycji\/studenci\/karolina-gryksa\/\">Read More&#8230;<\/a><\/p>\n","protected":false},"author":28,"featured_media":0,"parent":32332,"menu_order":0,"comment_status":"closed","ping_status":"closed","template":"","meta":{"_expiration-date-status":"saved","_expiration-date":0,"_expiration-date-type":"","_expiration-date-categories":[],"_expiration-date-options":[]},"acf":[],"_links":{"self":[{"href":"https:\/\/us.edu.pl\/student\/wp-json\/wp\/v2\/pages\/32460"}],"collection":[{"href":"https:\/\/us.edu.pl\/student\/wp-json\/wp\/v2\/pages"}],"about":[{"href":"https:\/\/us.edu.pl\/student\/wp-json\/wp\/v2\/types\/page"}],"author":[{"embeddable":true,"href":"https:\/\/us.edu.pl\/student\/wp-json\/wp\/v2\/users\/28"}],"replies":[{"embeddable":true,"href":"https:\/\/us.edu.pl\/student\/wp-json\/wp\/v2\/comments?post=32460"}],"version-history":[{"count":0,"href":"https:\/\/us.edu.pl\/student\/wp-json\/wp\/v2\/pages\/32460\/revisions"}],"up":[{"embeddable":true,"href":"https:\/\/us.edu.pl\/student\/wp-json\/wp\/v2\/pages\/32332"}],"wp:attachment":[{"href":"https:\/\/us.edu.pl\/student\/wp-json\/wp\/v2\/media?parent=32460"}],"curies":[{"name":"wp","href":"https:\/\/api.w.org\/{rel}","templated":true}]}}