{"id":32462,"date":"2021-11-09T14:06:00","date_gmt":"2021-11-09T13:06:00","guid":{"rendered":"https:\/\/us.edu.pl\/student\/?page_id=32462"},"modified":"2021-11-15T11:34:34","modified_gmt":"2021-11-15T10:34:34","slug":"szymon-walter","status":"publish","type":"page","link":"https:\/\/us.edu.pl\/student\/dzialalnosc-studencka\/wyroznienia-jm-rektora-us\/laureaci-xiii-edycji\/studenci\/szymon-walter\/","title":{"rendered":"Szymon Walter"},"content":{"rendered":"<p>[vc_row][vc_column]\r\n                <div class=\"text-modules \">\r\n                    <div class=\"container\">\r\n                        <h3 class=\"section-title section-title_border-bottom\">Szymon Walter<\/h3> \r\n                        <div class=\"row m-0\">\r\n                            <div class=\"text-modules__content\">\r\n                                <span class=\"TextRun SCXW222989368 BCX8\" lang=\"PL-PL\" xml:lang=\"PL-PL\" data-contrast=\"none\"><span class=\"NormalTextRun SCXW222989368 BCX8\">Otrzyma\u0142 Wyr\u00f3\u017cnienie Rektora U\u015a w XIII edycji konkursu za osi\u0105gni\u0119cia\u00a0<\/span><span class=\"NormalTextRun SCXW222989368 BCX8\">sportowe oraz dzia\u0142alno\u015b\u0107 spo\u0142eczn\u0105<\/span><span class=\"NormalTextRun SCXW222989368 BCX8\">\u00a0jako student\u00a0<\/span><\/span><span class=\"TextRun SCXW222989368 BCX8\" lang=\"PL-PL\" xml:lang=\"PL-PL\" data-contrast=\"none\"><span class=\"NormalTextRun SCXW222989368 BCX8\">doradztwa politycznego i publicznego<\/span><\/span><span class=\"TextRun SCXW222989368 BCX8\" lang=\"PL-PL\" xml:lang=\"PL-PL\" data-contrast=\"none\"><span class=\"NormalTextRun SCXW222989368 BCX8\">\u00a0na Wydziale\u00a0<\/span><\/span><span class=\"TextRun SCXW222989368 BCX8\" lang=\"PL-PL\" xml:lang=\"PL-PL\" data-contrast=\"none\"><span class=\"NormalTextRun SCXW222989368 BCX8\">Nauk Spo\u0142ecznych<\/span><\/span><span class=\"TextRun SCXW222989368 BCX8\" lang=\"PL-PL\" xml:lang=\"PL-PL\" data-contrast=\"none\"><span class=\"NormalTextRun SCXW222989368 BCX8\">\u00a0U\u015a.<\/span><span class=\"NormalTextRun SCXW222989368 BCX8\">\u00a0<\/span><span class=\"NormalTextRun SCXW222989368 BCX8\">W reprezentacji Polski zdoby\u0142 dru\u017cynowo 13. miejsce w Akademickich Mistrzostwach \u015awiata w szachach. Zesp\u00f3\u0142 z\u0142o\u017cony z zawodnik\u00f3w Uniwersytetu \u015al\u0105skiego zaj\u0105\u0142 najwy\u017csze miejsce spo\u015br\u00f3d\u00a0<\/span><span class=\"NormalTextRun SCXW222989368 BCX8\">zespo\u0142\u00f3w\u00a0<\/span><span class=\"NormalTextRun SCXW222989368 BCX8\">z Polski<\/span><span class=\"NormalTextRun SCXW222989368 BCX8\">.<\/span><span class=\"NormalTextRun SCXW222989368 BCX8\">\u00a0<\/span><span class=\"NormalTextRun SCXW222989368 BCX8\">Zaj\u0105\u0142 I miejsce w Indywidualnych oraz I miejsce w Dru\u017cynowych Akademickich Mistrzostwach \u015al\u0105ska w szachach (2019)<\/span><span class=\"NormalTextRun SCXW222989368 BCX8\">,\u00a0IX miejsce w Ekstralidze Szachowej (najwy\u017cszy szczebel rozgrywkowy w Polsce) w 2020 oraz\u00a0III miejsce w Indywidualnych Akademickich Mistrzostwach Polski w szachach (kategoria Uniwersytety) w 2021.\u00a0<\/span><span class=\"NormalTextRun SCXW222989368 BCX8\">By\u0142 jednym<\/span><span class=\"NormalTextRun SCXW222989368 BCX8\">\u00a0z g\u0142\u00f3wnych organizator\u00f3w Og\u00f3lnopolskich Mistrzostw Szk\u00f3\u0142 i Przedszkoli w szachach (organizacja we wsp\u00f3\u0142pracy z Ministerstwem Sportu i Turystyki, Wojew\u00f3dztwem \u015al\u0105skim i Miastem Katowice)<\/span><span class=\"NormalTextRun SCXW222989368 BCX8\">\u00a0w latach 2016, 2017 i 2018<\/span><span class=\"NormalTextRun SCXW222989368 BCX8\">.<\/span><span class=\"NormalTextRun SCXW222989368 BCX8\">\u00a0Zaanga\u017cowany w promocj\u0119 tego wydarzenia (2019)\u00a0<\/span><span class=\"NormalTextRun SCXW222989368 BCX8\">oraz dodatkowo pozyskiwanie partner\u00f3w (2020).\u00a0<\/span><span class=\"NormalTextRun SCXW222989368 BCX8\">Dzi\u0119ki jego zaanga\u017cowaniu i pracy\u00a0<\/span><span class=\"NormalTextRun SCXW222989368 BCX8\">Og\u00f3lnopolskie Mistrzostwa Szk\u00f3\u0142 i Przedszkoli w szachach\u00a0<\/span><span class=\"NormalTextRun SCXW222989368 BCX8\">okaza\u0142y si\u0119 by\u0107\u00a0<\/span><span class=\"NormalTextRun SCXW222989368 BCX8\">najwi\u0119kszy<\/span><span class=\"NormalTextRun SCXW222989368 BCX8\">m<\/span><span class=\"NormalTextRun SCXW222989368 BCX8\">\u00a0turniej<\/span><span class=\"NormalTextRun SCXW222989368 BCX8\">em<\/span><span class=\"NormalTextRun SCXW222989368 BCX8\">\u00a0szachowy<\/span><span class=\"NormalTextRun SCXW222989368 BCX8\">m<\/span><span class=\"NormalTextRun SCXW222989368 BCX8\">\u00a0w Polsce i jed<\/span><span class=\"NormalTextRun SCXW222989368 BCX8\">nym<\/span><span class=\"NormalTextRun SCXW222989368 BCX8\">\u00a0z najwi\u0119kszych w Europie. Co roku na zawody przyje\u017cd\u017ca ok. 3 tys. os\u00f3b.\u00a0<\/span><span class=\"NormalTextRun SCXW222989368 BCX8\">By\u0142 r\u00f3wnie\u017c koordynatorem\u00a0<\/span><span class=\"NormalTextRun SCXW222989368 BCX8\">jednego z najwi\u0119kszych festiwali biznesowych w Polsce, tj.\u00a0<\/span><span class=\"NormalTextRun SCXW222989368 BCX8\">festiwalu BOSS w jego katowickiej edycji\u00a0<\/span><span class=\"NormalTextRun SCXW222989368 BCX8\">(2019)<\/span><span class=\"NormalTextRun SCXW222989368 BCX8\">.\u00a0<\/span><span class=\"NormalTextRun SCXW222989368 BCX8\">W\u015br\u00f3d swoich zainteresowa\u0144 wymienia\u00a0narty, pi\u0142k\u0119 no\u017cn\u0105, rower i biznes.<\/span><\/span><span class=\"EOP SCXW222989368 BCX8\" data-ccp-props=\"{&quot;201341983&quot;:0,&quot;335559739&quot;:160,&quot;335559740&quot;:360}\">\u00a0<\/span> \r\n                                <div class=\"mt-3\"><\/div>\r\n                            <\/div>\r\n                            \r\n                            <div class=\"text-modules__img\"><img src=\"https:\/\/us.edu.pl\/student\/wp-content\/uploads\/sites\/3\/Wyr\u00f3\u017cnienia-rektora\/Wyr\u00f3\u017cnienia-2021\/Walter-1-300x300.jpg\" alt=\"img\"><\/div>\r\n                        <\/div>\r\n                    <\/div>\r\n                <\/div>[\/vc_column][\/vc_row]<\/p>","protected":false},"excerpt":{"rendered":"<p>[vc_row][vc_column][\/vc_column][\/vc_row] [&#8230;]<\/p>\n<p><a class=\"btn btn-secondary understrap-read-more-link\" href=\"https:\/\/us.edu.pl\/student\/dzialalnosc-studencka\/wyroznienia-jm-rektora-us\/laureaci-xiii-edycji\/studenci\/szymon-walter\/\">Read More&#8230;<\/a><\/p>\n","protected":false},"author":28,"featured_media":0,"parent":32332,"menu_order":0,"comment_status":"closed","ping_status":"closed","template":"","meta":{"_expiration-date-status":"saved","_expiration-date":0,"_expiration-date-type":"","_expiration-date-categories":[],"_expiration-date-options":[]},"acf":[],"_links":{"self":[{"href":"https:\/\/us.edu.pl\/student\/wp-json\/wp\/v2\/pages\/32462"}],"collection":[{"href":"https:\/\/us.edu.pl\/student\/wp-json\/wp\/v2\/pages"}],"about":[{"href":"https:\/\/us.edu.pl\/student\/wp-json\/wp\/v2\/types\/page"}],"author":[{"embeddable":true,"href":"https:\/\/us.edu.pl\/student\/wp-json\/wp\/v2\/users\/28"}],"replies":[{"embeddable":true,"href":"https:\/\/us.edu.pl\/student\/wp-json\/wp\/v2\/comments?post=32462"}],"version-history":[{"count":0,"href":"https:\/\/us.edu.pl\/student\/wp-json\/wp\/v2\/pages\/32462\/revisions"}],"up":[{"embeddable":true,"href":"https:\/\/us.edu.pl\/student\/wp-json\/wp\/v2\/pages\/32332"}],"wp:attachment":[{"href":"https:\/\/us.edu.pl\/student\/wp-json\/wp\/v2\/media?parent=32462"}],"curies":[{"name":"wp","href":"https:\/\/api.w.org\/{rel}","templated":true}]}}