{"id":32521,"date":"2021-11-10T13:41:24","date_gmt":"2021-11-10T12:41:24","guid":{"rendered":"https:\/\/us.edu.pl\/student\/?page_id=32521"},"modified":"2021-11-15T11:50:51","modified_gmt":"2021-11-15T10:50:51","slug":"krystyna-stypinska-wanderska","status":"publish","type":"page","link":"https:\/\/us.edu.pl\/student\/dzialalnosc-studencka\/wyroznienia-jm-rektora-us\/laureaci-xiii-edycji\/uniwersytet-trzeciego-wieku\/krystyna-stypinska-wanderska\/","title":{"rendered":"Krystyna Stypi\u0144ska-Wanderska"},"content":{"rendered":"<p>[vc_row][vc_column]\r\n                <div class=\"text-modules \">\r\n                    <div class=\"container\">\r\n                        <h3 class=\"section-title section-title_border-bottom\">Krystyna Stypi\u0144ska-Wanderska<\/h3> \r\n                        <div class=\"row m-0\">\r\n                            <div class=\"text-modules__content\">\r\n                                <span class=\"TextRun SCXW154271757 BCX8\" lang=\"PL-PL\" xml:lang=\"PL-PL\" data-contrast=\"auto\"><span class=\"NormalTextRun SCXW154271757 BCX8\">Otrzyma\u0142a Wyr\u00f3\u017cnienie Rektora U\u015a w XIII edycji konkursu<\/span><span class=\"NormalTextRun SCXW154271757 BCX8\">\u00a0jako osoba szczeg\u00f3lnie zaanga\u017cowana w tworzenie i rozwijanie spo\u0142eczno\u015bci Uniwersytetu Trzeciego Wieku U\u015a. W\u015br\u00f3d<\/span><span class=\"NormalTextRun SCXW154271757 BCX8\">\u00a0jej zas\u0142ug mo\u017cna wymieni\u0107 p<\/span><span class=\"NormalTextRun SCXW154271757 BCX8\">rac<\/span><span class=\"NormalTextRun SCXW154271757 BCX8\">\u0119<\/span><span class=\"NormalTextRun SCXW154271757 BCX8\">\u00a0sekretarza w samorz\u0105dzie UTW, organizacj<\/span><span class=\"NormalTextRun SCXW154271757 BCX8\">\u0119<\/span><span class=\"NormalTextRun SCXW154271757 BCX8\">\u00a0zaj\u0119\u0107 ruchowych, olimpiad senioralnych, udzia\u0142 w projektach organizowanych przez Urz\u0105d Miasta\u00a0<\/span><span class=\"NormalTextRun SCXW154271757 BCX8\">Katowice<\/span><span class=\"NormalTextRun SCXW154271757 BCX8\">\u00a0<\/span><span class=\"NormalTextRun SCXW154271757 BCX8\">i r\u00f3\u017cne\u00a0<\/span><span class=\"NormalTextRun SCXW154271757 BCX8\">organizacje spo\u0142eczne<\/span><span class=\"NormalTextRun SCXW154271757 BCX8\">\u00a0takich jak<\/span><span class=\"NormalTextRun SCXW154271757 BCX8\">\u00a0<\/span><span class=\"NormalTextRun SCXW154271757 BCX8\">Dzie\u0144 Seniora, projekt &#8222;4 Pory Roku, 4 Strony \u015awiata&#8221;\u00a0<\/span><span class=\"NormalTextRun SCXW154271757 BCX8\">s\u0142u\u017c\u0105cy\u00a0<\/span><span class=\"NormalTextRun SCXW154271757 BCX8\">integracj<\/span><span class=\"NormalTextRun SCXW154271757 BCX8\">i<\/span><span class=\"NormalTextRun SCXW154271757 BCX8\">\u00a0z osobami niepe\u0142nosprawnym<\/span><span class=\"NormalTextRun SCXW154271757 BCX8\">,<\/span><span class=\"NormalTextRun SCXW154271757 BCX8\">\u00a0dzie\u0107mi i m\u0142odzie\u017c\u0105 z rodzin\u00a0<\/span><span class=\"NormalTextRun SCXW154271757 BCX8\">wymagaj\u0105cych wsparcia<\/span><span class=\"NormalTextRun SCXW154271757 BCX8\">,\u00a0<\/span><span class=\"NormalTextRun SCXW154271757 BCX8\">a tak\u017ce\u00a0<\/span><span class=\"NormalTextRun SCXW154271757 BCX8\">warsztaty muzyczne na temat \u017cycia i tw\u00f3rczo\u015bci Wojciecha Kilara oraz udzia\u0142 w r\u00f3\u017cnych przedsi\u0119wzi\u0119ciach zwi\u0105zanych z dzia\u0142alno\u015bci\u0105 UTW w U\u015a.<\/span><span class=\"NormalTextRun SCXW154271757 BCX8\">\u00a0Jej zainteresowania to historia staro\u017cytna (Egipt, Grecja, Rzym), Polska Piast\u00f3w i Jagiellon\u00f3w, historia Polski, muzyka, turystyka. Kieruje si\u0119 sentencj\u0105 by cieszy\u0107 si\u0119 \u017cyciem w ka\u017cdej sytuacji.<\/span><\/span><span class=\"EOP SCXW154271757 BCX8\" data-ccp-props=\"{&quot;201341983&quot;:0,&quot;335559739&quot;:160,&quot;335559740&quot;:360}\">\u00a0<\/span> \r\n                                <div class=\"mt-3\"><\/div>\r\n                            <\/div>\r\n                            \r\n                            <div class=\"text-modules__img\"><img src=\"https:\/\/us.edu.pl\/student\/wp-content\/uploads\/sites\/3\/Wyr\u00f3\u017cnienia-rektora\/Wyr\u00f3\u017cnienia-2021\/Krystyna-Stypinska-Wanderska3-249x300.jpg\" alt=\"img\"><\/div>\r\n                        <\/div>\r\n                    <\/div>\r\n                <\/div>[\/vc_column][\/vc_row]<\/p>","protected":false},"excerpt":{"rendered":"<p>[vc_row][vc_column][\/vc_column][\/vc_row] [&#8230;]<\/p>\n<p><a class=\"btn btn-secondary understrap-read-more-link\" href=\"https:\/\/us.edu.pl\/student\/dzialalnosc-studencka\/wyroznienia-jm-rektora-us\/laureaci-xiii-edycji\/uniwersytet-trzeciego-wieku\/krystyna-stypinska-wanderska\/\">Read More&#8230;<\/a><\/p>\n","protected":false},"author":28,"featured_media":0,"parent":32513,"menu_order":0,"comment_status":"closed","ping_status":"closed","template":"","meta":{"_expiration-date-status":"saved","_expiration-date":0,"_expiration-date-type":"","_expiration-date-categories":[],"_expiration-date-options":[]},"acf":[],"_links":{"self":[{"href":"https:\/\/us.edu.pl\/student\/wp-json\/wp\/v2\/pages\/32521"}],"collection":[{"href":"https:\/\/us.edu.pl\/student\/wp-json\/wp\/v2\/pages"}],"about":[{"href":"https:\/\/us.edu.pl\/student\/wp-json\/wp\/v2\/types\/page"}],"author":[{"embeddable":true,"href":"https:\/\/us.edu.pl\/student\/wp-json\/wp\/v2\/users\/28"}],"replies":[{"embeddable":true,"href":"https:\/\/us.edu.pl\/student\/wp-json\/wp\/v2\/comments?post=32521"}],"version-history":[{"count":0,"href":"https:\/\/us.edu.pl\/student\/wp-json\/wp\/v2\/pages\/32521\/revisions"}],"up":[{"embeddable":true,"href":"https:\/\/us.edu.pl\/student\/wp-json\/wp\/v2\/pages\/32513"}],"wp:attachment":[{"href":"https:\/\/us.edu.pl\/student\/wp-json\/wp\/v2\/media?parent=32521"}],"curies":[{"name":"wp","href":"https:\/\/api.w.org\/{rel}","templated":true}]}}