{"id":33748,"date":"2022-02-10T15:07:49","date_gmt":"2022-02-10T14:07:49","guid":{"rendered":"https:\/\/us.edu.pl\/student\/?page_id=33748"},"modified":"2022-02-10T15:14:01","modified_gmt":"2022-02-10T14:14:01","slug":"szkolenia-z-zakresu-wdrazania-polityki-bezpieczenstwa","status":"publish","type":"page","link":"https:\/\/us.edu.pl\/student\/mobilnosc\/welcomebesafe-point\/szkolenia-z-zakresu-wdrazania-polityki-bezpieczenstwa\/","title":{"rendered":"Szkolenia z zakresu wdra\u017cania polityki bezpiecze\u0144stwa"},"content":{"rendered":"<p>[vc_row][vc_column]\r\n                <div class=\"text-modules \">\r\n                    <div class=\"container\">\r\n                        <h3 class=\"section-title section-title_border-bottom\">Szkolenia z zakresu wdra\u017cania polityki bezpiecze\u0144stwa na Uniwersytecie \u015al\u0105skim pt.: ``Procedury post\u0119powania w trudnych sytuacjach w relacji ze studentem``<\/h3> \r\n                        <div class=\"row m-0\">\r\n                            <div class=\"text-modules__content\">\r\n                                Szkolenia online skierowane s\u0105 dla kadry administracyjnej U\u015a zajmuj\u0105cej si\u0119 obs\u0142ug\u0105 student\u00f3w, w tym student\u00f3w zagranicznych.<\/p>\n<p>Szkolenia po\u015bwi\u0119cone b\u0119d\u0105 r\u00f3\u017cnego rodzaju trudnym sytuacjom w relacji student \u2013 pracownik. Uczestnicy b\u0119d\u0105 mieli okazje zapozna\u0107 si\u0119 z przepisami i regulacjami, kt\u00f3re odnosz\u0105 si\u0119 do tego typu sytuacji, a dzi\u0119ki temu wzmocni\u0107 swoje kompetencje w zakresie reagowania i radzenia sobie, kiedy student zachowuje si\u0119 nietypowo. Tre\u015b\u0107 zaj\u0119\u0107 nie b\u0119dzie zawiera\u0142a wszystkich mo\u017cliwych sytuacji niestandardowego zachowania si\u0119 studenta; wierzymy jednak, \u017ce dzi\u0119ki om\u00f3wieniu niekt\u00f3rych z nich, a tak\u017ce uporz\u0105dkowaniu wiedzy o przepisach i regulacjach obowi\u0105zuj\u0105cych w Uniwersytecie; b\u0119dzie ono stanowi\u0142o swego rodzaju wsparcie dla pracownik\u00f3w uczelni.<\/p>\n<h3><strong>Rekrutacja<\/strong><\/h3>\n<p>Obecnie prowadzona jest rekrutacja na poni\u017csze terminy:<\/p>\n<ul>\n<li><strong>13.05.2020 r. godz. 10.00 &#8211; 13.00<\/strong><br \/>\n<a href=\"https:\/\/formularze.us.edu.pl\/form\/index\/1759\" target=\"_blank\" rel=\"noopener noreferrer\">https:\/\/formularze.us.edu.pl\/form\/index\/1759<\/a><br \/>\nRozpocz\u0119cie rejestracji: 5.05.2020 godz. 10:00<br \/>\nZako\u0144czenie rejestracji: 12.05.2020 godz. 15:00<br \/>\nOg\u0142oszenie wynik\u00f3w: 12.05.2020 godz. 16:00<\/li>\n<li><strong>14.05.2020 r. godz. 10.00 &#8211; 13.00\u00a0<\/strong><br \/>\n<a href=\"https:\/\/formularze.us.edu.pl\/form\/index\/1760\" target=\"_blank\" rel=\"noopener noreferrer\">https:\/\/formularze.us.edu.pl\/form\/index\/1760<\/a><br \/>\nRozpocz\u0119cie rejestracji: 6.05.2020 godz. 10:00<br \/>\nZako\u0144czenie rejestracji: 13.05.2020 godz. 15:00<br \/>\nOg\u0142oszenie wynik\u00f3w: 13.05.2020 godz. 16:00<\/li>\n<\/ul>\n<p>Szkolenia b\u0119d\u0105 odbywa\u0142y si\u0119 w ma\u0142ych sze\u015bcioosobowych grupach na platformie TEAMS.<\/p>\n<h3><strong>Elektroniczna rejestracja na wyjazd<\/strong><\/h3>\n<p>Na etapie rekrutacji nale\u017cy wype\u0142ni\u0107 tylko\u00a0formularz elektroniczny (z link\u00f3w powy\u017cej).<br \/>\nZakwalifikowane osoby zostan\u0105 proszone o wype\u0142nienie dodatkowych dokument\u00f3w projektowych.<\/p>\n<h3><strong>Dokumenty do pobrania:<\/strong><\/h3>\n<ul>\n<li><a href=\"http:\/\/bip.us.edu.pl\/sites\/bip.us.edu.pl\/files\/prawo\/zal20195900.pdf\" class=\"mtli_attachment mtli_pdf\" data-mtli=\"mtli_filesize36,44kB\">Regulamin rekrutacji i uczestnictwa<\/a><\/li>\n<li><a href=\"http:\/\/bip.us.edu.pl\/sites\/bip.us.edu.pl\/files\/prawo\/zal20195901a.pdf\" class=\"mtli_attachment mtli_pdf\" data-mtli=\"mtli_filesize36,44kB\">Formularz zg\u0142oszeniowy kandydata<\/a><\/li>\n<li><a href=\"http:\/\/bip.us.edu.pl\/sites\/bip.us.edu.pl\/files\/prawo\/zal20195902.pdf\" class=\"mtli_attachment mtli_pdf\" data-mtli=\"mtli_filesize36,44kB\">Formularz zg\u0142oszeniowy uczestnika<\/a><\/li>\n<li><a href=\"http:\/\/bip.us.edu.pl\/sites\/bip.us.edu.pl\/files\/prawo\/zal20195903.pdf\" class=\"mtli_attachment mtli_pdf\" data-mtli=\"mtli_filesize36,44kB\">O\u015bwiadczenie uczestnika projektu POWER<\/a><\/li>\n<li><a href=\"http:\/\/bip.us.edu.pl\/sites\/bip.us.edu.pl\/files\/prawo\/zal20195904.pdf\" class=\"mtli_attachment mtli_pdf\" data-mtli=\"mtli_filesize36,44kB\">O\u015bwiadczenie uczestnika projektu NAWA<\/a><\/li>\n<li style=\"text-align: left;\"><a href=\"http:\/\/bip.us.edu.pl\/sites\/bip.us.edu.pl\/files\/prawo\/zal20195905.pdf\" class=\"mtli_attachment mtli_pdf\" data-mtli=\"mtli_filesize36,44kB\">Rezygnacja z udzia\u0142u w projekcie<\/a><\/li>\n<\/ul>\n<p><a href=\"http:\/\/bip.us.edu.pl\/zarzadzenie-nr-592019\">Zarz\u0105dzenie\u00a0Rektora U\u015a\u00a0nr 59\/2019\u00a0z dnia 24-04-2019 w sprawie ustalenia Regulaminu rekrutacji i uczestnictwa w ramach Projektu<\/a> \r\n                                <div class=\"mt-3\"><\/div>\r\n                            <\/div>\r\n                            \r\n                            \r\n                        <\/div>\r\n                    <\/div>\r\n                <\/div>[\/vc_column][\/vc_row]<\/p>\n<style type=\"text\/css\">a[data-mtli~=\"mtli_filesize36,44kB\"]:after {content:\" (36,44 kB)\"}<\/style>","protected":false},"excerpt":{"rendered":"<p>[vc_row][vc_column][\/vc_column][\/vc_row] [&#8230;]<\/p>\n<p><a class=\"btn btn-secondary understrap-read-more-link\" href=\"https:\/\/us.edu.pl\/student\/mobilnosc\/welcomebesafe-point\/szkolenia-z-zakresu-wdrazania-polityki-bezpieczenstwa\/\">Read More&#8230;<\/a><\/p>\n","protected":false},"author":28,"featured_media":0,"parent":33740,"menu_order":0,"comment_status":"closed","ping_status":"closed","template":"","meta":{"_expiration-date-status":"saved","_expiration-date":0,"_expiration-date-type":"","_expiration-date-categories":[],"_expiration-date-options":[]},"acf":[],"_links":{"self":[{"href":"https:\/\/us.edu.pl\/student\/wp-json\/wp\/v2\/pages\/33748"}],"collection":[{"href":"https:\/\/us.edu.pl\/student\/wp-json\/wp\/v2\/pages"}],"about":[{"href":"https:\/\/us.edu.pl\/student\/wp-json\/wp\/v2\/types\/page"}],"author":[{"embeddable":true,"href":"https:\/\/us.edu.pl\/student\/wp-json\/wp\/v2\/users\/28"}],"replies":[{"embeddable":true,"href":"https:\/\/us.edu.pl\/student\/wp-json\/wp\/v2\/comments?post=33748"}],"version-history":[{"count":0,"href":"https:\/\/us.edu.pl\/student\/wp-json\/wp\/v2\/pages\/33748\/revisions"}],"up":[{"embeddable":true,"href":"https:\/\/us.edu.pl\/student\/wp-json\/wp\/v2\/pages\/33740"}],"wp:attachment":[{"href":"https:\/\/us.edu.pl\/student\/wp-json\/wp\/v2\/media?parent=33748"}],"curies":[{"name":"wp","href":"https:\/\/api.w.org\/{rel}","templated":true}]}}