{"id":34763,"date":"2022-04-11T12:30:08","date_gmt":"2022-04-11T10:30:08","guid":{"rendered":"https:\/\/us.edu.pl\/student\/?page_id=34763"},"modified":"2026-04-09T15:15:30","modified_gmt":"2026-04-09T13:15:30","slug":"regulamin-wyroznien-jm-rektora","status":"publish","type":"page","link":"https:\/\/us.edu.pl\/student\/dzialalnosc-studencka\/wyroznienia-jm-rektora-us\/regulamin-wyroznien-jm-rektora\/","title":{"rendered":"Regulamin wyr\u00f3\u017cnie\u0144 JM Rektora"},"content":{"rendered":"<p>[vc_row][vc_column]\r\n                <div class=\"text-modules \">\r\n                    <div class=\"container\">\r\n                         \r\n                        <div class=\"row m-0\">\r\n                            <div class=\"text-modules__content\">\r\n                                <\/p>\n<p style=\"text-align: left;\"><span style=\"font-size: 12pt;\"><a href=\"https:\/\/us.edu.pl\/student\/wp-content\/uploads\/sites\/3\/Bez-kategorii\/Regulamin_przyznawania_Wyroznien_JM_Rektora_Uniwersytetu_Slaskiego_w_Katowicach.pdf\" class=\"mtli_attachment mtli_pdf\" data-mtli=\"mtli_filesize172,45kB\">Regulamin przyznawania Wyr\u00f3\u017cnie\u0144 JM Rektora Uniwersytetu \u015al\u0105skiego w Katowicach<\/a><\/span><\/p>\n<p style=\"text-align: left;\"><span style=\"font-size: 12pt;\"><a href=\"https:\/\/us.edu.pl\/student\/wp-content\/uploads\/sites\/3\/Bez-kategorii\/zalacznik_nr_1_do_Regulaminu_-_oswiadczenia.pdf\" class=\"mtli_attachment mtli_pdf\" data-mtli=\"mtli_filesize76,14kB\">Za\u0142\u0105cznik nr 1 do Regulaminu \u2013 o\u015bwiadczenia<\/a><\/span><\/p>\n<p style=\"text-align: left;\"><span style=\"font-size: 12pt;\"><a href=\"https:\/\/us.edu.pl\/student\/wp-content\/uploads\/sites\/3\/Bez-kategorii\/zalacznik_nr_2_do_Regulaminu_-_zgoda_na_publikacje_wizerunku_osoby_niepelnoletniej.pdf\" class=\"mtli_attachment mtli_pdf\" data-mtli=\"mtli_filesize92,18kB\">Za\u0142\u0105cznik nr 2 do Regulaminu \u2013 zgoda na publikacj\u0119 wizerunku osoby niepe\u0142noletniej<\/a><\/span><\/p>\n<p style=\"text-align: left;\"><span style=\"font-size: 12pt;\"><a href=\"https:\/\/us.edu.pl\/student\/wp-content\/uploads\/sites\/3\/Bez-kategorii\/zalacznik_nr_3_do_Regulaminu_-_zgoda_na_publikacje_wizerunku_osoby_pelnoletniej.pdf\" class=\"mtli_attachment mtli_pdf\" data-mtli=\"mtli_filesize90,05kB\">Za\u0142\u0105cznik nr 3 do Regulaminu \u2013 zgoda na publikacj\u0119 wizerunku osoby pe\u0142noletniej<\/a><\/span><\/p>\n<p style=\"text-align: left;\"><span style=\"font-size: 12pt;\"><a href=\"https:\/\/us.edu.pl\/student\/wp-content\/uploads\/sites\/3\/Bez-kategorii\/zalacznik_nr_4_do_Regulaminu_-_klauzula_informacyjna_RODO.pdf\" class=\"mtli_attachment mtli_pdf\" data-mtli=\"mtli_filesize96,76kB\">Za\u0142\u0105cznik nr 4 do Regulaminu \u2013 klauzula informacyjna RODO<\/a><\/span><\/p>\n<div class=\"mt-3\"><\/div>\r\n                            <\/div>\r\n                            \r\n                            \r\n                        <\/div>\r\n                    <\/div>\r\n                <\/div>[\/vc_column][\/vc_row]<\/p>\n<style type=\"text\/css\">a[data-mtli~=\"mtli_filesize172,45kB\"]:after {content:\" (172,45 kB)\"}a[data-mtli~=\"mtli_filesize76,14kB\"]:after {content:\" (76,14 kB)\"}a[data-mtli~=\"mtli_filesize92,18kB\"]:after {content:\" (92,18 kB)\"}a[data-mtli~=\"mtli_filesize90,05kB\"]:after {content:\" (90,05 kB)\"}a[data-mtli~=\"mtli_filesize96,76kB\"]:after {content:\" (96,76 kB)\"}<\/style>","protected":false},"excerpt":{"rendered":"<p>[vc_row][vc_column][\/vc_column][\/vc_row] [&#8230;]<\/p>\n<p><a class=\"btn btn-secondary understrap-read-more-link\" href=\"https:\/\/us.edu.pl\/student\/dzialalnosc-studencka\/wyroznienia-jm-rektora-us\/regulamin-wyroznien-jm-rektora\/\">Read More&#8230;<\/a><\/p>\n","protected":false},"author":28,"featured_media":0,"parent":5514,"menu_order":0,"comment_status":"closed","ping_status":"closed","template":"","meta":{"_expiration-date-status":"","_expiration-date":0,"_expiration-date-type":"","_expiration-date-categories":[],"_expiration-date-options":[]},"acf":[],"_links":{"self":[{"href":"https:\/\/us.edu.pl\/student\/wp-json\/wp\/v2\/pages\/34763"}],"collection":[{"href":"https:\/\/us.edu.pl\/student\/wp-json\/wp\/v2\/pages"}],"about":[{"href":"https:\/\/us.edu.pl\/student\/wp-json\/wp\/v2\/types\/page"}],"author":[{"embeddable":true,"href":"https:\/\/us.edu.pl\/student\/wp-json\/wp\/v2\/users\/28"}],"replies":[{"embeddable":true,"href":"https:\/\/us.edu.pl\/student\/wp-json\/wp\/v2\/comments?post=34763"}],"version-history":[{"count":7,"href":"https:\/\/us.edu.pl\/student\/wp-json\/wp\/v2\/pages\/34763\/revisions"}],"predecessor-version":[{"id":61329,"href":"https:\/\/us.edu.pl\/student\/wp-json\/wp\/v2\/pages\/34763\/revisions\/61329"}],"up":[{"embeddable":true,"href":"https:\/\/us.edu.pl\/student\/wp-json\/wp\/v2\/pages\/5514"}],"wp:attachment":[{"href":"https:\/\/us.edu.pl\/student\/wp-json\/wp\/v2\/media?parent=34763"}],"curies":[{"name":"wp","href":"https:\/\/api.w.org\/{rel}","templated":true}]}}